{"id":14520,"date":"2022-02-28T13:47:29","date_gmt":"2022-02-28T12:47:29","guid":{"rendered":"https:\/\/www.weinmarkt-poysdorf.at\/?page_id=14520"},"modified":"2022-05-02T13:35:26","modified_gmt":"2022-05-02T11:35:26","slug":"weingut-schreiber","status":"publish","type":"page","link":"https:\/\/www.weinmarkt-poysdorf.at\/en\/winzer-p-s\/weingut-schreiber\/","title":{"rendered":"Schreiber"},"content":{"rendered":"<div class=\"wpb-content-wrapper\"><p>[vc_row css=&#8221;.vc_custom_1485433309212{margin-bottom: 40px !important;}&#8221;][vc_column][vc_column_text css=&#8221;.vc_custom_1646052196993{margin-bottom: 20px !important;}&#8221;]<\/p>\n<h3>Schreiber<\/h3>\n<p>[\/vc_column_text][vc_tta_tabs style=&#8221;scalia-style-1&#8243; active_section=&#8221;1&#8243; no_fill_content_area=&#8221;true&#8221;][vc_tta_section title=&#8221;Description&#8221; tab_id=&#8221;beschreibung&#8221;][vc_row_inner][vc_column_inner width=&#8221;1\/2&#8243;][vc_single_image image=&#8221;14528&#8243; img_size=&#8221;full&#8221; style=&#8221;vc_box_rounded&#8221;]<a class=\"sc-button \"  href=\"https:\/\/shop.weinmarkt-poysdorf.at\/weingut-marke\/schreiber\" target=\"_blank\" style=\"\">Our wines<\/a>[vc_single_image image=&#8221;14530&#8243; img_size=&#8221;full&#8221; css=&#8221;.vc_custom_1646225585761{margin-bottom: 0px !important;}&#8221;][\/vc_column_inner][vc_column_inner width=&#8221;1\/2&#8243;][vc_column_text css=&#8221;.vc_custom_1646052302696{margin-bottom: 0px !important;}&#8221;][\/vc_column_text][\/vc_column_inner][\/vc_row_inner][\/vc_tta_section][vc_tta_section title=&#8221;Contact&#8221; tab_id=&#8221;kontakt&#8221;][vc_row_inner][vc_column_inner width=&#8221;1\/2&#8243;][vc_gmaps link=&#8221;#E-8_JTNDaWZyYW1lJTIwc3JjJTNEJTIyaHR0cHMlM0ElMkYlMkZ3d3cuZ29vZ2xlLmNvbSUyRm1hcHMlMkZlbWJlZCUzRnBiJTNEJTIxMW0xOCUyMTFtMTIlMjExbTMlMjExZDI2MzUuNzk3MDk1Mzc2ODQxOCUyMTJkMTYuNjcwMjU4NDE1Nzg0MzI1JTIxM2Q0OC42NTE5OTY3MjMxNzA1OCUyMTJtMyUyMTFmMCUyMTJmMCUyMTNmMCUyMTNtMiUyMTFpMTAyNCUyMTJpNzY4JTIxNGYxMy4xJTIxM20zJTIxMW0yJTIxMXMweDQ3NmQyZjY5ZGU2OWZmY2IlMjUzQTB4YTgyNWI1NTRkMmE5YzAxJTIxMnNCYWhuaG9mc3RyYSUyNUMzJTI1OUZlJTI1MjAxOCUyNTJDJTI1MjAyMTcwJTIxNWUwJTIxM20yJTIxMXNkZSUyMTJzYXQlMjE0djE2NDYyMjU4NDc1MDYlMjE1bTIlMjExc2RlJTIxMnNhdCUyMiUyMHdpZHRoJTNEJTIyNjAwJTIyJTIwaGVpZ2h0JTNEJTIyNDUwJTIyJTIwc3R5bGUlM0QlMjJib3JkZXIlM0EwJTNCJTIyJTIwYWxsb3dmdWxsc2NyZWVuJTNEJTIyJTIyJTIwbG9hZGluZyUzRCUyMmxhenklMjIlM0UlM0MlMkZpZnJhbWUlM0U=&#8221; size=&#8221;&#8221;][\/vc_column_inner][vc_column_inner width=&#8221;1\/2&#8243;][vc_column_text css=&#8221;.vc_custom_1651491304805{margin-bottom: 0px !important;}&#8221;]Weingut Schreiber<br \/>\nBahnhofstr. 18<br \/>\n2170 Walterskirchen<\/p>\n<p>Mobil: <a href=\"tel:00436643527076\">+43 664 35 27 076 <\/a><\/p>\n<p>Email: <a href=\"office@weingutschreiber.at\">office@weingutschreiber.at<\/a><br \/>\nWeb: <a href=\"http:\/\/www.weingutschreiber.at\">www.weingutschreiber.at<\/a>[\/vc_column_text][\/vc_column_inner][\/vc_row_inner][\/vc_tta_section][\/vc_tta_tabs][\/vc_column][\/vc_row]<\/p>\n<\/div>","protected":false},"excerpt":{"rendered":"<p>[vc_row css=&#8221;.vc_custom_1485433309212{margin-bottom: 40px !important;}&#8221;][vc_column][vc_column_text css=&#8221;.vc_custom_1646052196993{margin-bottom: 20px !important;}&#8221;] Schreiber [\/vc_column_text][vc_tta_tabs style=&#8221;scalia-style-1&#8243; active_section=&#8221;1&#8243; no_fill_content_area=&#8221;true&#8221;][vc_tta_section title=&#8221;Description&#8221; tab_id=&#8221;beschreibung&#8221;][vc_row_inner][vc_column_inner width=&#8221;1\/2&#8243;][vc_single_image image=&#8221;14528&#8243; img_size=&#8221;full&#8221; style=&#8221;vc_box_rounded&#8221;][vc_single_image image=&#8221;14530&#8243; img_size=&#8221;full&#8221;&#8230;<\/p>\n","protected":false},"author":2,"featured_media":14529,"parent":12087,"menu_order":0,"comment_status":"closed","ping_status":"closed","template":"","meta":{"footnotes":""},"class_list":["post-14520","page","type-page","status-publish","has-post-thumbnail","hentry"],"yoast_head":"<!-- This site is optimized with the Yoast SEO plugin v26.4 - https:\/\/yoast.com\/wordpress\/plugins\/seo\/ -->\n<title>Weingut Schreiber - Topwinzer der Region im Weinmarkt Poysdorf % %<\/title>\n<meta name=\"description\" content=\"Die Kunst, die Natur zu n\u00fctzen, um unsere Weine so werden zu lassen, wie sie wollen und nicht wie sie sollen! Daran erfreuen wir uns jeden Tag und zu jeder Jahreszeit. Ein naturbelassener BODEN ist Voraussetzung, dass der Wasserhaushalt der Rebe intakt ist und kein Stress im Weingarten entsteht. HANDARBEIT im Weingarten und dynamischer Pflanzenschutz sind uns sehr wichtig. Wir pflegen diese Kulturpflanze das ganze Jahr so, dass wir im Keller m\u00f6glichst wenig eingreifen m\u00fcssen. Nur so bekommen wir gesunde Trauben handgelesen in den Keller und geben diesem Naturprodukt die ZEIT zu reifen \u2013 schonende Verarbeitung m\u00f6glichst ohne Schwefel und Reinzuchthefen. Die Hefe soll sich verwirklichen. Wie f\u00fcllen unsere Weine durchschnittlich nach 9-12 Monaten in die Flasche. Der Boden ist unser Kapital nicht umsonst hei\u00dft unsere beste Lage:RIED LEBEN.\" \/>\n<meta name=\"robots\" content=\"index, follow, max-snippet:-1, max-image-preview:large, max-video-preview:-1\" \/>\n<link rel=\"canonical\" href=\"https:\/\/www.weinmarkt-poysdorf.at\/en\/winzer-p-s\/weingut-schreiber\/\" \/>\n<meta property=\"og:locale\" content=\"en_US\" \/>\n<meta property=\"og:type\" content=\"article\" \/>\n<meta property=\"og:title\" content=\"Weingut Schreiber - Topwinzer der Region im Weinmarkt Poysdorf % %\" \/>\n<meta property=\"og:description\" content=\"Die Kunst, die Natur zu n\u00fctzen, um unsere Weine so werden zu lassen, wie sie wollen und nicht wie sie sollen! Daran erfreuen wir uns jeden Tag und zu jeder Jahreszeit. Ein naturbelassener BODEN ist Voraussetzung, dass der Wasserhaushalt der Rebe intakt ist und kein Stress im Weingarten entsteht. HANDARBEIT im Weingarten und dynamischer Pflanzenschutz sind uns sehr wichtig. Wir pflegen diese Kulturpflanze das ganze Jahr so, dass wir im Keller m\u00f6glichst wenig eingreifen m\u00fcssen. Nur so bekommen wir gesunde Trauben handgelesen in den Keller und geben diesem Naturprodukt die ZEIT zu reifen \u2013 schonende Verarbeitung m\u00f6glichst ohne Schwefel und Reinzuchthefen. Die Hefe soll sich verwirklichen. Wie f\u00fcllen unsere Weine durchschnittlich nach 9-12 Monaten in die Flasche. Der Boden ist unser Kapital nicht umsonst hei\u00dft unsere beste Lage:RIED LEBEN.\" \/>\n<meta property=\"og:url\" content=\"https:\/\/www.weinmarkt-poysdorf.at\/en\/winzer-p-s\/weingut-schreiber\/\" \/>\n<meta property=\"og:site_name\" content=\"Weinmarkt Poysdorf\" \/>\n<meta property=\"article:modified_time\" content=\"2022-05-02T11:35:26+00:00\" \/>\n<meta property=\"og:image\" content=\"https:\/\/www.weinmarkt-poysdorf.at\/wp-content\/uploads\/2022\/03\/logo_winzer_schreiber_weiss_v3.png\" \/>\n\t<meta property=\"og:image:width\" content=\"250\" \/>\n\t<meta property=\"og:image:height\" content=\"250\" \/>\n\t<meta property=\"og:image:type\" content=\"image\/png\" \/>\n<meta name=\"twitter:card\" content=\"summary_large_image\" \/>\n<meta name=\"twitter:label1\" content=\"Est. reading time\" \/>\n\t<meta name=\"twitter:data1\" content=\"4 minutes\" \/>\n<script type=\"application\/ld+json\" class=\"yoast-schema-graph\">{\"@context\":\"https:\/\/schema.org\",\"@graph\":[{\"@type\":\"WebPage\",\"@id\":\"https:\/\/www.weinmarkt-poysdorf.at\/en\/winzer-p-s\/weingut-schreiber\/\",\"url\":\"https:\/\/www.weinmarkt-poysdorf.at\/en\/winzer-p-s\/weingut-schreiber\/\",\"name\":\"Weingut Schreiber - Topwinzer der Region im Weinmarkt Poysdorf % %\",\"isPartOf\":{\"@id\":\"https:\/\/www.weinmarkt-poysdorf.at\/en\/#website\"},\"primaryImageOfPage\":{\"@id\":\"https:\/\/www.weinmarkt-poysdorf.at\/en\/winzer-p-s\/weingut-schreiber\/#primaryimage\"},\"image\":{\"@id\":\"https:\/\/www.weinmarkt-poysdorf.at\/winzer-p-s\/weingut-schreiber\/#primaryimage\"},\"thumbnailUrl\":\"https:\/\/www.weinmarkt-poysdorf.at\/wp-content\/uploads\/2022\/03\/logo_winzer_schreiber_weiss_v3.png\",\"datePublished\":\"2022-02-28T12:47:29+00:00\",\"dateModified\":\"2022-05-02T11:35:26+00:00\",\"description\":\"Die Kunst, die Natur zu n\u00fctzen, um unsere Weine so werden zu lassen, wie sie wollen und nicht wie sie sollen! Daran erfreuen wir uns jeden Tag und zu jeder Jahreszeit. Ein naturbelassener BODEN ist Voraussetzung, dass der Wasserhaushalt der Rebe intakt ist und kein Stress im Weingarten entsteht. HANDARBEIT im Weingarten und dynamischer Pflanzenschutz sind uns sehr wichtig. Wir pflegen diese Kulturpflanze das ganze Jahr so, dass wir im Keller m\u00f6glichst wenig eingreifen m\u00fcssen. Nur so bekommen wir gesunde Trauben handgelesen in den Keller und geben diesem Naturprodukt die ZEIT zu reifen \u2013 schonende Verarbeitung m\u00f6glichst ohne Schwefel und Reinzuchthefen. Die Hefe soll sich verwirklichen. Wie f\u00fcllen unsere Weine durchschnittlich nach 9-12 Monaten in die Flasche. Der Boden ist unser Kapital nicht umsonst hei\u00dft unsere beste Lage:RIED LEBEN.\",\"breadcrumb\":{\"@id\":\"https:\/\/www.weinmarkt-poysdorf.at\/en\/winzer-p-s\/weingut-schreiber\/#breadcrumb\"},\"inLanguage\":\"en-US\",\"potentialAction\":[{\"@type\":\"ReadAction\",\"target\":[[\"https:\/\/www.weinmarkt-poysdorf.at\/en\/winzer-p-s\/weingut-schreiber\/\"]]}]},{\"@type\":\"ImageObject\",\"inLanguage\":\"en-US\",\"@id\":\"https:\/\/www.weinmarkt-poysdorf.at\/en\/winzer-p-s\/weingut-schreiber\/#primaryimage\",\"url\":\"https:\/\/www.weinmarkt-poysdorf.at\/wp-content\/uploads\/2022\/03\/logo_winzer_schreiber_weiss_v3.png\",\"contentUrl\":\"https:\/\/www.weinmarkt-poysdorf.at\/wp-content\/uploads\/2022\/03\/logo_winzer_schreiber_weiss_v3.png\",\"width\":250,\"height\":250},{\"@type\":\"BreadcrumbList\",\"@id\":\"https:\/\/www.weinmarkt-poysdorf.at\/en\/winzer-p-s\/weingut-schreiber\/#breadcrumb\",\"itemListElement\":[{\"@type\":\"ListItem\",\"position\":1,\"name\":\"Startseite\",\"item\":\"https:\/\/www.weinmarkt-poysdorf.at\/en\/\"},{\"@type\":\"ListItem\",\"position\":2,\"name\":\"Winzer P &#8211; S\",\"item\":\"https:\/\/www.weinmarkt-poysdorf.at\/en\/winzer-p-s\/\"},{\"@type\":\"ListItem\",\"position\":3,\"name\":\"Schreiber\"}]},{\"@type\":\"WebSite\",\"@id\":\"https:\/\/www.weinmarkt-poysdorf.at\/en\/#website\",\"url\":\"https:\/\/www.weinmarkt-poysdorf.at\/en\/\",\"name\":\"Weinmarkt Poysdorf\",\"description\":\"Weine von 30 Winzern im Weinviertel\",\"potentialAction\":[{\"@type\":\"SearchAction\",\"target\":{\"@type\":\"EntryPoint\",\"urlTemplate\":\"https:\/\/www.weinmarkt-poysdorf.at\/en\/?s={search_term_string}\"},\"query-input\":{\"@type\":\"PropertyValueSpecification\",\"valueRequired\":true,\"valueName\":\"search_term_string\"}}],\"inLanguage\":\"en-US\"}]}<\/script>\n<!-- \/ Yoast SEO plugin. -->","yoast_head_json":{"title":"Weingut Schreiber - Topwinzer der Region im Weinmarkt Poysdorf % %","description":"Die Kunst, die Natur zu n\u00fctzen, um unsere Weine so werden zu lassen, wie sie wollen und nicht wie sie sollen! Daran erfreuen wir uns jeden Tag und zu jeder Jahreszeit. Ein naturbelassener BODEN ist Voraussetzung, dass der Wasserhaushalt der Rebe intakt ist und kein Stress im Weingarten entsteht. HANDARBEIT im Weingarten und dynamischer Pflanzenschutz sind uns sehr wichtig. Wir pflegen diese Kulturpflanze das ganze Jahr so, dass wir im Keller m\u00f6glichst wenig eingreifen m\u00fcssen. Nur so bekommen wir gesunde Trauben handgelesen in den Keller und geben diesem Naturprodukt die ZEIT zu reifen \u2013 schonende Verarbeitung m\u00f6glichst ohne Schwefel und Reinzuchthefen. Die Hefe soll sich verwirklichen. Wie f\u00fcllen unsere Weine durchschnittlich nach 9-12 Monaten in die Flasche. Der Boden ist unser Kapital nicht umsonst hei\u00dft unsere beste Lage:RIED LEBEN.","robots":{"index":"index","follow":"follow","max-snippet":"max-snippet:-1","max-image-preview":"max-image-preview:large","max-video-preview":"max-video-preview:-1"},"canonical":"https:\/\/www.weinmarkt-poysdorf.at\/en\/winzer-p-s\/weingut-schreiber\/","og_locale":"en_US","og_type":"article","og_title":"Weingut Schreiber - Topwinzer der Region im Weinmarkt Poysdorf % %","og_description":"Die Kunst, die Natur zu n\u00fctzen, um unsere Weine so werden zu lassen, wie sie wollen und nicht wie sie sollen! Daran erfreuen wir uns jeden Tag und zu jeder Jahreszeit. Ein naturbelassener BODEN ist Voraussetzung, dass der Wasserhaushalt der Rebe intakt ist und kein Stress im Weingarten entsteht. HANDARBEIT im Weingarten und dynamischer Pflanzenschutz sind uns sehr wichtig. Wir pflegen diese Kulturpflanze das ganze Jahr so, dass wir im Keller m\u00f6glichst wenig eingreifen m\u00fcssen. Nur so bekommen wir gesunde Trauben handgelesen in den Keller und geben diesem Naturprodukt die ZEIT zu reifen \u2013 schonende Verarbeitung m\u00f6glichst ohne Schwefel und Reinzuchthefen. Die Hefe soll sich verwirklichen. Wie f\u00fcllen unsere Weine durchschnittlich nach 9-12 Monaten in die Flasche. Der Boden ist unser Kapital nicht umsonst hei\u00dft unsere beste Lage:RIED LEBEN.","og_url":"https:\/\/www.weinmarkt-poysdorf.at\/en\/winzer-p-s\/weingut-schreiber\/","og_site_name":"Weinmarkt Poysdorf","article_modified_time":"2022-05-02T11:35:26+00:00","og_image":[{"width":250,"height":250,"url":"https:\/\/www.weinmarkt-poysdorf.at\/wp-content\/uploads\/2022\/03\/logo_winzer_schreiber_weiss_v3.png","type":"image\/png"}],"twitter_card":"summary_large_image","twitter_misc":{"Est. reading time":"4 minutes"},"schema":{"@context":"https:\/\/schema.org","@graph":[{"@type":"WebPage","@id":"https:\/\/www.weinmarkt-poysdorf.at\/en\/winzer-p-s\/weingut-schreiber\/","url":"https:\/\/www.weinmarkt-poysdorf.at\/en\/winzer-p-s\/weingut-schreiber\/","name":"Weingut Schreiber - Topwinzer der Region im Weinmarkt Poysdorf % %","isPartOf":{"@id":"https:\/\/www.weinmarkt-poysdorf.at\/en\/#website"},"primaryImageOfPage":{"@id":"https:\/\/www.weinmarkt-poysdorf.at\/en\/winzer-p-s\/weingut-schreiber\/#primaryimage"},"image":{"@id":"https:\/\/www.weinmarkt-poysdorf.at\/winzer-p-s\/weingut-schreiber\/#primaryimage"},"thumbnailUrl":"https:\/\/www.weinmarkt-poysdorf.at\/wp-content\/uploads\/2022\/03\/logo_winzer_schreiber_weiss_v3.png","datePublished":"2022-02-28T12:47:29+00:00","dateModified":"2022-05-02T11:35:26+00:00","description":"Die Kunst, die Natur zu n\u00fctzen, um unsere Weine so werden zu lassen, wie sie wollen und nicht wie sie sollen! Daran erfreuen wir uns jeden Tag und zu jeder Jahreszeit. Ein naturbelassener BODEN ist Voraussetzung, dass der Wasserhaushalt der Rebe intakt ist und kein Stress im Weingarten entsteht. HANDARBEIT im Weingarten und dynamischer Pflanzenschutz sind uns sehr wichtig. Wir pflegen diese Kulturpflanze das ganze Jahr so, dass wir im Keller m\u00f6glichst wenig eingreifen m\u00fcssen. Nur so bekommen wir gesunde Trauben handgelesen in den Keller und geben diesem Naturprodukt die ZEIT zu reifen \u2013 schonende Verarbeitung m\u00f6glichst ohne Schwefel und Reinzuchthefen. Die Hefe soll sich verwirklichen. Wie f\u00fcllen unsere Weine durchschnittlich nach 9-12 Monaten in die Flasche. Der Boden ist unser Kapital nicht umsonst hei\u00dft unsere beste Lage:RIED LEBEN.","breadcrumb":{"@id":"https:\/\/www.weinmarkt-poysdorf.at\/en\/winzer-p-s\/weingut-schreiber\/#breadcrumb"},"inLanguage":"en-US","potentialAction":[{"@type":"ReadAction","target":[["https:\/\/www.weinmarkt-poysdorf.at\/en\/winzer-p-s\/weingut-schreiber\/"]]}]},{"@type":"ImageObject","inLanguage":"en-US","@id":"https:\/\/www.weinmarkt-poysdorf.at\/en\/winzer-p-s\/weingut-schreiber\/#primaryimage","url":"https:\/\/www.weinmarkt-poysdorf.at\/wp-content\/uploads\/2022\/03\/logo_winzer_schreiber_weiss_v3.png","contentUrl":"https:\/\/www.weinmarkt-poysdorf.at\/wp-content\/uploads\/2022\/03\/logo_winzer_schreiber_weiss_v3.png","width":250,"height":250},{"@type":"BreadcrumbList","@id":"https:\/\/www.weinmarkt-poysdorf.at\/en\/winzer-p-s\/weingut-schreiber\/#breadcrumb","itemListElement":[{"@type":"ListItem","position":1,"name":"Startseite","item":"https:\/\/www.weinmarkt-poysdorf.at\/en\/"},{"@type":"ListItem","position":2,"name":"Winzer P &#8211; S","item":"https:\/\/www.weinmarkt-poysdorf.at\/en\/winzer-p-s\/"},{"@type":"ListItem","position":3,"name":"Schreiber"}]},{"@type":"WebSite","@id":"https:\/\/www.weinmarkt-poysdorf.at\/en\/#website","url":"https:\/\/www.weinmarkt-poysdorf.at\/en\/","name":"Weinmarkt Poysdorf","description":"Weine von 30 Winzern im Weinviertel","potentialAction":[{"@type":"SearchAction","target":{"@type":"EntryPoint","urlTemplate":"https:\/\/www.weinmarkt-poysdorf.at\/en\/?s={search_term_string}"},"query-input":{"@type":"PropertyValueSpecification","valueRequired":true,"valueName":"search_term_string"}}],"inLanguage":"en-US"}]}},"_links":{"self":[{"href":"https:\/\/www.weinmarkt-poysdorf.at\/en\/wp-json\/wp\/v2\/pages\/14520","targetHints":{"allow":["GET"]}}],"collection":[{"href":"https:\/\/www.weinmarkt-poysdorf.at\/en\/wp-json\/wp\/v2\/pages"}],"about":[{"href":"https:\/\/www.weinmarkt-poysdorf.at\/en\/wp-json\/wp\/v2\/types\/page"}],"author":[{"embeddable":true,"href":"https:\/\/www.weinmarkt-poysdorf.at\/en\/wp-json\/wp\/v2\/users\/2"}],"replies":[{"embeddable":true,"href":"https:\/\/www.weinmarkt-poysdorf.at\/en\/wp-json\/wp\/v2\/comments?post=14520"}],"version-history":[{"count":13,"href":"https:\/\/www.weinmarkt-poysdorf.at\/en\/wp-json\/wp\/v2\/pages\/14520\/revisions"}],"predecessor-version":[{"id":14690,"href":"https:\/\/www.weinmarkt-poysdorf.at\/en\/wp-json\/wp\/v2\/pages\/14520\/revisions\/14690"}],"up":[{"embeddable":true,"href":"https:\/\/www.weinmarkt-poysdorf.at\/en\/wp-json\/wp\/v2\/pages\/12087"}],"wp:featuredmedia":[{"embeddable":true,"href":"https:\/\/www.weinmarkt-poysdorf.at\/en\/wp-json\/wp\/v2\/media\/14529"}],"wp:attachment":[{"href":"https:\/\/www.weinmarkt-poysdorf.at\/en\/wp-json\/wp\/v2\/media?parent=14520"}],"curies":[{"name":"wp","href":"https:\/\/api.w.org\/{rel}","templated":true}]}}