{"id":12395,"date":"2017-03-10T10:12:47","date_gmt":"2017-03-10T09:12:47","guid":{"rendered":"http:\/\/weinmarkt-poysdorf.at.cloud3-vm432.de-nserver.de\/?page_id=12395"},"modified":"2024-11-14T15:12:10","modified_gmt":"2024-11-14T14:12:10","slug":"impressum","status":"publish","type":"page","link":"https:\/\/www.weinmarkt-poysdorf.at\/en\/impressum\/","title":{"rendered":"Impressum"},"content":{"rendered":"<div class=\"wpb-content-wrapper\"><p>[vc_row css=&#8221;.vc_custom_1485433309212{margin-bottom: 40px !important;}&#8221;][vc_column][vc_column_text css=&#8221;.vc_custom_1498031181672{margin-bottom: 20px !important;}&#8221;]<\/p>\n<h3>The content of this website is the responsibility of<\/h3>\n<p>[\/vc_column_text][\/vc_column][\/vc_row][vc_row][vc_column][vc_column_text]<strong>Weinmarkt Poysdorf<\/strong><\/p>\n<p>Br\u00fcnner Stra\u00dfe 28, 2170 Poysdorf<\/p>\n<p>T: <a href=\"tel:0043255220371\">+43 2552 40800<\/a><\/p>\n<p>E: <a href=\"mailto:weinmarkt@poysdorf.at\">office@weinmarkt-poysdorf.at<\/a><\/p>\n<p>Chairman: Martin Hirtl<\/p>\n<p>Online-Streitbeilegung gem\u00e4\u00df Art. 14 Abs. 1 ODR-VO: Die Europ\u00e4ische Kommission stellt eine Plattform zur Online-Streitbeilegung (OS) unter <a href=\"https:\/\/ec.europa.eu\/consumers\/odr\/main\/index.cfm?event=main.home2.show&amp;lng=DE\" target=\"_blank\" rel=\"noopener\">https:\/\/ec.europa.eu\/consumers\/odr\/<\/a> bereit.<\/p>\n<p><strong><a href=\"https:\/\/firmen.wko.at\/weinmarkt-poysdorf-weingut-neustifter\/nieder%c3%b6sterreich\/?firmaid=017e3d3c-65d7-4100-9003-256d3ab738d9&amp;suchbegriff=weinmarkt%20poysdorf\" target=\"_blank\" rel=\"noopener\">Informationspflicht lt. ECG und Mediengesetz auf wko.at<\/a><\/strong><\/p>\n<p>&nbsp;<\/p>\n<p><strong><span class=\"Y2IQFc\" lang=\"en\">photo credits<\/span><\/strong><\/p>\n<p><span class=\"Y2IQFc\" lang=\"en\">source:<\/span> www.bigstockphoto.com<\/p>\n<p>Format: Bildnummer, Copyright;<\/p>\n<p>foto: steve haider, wolfgang lehner, michael reidinger<\/p>\n<p>&nbsp;<\/p>\n<p><strong>Copyright\/Imprint<\/strong><\/p>\n<p>The content of this website is processed with the utmost care. However, Weinmarkt Poysdorf (hereinafter referred to as the author only) does not guarantee that the information displayed is complete, correct and, in any case, up to date. Use of information found on this site is at your own risk. The author will strive as far as possible to ensure the availability of the service without interruption. However, with all due care, outages can not be totally excluded. The author reserves the right to change or cancel an offer at any time. This website contains links to third party websites (&#8220;external links&#8221;). These websites are the responsibility of their respective operators. The author, when first linking to external links, checked the content of these external sites to verify that there was no breach of rights. At this point, no violation of rights was apparent. The author has no effect on the current and future editing and content of the linked pages. The inclusion of external links does not imply that Weinmarkt appropriates the content behind the links. Permanent checking of these external links is impossible for service providers without specific alerts for potential infringement. However, if we know of any violation of the law, such external links will be erased immediately.<\/p>\n<p><strong>Bank details<\/strong><\/p>\n<p>IBAN <span class=\"gray\" title=\"AT41 3250 1000 0249 0225\">AT41 3250 1000 0249 0225<\/span>, BIC RLNWATWWPOY<\/p>\n<p><strong>VAT Number<\/strong><\/p>\n<p>ATU 67619945,\u00a0 ZVR-Zahl: 881213459[\/vc_column_text][\/vc_column][\/vc_row]<\/p>\n<\/div>","protected":false},"excerpt":{"rendered":"<p>[vc_row css=&#8221;.vc_custom_1485433309212{margin-bottom: 40px !important;}&#8221;][vc_column][vc_column_text css=&#8221;.vc_custom_1498031181672{margin-bottom: 20px !important;}&#8221;] The content of this website is the responsibility of [\/vc_column_text][\/vc_column][\/vc_row][vc_row][vc_column][vc_column_text]Weinmarkt Poysdorf Br\u00fcnner Stra\u00dfe&#8230;<\/p>\n","protected":false},"author":2,"featured_media":0,"parent":0,"menu_order":0,"comment_status":"closed","ping_status":"closed","template":"","meta":{"footnotes":""},"class_list":["post-12395","page","type-page","status-publish","hentry"],"yoast_head":"<!-- This site is optimized with the Yoast SEO plugin v26.4 - https:\/\/yoast.com\/wordpress\/plugins\/seo\/ -->\n<title>Impressum - Weinmarkt Poysdorf<\/title>\n<meta name=\"robots\" content=\"index, follow, max-snippet:-1, max-image-preview:large, max-video-preview:-1\" \/>\n<link rel=\"canonical\" href=\"https:\/\/www.weinmarkt-poysdorf.at\/en\/impressum\/\" \/>\n<meta property=\"og:locale\" content=\"en_US\" \/>\n<meta property=\"og:type\" content=\"article\" \/>\n<meta property=\"og:title\" content=\"Impressum - Weinmarkt Poysdorf\" \/>\n<meta property=\"og:description\" content=\"[vc_row css=&#8221;.vc_custom_1485433309212{margin-bottom: 40px !important;}&#8221;][vc_column][vc_column_text css=&#8221;.vc_custom_1498031181672{margin-bottom: 20px !important;}&#8221;] The content of this website is the responsibility of [\/vc_column_text][\/vc_column][\/vc_row][vc_row][vc_column][vc_column_text]Weinmarkt Poysdorf Br\u00fcnner Stra\u00dfe...\" \/>\n<meta property=\"og:url\" content=\"https:\/\/www.weinmarkt-poysdorf.at\/en\/impressum\/\" \/>\n<meta property=\"og:site_name\" content=\"Weinmarkt Poysdorf\" \/>\n<meta property=\"article:modified_time\" content=\"2024-11-14T14:12:10+00:00\" \/>\n<meta name=\"twitter:card\" content=\"summary_large_image\" \/>\n<meta name=\"twitter:label1\" content=\"Est. reading time\" \/>\n\t<meta name=\"twitter:data1\" content=\"2 minutes\" \/>\n<script type=\"application\/ld+json\" class=\"yoast-schema-graph\">{\"@context\":\"https:\/\/schema.org\",\"@graph\":[{\"@type\":\"WebPage\",\"@id\":\"https:\/\/www.weinmarkt-poysdorf.at\/en\/impressum\/\",\"url\":\"https:\/\/www.weinmarkt-poysdorf.at\/en\/impressum\/\",\"name\":\"Impressum - Weinmarkt Poysdorf\",\"isPartOf\":{\"@id\":\"https:\/\/www.weinmarkt-poysdorf.at\/en\/#website\"},\"datePublished\":\"2017-03-10T09:12:47+00:00\",\"dateModified\":\"2024-11-14T14:12:10+00:00\",\"breadcrumb\":{\"@id\":\"https:\/\/www.weinmarkt-poysdorf.at\/en\/impressum\/#breadcrumb\"},\"inLanguage\":\"en-US\",\"potentialAction\":[{\"@type\":\"ReadAction\",\"target\":[[\"https:\/\/www.weinmarkt-poysdorf.at\/en\/impressum\/\"]]}]},{\"@type\":\"BreadcrumbList\",\"@id\":\"https:\/\/www.weinmarkt-poysdorf.at\/en\/impressum\/#breadcrumb\",\"itemListElement\":[{\"@type\":\"ListItem\",\"position\":1,\"name\":\"Startseite\",\"item\":\"https:\/\/www.weinmarkt-poysdorf.at\/en\/\"},{\"@type\":\"ListItem\",\"position\":2,\"name\":\"Impressum\"}]},{\"@type\":\"WebSite\",\"@id\":\"https:\/\/www.weinmarkt-poysdorf.at\/en\/#website\",\"url\":\"https:\/\/www.weinmarkt-poysdorf.at\/en\/\",\"name\":\"Weinmarkt Poysdorf\",\"description\":\"Weine von 30 Winzern im Weinviertel\",\"potentialAction\":[{\"@type\":\"SearchAction\",\"target\":{\"@type\":\"EntryPoint\",\"urlTemplate\":\"https:\/\/www.weinmarkt-poysdorf.at\/en\/?s={search_term_string}\"},\"query-input\":{\"@type\":\"PropertyValueSpecification\",\"valueRequired\":true,\"valueName\":\"search_term_string\"}}],\"inLanguage\":\"en-US\"}]}<\/script>\n<!-- \/ Yoast SEO plugin. -->","yoast_head_json":{"title":"Impressum - Weinmarkt Poysdorf","robots":{"index":"index","follow":"follow","max-snippet":"max-snippet:-1","max-image-preview":"max-image-preview:large","max-video-preview":"max-video-preview:-1"},"canonical":"https:\/\/www.weinmarkt-poysdorf.at\/en\/impressum\/","og_locale":"en_US","og_type":"article","og_title":"Impressum - Weinmarkt Poysdorf","og_description":"[vc_row css=&#8221;.vc_custom_1485433309212{margin-bottom: 40px !important;}&#8221;][vc_column][vc_column_text css=&#8221;.vc_custom_1498031181672{margin-bottom: 20px !important;}&#8221;] The content of this website is the responsibility of [\/vc_column_text][\/vc_column][\/vc_row][vc_row][vc_column][vc_column_text]Weinmarkt Poysdorf Br\u00fcnner Stra\u00dfe...","og_url":"https:\/\/www.weinmarkt-poysdorf.at\/en\/impressum\/","og_site_name":"Weinmarkt Poysdorf","article_modified_time":"2024-11-14T14:12:10+00:00","twitter_card":"summary_large_image","twitter_misc":{"Est. reading time":"2 minutes"},"schema":{"@context":"https:\/\/schema.org","@graph":[{"@type":"WebPage","@id":"https:\/\/www.weinmarkt-poysdorf.at\/en\/impressum\/","url":"https:\/\/www.weinmarkt-poysdorf.at\/en\/impressum\/","name":"Impressum - Weinmarkt Poysdorf","isPartOf":{"@id":"https:\/\/www.weinmarkt-poysdorf.at\/en\/#website"},"datePublished":"2017-03-10T09:12:47+00:00","dateModified":"2024-11-14T14:12:10+00:00","breadcrumb":{"@id":"https:\/\/www.weinmarkt-poysdorf.at\/en\/impressum\/#breadcrumb"},"inLanguage":"en-US","potentialAction":[{"@type":"ReadAction","target":[["https:\/\/www.weinmarkt-poysdorf.at\/en\/impressum\/"]]}]},{"@type":"BreadcrumbList","@id":"https:\/\/www.weinmarkt-poysdorf.at\/en\/impressum\/#breadcrumb","itemListElement":[{"@type":"ListItem","position":1,"name":"Startseite","item":"https:\/\/www.weinmarkt-poysdorf.at\/en\/"},{"@type":"ListItem","position":2,"name":"Impressum"}]},{"@type":"WebSite","@id":"https:\/\/www.weinmarkt-poysdorf.at\/en\/#website","url":"https:\/\/www.weinmarkt-poysdorf.at\/en\/","name":"Weinmarkt Poysdorf","description":"Weine von 30 Winzern im Weinviertel","potentialAction":[{"@type":"SearchAction","target":{"@type":"EntryPoint","urlTemplate":"https:\/\/www.weinmarkt-poysdorf.at\/en\/?s={search_term_string}"},"query-input":{"@type":"PropertyValueSpecification","valueRequired":true,"valueName":"search_term_string"}}],"inLanguage":"en-US"}]}},"_links":{"self":[{"href":"https:\/\/www.weinmarkt-poysdorf.at\/en\/wp-json\/wp\/v2\/pages\/12395","targetHints":{"allow":["GET"]}}],"collection":[{"href":"https:\/\/www.weinmarkt-poysdorf.at\/en\/wp-json\/wp\/v2\/pages"}],"about":[{"href":"https:\/\/www.weinmarkt-poysdorf.at\/en\/wp-json\/wp\/v2\/types\/page"}],"author":[{"embeddable":true,"href":"https:\/\/www.weinmarkt-poysdorf.at\/en\/wp-json\/wp\/v2\/users\/2"}],"replies":[{"embeddable":true,"href":"https:\/\/www.weinmarkt-poysdorf.at\/en\/wp-json\/wp\/v2\/comments?post=12395"}],"version-history":[{"count":25,"href":"https:\/\/www.weinmarkt-poysdorf.at\/en\/wp-json\/wp\/v2\/pages\/12395\/revisions"}],"predecessor-version":[{"id":15192,"href":"https:\/\/www.weinmarkt-poysdorf.at\/en\/wp-json\/wp\/v2\/pages\/12395\/revisions\/15192"}],"wp:attachment":[{"href":"https:\/\/www.weinmarkt-poysdorf.at\/en\/wp-json\/wp\/v2\/media?parent=12395"}],"curies":[{"name":"wp","href":"https:\/\/api.w.org\/{rel}","templated":true}]}}