{"id":11783,"date":"2017-03-08T09:55:07","date_gmt":"2017-03-08T08:55:07","guid":{"rendered":"http:\/\/weinmarkt-poysdorf.at.cloud3-vm432.de-nserver.de\/?page_id=11783"},"modified":"2026-02-12T09:32:51","modified_gmt":"2026-02-12T08:32:51","slug":"gut-kellerstoeckl","status":"publish","type":"page","link":"https:\/\/www.weinmarkt-poysdorf.at\/en\/winzer-i-o\/gut-kellerstoeckl\/","title":{"rendered":"Gut Kellerst\u00f6ckl"},"content":{"rendered":"<div class=\"wpb-content-wrapper\"><p>[vc_row css=&#8221;.vc_custom_1485433309212{margin-bottom: 40px !important;}&#8221;][vc_column][vc_column_text css=&#8221;.vc_custom_1488962814484{margin-bottom: 20px !important;}&#8221;]<\/p>\n<h3>Gut Kellerst\u00f6ckl<\/h3>\n<p>[\/vc_column_text][vc_tta_tabs style=&#8221;scalia-style-1&#8243; active_section=&#8221;1&#8243; no_fill_content_area=&#8221;true&#8221;][vc_tta_section title=&#8221;Description&#8221; tab_id=&#8221;beschreibung&#8221;][vc_row_inner][vc_column_inner width=&#8221;1\/2&#8243;][vc_single_image image=&#8221;14399&#8243; img_size=&#8221;full&#8221; style=&#8221;vc_box_rounded&#8221;]<a class=\"sc-button \"  href=\"https:\/\/shop.weinmarkt-poysdorf.at\/weingut-marke\/gut_kellerstockl\" target=\"_blank\" style=\"\">Our wines<\/a>[vc_single_image image=&#8221;14403&#8243; img_size=&#8221;full&#8221; css=&#8221;.vc_custom_1619781444426{margin-bottom: 0px !important;}&#8221;][\/vc_column_inner][vc_column_inner width=&#8221;1\/2&#8243;][vc_column_text css=&#8221;.vc_custom_1496823716735{margin-bottom: 0px !important;}&#8221;]<strong>Wine estate Gut Kellerst\u00f6ckl<\/strong><\/p>\n<p>The Schuckert family from Ketzelsdorf has been the driving force behind the Kellerst\u00f6ckl estate for many generations. The winery, run by Horst Schuckert, is known for its uncompromisingly typical wines with the fruit-driven style of Veltliner country. \u201cWe concentrate on our strengths and not on the trends. The Poysdorf region produces outstanding quality and so we do not have to reinvent our wines\u201d. Peppery Veltliner, spicy Welschriesling, elegant Muskateller as well as fruity Zweigelt and Blauburger are the main varieties grown on the 25 ha of deep-seated loess and gravel soils. The whole family works to ensure the vines are completely healthy and sound, as only so can top quality be harvested. As a result our fruity, easy to enjoy wines have won many awards.[\/vc_column_text][\/vc_column_inner][\/vc_row_inner][\/vc_tta_section][vc_tta_section title=&#8221;Contact&#8221; tab_id=&#8221;kontakt&#8221;][vc_row_inner][vc_column_inner width=&#8221;1\/2&#8243;][vc_gmaps link=&#8221;#E-8_JTNDaWZyYW1lJTIwc3JjJTNEJTIyaHR0cHMlM0ElMkYlMkZ3d3cuZ29vZ2xlLmNvbSUyRm1hcHMlMkZlbWJlZCUzRnBiJTNEJTIxMW0xOCUyMTFtMTIlMjExbTMlMjExZDI2MzUuNzk5ODI2NDgzNDU2NCUyMTJkMTYuNjQ4NTk3MTE2MDU4OTgzJTIxM2Q0OC42NTE5NDQ0NzkyNjc3OCUyMTJtMyUyMTFmMCUyMTJmMCUyMTNmMCUyMTNtMiUyMTFpMTAyNCUyMTJpNzY4JTIxNGYxMy4xJTIxM20zJTIxMW0yJTIxMXMweDQ3NmQyZjcwYWQyYjlhMzMlMjUzQTB4ZWM5ZGEzMTNmNTI3ZWViZiUyMTJzV2ludGVyemVpbGUlMkIxNSUyNTJDJTJCMjE3MCUyMTVlMCUyMTNtMiUyMTFzZGUlMjEyc2F0JTIxNHYxNDg4OTYzMjI0NDIyJTIyJTIwd2lkdGglM0QlMjI2MDAlMjIlMjBoZWlnaHQlM0QlMjI0NTAlMjIlMjBmcmFtZWJvcmRlciUzRCUyMjAlMjIlMjBzdHlsZSUzRCUyMmJvcmRlciUzQTAlMjIlMjBhbGxvd2Z1bGxzY3JlZW4lM0UlM0MlMkZpZnJhbWUlM0U=&#8221; size=&#8221;&#8221;][\/vc_column_inner][vc_column_inner width=&#8221;1\/2&#8243;][vc_column_text css=&#8221;.vc_custom_1489573424126{margin-bottom: 0px !important;}&#8221;]Gut Kellerst\u00f6ckl<br \/>\nWinterzeile 15<br \/>\n2170 Ketzelsdorf<\/p>\n<p>Telefon :+43 664\/1318027<br \/>\nEmail: <a href=\"mailto:schuckert@gut-kellerstoeckl.at\" target=\"_blank\" rel=\"noopener noreferrer\">schuckert@gut-kellerstoeckl.at<\/a><br \/>\n<a href=\"http:\/\/www.gut-kellerstoeckl.at\/\" target=\"_blank\" rel=\"noopener noreferrer\">www.gut-kellerstoeckl.at<\/a>[\/vc_column_text][\/vc_column_inner][\/vc_row_inner][\/vc_tta_section][\/vc_tta_tabs][\/vc_column][\/vc_row]<\/p>\n<\/div>","protected":false},"excerpt":{"rendered":"<p>[vc_row css=&#8221;.vc_custom_1485433309212{margin-bottom: 40px !important;}&#8221;][vc_column][vc_column_text css=&#8221;.vc_custom_1488962814484{margin-bottom: 20px !important;}&#8221;] Gut Kellerst\u00f6ckl [\/vc_column_text][vc_tta_tabs style=&#8221;scalia-style-1&#8243; active_section=&#8221;1&#8243; no_fill_content_area=&#8221;true&#8221;][vc_tta_section title=&#8221;Description&#8221; tab_id=&#8221;beschreibung&#8221;][vc_row_inner][vc_column_inner width=&#8221;1\/2&#8243;][vc_single_image image=&#8221;14399&#8243; img_size=&#8221;full&#8221; style=&#8221;vc_box_rounded&#8221;][vc_single_image image=&#8221;14403&#8243;&#8230;<\/p>\n","protected":false},"author":2,"featured_media":12315,"parent":12083,"menu_order":0,"comment_status":"closed","ping_status":"closed","template":"","meta":{"footnotes":""},"class_list":["post-11783","page","type-page","status-publish","has-post-thumbnail","hentry"],"yoast_head":"<!-- This site is optimized with the Yoast SEO plugin v26.4 - https:\/\/yoast.com\/wordpress\/plugins\/seo\/ -->\n<title>Weingut Gut Kellerst\u00f6ckl - Topwinzer der Region im Weinmarkt Poysdorf<\/title>\n<meta name=\"description\" content=\"Seit vielen Generationen steht die Familie Schuckert hinter dem Gut Kellerst\u00f6ckl. Das Weingut Gut Kellerst\u00f6ckl ist bekannt f\u00fcr kompromisslos typische Weine.\" \/>\n<meta name=\"robots\" content=\"index, follow, max-snippet:-1, max-image-preview:large, max-video-preview:-1\" \/>\n<link rel=\"canonical\" href=\"https:\/\/www.weinmarkt-poysdorf.at\/en\/winzer-i-o\/gut-kellerstoeckl\/\" \/>\n<meta property=\"og:locale\" content=\"en_US\" \/>\n<meta property=\"og:type\" content=\"article\" \/>\n<meta property=\"og:title\" content=\"Weingut Gut Kellerst\u00f6ckl - Topwinzer der Region im Weinmarkt Poysdorf\" \/>\n<meta property=\"og:description\" content=\"Seit vielen Generationen steht die Familie Schuckert hinter dem Gut Kellerst\u00f6ckl. Das Weingut Gut Kellerst\u00f6ckl ist bekannt f\u00fcr kompromisslos typische Weine.\" \/>\n<meta property=\"og:url\" content=\"https:\/\/www.weinmarkt-poysdorf.at\/en\/winzer-i-o\/gut-kellerstoeckl\/\" \/>\n<meta property=\"og:site_name\" content=\"Weinmarkt Poysdorf\" \/>\n<meta property=\"article:modified_time\" content=\"2026-02-12T08:32:51+00:00\" \/>\n<meta property=\"og:image\" content=\"https:\/\/www.weinmarkt-poysdorf.at\/wp-content\/uploads\/2017\/03\/logo_winzer_gut-kellerstoeckl_weiss_v3.png\" \/>\n\t<meta property=\"og:image:width\" content=\"250\" \/>\n\t<meta property=\"og:image:height\" content=\"250\" \/>\n\t<meta property=\"og:image:type\" content=\"image\/png\" \/>\n<meta name=\"twitter:card\" content=\"summary_large_image\" \/>\n<meta name=\"twitter:label1\" content=\"Est. reading time\" \/>\n\t<meta name=\"twitter:data1\" content=\"2 minutes\" \/>\n<script type=\"application\/ld+json\" class=\"yoast-schema-graph\">{\"@context\":\"https:\/\/schema.org\",\"@graph\":[{\"@type\":\"WebPage\",\"@id\":\"https:\/\/www.weinmarkt-poysdorf.at\/en\/winzer-i-o\/gut-kellerstoeckl\/\",\"url\":\"https:\/\/www.weinmarkt-poysdorf.at\/en\/winzer-i-o\/gut-kellerstoeckl\/\",\"name\":\"Weingut Gut Kellerst\u00f6ckl - Topwinzer der Region im Weinmarkt Poysdorf\",\"isPartOf\":{\"@id\":\"https:\/\/www.weinmarkt-poysdorf.at\/en\/#website\"},\"primaryImageOfPage\":{\"@id\":\"https:\/\/www.weinmarkt-poysdorf.at\/en\/winzer-i-o\/gut-kellerstoeckl\/#primaryimage\"},\"image\":{\"@id\":\"https:\/\/www.weinmarkt-poysdorf.at\/winzer-i-o\/gut-kellerstoeckl\/#primaryimage\"},\"thumbnailUrl\":\"https:\/\/www.weinmarkt-poysdorf.at\/wp-content\/uploads\/2017\/03\/logo_winzer_gut-kellerstoeckl_weiss_v3.png\",\"datePublished\":\"2017-03-08T08:55:07+00:00\",\"dateModified\":\"2026-02-12T08:32:51+00:00\",\"description\":\"Seit vielen Generationen steht die Familie Schuckert hinter dem Gut Kellerst\u00f6ckl. Das Weingut Gut Kellerst\u00f6ckl ist bekannt f\u00fcr kompromisslos typische Weine.\",\"breadcrumb\":{\"@id\":\"https:\/\/www.weinmarkt-poysdorf.at\/en\/winzer-i-o\/gut-kellerstoeckl\/#breadcrumb\"},\"inLanguage\":\"en-US\",\"potentialAction\":[{\"@type\":\"ReadAction\",\"target\":[[\"https:\/\/www.weinmarkt-poysdorf.at\/en\/winzer-i-o\/gut-kellerstoeckl\/\"]]}]},{\"@type\":\"ImageObject\",\"inLanguage\":\"en-US\",\"@id\":\"https:\/\/www.weinmarkt-poysdorf.at\/en\/winzer-i-o\/gut-kellerstoeckl\/#primaryimage\",\"url\":\"https:\/\/www.weinmarkt-poysdorf.at\/wp-content\/uploads\/2017\/03\/logo_winzer_gut-kellerstoeckl_weiss_v3.png\",\"contentUrl\":\"https:\/\/www.weinmarkt-poysdorf.at\/wp-content\/uploads\/2017\/03\/logo_winzer_gut-kellerstoeckl_weiss_v3.png\",\"width\":250,\"height\":250},{\"@type\":\"BreadcrumbList\",\"@id\":\"https:\/\/www.weinmarkt-poysdorf.at\/en\/winzer-i-o\/gut-kellerstoeckl\/#breadcrumb\",\"itemListElement\":[{\"@type\":\"ListItem\",\"position\":1,\"name\":\"Startseite\",\"item\":\"https:\/\/www.weinmarkt-poysdorf.at\/en\/\"},{\"@type\":\"ListItem\",\"position\":2,\"name\":\"Winzer I &#8211; O\",\"item\":\"https:\/\/www.weinmarkt-poysdorf.at\/en\/winzer-i-o\/\"},{\"@type\":\"ListItem\",\"position\":3,\"name\":\"Gut Kellerst\u00f6ckl\"}]},{\"@type\":\"WebSite\",\"@id\":\"https:\/\/www.weinmarkt-poysdorf.at\/en\/#website\",\"url\":\"https:\/\/www.weinmarkt-poysdorf.at\/en\/\",\"name\":\"Weinmarkt Poysdorf\",\"description\":\"Weine von 30 Winzern im Weinviertel\",\"potentialAction\":[{\"@type\":\"SearchAction\",\"target\":{\"@type\":\"EntryPoint\",\"urlTemplate\":\"https:\/\/www.weinmarkt-poysdorf.at\/en\/?s={search_term_string}\"},\"query-input\":{\"@type\":\"PropertyValueSpecification\",\"valueRequired\":true,\"valueName\":\"search_term_string\"}}],\"inLanguage\":\"en-US\"}]}<\/script>\n<!-- \/ Yoast SEO plugin. -->","yoast_head_json":{"title":"Weingut Gut Kellerst\u00f6ckl - Topwinzer der Region im Weinmarkt Poysdorf","description":"Seit vielen Generationen steht die Familie Schuckert hinter dem Gut Kellerst\u00f6ckl. Das Weingut Gut Kellerst\u00f6ckl ist bekannt f\u00fcr kompromisslos typische Weine.","robots":{"index":"index","follow":"follow","max-snippet":"max-snippet:-1","max-image-preview":"max-image-preview:large","max-video-preview":"max-video-preview:-1"},"canonical":"https:\/\/www.weinmarkt-poysdorf.at\/en\/winzer-i-o\/gut-kellerstoeckl\/","og_locale":"en_US","og_type":"article","og_title":"Weingut Gut Kellerst\u00f6ckl - Topwinzer der Region im Weinmarkt Poysdorf","og_description":"Seit vielen Generationen steht die Familie Schuckert hinter dem Gut Kellerst\u00f6ckl. Das Weingut Gut Kellerst\u00f6ckl ist bekannt f\u00fcr kompromisslos typische Weine.","og_url":"https:\/\/www.weinmarkt-poysdorf.at\/en\/winzer-i-o\/gut-kellerstoeckl\/","og_site_name":"Weinmarkt Poysdorf","article_modified_time":"2026-02-12T08:32:51+00:00","og_image":[{"width":250,"height":250,"url":"https:\/\/www.weinmarkt-poysdorf.at\/wp-content\/uploads\/2017\/03\/logo_winzer_gut-kellerstoeckl_weiss_v3.png","type":"image\/png"}],"twitter_card":"summary_large_image","twitter_misc":{"Est. reading time":"2 minutes"},"schema":{"@context":"https:\/\/schema.org","@graph":[{"@type":"WebPage","@id":"https:\/\/www.weinmarkt-poysdorf.at\/en\/winzer-i-o\/gut-kellerstoeckl\/","url":"https:\/\/www.weinmarkt-poysdorf.at\/en\/winzer-i-o\/gut-kellerstoeckl\/","name":"Weingut Gut Kellerst\u00f6ckl - Topwinzer der Region im Weinmarkt Poysdorf","isPartOf":{"@id":"https:\/\/www.weinmarkt-poysdorf.at\/en\/#website"},"primaryImageOfPage":{"@id":"https:\/\/www.weinmarkt-poysdorf.at\/en\/winzer-i-o\/gut-kellerstoeckl\/#primaryimage"},"image":{"@id":"https:\/\/www.weinmarkt-poysdorf.at\/winzer-i-o\/gut-kellerstoeckl\/#primaryimage"},"thumbnailUrl":"https:\/\/www.weinmarkt-poysdorf.at\/wp-content\/uploads\/2017\/03\/logo_winzer_gut-kellerstoeckl_weiss_v3.png","datePublished":"2017-03-08T08:55:07+00:00","dateModified":"2026-02-12T08:32:51+00:00","description":"Seit vielen Generationen steht die Familie Schuckert hinter dem Gut Kellerst\u00f6ckl. Das Weingut Gut Kellerst\u00f6ckl ist bekannt f\u00fcr kompromisslos typische Weine.","breadcrumb":{"@id":"https:\/\/www.weinmarkt-poysdorf.at\/en\/winzer-i-o\/gut-kellerstoeckl\/#breadcrumb"},"inLanguage":"en-US","potentialAction":[{"@type":"ReadAction","target":[["https:\/\/www.weinmarkt-poysdorf.at\/en\/winzer-i-o\/gut-kellerstoeckl\/"]]}]},{"@type":"ImageObject","inLanguage":"en-US","@id":"https:\/\/www.weinmarkt-poysdorf.at\/en\/winzer-i-o\/gut-kellerstoeckl\/#primaryimage","url":"https:\/\/www.weinmarkt-poysdorf.at\/wp-content\/uploads\/2017\/03\/logo_winzer_gut-kellerstoeckl_weiss_v3.png","contentUrl":"https:\/\/www.weinmarkt-poysdorf.at\/wp-content\/uploads\/2017\/03\/logo_winzer_gut-kellerstoeckl_weiss_v3.png","width":250,"height":250},{"@type":"BreadcrumbList","@id":"https:\/\/www.weinmarkt-poysdorf.at\/en\/winzer-i-o\/gut-kellerstoeckl\/#breadcrumb","itemListElement":[{"@type":"ListItem","position":1,"name":"Startseite","item":"https:\/\/www.weinmarkt-poysdorf.at\/en\/"},{"@type":"ListItem","position":2,"name":"Winzer I &#8211; O","item":"https:\/\/www.weinmarkt-poysdorf.at\/en\/winzer-i-o\/"},{"@type":"ListItem","position":3,"name":"Gut Kellerst\u00f6ckl"}]},{"@type":"WebSite","@id":"https:\/\/www.weinmarkt-poysdorf.at\/en\/#website","url":"https:\/\/www.weinmarkt-poysdorf.at\/en\/","name":"Weinmarkt Poysdorf","description":"Weine von 30 Winzern im Weinviertel","potentialAction":[{"@type":"SearchAction","target":{"@type":"EntryPoint","urlTemplate":"https:\/\/www.weinmarkt-poysdorf.at\/en\/?s={search_term_string}"},"query-input":{"@type":"PropertyValueSpecification","valueRequired":true,"valueName":"search_term_string"}}],"inLanguage":"en-US"}]}},"_links":{"self":[{"href":"https:\/\/www.weinmarkt-poysdorf.at\/en\/wp-json\/wp\/v2\/pages\/11783","targetHints":{"allow":["GET"]}}],"collection":[{"href":"https:\/\/www.weinmarkt-poysdorf.at\/en\/wp-json\/wp\/v2\/pages"}],"about":[{"href":"https:\/\/www.weinmarkt-poysdorf.at\/en\/wp-json\/wp\/v2\/types\/page"}],"author":[{"embeddable":true,"href":"https:\/\/www.weinmarkt-poysdorf.at\/en\/wp-json\/wp\/v2\/users\/2"}],"replies":[{"embeddable":true,"href":"https:\/\/www.weinmarkt-poysdorf.at\/en\/wp-json\/wp\/v2\/comments?post=11783"}],"version-history":[{"count":25,"href":"https:\/\/www.weinmarkt-poysdorf.at\/en\/wp-json\/wp\/v2\/pages\/11783\/revisions"}],"predecessor-version":[{"id":12459,"href":"https:\/\/www.weinmarkt-poysdorf.at\/en\/wp-json\/wp\/v2\/pages\/11783\/revisions\/12459"}],"up":[{"embeddable":true,"href":"https:\/\/www.weinmarkt-poysdorf.at\/en\/wp-json\/wp\/v2\/pages\/12083"}],"wp:featuredmedia":[{"embeddable":true,"href":"https:\/\/www.weinmarkt-poysdorf.at\/en\/wp-json\/wp\/v2\/media\/12315"}],"wp:attachment":[{"href":"https:\/\/www.weinmarkt-poysdorf.at\/en\/wp-json\/wp\/v2\/media?parent=11783"}],"curies":[{"name":"wp","href":"https:\/\/api.w.org\/{rel}","templated":true}]}}