{"id":12395,"date":"2017-03-10T10:12:47","date_gmt":"2017-03-10T09:12:47","guid":{"rendered":"http:\/\/weinmarkt-poysdorf.at.cloud3-vm432.de-nserver.de\/?page_id=12395"},"modified":"2024-11-14T15:12:10","modified_gmt":"2024-11-14T14:12:10","slug":"impressum","status":"publish","type":"page","link":"https:\/\/www.weinmarkt-poysdorf.at\/cs\/impressum\/","title":{"rendered":"Impressum"},"content":{"rendered":"<div class=\"wpb-content-wrapper\"><p>[vc_row css=&#8220;.vc_custom_1485433309212{margin-bottom: 40px !important;}&#8220;][vc_column][vc_column_text css=&#8220;.vc_custom_1495117087717{margin-bottom: 20px !important;}&#8220;]<\/p>\n<h3>Za obsah str\u00e1nek zodpov\u00edd\u00e1<\/h3>\n<p>[\/vc_column_text][\/vc_column][\/vc_row][vc_row][vc_column][vc_column_text]<strong>Weinmarkt Poysdorf<\/strong><\/p>\n<p>Br\u00fcnner Stra\u00dfe 28, 2170 Poysdorf<\/p>\n<p>T: <a href=\"tel:0043255220371\">+43 2552 40800<\/a><\/p>\n<p>E: <a href=\"mailto:weinmarkt@poysdorf.at\">office@weinmarkt-poysdorf.at<\/a><\/p>\n<p>P\u0159edseda: Martin Hirtl<\/p>\n<p>Online-Streitbeilegung gem\u00e4\u00df Art. 14 Abs. 1 ODR-VO: Die Europ\u00e4ische Kommission stellt eine Plattform zur Online-Streitbeilegung (OS) unter <a href=\"https:\/\/ec.europa.eu\/consumers\/odr\/main\/index.cfm?event=main.home2.show&amp;lng=DE\" target=\"_blank\" rel=\"noopener\">https:\/\/ec.europa.eu\/consumers\/odr\/<\/a> bereit.<\/p>\n<p><strong><a href=\"https:\/\/firmen.wko.at\/weinmarkt-poysdorf-weingut-neustifter\/nieder%c3%b6sterreich\/?firmaid=017e3d3c-65d7-4100-9003-256d3ab738d9&amp;suchbegriff=weinmarkt%20poysdorf\" target=\"_blank\" rel=\"noopener\">Informationspflicht lt. ECG und Mediengesetz auf wko.at<\/a><\/strong><\/p>\n<p>&nbsp;<\/p>\n<p><strong><span class=\"Y2IQFc\" lang=\"cs\">Fotografick\u00e9 kredity<\/span><\/strong><\/p>\n<p><span class=\"Y2IQFc\" lang=\"cs\">Zdroj:<\/span> www.bigstockphoto.com<\/p>\n<p><span class=\"Y2IQFc\" lang=\"cs\">Form\u00e1t: \u010d\u00edslo obr\u00e1zku<\/span>, copyright;<\/p>\n<p>Foto: steve haider, wolfgang lehner, michael reidinger<\/p>\n<p>&nbsp;<\/p>\n<p>Obsah t\u011bchto webov\u00fdch str\u00e1nek je zpracov\u00e1v\u00e1n s maxim\u00e1ln\u00ed pe\u010dlivost\u00ed. Spole\u010dnost Weinmarkt Poysdorf (d\u00e1le pouze autor)\u00a0 v\u0161ak p\u0159esto neru\u010d\u00ed za to, \u017ee zobrazovan\u00e9 informace jsou \u00fapln\u00e9, spr\u00e1vn\u00e9 a v ka\u017ed\u00e9m p\u0159\u00edpad\u011b aktu\u00e1ln\u00ed. Pou\u017eit\u00ed vyhledan\u00fdch informac\u00ed je na vlastn\u00ed zodpov\u011bdnost. Autor se bude sna\u017eit, aby zajistil dostupnost slu\u017eby pokud mo\u017eno bez p\u0159eru\u0161en\u00ed. P\u0159i v\u0161\u00ed pe\u010dlivosti v\u0161ak nelze v\u00fdpadky zcela vylou\u010dit. autor si vyhrazuje pr\u00e1vo nab\u00eddku kdykoli zm\u011bnit nebo p\u0159eru\u0161it. Tato webov\u00e1 str\u00e1nka obsahuje spojen\u00ed na webov\u00e9 str\u00e1nky t\u0159et\u00edch osob (&#8222;extern\u00ed odkazy&#8220;). Odpov\u011bdnost za tyto webov\u00e9 str\u00e1nky nesou p\u0159\u00edslu\u0161n\u00ed provozovatel\u00e9. Autor p\u0159i prvn\u00edm napojen\u00ed na extern\u00ed odkazy prov\u011b\u0159il obsah t\u011bchto extern\u00edch str\u00e1nek, aby si ov\u011b\u0159il, zda nedoch\u00e1zelo k n\u011bjak\u00e9mu poru\u0161en\u00ed pr\u00e1v. V dan\u00e9m okam\u017eiku nebylo \u017e\u00e1dn\u00e9 poru\u0161en\u00ed pr\u00e1v patrn\u00e9. Autor nem\u00e1 \u017e\u00e1dn\u00fd vliv na aktu\u00e1ln\u00ed a budouc\u00ed \u00fapravu a obsah propojen\u00fdch str\u00e1nek. Uveden\u00ed extern\u00edch odkaz\u016f neznamen\u00e1, \u017ee si Weinmarkt p\u0159ivlast\u0148uje obsah, kter\u00fd se skr\u00fdv\u00e1 za odkazem nebo linkem. St\u00e1l\u00e1 kontrola t\u011bchto extern\u00edch odkaz\u016f je pro poskytovatele slu\u017eby bez konkr\u00e9tn\u00edch upozorn\u011bn\u00ed na p\u0159\u00edpadn\u00e9 poru\u0161en\u00ed pr\u00e1va nemysliteln\u00e1. Dozv\u00edme-li se v\u0161ak o n\u011bjak\u00e9m poru\u0161en\u00ed pr\u00e1va, budou takov\u00e9 extern\u00ed odkazy neprodlen\u011b vymaz\u00e1ny.<\/p>\n<p>&nbsp;<\/p>\n<p><strong>Bankovn\u00ed spojen\u00ed<br \/>\n<\/strong><\/p>\n<p>IBAN <span class=\"gray\" title=\"AT41 3250 1000 0249 0225\">AT41 3250 1000 0249 0225<\/span>, BIC RLNWATWWPOY<\/p>\n<p><strong>UID Nummer (DI\u010c)<br \/>\n<\/strong><\/p>\n<p>ATU 67619945, ZVR-Zahl: 881213459[\/vc_column_text][\/vc_column][\/vc_row]<\/p>\n<\/div>","protected":false},"excerpt":{"rendered":"<p>[vc_row css=&#8220;.vc_custom_1485433309212{margin-bottom: 40px !important;}&#8220;][vc_column][vc_column_text css=&#8220;.vc_custom_1495117087717{margin-bottom: 20px !important;}&#8220;] Za obsah str\u00e1nek zodpov\u00edd\u00e1 [\/vc_column_text][\/vc_column][\/vc_row][vc_row][vc_column][vc_column_text]Weinmarkt Poysdorf Br\u00fcnner Stra\u00dfe 28, 2170 Poysdorf T: +43&#8230;<\/p>\n","protected":false},"author":2,"featured_media":0,"parent":0,"menu_order":0,"comment_status":"closed","ping_status":"closed","template":"","meta":{"footnotes":""},"class_list":["post-12395","page","type-page","status-publish","hentry"],"yoast_head":"<!-- This site is optimized with the Yoast SEO plugin v26.4 - https:\/\/yoast.com\/wordpress\/plugins\/seo\/ -->\n<title>Impressum - Weinmarkt Poysdorf<\/title>\n<meta name=\"robots\" content=\"index, follow, max-snippet:-1, max-image-preview:large, max-video-preview:-1\" \/>\n<link rel=\"canonical\" href=\"https:\/\/www.weinmarkt-poysdorf.at\/cs\/impressum\/\" \/>\n<meta property=\"og:locale\" content=\"cs_CZ\" \/>\n<meta property=\"og:type\" content=\"article\" \/>\n<meta property=\"og:title\" content=\"Impressum - Weinmarkt Poysdorf\" \/>\n<meta property=\"og:description\" content=\"[vc_row css=&#8220;.vc_custom_1485433309212{margin-bottom: 40px !important;}&#8220;][vc_column][vc_column_text css=&#8220;.vc_custom_1495117087717{margin-bottom: 20px !important;}&#8220;] Za obsah str\u00e1nek zodpov\u00edd\u00e1 [\/vc_column_text][\/vc_column][\/vc_row][vc_row][vc_column][vc_column_text]Weinmarkt Poysdorf Br\u00fcnner Stra\u00dfe 28, 2170 Poysdorf T: +43...\" \/>\n<meta property=\"og:url\" content=\"https:\/\/www.weinmarkt-poysdorf.at\/cs\/impressum\/\" \/>\n<meta property=\"og:site_name\" content=\"Weinmarkt Poysdorf\" \/>\n<meta property=\"article:modified_time\" content=\"2024-11-14T14:12:10+00:00\" \/>\n<meta name=\"twitter:card\" content=\"summary_large_image\" \/>\n<meta name=\"twitter:label1\" content=\"Odhadovan\u00e1 doba \u010dten\u00ed\" \/>\n\t<meta name=\"twitter:data1\" content=\"2 minuty\" \/>\n<script type=\"application\/ld+json\" class=\"yoast-schema-graph\">{\"@context\":\"https:\/\/schema.org\",\"@graph\":[{\"@type\":\"WebPage\",\"@id\":\"https:\/\/www.weinmarkt-poysdorf.at\/cs\/impressum\/\",\"url\":\"https:\/\/www.weinmarkt-poysdorf.at\/cs\/impressum\/\",\"name\":\"Impressum - Weinmarkt Poysdorf\",\"isPartOf\":{\"@id\":\"https:\/\/www.weinmarkt-poysdorf.at\/cs\/#website\"},\"datePublished\":\"2017-03-10T09:12:47+00:00\",\"dateModified\":\"2024-11-14T14:12:10+00:00\",\"breadcrumb\":{\"@id\":\"https:\/\/www.weinmarkt-poysdorf.at\/cs\/impressum\/#breadcrumb\"},\"inLanguage\":\"cs\",\"potentialAction\":[{\"@type\":\"ReadAction\",\"target\":[[\"https:\/\/www.weinmarkt-poysdorf.at\/cs\/impressum\/\"]]}]},{\"@type\":\"BreadcrumbList\",\"@id\":\"https:\/\/www.weinmarkt-poysdorf.at\/cs\/impressum\/#breadcrumb\",\"itemListElement\":[{\"@type\":\"ListItem\",\"position\":1,\"name\":\"Startseite\",\"item\":\"https:\/\/www.weinmarkt-poysdorf.at\/cs\/\"},{\"@type\":\"ListItem\",\"position\":2,\"name\":\"Impressum\"}]},{\"@type\":\"WebSite\",\"@id\":\"https:\/\/www.weinmarkt-poysdorf.at\/cs\/#website\",\"url\":\"https:\/\/www.weinmarkt-poysdorf.at\/cs\/\",\"name\":\"Weinmarkt Poysdorf\",\"description\":\"Weine von 30 Winzern im Weinviertel\",\"potentialAction\":[{\"@type\":\"SearchAction\",\"target\":{\"@type\":\"EntryPoint\",\"urlTemplate\":\"https:\/\/www.weinmarkt-poysdorf.at\/cs\/?s={search_term_string}\"},\"query-input\":{\"@type\":\"PropertyValueSpecification\",\"valueRequired\":true,\"valueName\":\"search_term_string\"}}],\"inLanguage\":\"cs\"}]}<\/script>\n<!-- \/ Yoast SEO plugin. -->","yoast_head_json":{"title":"Impressum - Weinmarkt Poysdorf","robots":{"index":"index","follow":"follow","max-snippet":"max-snippet:-1","max-image-preview":"max-image-preview:large","max-video-preview":"max-video-preview:-1"},"canonical":"https:\/\/www.weinmarkt-poysdorf.at\/cs\/impressum\/","og_locale":"cs_CZ","og_type":"article","og_title":"Impressum - Weinmarkt Poysdorf","og_description":"[vc_row css=&#8220;.vc_custom_1485433309212{margin-bottom: 40px !important;}&#8220;][vc_column][vc_column_text css=&#8220;.vc_custom_1495117087717{margin-bottom: 20px !important;}&#8220;] Za obsah str\u00e1nek zodpov\u00edd\u00e1 [\/vc_column_text][\/vc_column][\/vc_row][vc_row][vc_column][vc_column_text]Weinmarkt Poysdorf Br\u00fcnner Stra\u00dfe 28, 2170 Poysdorf T: +43...","og_url":"https:\/\/www.weinmarkt-poysdorf.at\/cs\/impressum\/","og_site_name":"Weinmarkt Poysdorf","article_modified_time":"2024-11-14T14:12:10+00:00","twitter_card":"summary_large_image","twitter_misc":{"Odhadovan\u00e1 doba \u010dten\u00ed":"2 minuty"},"schema":{"@context":"https:\/\/schema.org","@graph":[{"@type":"WebPage","@id":"https:\/\/www.weinmarkt-poysdorf.at\/cs\/impressum\/","url":"https:\/\/www.weinmarkt-poysdorf.at\/cs\/impressum\/","name":"Impressum - Weinmarkt Poysdorf","isPartOf":{"@id":"https:\/\/www.weinmarkt-poysdorf.at\/cs\/#website"},"datePublished":"2017-03-10T09:12:47+00:00","dateModified":"2024-11-14T14:12:10+00:00","breadcrumb":{"@id":"https:\/\/www.weinmarkt-poysdorf.at\/cs\/impressum\/#breadcrumb"},"inLanguage":"cs","potentialAction":[{"@type":"ReadAction","target":[["https:\/\/www.weinmarkt-poysdorf.at\/cs\/impressum\/"]]}]},{"@type":"BreadcrumbList","@id":"https:\/\/www.weinmarkt-poysdorf.at\/cs\/impressum\/#breadcrumb","itemListElement":[{"@type":"ListItem","position":1,"name":"Startseite","item":"https:\/\/www.weinmarkt-poysdorf.at\/cs\/"},{"@type":"ListItem","position":2,"name":"Impressum"}]},{"@type":"WebSite","@id":"https:\/\/www.weinmarkt-poysdorf.at\/cs\/#website","url":"https:\/\/www.weinmarkt-poysdorf.at\/cs\/","name":"Weinmarkt Poysdorf","description":"Weine von 30 Winzern im Weinviertel","potentialAction":[{"@type":"SearchAction","target":{"@type":"EntryPoint","urlTemplate":"https:\/\/www.weinmarkt-poysdorf.at\/cs\/?s={search_term_string}"},"query-input":{"@type":"PropertyValueSpecification","valueRequired":true,"valueName":"search_term_string"}}],"inLanguage":"cs"}]}},"_links":{"self":[{"href":"https:\/\/www.weinmarkt-poysdorf.at\/cs\/wp-json\/wp\/v2\/pages\/12395","targetHints":{"allow":["GET"]}}],"collection":[{"href":"https:\/\/www.weinmarkt-poysdorf.at\/cs\/wp-json\/wp\/v2\/pages"}],"about":[{"href":"https:\/\/www.weinmarkt-poysdorf.at\/cs\/wp-json\/wp\/v2\/types\/page"}],"author":[{"embeddable":true,"href":"https:\/\/www.weinmarkt-poysdorf.at\/cs\/wp-json\/wp\/v2\/users\/2"}],"replies":[{"embeddable":true,"href":"https:\/\/www.weinmarkt-poysdorf.at\/cs\/wp-json\/wp\/v2\/comments?post=12395"}],"version-history":[{"count":25,"href":"https:\/\/www.weinmarkt-poysdorf.at\/cs\/wp-json\/wp\/v2\/pages\/12395\/revisions"}],"predecessor-version":[{"id":15192,"href":"https:\/\/www.weinmarkt-poysdorf.at\/cs\/wp-json\/wp\/v2\/pages\/12395\/revisions\/15192"}],"wp:attachment":[{"href":"https:\/\/www.weinmarkt-poysdorf.at\/cs\/wp-json\/wp\/v2\/media?parent=12395"}],"curies":[{"name":"wp","href":"https:\/\/api.w.org\/{rel}","templated":true}]}}