{"id":12297,"date":"2017-03-09T15:10:13","date_gmt":"2017-03-09T14:10:13","guid":{"rendered":"http:\/\/weinmarkt-poysdorf.at.cloud3-vm432.de-nserver.de\/?page_id=12297"},"modified":"2017-10-03T10:14:02","modified_gmt":"2017-10-03T08:14:02","slug":"stammkundenbonus","status":"publish","type":"page","link":"https:\/\/www.weinmarkt-poysdorf.at\/cs\/service\/stammkundenbonus\/","title":{"rendered":"Bonus st\u00e1l\u00e9ho z\u00e1kazn\u00edka"},"content":{"rendered":"<div class=\"wpb-content-wrapper\"><p>[vc_row css=&#8220;.vc_custom_1485433309212{margin-bottom: 40px !important;}&#8220;][vc_column][vc_column_text css=&#8220;.vc_custom_1493272240699{margin-bottom: 20px !important;}&#8220;]<\/p>\n<h3>V\u00e1\u0161e osobn\u00ed v\u00fdhoda st\u00e1l\u00e9ho z\u00e1kazn\u00edka<\/h3>\n<p>[\/vc_column_text][vc_tta_tabs style=&#8220;scalia-style-1&#8243; active_section=&#8220;1&#8243; no_fill_content_area=&#8220;true&#8220;][vc_tta_section title=&#8220;Popis&#8220; tab_id=&#8220;perlen-des-weinviertels-1&#8243;][vc_row_inner][vc_column_inner width=&#8220;1\/2&#8243;][vc_single_image image=&#8220;12388&#8243; img_size=&#8220;full&#8220; style=&#8220;vc_box_rounded&#8220; onclick=&#8220;link_image&#8220;][\/vc_column_inner][vc_column_inner width=&#8220;1\/2&#8243;][vc_column_text]V\u011brnost na\u0161ich st\u00e1l\u00fdch z\u00e1kazn\u00edk\u016f r\u00e1di odm\u011bn\u00edme &#8211; a to z\u00e1kaznick\u00fdm bonusem:<\/p>\n<p>P\u0159i ka\u017ed\u00e9m n\u00e1kupu s v\u011brnostn\u00ed z\u00e1kaznickou kartou sb\u00edr\u00e1te bonus 2% z hodnoty n\u00e1kupu. Celkov\u00e1 \u010d\u00e1stka bude pak v p\u0159\u00ed\u0161t\u00edm roce ode\u010dtena p\u0159i dal\u0161\u00edm n\u00e1kupu. Dal\u0161\u00ed v\u00fdhodou je, \u017ee z\u00edsk\u00e1v\u00e1te aktu\u00e1ln\u00ed informace v na\u0161em ob\u010dasn\u00e9m newsletteru.[\/vc_column_text][\/vc_column_inner][\/vc_row_inner][\/vc_tta_section][\/vc_tta_tabs][\/vc_column][\/vc_row]<\/p>\n<\/div>","protected":false},"excerpt":{"rendered":"<p>[vc_row css=&#8220;.vc_custom_1485433309212{margin-bottom: 40px !important;}&#8220;][vc_column][vc_column_text css=&#8220;.vc_custom_1493272240699{margin-bottom: 20px !important;}&#8220;] V\u00e1\u0161e osobn\u00ed v\u00fdhoda st\u00e1l\u00e9ho z\u00e1kazn\u00edka [\/vc_column_text][vc_tta_tabs style=&#8220;scalia-style-1&#8243; active_section=&#8220;1&#8243; no_fill_content_area=&#8220;true&#8220;][vc_tta_section title=&#8220;Popis&#8220; tab_id=&#8220;perlen-des-weinviertels-1&#8243;][vc_row_inner][vc_column_inner width=&#8220;1\/2&#8243;][vc_single_image image=&#8220;12388&#8243;&#8230;<\/p>\n","protected":false},"author":2,"featured_media":0,"parent":12283,"menu_order":0,"comment_status":"closed","ping_status":"closed","template":"","meta":{"footnotes":""},"class_list":["post-12297","page","type-page","status-publish","hentry"],"yoast_head":"<!-- This site is optimized with the Yoast SEO plugin v26.4 - https:\/\/yoast.com\/wordpress\/plugins\/seo\/ -->\n<title>Stammkundenbonus - Kundentreue wird im Weinmarkt belohnt<\/title>\n<meta name=\"description\" content=\"Die Treue der Stammkunden wird im Weinmarkt Poysdorf mit dem Stammkundenbonus belohnt. Sie erhalten im Folgejahr 2 % Rabatt bei einem Einkauf Ihrer Wahl.\" \/>\n<meta name=\"robots\" content=\"index, follow, max-snippet:-1, max-image-preview:large, max-video-preview:-1\" \/>\n<link rel=\"canonical\" href=\"https:\/\/www.weinmarkt-poysdorf.at\/cs\/service\/stammkundenbonus\/\" \/>\n<meta property=\"og:locale\" content=\"cs_CZ\" \/>\n<meta property=\"og:type\" content=\"article\" \/>\n<meta property=\"og:title\" content=\"Stammkundenbonus - Kundentreue wird im Weinmarkt belohnt\" \/>\n<meta property=\"og:description\" content=\"Die Treue der Stammkunden wird im Weinmarkt Poysdorf mit dem Stammkundenbonus belohnt. Sie erhalten im Folgejahr 2 % Rabatt bei einem Einkauf Ihrer Wahl.\" \/>\n<meta property=\"og:url\" content=\"https:\/\/www.weinmarkt-poysdorf.at\/cs\/service\/stammkundenbonus\/\" \/>\n<meta property=\"og:site_name\" content=\"Weinmarkt Poysdorf\" \/>\n<meta property=\"article:modified_time\" content=\"2017-10-03T08:14:02+00:00\" \/>\n<meta name=\"twitter:card\" content=\"summary_large_image\" \/>\n<meta name=\"twitter:label1\" content=\"Odhadovan\u00e1 doba \u010dten\u00ed\" \/>\n\t<meta name=\"twitter:data1\" content=\"2 minuty\" \/>\n<script type=\"application\/ld+json\" class=\"yoast-schema-graph\">{\"@context\":\"https:\/\/schema.org\",\"@graph\":[{\"@type\":\"WebPage\",\"@id\":\"https:\/\/www.weinmarkt-poysdorf.at\/cs\/service\/stammkundenbonus\/\",\"url\":\"https:\/\/www.weinmarkt-poysdorf.at\/cs\/service\/stammkundenbonus\/\",\"name\":\"Stammkundenbonus - Kundentreue wird im Weinmarkt belohnt\",\"isPartOf\":{\"@id\":\"https:\/\/www.weinmarkt-poysdorf.at\/cs\/#website\"},\"datePublished\":\"2017-03-09T14:10:13+00:00\",\"dateModified\":\"2017-10-03T08:14:02+00:00\",\"description\":\"Die Treue der Stammkunden wird im Weinmarkt Poysdorf mit dem Stammkundenbonus belohnt. Sie erhalten im Folgejahr 2 % Rabatt bei einem Einkauf Ihrer Wahl.\",\"breadcrumb\":{\"@id\":\"https:\/\/www.weinmarkt-poysdorf.at\/cs\/service\/stammkundenbonus\/#breadcrumb\"},\"inLanguage\":\"cs\",\"potentialAction\":[{\"@type\":\"ReadAction\",\"target\":[[\"https:\/\/www.weinmarkt-poysdorf.at\/cs\/service\/stammkundenbonus\/\"]]}]},{\"@type\":\"BreadcrumbList\",\"@id\":\"https:\/\/www.weinmarkt-poysdorf.at\/cs\/service\/stammkundenbonus\/#breadcrumb\",\"itemListElement\":[{\"@type\":\"ListItem\",\"position\":1,\"name\":\"Startseite\",\"item\":\"https:\/\/www.weinmarkt-poysdorf.at\/cs\/\"},{\"@type\":\"ListItem\",\"position\":2,\"name\":\"Service\",\"item\":\"https:\/\/www.weinmarkt-poysdorf.at\/cs\/service\/\"},{\"@type\":\"ListItem\",\"position\":3,\"name\":\"Stammkunden Bonus\"}]},{\"@type\":\"WebSite\",\"@id\":\"https:\/\/www.weinmarkt-poysdorf.at\/cs\/#website\",\"url\":\"https:\/\/www.weinmarkt-poysdorf.at\/cs\/\",\"name\":\"Weinmarkt Poysdorf\",\"description\":\"Weine von 30 Winzern im Weinviertel\",\"potentialAction\":[{\"@type\":\"SearchAction\",\"target\":{\"@type\":\"EntryPoint\",\"urlTemplate\":\"https:\/\/www.weinmarkt-poysdorf.at\/cs\/?s={search_term_string}\"},\"query-input\":{\"@type\":\"PropertyValueSpecification\",\"valueRequired\":true,\"valueName\":\"search_term_string\"}}],\"inLanguage\":\"cs\"}]}<\/script>\n<!-- \/ Yoast SEO plugin. -->","yoast_head_json":{"title":"Stammkundenbonus - Kundentreue wird im Weinmarkt belohnt","description":"Die Treue der Stammkunden wird im Weinmarkt Poysdorf mit dem Stammkundenbonus belohnt. Sie erhalten im Folgejahr 2 % Rabatt bei einem Einkauf Ihrer Wahl.","robots":{"index":"index","follow":"follow","max-snippet":"max-snippet:-1","max-image-preview":"max-image-preview:large","max-video-preview":"max-video-preview:-1"},"canonical":"https:\/\/www.weinmarkt-poysdorf.at\/cs\/service\/stammkundenbonus\/","og_locale":"cs_CZ","og_type":"article","og_title":"Stammkundenbonus - Kundentreue wird im Weinmarkt belohnt","og_description":"Die Treue der Stammkunden wird im Weinmarkt Poysdorf mit dem Stammkundenbonus belohnt. Sie erhalten im Folgejahr 2 % Rabatt bei einem Einkauf Ihrer Wahl.","og_url":"https:\/\/www.weinmarkt-poysdorf.at\/cs\/service\/stammkundenbonus\/","og_site_name":"Weinmarkt Poysdorf","article_modified_time":"2017-10-03T08:14:02+00:00","twitter_card":"summary_large_image","twitter_misc":{"Odhadovan\u00e1 doba \u010dten\u00ed":"2 minuty"},"schema":{"@context":"https:\/\/schema.org","@graph":[{"@type":"WebPage","@id":"https:\/\/www.weinmarkt-poysdorf.at\/cs\/service\/stammkundenbonus\/","url":"https:\/\/www.weinmarkt-poysdorf.at\/cs\/service\/stammkundenbonus\/","name":"Stammkundenbonus - Kundentreue wird im Weinmarkt belohnt","isPartOf":{"@id":"https:\/\/www.weinmarkt-poysdorf.at\/cs\/#website"},"datePublished":"2017-03-09T14:10:13+00:00","dateModified":"2017-10-03T08:14:02+00:00","description":"Die Treue der Stammkunden wird im Weinmarkt Poysdorf mit dem Stammkundenbonus belohnt. Sie erhalten im Folgejahr 2 % Rabatt bei einem Einkauf Ihrer Wahl.","breadcrumb":{"@id":"https:\/\/www.weinmarkt-poysdorf.at\/cs\/service\/stammkundenbonus\/#breadcrumb"},"inLanguage":"cs","potentialAction":[{"@type":"ReadAction","target":[["https:\/\/www.weinmarkt-poysdorf.at\/cs\/service\/stammkundenbonus\/"]]}]},{"@type":"BreadcrumbList","@id":"https:\/\/www.weinmarkt-poysdorf.at\/cs\/service\/stammkundenbonus\/#breadcrumb","itemListElement":[{"@type":"ListItem","position":1,"name":"Startseite","item":"https:\/\/www.weinmarkt-poysdorf.at\/cs\/"},{"@type":"ListItem","position":2,"name":"Service","item":"https:\/\/www.weinmarkt-poysdorf.at\/cs\/service\/"},{"@type":"ListItem","position":3,"name":"Stammkunden Bonus"}]},{"@type":"WebSite","@id":"https:\/\/www.weinmarkt-poysdorf.at\/cs\/#website","url":"https:\/\/www.weinmarkt-poysdorf.at\/cs\/","name":"Weinmarkt Poysdorf","description":"Weine von 30 Winzern im Weinviertel","potentialAction":[{"@type":"SearchAction","target":{"@type":"EntryPoint","urlTemplate":"https:\/\/www.weinmarkt-poysdorf.at\/cs\/?s={search_term_string}"},"query-input":{"@type":"PropertyValueSpecification","valueRequired":true,"valueName":"search_term_string"}}],"inLanguage":"cs"}]}},"_links":{"self":[{"href":"https:\/\/www.weinmarkt-poysdorf.at\/cs\/wp-json\/wp\/v2\/pages\/12297","targetHints":{"allow":["GET"]}}],"collection":[{"href":"https:\/\/www.weinmarkt-poysdorf.at\/cs\/wp-json\/wp\/v2\/pages"}],"about":[{"href":"https:\/\/www.weinmarkt-poysdorf.at\/cs\/wp-json\/wp\/v2\/types\/page"}],"author":[{"embeddable":true,"href":"https:\/\/www.weinmarkt-poysdorf.at\/cs\/wp-json\/wp\/v2\/users\/2"}],"replies":[{"embeddable":true,"href":"https:\/\/www.weinmarkt-poysdorf.at\/cs\/wp-json\/wp\/v2\/comments?post=12297"}],"version-history":[{"count":17,"href":"https:\/\/www.weinmarkt-poysdorf.at\/cs\/wp-json\/wp\/v2\/pages\/12297\/revisions"}],"predecessor-version":[{"id":13135,"href":"https:\/\/www.weinmarkt-poysdorf.at\/cs\/wp-json\/wp\/v2\/pages\/12297\/revisions\/13135"}],"up":[{"embeddable":true,"href":"https:\/\/www.weinmarkt-poysdorf.at\/cs\/wp-json\/wp\/v2\/pages\/12283"}],"wp:attachment":[{"href":"https:\/\/www.weinmarkt-poysdorf.at\/cs\/wp-json\/wp\/v2\/media?parent=12297"}],"curies":[{"name":"wp","href":"https:\/\/api.w.org\/{rel}","templated":true}]}}