{"id":12291,"date":"2017-03-09T15:07:14","date_gmt":"2017-03-09T14:07:14","guid":{"rendered":"http:\/\/weinmarkt-poysdorf.at.cloud3-vm432.de-nserver.de\/?page_id=12291"},"modified":"2017-10-03T09:46:11","modified_gmt":"2017-10-03T07:46:11","slug":"business-to-business","status":"publish","type":"page","link":"https:\/\/www.weinmarkt-poysdorf.at\/cs\/service\/business-to-business\/","title":{"rendered":"Business to Business"},"content":{"rendered":"<div class=\"wpb-content-wrapper\"><p>[vc_row css=&#8220;.vc_custom_1485433309212{margin-bottom: 40px !important;}&#8220;][vc_column][vc_column_text css=&#8220;.vc_custom_1493272379808{margin-bottom: 20px !important;}&#8220;]<\/p>\n<h3>Va\u0161e osobn\u00ed obchodn\u00ed v\u00fdhoda<\/h3>\n<p>[\/vc_column_text][vc_tta_tabs style=&#8220;scalia-style-1&#8243; active_section=&#8220;1&#8243; no_fill_content_area=&#8220;true&#8220;][vc_tta_section title=&#8220;Popis&#8220; tab_id=&#8220;perlen-des-weinviertels-1&#8243;][vc_row_inner][vc_column_inner width=&#8220;1\/2&#8243;][vc_single_image image=&#8220;12371&#8243; img_size=&#8220;full&#8220; style=&#8220;vc_box_rounded&#8220; onclick=&#8220;link_image&#8220;][\/vc_column_inner][vc_column_inner width=&#8220;1\/2&#8243;][vc_column_text]Ochutn\u00e1vka v\u00edna ve Weinmarktu Poysdorf jako firemn\u00ed ud\u00e1lost? M\u016f\u017eeme v\u00e1m nab\u00eddnout mo\u017enost obohatit va\u0161e firemn\u00ed akce. Na p\u0159\u00e1n\u00ed je mo\u017enost uskute\u010dnit ochutn\u00e1vku i na v\u00e1mi vybran\u00e9m m\u00edst\u011b &#8211; jednodu\u0161e po\u017e\u00e1dejte o nab\u00eddku&#8230;[\/vc_column_text][\/vc_column_inner][\/vc_row_inner][\/vc_tta_section][\/vc_tta_tabs][\/vc_column][\/vc_row]<\/p>\n<\/div>","protected":false},"excerpt":{"rendered":"<p>[vc_row css=&#8220;.vc_custom_1485433309212{margin-bottom: 40px !important;}&#8220;][vc_column][vc_column_text css=&#8220;.vc_custom_1493272379808{margin-bottom: 20px !important;}&#8220;] Va\u0161e osobn\u00ed obchodn\u00ed v\u00fdhoda [\/vc_column_text][vc_tta_tabs style=&#8220;scalia-style-1&#8243; active_section=&#8220;1&#8243; no_fill_content_area=&#8220;true&#8220;][vc_tta_section title=&#8220;Popis&#8220; tab_id=&#8220;perlen-des-weinviertels-1&#8243;][vc_row_inner][vc_column_inner width=&#8220;1\/2&#8243;][vc_single_image image=&#8220;12371&#8243; img_size=&#8220;full&#8220;&#8230;<\/p>\n","protected":false},"author":2,"featured_media":0,"parent":12283,"menu_order":0,"comment_status":"closed","ping_status":"closed","template":"","meta":{"footnotes":""},"class_list":["post-12291","page","type-page","status-publish","hentry"],"yoast_head":"<!-- This site is optimized with the Yoast SEO plugin v26.4 - https:\/\/yoast.com\/wordpress\/plugins\/seo\/ -->\n<title>Business to Business - Weinverkostungen im Weinmarkt Poysdorf<\/title>\n<meta name=\"description\" content=\"Eine exklusive Weinverkostung ist im Weinmarkt Poysdorf an der Br\u00fcnnerstr 28 in 2170 Poysdorf auch als gelungener Firmenevent m\u00f6glich. Erkundigen Sie sich.\" \/>\n<meta name=\"robots\" content=\"index, follow, max-snippet:-1, max-image-preview:large, max-video-preview:-1\" \/>\n<link rel=\"canonical\" href=\"https:\/\/www.weinmarkt-poysdorf.at\/cs\/service\/business-to-business\/\" \/>\n<meta property=\"og:locale\" content=\"cs_CZ\" \/>\n<meta property=\"og:type\" content=\"article\" \/>\n<meta property=\"og:title\" content=\"Business to Business - Weinverkostungen im Weinmarkt Poysdorf\" \/>\n<meta property=\"og:description\" content=\"Eine exklusive Weinverkostung ist im Weinmarkt Poysdorf an der Br\u00fcnnerstr 28 in 2170 Poysdorf auch als gelungener Firmenevent m\u00f6glich. Erkundigen Sie sich.\" \/>\n<meta property=\"og:url\" content=\"https:\/\/www.weinmarkt-poysdorf.at\/cs\/service\/business-to-business\/\" \/>\n<meta property=\"og:site_name\" content=\"Weinmarkt Poysdorf\" \/>\n<meta property=\"article:modified_time\" content=\"2017-10-03T07:46:11+00:00\" \/>\n<meta name=\"twitter:card\" content=\"summary_large_image\" \/>\n<meta name=\"twitter:label1\" content=\"Odhadovan\u00e1 doba \u010dten\u00ed\" \/>\n\t<meta name=\"twitter:data1\" content=\"2 minuty\" \/>\n<script type=\"application\/ld+json\" class=\"yoast-schema-graph\">{\"@context\":\"https:\/\/schema.org\",\"@graph\":[{\"@type\":\"WebPage\",\"@id\":\"https:\/\/www.weinmarkt-poysdorf.at\/cs\/service\/business-to-business\/\",\"url\":\"https:\/\/www.weinmarkt-poysdorf.at\/cs\/service\/business-to-business\/\",\"name\":\"Business to Business - Weinverkostungen im Weinmarkt Poysdorf\",\"isPartOf\":{\"@id\":\"https:\/\/www.weinmarkt-poysdorf.at\/cs\/#website\"},\"datePublished\":\"2017-03-09T14:07:14+00:00\",\"dateModified\":\"2017-10-03T07:46:11+00:00\",\"description\":\"Eine exklusive Weinverkostung ist im Weinmarkt Poysdorf an der Br\u00fcnnerstr 28 in 2170 Poysdorf auch als gelungener Firmenevent m\u00f6glich. Erkundigen Sie sich.\",\"breadcrumb\":{\"@id\":\"https:\/\/www.weinmarkt-poysdorf.at\/cs\/service\/business-to-business\/#breadcrumb\"},\"inLanguage\":\"cs\",\"potentialAction\":[{\"@type\":\"ReadAction\",\"target\":[[\"https:\/\/www.weinmarkt-poysdorf.at\/cs\/service\/business-to-business\/\"]]}]},{\"@type\":\"BreadcrumbList\",\"@id\":\"https:\/\/www.weinmarkt-poysdorf.at\/cs\/service\/business-to-business\/#breadcrumb\",\"itemListElement\":[{\"@type\":\"ListItem\",\"position\":1,\"name\":\"Startseite\",\"item\":\"https:\/\/www.weinmarkt-poysdorf.at\/cs\/\"},{\"@type\":\"ListItem\",\"position\":2,\"name\":\"Service\",\"item\":\"https:\/\/www.weinmarkt-poysdorf.at\/cs\/service\/\"},{\"@type\":\"ListItem\",\"position\":3,\"name\":\"Business to Business\"}]},{\"@type\":\"WebSite\",\"@id\":\"https:\/\/www.weinmarkt-poysdorf.at\/cs\/#website\",\"url\":\"https:\/\/www.weinmarkt-poysdorf.at\/cs\/\",\"name\":\"Weinmarkt Poysdorf\",\"description\":\"Weine von 30 Winzern im Weinviertel\",\"potentialAction\":[{\"@type\":\"SearchAction\",\"target\":{\"@type\":\"EntryPoint\",\"urlTemplate\":\"https:\/\/www.weinmarkt-poysdorf.at\/cs\/?s={search_term_string}\"},\"query-input\":{\"@type\":\"PropertyValueSpecification\",\"valueRequired\":true,\"valueName\":\"search_term_string\"}}],\"inLanguage\":\"cs\"}]}<\/script>\n<!-- \/ Yoast SEO plugin. -->","yoast_head_json":{"title":"Business to Business - Weinverkostungen im Weinmarkt Poysdorf","description":"Eine exklusive Weinverkostung ist im Weinmarkt Poysdorf an der Br\u00fcnnerstr 28 in 2170 Poysdorf auch als gelungener Firmenevent m\u00f6glich. Erkundigen Sie sich.","robots":{"index":"index","follow":"follow","max-snippet":"max-snippet:-1","max-image-preview":"max-image-preview:large","max-video-preview":"max-video-preview:-1"},"canonical":"https:\/\/www.weinmarkt-poysdorf.at\/cs\/service\/business-to-business\/","og_locale":"cs_CZ","og_type":"article","og_title":"Business to Business - Weinverkostungen im Weinmarkt Poysdorf","og_description":"Eine exklusive Weinverkostung ist im Weinmarkt Poysdorf an der Br\u00fcnnerstr 28 in 2170 Poysdorf auch als gelungener Firmenevent m\u00f6glich. Erkundigen Sie sich.","og_url":"https:\/\/www.weinmarkt-poysdorf.at\/cs\/service\/business-to-business\/","og_site_name":"Weinmarkt Poysdorf","article_modified_time":"2017-10-03T07:46:11+00:00","twitter_card":"summary_large_image","twitter_misc":{"Odhadovan\u00e1 doba \u010dten\u00ed":"2 minuty"},"schema":{"@context":"https:\/\/schema.org","@graph":[{"@type":"WebPage","@id":"https:\/\/www.weinmarkt-poysdorf.at\/cs\/service\/business-to-business\/","url":"https:\/\/www.weinmarkt-poysdorf.at\/cs\/service\/business-to-business\/","name":"Business to Business - Weinverkostungen im Weinmarkt Poysdorf","isPartOf":{"@id":"https:\/\/www.weinmarkt-poysdorf.at\/cs\/#website"},"datePublished":"2017-03-09T14:07:14+00:00","dateModified":"2017-10-03T07:46:11+00:00","description":"Eine exklusive Weinverkostung ist im Weinmarkt Poysdorf an der Br\u00fcnnerstr 28 in 2170 Poysdorf auch als gelungener Firmenevent m\u00f6glich. Erkundigen Sie sich.","breadcrumb":{"@id":"https:\/\/www.weinmarkt-poysdorf.at\/cs\/service\/business-to-business\/#breadcrumb"},"inLanguage":"cs","potentialAction":[{"@type":"ReadAction","target":[["https:\/\/www.weinmarkt-poysdorf.at\/cs\/service\/business-to-business\/"]]}]},{"@type":"BreadcrumbList","@id":"https:\/\/www.weinmarkt-poysdorf.at\/cs\/service\/business-to-business\/#breadcrumb","itemListElement":[{"@type":"ListItem","position":1,"name":"Startseite","item":"https:\/\/www.weinmarkt-poysdorf.at\/cs\/"},{"@type":"ListItem","position":2,"name":"Service","item":"https:\/\/www.weinmarkt-poysdorf.at\/cs\/service\/"},{"@type":"ListItem","position":3,"name":"Business to Business"}]},{"@type":"WebSite","@id":"https:\/\/www.weinmarkt-poysdorf.at\/cs\/#website","url":"https:\/\/www.weinmarkt-poysdorf.at\/cs\/","name":"Weinmarkt Poysdorf","description":"Weine von 30 Winzern im Weinviertel","potentialAction":[{"@type":"SearchAction","target":{"@type":"EntryPoint","urlTemplate":"https:\/\/www.weinmarkt-poysdorf.at\/cs\/?s={search_term_string}"},"query-input":{"@type":"PropertyValueSpecification","valueRequired":true,"valueName":"search_term_string"}}],"inLanguage":"cs"}]}},"_links":{"self":[{"href":"https:\/\/www.weinmarkt-poysdorf.at\/cs\/wp-json\/wp\/v2\/pages\/12291","targetHints":{"allow":["GET"]}}],"collection":[{"href":"https:\/\/www.weinmarkt-poysdorf.at\/cs\/wp-json\/wp\/v2\/pages"}],"about":[{"href":"https:\/\/www.weinmarkt-poysdorf.at\/cs\/wp-json\/wp\/v2\/types\/page"}],"author":[{"embeddable":true,"href":"https:\/\/www.weinmarkt-poysdorf.at\/cs\/wp-json\/wp\/v2\/users\/2"}],"replies":[{"embeddable":true,"href":"https:\/\/www.weinmarkt-poysdorf.at\/cs\/wp-json\/wp\/v2\/comments?post=12291"}],"version-history":[{"count":12,"href":"https:\/\/www.weinmarkt-poysdorf.at\/cs\/wp-json\/wp\/v2\/pages\/12291\/revisions"}],"predecessor-version":[{"id":13137,"href":"https:\/\/www.weinmarkt-poysdorf.at\/cs\/wp-json\/wp\/v2\/pages\/12291\/revisions\/13137"}],"up":[{"embeddable":true,"href":"https:\/\/www.weinmarkt-poysdorf.at\/cs\/wp-json\/wp\/v2\/pages\/12283"}],"wp:attachment":[{"href":"https:\/\/www.weinmarkt-poysdorf.at\/cs\/wp-json\/wp\/v2\/media?parent=12291"}],"curies":[{"name":"wp","href":"https:\/\/api.w.org\/{rel}","templated":true}]}}