{"id":12264,"date":"2017-03-09T14:43:55","date_gmt":"2017-03-09T13:43:55","guid":{"rendered":"http:\/\/weinmarkt-poysdorf.at.cloud3-vm432.de-nserver.de\/?page_id=12264"},"modified":"2022-07-09T11:45:01","modified_gmt":"2022-07-09T09:45:01","slug":"weinmarkt-tour","status":"publish","type":"page","link":"https:\/\/www.weinmarkt-poysdorf.at\/cs\/poysdorfer-wein\/weinmarkt-tour\/","title":{"rendered":"Prohl\u00eddka Weinmarktu"},"content":{"rendered":"<div class=\"wpb-content-wrapper\"><p>[vc_row css=&#8220;.vc_custom_1485433309212{margin-bottom: 40px !important;}&#8220;][vc_column][vc_column_text css=&#8220;.vc_custom_1493106812882{margin-bottom: 20px !important;}&#8220;]<\/p>\n<h3>Dobr\u00e9 v\u00edno kam dohl\u00e9dne\u0161<\/h3>\n<p>[\/vc_column_text][vc_tta_tabs style=&#8220;scalia-style-1&#8243; active_section=&#8220;1&#8243; no_fill_content_area=&#8220;true&#8220;][vc_tta_section title=&#8220;P\u0159edmluva p\u0159edsedy&#8220; tab_id=&#8220;perlen-des-weinviertels-1&#8243;][vc_row_inner][vc_column_inner width=&#8220;1\/2&#8243;][vc_single_image image=&#8220;12721&#8243; img_size=&#8220;full&#8220; style=&#8220;vc_box_rounded&#8220; onclick=&#8220;link_image&#8220;][\/vc_column_inner][vc_column_inner width=&#8220;1\/2&#8243;][vc_column_text]V\u00edtejte srde\u010dn\u011b ve Weinmarktu Poysdorf. Nach\u00e1z\u00edte se v srdci Weinviertelu \u2013 oblasti Veltl\u00ednsk\u00e9ho zelen\u00e9ho!<\/p>\n<p>Jmenuji se Karl Neustifter a t\u011b\u0161\u00ed mn\u011b, \u017ee jako p\u0159edseda Weinmarktu Poysdorf V\u00e1m mohu toto sdru\u017een\u00ed 30ti vina\u0159ek a vina\u0159\u016f p\u0159edstavit. Spole\u010dn\u011b V\u00e1m chceme nab\u00eddnout mo\u017enost nekomlikovan\u00e9ho n\u00e1kupu v\u00edn v nejlep\u0161\u00ed kvalit\u011b! Informujte se u\u017e p\u0159edem, co V\u00e1s ve Weinmarktu o\u010dek\u00e1v\u00e1.<\/p>\n<p>Doprovo\u010fte mne p\u0159i na\u0161\u00ed 360\u00b0 prohl\u00eddce, z\u00edskejte p\u0159ehled a p\u0159esv\u011bd\u010dte se o r\u016fznorodosti na\u0161\u00ed nab\u00eddky. Kdo m\u00e1 v\u00edno r\u00e1d, si zaru\u010den\u011b p\u0159ijde na sv\u00e9. P\u0159\u00edjemnou prohl\u00eddku a brzy na vid\u011bnou ve Weinmarktu.<br \/>\n[\/vc_column_text][\/vc_column_inner][\/vc_row_inner][\/vc_tta_section][vc_tta_section title=&#8220;360\u00b0 Tour&#8220; tab_id=&#8220;360-tour&#8220;][vc_column_text]<div id='container12577_12264' style='width:100%; height:480px; position: relative;'><div style='width:100%; height:100%; overflow: hidden; position:relative;'><img src='\/wp-content\/uploads\/2017\/03\/weinmarkt_poysdorf_1\/preview.jpg' alt='GGPKG Preview Image' onclick='startPlayer12577_12264();'style='min-width:100%; max-width: 10000px; min-height: 100%; max-height: 10000px; position: absolute;'><img src='\/wp-content\/plugins\/ggpkg-import\/include\/play.png' alt='GGPKG Preview Image' onclick='startPlayer12577_12264();' style='width: 120px; height: 120px; display: block; top: 180px; left: 50%; margin-left: -60px; box-shadow: none; position: absolute;'><\/div><\/div><script type='text\/javascript' src='\/wp-content\/uploads\/2017\/03\/weinmarkt_poysdorf_1\/pano2vr_player.js'><\/script><script type='text\/javascript' src='\/wp-content\/uploads\/2017\/03\/weinmarkt_poysdorf_1\/skin.js'><\/script><script type='text\/javascript'>function startPlayer12577_12264() {if (ggHasHtml5Css3D() || ggHasWebGL()) {if  (typeof weinmarkt_poysdorf_1_pano2vrPlayer != 'undefined') pano12577_12264=new weinmarkt_poysdorf_1_pano2vrPlayer('container12577_12264');else pano12577_12264=new pano2vrPlayer('container12577_12264');if  (typeof weinmarkt_poysdorf_1_pano2vrSkin != 'undefined') skin12577_12264=new weinmarkt_poysdorf_1_pano2vrSkin(pano12577_12264, '\/wp-content\/uploads\/2017\/03\/weinmarkt_poysdorf_1\/\/');else skin12577_12264=new pano2vrSkin(pano12577_12264, '\/wp-content\/uploads\/2017\/03\/weinmarkt_poysdorf_1\/\/');pano12577_12264.readConfigUrlAsync('\/wp-content\/uploads\/2017\/03\/weinmarkt_poysdorf_1\/pano.xml');} else if (swfobject.hasFlashPlayerVersion('10.0.0')) {var flashvars = {};var params = {};function ggXmlReady() { initMap12577_12264();  };flashvars.externalinterface='1';params.quality = 'high';params.bgcolor = '#ffffff';params.allowscriptaccess = 'sameDomain';params.allowfullscreen = 'true';var attributes = {};attributes.id = 'pano12577_12264';attributes.name = 'pano12577_12264';attributes.align = 'middle';flashvars.panoxml= '\/wp-content\/uploads\/2017\/03\/weinmarkt_poysdorf_1\/pano.xml';flashvars.skinxml= '\/wp-content\/uploads\/2017\/03\/weinmarkt_poysdorf_1\/skin.xml';params.base='\/wp-content\/uploads\/2017\/03\/weinmarkt_poysdorf_1\/';swfobject.embedSWF('\/wp-content\/uploads\/2017\/03\/weinmarkt_poysdorf_1\/\/pano2vr_player.swf', 'container12577_12264','100%', '480px','10.0.0', '',flashvars, params, attributes);}if (typeof(placeMarkers12577_12264) !== 'undefined' && typeof(placeMarkers12577_12264) === 'function')placeMarkers12577_12264();if (typeof(updateRadar12577_12264) !== 'undefined' && typeof(updateRadar12577_12264) === 'function')setInterval(function() { updateRadar12577_12264(); }, 50);}<\/script><noscript><p><b>Please enable Javascript!<\/b><\/p><\/noscript>[\/vc_column_text][vc_column_text]<div id='container12578_12264' style='width:100%; height:480px; position: relative;'><div style='width:100%; height:100%; overflow: hidden; position:relative;'><img src='\/wp-content\/uploads\/2017\/03\/weinmarkt_poysdorf_2\/preview.jpg' alt='GGPKG Preview Image' onclick='startPlayer12578_12264();'style='min-width:100%; max-width: 10000px; min-height: 100%; max-height: 10000px; position: absolute;'><img src='\/wp-content\/plugins\/ggpkg-import\/include\/play.png' alt='GGPKG Preview Image' onclick='startPlayer12578_12264();' style='width: 120px; height: 120px; display: block; top: 180px; left: 50%; margin-left: -60px; box-shadow: none; position: absolute;'><\/div><\/div><script type='text\/javascript' src='\/wp-content\/uploads\/2017\/03\/weinmarkt_poysdorf_2\/pano2vr_player.js'><\/script><script type='text\/javascript' src='\/wp-content\/uploads\/2017\/03\/weinmarkt_poysdorf_2\/skin.js'><\/script><script type='text\/javascript'>function startPlayer12578_12264() {if (ggHasHtml5Css3D() || ggHasWebGL()) {if  (typeof weinmarkt_poysdorf_2_pano2vrPlayer != 'undefined') pano12578_12264=new weinmarkt_poysdorf_2_pano2vrPlayer('container12578_12264');else pano12578_12264=new pano2vrPlayer('container12578_12264');if  (typeof weinmarkt_poysdorf_2_pano2vrSkin != 'undefined') skin12578_12264=new weinmarkt_poysdorf_2_pano2vrSkin(pano12578_12264, '\/wp-content\/uploads\/2017\/03\/weinmarkt_poysdorf_2\/\/');else skin12578_12264=new pano2vrSkin(pano12578_12264, '\/wp-content\/uploads\/2017\/03\/weinmarkt_poysdorf_2\/\/');pano12578_12264.readConfigUrlAsync('\/wp-content\/uploads\/2017\/03\/weinmarkt_poysdorf_2\/pano.xml');} else if (swfobject.hasFlashPlayerVersion('10.0.0')) {var flashvars = {};var params = {};function ggXmlReady() { initMap12578_12264();  };flashvars.externalinterface='1';params.quality = 'high';params.bgcolor = '#ffffff';params.allowscriptaccess = 'sameDomain';params.allowfullscreen = 'true';var attributes = {};attributes.id = 'pano12578_12264';attributes.name = 'pano12578_12264';attributes.align = 'middle';flashvars.panoxml= '\/wp-content\/uploads\/2017\/03\/weinmarkt_poysdorf_2\/pano.xml';flashvars.skinxml= '\/wp-content\/uploads\/2017\/03\/weinmarkt_poysdorf_2\/skin.xml';params.base='\/wp-content\/uploads\/2017\/03\/weinmarkt_poysdorf_2\/';swfobject.embedSWF('\/wp-content\/uploads\/2017\/03\/weinmarkt_poysdorf_2\/\/pano2vr_player.swf', 'container12578_12264','100%', '480px','10.0.0', '',flashvars, params, attributes);}if (typeof(placeMarkers12578_12264) !== 'undefined' && typeof(placeMarkers12578_12264) === 'function')placeMarkers12578_12264();if (typeof(updateRadar12578_12264) !== 'undefined' && typeof(updateRadar12578_12264) === 'function')setInterval(function() { updateRadar12578_12264(); }, 50);}<\/script><noscript><p><b>Please enable Javascript!<\/b><\/p><\/noscript>[\/vc_column_text][vc_column_text]<div id='container12579_12264' style='width:100%; height:480px; position: relative;'><div style='width:100%; height:100%; overflow: hidden; position:relative;'><img src='\/wp-content\/uploads\/2017\/03\/weinmarkt_poysdorf_3\/preview.jpg' alt='GGPKG Preview Image' onclick='startPlayer12579_12264();'style='min-width:100%; max-width: 10000px; min-height: 100%; max-height: 10000px; position: absolute;'><img src='\/wp-content\/plugins\/ggpkg-import\/include\/play.png' alt='GGPKG Preview Image' onclick='startPlayer12579_12264();' style='width: 120px; height: 120px; display: block; top: 180px; left: 50%; margin-left: -60px; box-shadow: none; position: absolute;'><\/div><\/div><script type='text\/javascript' src='\/wp-content\/uploads\/2017\/03\/weinmarkt_poysdorf_3\/pano2vr_player.js'><\/script><script type='text\/javascript' src='\/wp-content\/uploads\/2017\/03\/weinmarkt_poysdorf_3\/skin.js'><\/script><script type='text\/javascript'>function startPlayer12579_12264() {if (ggHasHtml5Css3D() || ggHasWebGL()) {if  (typeof weinmarkt_poysdorf_3_pano2vrPlayer != 'undefined') pano12579_12264=new weinmarkt_poysdorf_3_pano2vrPlayer('container12579_12264');else pano12579_12264=new pano2vrPlayer('container12579_12264');if  (typeof weinmarkt_poysdorf_3_pano2vrSkin != 'undefined') skin12579_12264=new weinmarkt_poysdorf_3_pano2vrSkin(pano12579_12264, '\/wp-content\/uploads\/2017\/03\/weinmarkt_poysdorf_3\/\/');else skin12579_12264=new pano2vrSkin(pano12579_12264, '\/wp-content\/uploads\/2017\/03\/weinmarkt_poysdorf_3\/\/');pano12579_12264.readConfigUrlAsync('\/wp-content\/uploads\/2017\/03\/weinmarkt_poysdorf_3\/pano.xml');} else if (swfobject.hasFlashPlayerVersion('10.0.0')) {var flashvars = {};var params = {};function ggXmlReady() { initMap12579_12264();  };flashvars.externalinterface='1';params.quality = 'high';params.bgcolor = '#ffffff';params.allowscriptaccess = 'sameDomain';params.allowfullscreen = 'true';var attributes = {};attributes.id = 'pano12579_12264';attributes.name = 'pano12579_12264';attributes.align = 'middle';flashvars.panoxml= '\/wp-content\/uploads\/2017\/03\/weinmarkt_poysdorf_3\/pano.xml';flashvars.skinxml= '\/wp-content\/uploads\/2017\/03\/weinmarkt_poysdorf_3\/skin.xml';params.base='\/wp-content\/uploads\/2017\/03\/weinmarkt_poysdorf_3\/';swfobject.embedSWF('\/wp-content\/uploads\/2017\/03\/weinmarkt_poysdorf_3\/\/pano2vr_player.swf', 'container12579_12264','100%', '480px','10.0.0', '',flashvars, params, attributes);}if (typeof(placeMarkers12579_12264) !== 'undefined' && typeof(placeMarkers12579_12264) === 'function')placeMarkers12579_12264();if (typeof(updateRadar12579_12264) !== 'undefined' && typeof(updateRadar12579_12264) === 'function')setInterval(function() { updateRadar12579_12264(); }, 50);}<\/script><noscript><p><b>Please enable Javascript!<\/b><\/p><\/noscript>[\/vc_column_text][\/vc_tta_section][\/vc_tta_tabs][\/vc_column][\/vc_row]<\/p>\n<\/div>","protected":false},"excerpt":{"rendered":"<p>[vc_row css=&#8220;.vc_custom_1485433309212{margin-bottom: 40px !important;}&#8220;][vc_column][vc_column_text css=&#8220;.vc_custom_1493106812882{margin-bottom: 20px !important;}&#8220;] Dobr\u00e9 v\u00edno kam dohl\u00e9dne\u0161 [\/vc_column_text][vc_tta_tabs style=&#8220;scalia-style-1&#8243; active_section=&#8220;1&#8243; no_fill_content_area=&#8220;true&#8220;][vc_tta_section title=&#8220;P\u0159edmluva p\u0159edsedy&#8220; tab_id=&#8220;perlen-des-weinviertels-1&#8243;][vc_row_inner][vc_column_inner width=&#8220;1\/2&#8243;][vc_single_image image=&#8220;12721&#8243;&#8230;<\/p>\n","protected":false},"author":2,"featured_media":0,"parent":12254,"menu_order":0,"comment_status":"closed","ping_status":"closed","template":"","meta":{"footnotes":""},"class_list":["post-12264","page","type-page","status-publish","hentry"],"yoast_head":"<!-- This site is optimized with the Yoast SEO plugin v26.4 - https:\/\/yoast.com\/wordpress\/plugins\/seo\/ -->\n<title>Weinmarkt Tour - Herzlich Wilkommen im Weinmarkt Poysdorf<\/title>\n<meta name=\"description\" content=\"Der Obmann des Weinmarkts Poysdorf hei\u00dft Sie herzlich willkommen und freut sich, Ihnen den Zusammenschluss von 30 Winzerinnen vorstellen zu k\u00f6nnen.\" \/>\n<meta name=\"robots\" content=\"index, follow, max-snippet:-1, max-image-preview:large, max-video-preview:-1\" \/>\n<link rel=\"canonical\" href=\"https:\/\/www.weinmarkt-poysdorf.at\/cs\/poysdorfer-wein\/weinmarkt-tour\/\" \/>\n<meta property=\"og:locale\" content=\"cs_CZ\" \/>\n<meta property=\"og:type\" content=\"article\" \/>\n<meta property=\"og:title\" content=\"Weinmarkt Tour - Herzlich Wilkommen im Weinmarkt Poysdorf\" \/>\n<meta property=\"og:description\" content=\"Der Obmann des Weinmarkts Poysdorf hei\u00dft Sie herzlich willkommen und freut sich, Ihnen den Zusammenschluss von 30 Winzerinnen vorstellen zu k\u00f6nnen.\" \/>\n<meta property=\"og:url\" content=\"https:\/\/www.weinmarkt-poysdorf.at\/cs\/poysdorfer-wein\/weinmarkt-tour\/\" \/>\n<meta property=\"og:site_name\" content=\"Weinmarkt Poysdorf\" \/>\n<meta property=\"article:modified_time\" content=\"2022-07-09T09:45:01+00:00\" \/>\n<meta name=\"twitter:card\" content=\"summary_large_image\" \/>\n<meta name=\"twitter:label1\" content=\"Odhadovan\u00e1 doba \u010dten\u00ed\" \/>\n\t<meta name=\"twitter:data1\" content=\"1 minuta\" \/>\n<script type=\"application\/ld+json\" class=\"yoast-schema-graph\">{\"@context\":\"https:\/\/schema.org\",\"@graph\":[{\"@type\":\"WebPage\",\"@id\":\"https:\/\/www.weinmarkt-poysdorf.at\/cs\/poysdorfer-wein\/weinmarkt-tour\/\",\"url\":\"https:\/\/www.weinmarkt-poysdorf.at\/cs\/poysdorfer-wein\/weinmarkt-tour\/\",\"name\":\"Weinmarkt Tour - Herzlich Wilkommen im Weinmarkt Poysdorf\",\"isPartOf\":{\"@id\":\"https:\/\/www.weinmarkt-poysdorf.at\/cs\/#website\"},\"datePublished\":\"2017-03-09T13:43:55+00:00\",\"dateModified\":\"2022-07-09T09:45:01+00:00\",\"description\":\"Der Obmann des Weinmarkts Poysdorf hei\u00dft Sie herzlich willkommen und freut sich, Ihnen den Zusammenschluss von 30 Winzerinnen vorstellen zu k\u00f6nnen.\",\"breadcrumb\":{\"@id\":\"https:\/\/www.weinmarkt-poysdorf.at\/cs\/poysdorfer-wein\/weinmarkt-tour\/#breadcrumb\"},\"inLanguage\":\"cs\",\"potentialAction\":[{\"@type\":\"ReadAction\",\"target\":[[\"https:\/\/www.weinmarkt-poysdorf.at\/cs\/poysdorfer-wein\/weinmarkt-tour\/\"]]}]},{\"@type\":\"BreadcrumbList\",\"@id\":\"https:\/\/www.weinmarkt-poysdorf.at\/cs\/poysdorfer-wein\/weinmarkt-tour\/#breadcrumb\",\"itemListElement\":[{\"@type\":\"ListItem\",\"position\":1,\"name\":\"Startseite\",\"item\":\"https:\/\/www.weinmarkt-poysdorf.at\/cs\/\"},{\"@type\":\"ListItem\",\"position\":2,\"name\":\"Poysdorfer Wein\",\"item\":\"https:\/\/www.weinmarkt-poysdorf.at\/cs\/poysdorfer-wein\/\"},{\"@type\":\"ListItem\",\"position\":3,\"name\":\"Weinmarkt Tour\"}]},{\"@type\":\"WebSite\",\"@id\":\"https:\/\/www.weinmarkt-poysdorf.at\/cs\/#website\",\"url\":\"https:\/\/www.weinmarkt-poysdorf.at\/cs\/\",\"name\":\"Weinmarkt Poysdorf\",\"description\":\"Weine von 30 Winzern im Weinviertel\",\"potentialAction\":[{\"@type\":\"SearchAction\",\"target\":{\"@type\":\"EntryPoint\",\"urlTemplate\":\"https:\/\/www.weinmarkt-poysdorf.at\/cs\/?s={search_term_string}\"},\"query-input\":{\"@type\":\"PropertyValueSpecification\",\"valueRequired\":true,\"valueName\":\"search_term_string\"}}],\"inLanguage\":\"cs\"}]}<\/script>\n<!-- \/ Yoast SEO plugin. -->","yoast_head_json":{"title":"Weinmarkt Tour - Herzlich Wilkommen im Weinmarkt Poysdorf","description":"Der Obmann des Weinmarkts Poysdorf hei\u00dft Sie herzlich willkommen und freut sich, Ihnen den Zusammenschluss von 30 Winzerinnen vorstellen zu k\u00f6nnen.","robots":{"index":"index","follow":"follow","max-snippet":"max-snippet:-1","max-image-preview":"max-image-preview:large","max-video-preview":"max-video-preview:-1"},"canonical":"https:\/\/www.weinmarkt-poysdorf.at\/cs\/poysdorfer-wein\/weinmarkt-tour\/","og_locale":"cs_CZ","og_type":"article","og_title":"Weinmarkt Tour - Herzlich Wilkommen im Weinmarkt Poysdorf","og_description":"Der Obmann des Weinmarkts Poysdorf hei\u00dft Sie herzlich willkommen und freut sich, Ihnen den Zusammenschluss von 30 Winzerinnen vorstellen zu k\u00f6nnen.","og_url":"https:\/\/www.weinmarkt-poysdorf.at\/cs\/poysdorfer-wein\/weinmarkt-tour\/","og_site_name":"Weinmarkt Poysdorf","article_modified_time":"2022-07-09T09:45:01+00:00","twitter_card":"summary_large_image","twitter_misc":{"Odhadovan\u00e1 doba \u010dten\u00ed":"1 minuta"},"schema":{"@context":"https:\/\/schema.org","@graph":[{"@type":"WebPage","@id":"https:\/\/www.weinmarkt-poysdorf.at\/cs\/poysdorfer-wein\/weinmarkt-tour\/","url":"https:\/\/www.weinmarkt-poysdorf.at\/cs\/poysdorfer-wein\/weinmarkt-tour\/","name":"Weinmarkt Tour - Herzlich Wilkommen im Weinmarkt Poysdorf","isPartOf":{"@id":"https:\/\/www.weinmarkt-poysdorf.at\/cs\/#website"},"datePublished":"2017-03-09T13:43:55+00:00","dateModified":"2022-07-09T09:45:01+00:00","description":"Der Obmann des Weinmarkts Poysdorf hei\u00dft Sie herzlich willkommen und freut sich, Ihnen den Zusammenschluss von 30 Winzerinnen vorstellen zu k\u00f6nnen.","breadcrumb":{"@id":"https:\/\/www.weinmarkt-poysdorf.at\/cs\/poysdorfer-wein\/weinmarkt-tour\/#breadcrumb"},"inLanguage":"cs","potentialAction":[{"@type":"ReadAction","target":[["https:\/\/www.weinmarkt-poysdorf.at\/cs\/poysdorfer-wein\/weinmarkt-tour\/"]]}]},{"@type":"BreadcrumbList","@id":"https:\/\/www.weinmarkt-poysdorf.at\/cs\/poysdorfer-wein\/weinmarkt-tour\/#breadcrumb","itemListElement":[{"@type":"ListItem","position":1,"name":"Startseite","item":"https:\/\/www.weinmarkt-poysdorf.at\/cs\/"},{"@type":"ListItem","position":2,"name":"Poysdorfer Wein","item":"https:\/\/www.weinmarkt-poysdorf.at\/cs\/poysdorfer-wein\/"},{"@type":"ListItem","position":3,"name":"Weinmarkt Tour"}]},{"@type":"WebSite","@id":"https:\/\/www.weinmarkt-poysdorf.at\/cs\/#website","url":"https:\/\/www.weinmarkt-poysdorf.at\/cs\/","name":"Weinmarkt Poysdorf","description":"Weine von 30 Winzern im Weinviertel","potentialAction":[{"@type":"SearchAction","target":{"@type":"EntryPoint","urlTemplate":"https:\/\/www.weinmarkt-poysdorf.at\/cs\/?s={search_term_string}"},"query-input":{"@type":"PropertyValueSpecification","valueRequired":true,"valueName":"search_term_string"}}],"inLanguage":"cs"}]}},"_links":{"self":[{"href":"https:\/\/www.weinmarkt-poysdorf.at\/cs\/wp-json\/wp\/v2\/pages\/12264","targetHints":{"allow":["GET"]}}],"collection":[{"href":"https:\/\/www.weinmarkt-poysdorf.at\/cs\/wp-json\/wp\/v2\/pages"}],"about":[{"href":"https:\/\/www.weinmarkt-poysdorf.at\/cs\/wp-json\/wp\/v2\/types\/page"}],"author":[{"embeddable":true,"href":"https:\/\/www.weinmarkt-poysdorf.at\/cs\/wp-json\/wp\/v2\/users\/2"}],"replies":[{"embeddable":true,"href":"https:\/\/www.weinmarkt-poysdorf.at\/cs\/wp-json\/wp\/v2\/comments?post=12264"}],"version-history":[{"count":23,"href":"https:\/\/www.weinmarkt-poysdorf.at\/cs\/wp-json\/wp\/v2\/pages\/12264\/revisions"}],"predecessor-version":[{"id":14749,"href":"https:\/\/www.weinmarkt-poysdorf.at\/cs\/wp-json\/wp\/v2\/pages\/12264\/revisions\/14749"}],"up":[{"embeddable":true,"href":"https:\/\/www.weinmarkt-poysdorf.at\/cs\/wp-json\/wp\/v2\/pages\/12254"}],"wp:attachment":[{"href":"https:\/\/www.weinmarkt-poysdorf.at\/cs\/wp-json\/wp\/v2\/media?parent=12264"}],"curies":[{"name":"wp","href":"https:\/\/api.w.org\/{rel}","templated":true}]}}