{"id":12256,"date":"2017-03-09T14:36:25","date_gmt":"2017-03-09T13:36:25","guid":{"rendered":"http:\/\/weinmarkt-poysdorf.at.cloud3-vm432.de-nserver.de\/?page_id=12256"},"modified":"2026-04-07T09:07:44","modified_gmt":"2026-04-07T07:07:44","slug":"verkostung","status":"publish","type":"page","link":"https:\/\/www.weinmarkt-poysdorf.at\/cs\/poysdorfer-wein\/verkostung\/","title":{"rendered":"Ochutn\u00e1vka"},"content":{"rendered":"<div class=\"wpb-content-wrapper\"><p>[vc_row css=&#8220;.vc_custom_1485433309212{margin-bottom: 40px !important;}&#8220;][vc_column][vc_column_text css=&#8220;.vc_custom_1493185651109{margin-bottom: 20px !important;}&#8220;]<\/p>\n<h3>Najdeme Va\u0161i chu\u0165<\/h3>\n<p>[\/vc_column_text][vc_tta_tabs style=&#8220;scalia-style-1&#8243; active_section=&#8220;1&#8243; no_fill_content_area=&#8220;true&#8220;][vc_tta_section title=&#8220;Popis&#8220; tab_id=&#8220;perlen-des-weinviertels-1&#8243;][vc_row_inner][vc_column_inner width=&#8220;1\/2&#8243;][vc_single_image image=&#8220;12391&#8243; img_size=&#8220;full&#8220; style=&#8220;vc_box_rounded&#8220; onclick=&#8220;link_image&#8220;]<a class=\"sc-button \"  href=\"https:\/\/www.weinmarkt-poysdorf.at\/wp-content\/uploads\/2026\/04\/Weinkarte-April-26.pdf\" target=\"_blank\" style=\"\">Vinn\u00fd l\u00edstek<\/a>[\/vc_column_inner][vc_column_inner width=&#8220;1\/2&#8243;][vc_column_text css=&#8220;&#8220;]U n\u00e1s m\u016f\u017eete ochutn\u00e1vat podle chuti a n\u00e1lady!<\/p>\n<p>V\u017edy m\u00e1me otev\u0159eno alespo\u0148 30 vzork\u016f. Pokud pot\u00e9 nakoup\u00edte min. 6 lahv\u00ed je ochutn\u00e1vka ZDARMA.<\/p>\n<p>Na\u0161e standartn\u00ed nab\u00eddka:<\/p>\n<ul>\n<li>jednotliv\u00fd vzorek za \u20ac 1,70 nebo<\/li>\n<li>ochutn\u00e1vka do 7 vzork\u016f za pau\u0161\u00e1l \u20ac 10,00<\/li>\n<li>ochutn\u00e1vka do 10 vzork\u016f za pau\u0161\u00e1l \u20ac 15,00<\/li>\n<li>komentovan\u00e1 ochutn\u00e1vka do 15 vzork\u016f s chlebem za \u20ac 20,00\/osoba \u2013 pouze na objedn\u00e1vku (mo\u017en\u00e9 od 10 osob)<\/li>\n<\/ul>\n<p>R\u00e1di pro v\u00e1s zorganizujeme tak\u00e9 individu\u00e1ln\u00ed ochutn\u00e1vku podle va\u0161eho p\u0159\u00e1n\u00ed &#8211; t\u0159eba pro skupinu p\u0159\u00e1tel nebo pro kolegy &#8211; komentovanou na\u0161\u00edm vy\u0161kolen\u00fdm person\u00e1lem nebo vina\u0159em, kter\u00fd zrovna slou\u017e\u00ed slu\u017ebu ve Weinmarktu&#8230;.<\/p>\n<p>Kontaktujte n\u00e1\u0161 t\u00fdm, r\u00e1di v\u00e1m p\u0159iprav\u00edme nab\u00eddku.[\/vc_column_text][\/vc_column_inner][\/vc_row_inner][\/vc_tta_section][\/vc_tta_tabs][\/vc_column][\/vc_row]<\/p>\n<\/div>","protected":false},"excerpt":{"rendered":"<p>[vc_row css=&#8220;.vc_custom_1485433309212{margin-bottom: 40px !important;}&#8220;][vc_column][vc_column_text css=&#8220;.vc_custom_1493185651109{margin-bottom: 20px !important;}&#8220;] Najdeme Va\u0161i chu\u0165 [\/vc_column_text][vc_tta_tabs style=&#8220;scalia-style-1&#8243; active_section=&#8220;1&#8243; no_fill_content_area=&#8220;true&#8220;][vc_tta_section title=&#8220;Popis&#8220; tab_id=&#8220;perlen-des-weinviertels-1&#8243;][vc_row_inner][vc_column_inner width=&#8220;1\/2&#8243;][vc_single_image image=&#8220;12391&#8243; img_size=&#8220;full&#8220; style=&#8220;vc_box_rounded&#8220;&#8230;<\/p>\n","protected":false},"author":2,"featured_media":0,"parent":12254,"menu_order":0,"comment_status":"closed","ping_status":"closed","template":"","meta":{"footnotes":""},"class_list":["post-12256","page","type-page","status-publish","hentry"],"yoast_head":"<!-- This site is optimized with the Yoast SEO plugin v26.4 - https:\/\/yoast.com\/wordpress\/plugins\/seo\/ -->\n<title>Ochutn\u00e1vka - Weinmarkt Poysdorf<\/title>\n<meta name=\"robots\" content=\"index, follow, max-snippet:-1, max-image-preview:large, max-video-preview:-1\" \/>\n<link rel=\"canonical\" href=\"https:\/\/www.weinmarkt-poysdorf.at\/cs\/poysdorfer-wein\/verkostung\/\" \/>\n<meta property=\"og:locale\" content=\"cs_CZ\" \/>\n<meta property=\"og:type\" content=\"article\" \/>\n<meta property=\"og:title\" content=\"Ochutn\u00e1vka - Weinmarkt Poysdorf\" \/>\n<meta property=\"og:description\" content=\"[vc_row css=&#8220;.vc_custom_1485433309212{margin-bottom: 40px !important;}&#8220;][vc_column][vc_column_text css=&#8220;.vc_custom_1493185651109{margin-bottom: 20px !important;}&#8220;] Najdeme Va\u0161i chu\u0165 [\/vc_column_text][vc_tta_tabs style=&#8220;scalia-style-1&#8243; active_section=&#8220;1&#8243; no_fill_content_area=&#8220;true&#8220;][vc_tta_section title=&#8220;Popis&#8220; tab_id=&#8220;perlen-des-weinviertels-1&#8243;][vc_row_inner][vc_column_inner width=&#8220;1\/2&#8243;][vc_single_image image=&#8220;12391&#8243; img_size=&#8220;full&#8220; style=&#8220;vc_box_rounded&#8220;...\" \/>\n<meta property=\"og:url\" content=\"https:\/\/www.weinmarkt-poysdorf.at\/cs\/poysdorfer-wein\/verkostung\/\" \/>\n<meta property=\"og:site_name\" content=\"Weinmarkt Poysdorf\" \/>\n<meta property=\"article:modified_time\" content=\"2026-04-07T07:07:44+00:00\" \/>\n<meta name=\"twitter:card\" content=\"summary_large_image\" \/>\n<meta name=\"twitter:label1\" content=\"Odhadovan\u00e1 doba \u010dten\u00ed\" \/>\n\t<meta name=\"twitter:data1\" content=\"1 minuta\" \/>\n<script type=\"application\/ld+json\" class=\"yoast-schema-graph\">{\"@context\":\"https:\/\/schema.org\",\"@graph\":[{\"@type\":\"WebPage\",\"@id\":\"https:\/\/www.weinmarkt-poysdorf.at\/cs\/poysdorfer-wein\/verkostung\/\",\"url\":\"https:\/\/www.weinmarkt-poysdorf.at\/cs\/poysdorfer-wein\/verkostung\/\",\"name\":\"Ochutn\u00e1vka - Weinmarkt Poysdorf\",\"isPartOf\":{\"@id\":\"https:\/\/www.weinmarkt-poysdorf.at\/cs\/#website\"},\"datePublished\":\"2017-03-09T13:36:25+00:00\",\"dateModified\":\"2026-04-07T07:07:44+00:00\",\"breadcrumb\":{\"@id\":\"https:\/\/www.weinmarkt-poysdorf.at\/cs\/poysdorfer-wein\/verkostung\/#breadcrumb\"},\"inLanguage\":\"cs\",\"potentialAction\":[{\"@type\":\"ReadAction\",\"target\":[[\"https:\/\/www.weinmarkt-poysdorf.at\/cs\/poysdorfer-wein\/verkostung\/\"]]}]},{\"@type\":\"BreadcrumbList\",\"@id\":\"https:\/\/www.weinmarkt-poysdorf.at\/cs\/poysdorfer-wein\/verkostung\/#breadcrumb\",\"itemListElement\":[{\"@type\":\"ListItem\",\"position\":1,\"name\":\"Startseite\",\"item\":\"https:\/\/www.weinmarkt-poysdorf.at\/cs\/\"},{\"@type\":\"ListItem\",\"position\":2,\"name\":\"Poysdorfer Wein\",\"item\":\"https:\/\/www.weinmarkt-poysdorf.at\/cs\/poysdorfer-wein\/\"},{\"@type\":\"ListItem\",\"position\":3,\"name\":\"Verkostung\"}]},{\"@type\":\"WebSite\",\"@id\":\"https:\/\/www.weinmarkt-poysdorf.at\/cs\/#website\",\"url\":\"https:\/\/www.weinmarkt-poysdorf.at\/cs\/\",\"name\":\"Weinmarkt Poysdorf\",\"description\":\"Weine von 30 Winzern im Weinviertel\",\"potentialAction\":[{\"@type\":\"SearchAction\",\"target\":{\"@type\":\"EntryPoint\",\"urlTemplate\":\"https:\/\/www.weinmarkt-poysdorf.at\/cs\/?s={search_term_string}\"},\"query-input\":{\"@type\":\"PropertyValueSpecification\",\"valueRequired\":true,\"valueName\":\"search_term_string\"}}],\"inLanguage\":\"cs\"}]}<\/script>\n<!-- \/ Yoast SEO plugin. -->","yoast_head_json":{"title":"Ochutn\u00e1vka - Weinmarkt Poysdorf","robots":{"index":"index","follow":"follow","max-snippet":"max-snippet:-1","max-image-preview":"max-image-preview:large","max-video-preview":"max-video-preview:-1"},"canonical":"https:\/\/www.weinmarkt-poysdorf.at\/cs\/poysdorfer-wein\/verkostung\/","og_locale":"cs_CZ","og_type":"article","og_title":"Ochutn\u00e1vka - Weinmarkt Poysdorf","og_description":"[vc_row css=&#8220;.vc_custom_1485433309212{margin-bottom: 40px !important;}&#8220;][vc_column][vc_column_text css=&#8220;.vc_custom_1493185651109{margin-bottom: 20px !important;}&#8220;] Najdeme Va\u0161i chu\u0165 [\/vc_column_text][vc_tta_tabs style=&#8220;scalia-style-1&#8243; active_section=&#8220;1&#8243; no_fill_content_area=&#8220;true&#8220;][vc_tta_section title=&#8220;Popis&#8220; tab_id=&#8220;perlen-des-weinviertels-1&#8243;][vc_row_inner][vc_column_inner width=&#8220;1\/2&#8243;][vc_single_image image=&#8220;12391&#8243; img_size=&#8220;full&#8220; style=&#8220;vc_box_rounded&#8220;...","og_url":"https:\/\/www.weinmarkt-poysdorf.at\/cs\/poysdorfer-wein\/verkostung\/","og_site_name":"Weinmarkt Poysdorf","article_modified_time":"2026-04-07T07:07:44+00:00","twitter_card":"summary_large_image","twitter_misc":{"Odhadovan\u00e1 doba \u010dten\u00ed":"1 minuta"},"schema":{"@context":"https:\/\/schema.org","@graph":[{"@type":"WebPage","@id":"https:\/\/www.weinmarkt-poysdorf.at\/cs\/poysdorfer-wein\/verkostung\/","url":"https:\/\/www.weinmarkt-poysdorf.at\/cs\/poysdorfer-wein\/verkostung\/","name":"Ochutn\u00e1vka - Weinmarkt Poysdorf","isPartOf":{"@id":"https:\/\/www.weinmarkt-poysdorf.at\/cs\/#website"},"datePublished":"2017-03-09T13:36:25+00:00","dateModified":"2026-04-07T07:07:44+00:00","breadcrumb":{"@id":"https:\/\/www.weinmarkt-poysdorf.at\/cs\/poysdorfer-wein\/verkostung\/#breadcrumb"},"inLanguage":"cs","potentialAction":[{"@type":"ReadAction","target":[["https:\/\/www.weinmarkt-poysdorf.at\/cs\/poysdorfer-wein\/verkostung\/"]]}]},{"@type":"BreadcrumbList","@id":"https:\/\/www.weinmarkt-poysdorf.at\/cs\/poysdorfer-wein\/verkostung\/#breadcrumb","itemListElement":[{"@type":"ListItem","position":1,"name":"Startseite","item":"https:\/\/www.weinmarkt-poysdorf.at\/cs\/"},{"@type":"ListItem","position":2,"name":"Poysdorfer Wein","item":"https:\/\/www.weinmarkt-poysdorf.at\/cs\/poysdorfer-wein\/"},{"@type":"ListItem","position":3,"name":"Verkostung"}]},{"@type":"WebSite","@id":"https:\/\/www.weinmarkt-poysdorf.at\/cs\/#website","url":"https:\/\/www.weinmarkt-poysdorf.at\/cs\/","name":"Weinmarkt Poysdorf","description":"Weine von 30 Winzern im Weinviertel","potentialAction":[{"@type":"SearchAction","target":{"@type":"EntryPoint","urlTemplate":"https:\/\/www.weinmarkt-poysdorf.at\/cs\/?s={search_term_string}"},"query-input":{"@type":"PropertyValueSpecification","valueRequired":true,"valueName":"search_term_string"}}],"inLanguage":"cs"}]}},"_links":{"self":[{"href":"https:\/\/www.weinmarkt-poysdorf.at\/cs\/wp-json\/wp\/v2\/pages\/12256","targetHints":{"allow":["GET"]}}],"collection":[{"href":"https:\/\/www.weinmarkt-poysdorf.at\/cs\/wp-json\/wp\/v2\/pages"}],"about":[{"href":"https:\/\/www.weinmarkt-poysdorf.at\/cs\/wp-json\/wp\/v2\/types\/page"}],"author":[{"embeddable":true,"href":"https:\/\/www.weinmarkt-poysdorf.at\/cs\/wp-json\/wp\/v2\/users\/2"}],"replies":[{"embeddable":true,"href":"https:\/\/www.weinmarkt-poysdorf.at\/cs\/wp-json\/wp\/v2\/comments?post=12256"}],"version-history":[{"count":321,"href":"https:\/\/www.weinmarkt-poysdorf.at\/cs\/wp-json\/wp\/v2\/pages\/12256\/revisions"}],"predecessor-version":[{"id":15433,"href":"https:\/\/www.weinmarkt-poysdorf.at\/cs\/wp-json\/wp\/v2\/pages\/12256\/revisions\/15433"}],"up":[{"embeddable":true,"href":"https:\/\/www.weinmarkt-poysdorf.at\/cs\/wp-json\/wp\/v2\/pages\/12254"}],"wp:attachment":[{"href":"https:\/\/www.weinmarkt-poysdorf.at\/cs\/wp-json\/wp\/v2\/media?parent=12256"}],"curies":[{"name":"wp","href":"https:\/\/api.w.org\/{rel}","templated":true}]}}