{"id":11985,"date":"2017-03-08T14:39:00","date_gmt":"2017-03-08T13:39:00","guid":{"rendered":"http:\/\/weinmarkt-poysdorf.at.cloud3-vm432.de-nserver.de\/?page_id=11985"},"modified":"2024-01-19T10:51:50","modified_gmt":"2024-01-19T09:51:50","slug":"hugl-wimmer","status":"publish","type":"page","link":"https:\/\/www.weinmarkt-poysdorf.at\/cs\/winzer-a-h\/hugl-wimmer\/","title":{"rendered":"Hugl-Wimmer"},"content":{"rendered":"<div class=\"wpb-content-wrapper\"><p><\/p>\n<p>[vc_row css=&#8220;.vc_custom_1485433309212{margin-bottom: 40px !important;}&#8220;][vc_column][vc_column_text css=&#8220;.vc_custom_1488979914475{margin-bottom: 20px !important;}&#8220;]<\/p>\n<h3>Hugl-Wimmer<\/h3>\n<p>[\/vc_column_text][vc_tta_tabs style=&#8220;scalia-style-1&#8243; active_section=&#8220;1&#8243; no_fill_content_area=&#8220;true&#8220;][vc_tta_section title=&#8220;Popis&#8220; tab_id=&#8220;beschreibung&#8220;][vc_row_inner][vc_column_inner width=&#8220;1\/2&#8243;][vc_single_image image=&#8220;15106&#8243; img_size=&#8220;full&#8220; style=&#8220;vc_box_rounded&#8220;]<a class=\"sc-button \"  href=\"https:\/\/shop.weinmarkt-poysdorf.at\/weingut-marke\/hugl_wimmer\" target=\"_blank\" style=\"\">Unsere Weine<\/a>[vc_single_image image=&#8220;12035&#8243; img_size=&#8220;full&#8220; css=&#8220;.vc_custom_1489047316646{margin-bottom: 0px !important;}&#8220;][\/vc_column_inner][vc_column_inner width=&#8220;1\/2&#8243;][vc_column_text css=&#8220;.vc_custom_1498130172651{margin-bottom: 0px !important;}&#8220;]<strong>\u00a0<\/strong><\/p>\n<p><strong>Vina\u0159stv\u00ed<\/strong> <strong>Hugl-Wimmer<\/strong><\/p>\n<p>Jsme mlad\u00fd rodinn\u00fd podnik, ale p\u0159esto jsme u\u017e po generace spojeni s vina\u0159stv\u00edm. V roce 2007 jsme oba p\u0159evzali hospod\u00e1\u0159stv\u00ed po rodi\u010d\u00edch a v roce 2013 jsme nastartovali linii HUGL-WIMMER.<\/p>\n<p>V roce 2014 jsme po dlouhodob\u00e9m pl\u00e1nov\u00e1n\u00ed postavili nov\u00e9 sklepn\u00ed hospod\u00e1\u0159stv\u00ed b\u011bhem 180 dn\u00ed. Od m\u00edsta odb\u011bru hrozn\u016f a\u017e po sklad lahvov\u00e9ho v\u00edna a prezenta\u010dn\u00ed m\u00edstnost se v\u0161e bl\u00fdsk\u00e1 novotou. C\u00edlem do budoucnosti je obhospoda\u0159ovat vinohrady s je\u0161t\u011b v\u011bt\u0161\u00edm d\u016frazem na ochranu p\u0159\u00edrody a dosahovat st\u00e1l\u00e9 kvality.<\/p>\n<p>Hlavn\u00ed pozornost v\u011bnujeme Veltl\u00ednsk\u00e9mu zelen\u00e9mu ve v\u0161ech jeho podob\u00e1ch: od lehk\u00e9ho letn\u00edho Poysdorfsk\u00e9ho Sar\u00fcsselu, p\u0159es Weinviertel DAC a\u017e po Veltl\u00ednsk\u00e9 s p\u0159\u00edvlastkem Reserve.<\/p>\n<p>Na\u0161e Weinvirtel DAC 2015 bylo za\u0159azeno SALONEM rakousk\u00fdch v\u00edn mezi jejich nejlep\u0161\u00ed.[\/vc_column_text][\/vc_column_inner][\/vc_row_inner][\/vc_tta_section][vc_tta_section title=&#8220;Kontakt&#8220; tab_id=&#8220;kontakt&#8220;][vc_row_inner][vc_column_inner width=&#8220;1\/2&#8243;][vc_gmaps link=&#8220;#E-8_JTNDaWZyYW1lJTIwc3JjJTNEJTIyaHR0cHMlM0ElMkYlMkZ3d3cuZ29vZ2xlLmNvbSUyRm1hcHMlMkZlbWJlZCUzRnBiJTNEJTIxMW0xOCUyMTFtMTIlMjExbTMlMjExZDI2MzUuMDcwNDQ1MDA5NzkwNSUyMTJkMTYuNjIxMzg2NzE2MDU5NDQ4JTIxM2Q0OC42NjU4OTU0NzkyNjkxNDYlMjEybTMlMjExZjAlMjEyZjAlMjEzZjAlMjEzbTIlMjExaTEwMjQlMjEyaTc2OCUyMTRmMTMuMSUyMTNtMyUyMTFtMiUyMTFzMHg0NzZkMmZiZmUyZThmOTRkJTI1M0EweDZjNTFkMTc2YTU0NDU5OTMlMjEyc0F1ZiUyQmRlciUyQlNjaGFueiUyQjI4JTI1MkMlMkIyMTcwJTJCUG95c2RvcmYlMjE1ZTAlMjEzbTIlMjExc2RlJTIxMnNhdCUyMTR2MTQ4ODk4MDIyNzY5OCUyMiUyMHdpZHRoJTNEJTIyNjAwJTIyJTIwaGVpZ2h0JTNEJTIyNDUwJTIyJTIwZnJhbWVib3JkZXIlM0QlMjIwJTIyJTIwc3R5bGUlM0QlMjJib3JkZXIlM0EwJTIyJTIwYWxsb3dmdWxsc2NyZWVuJTNFJTNDJTJGaWZyYW1lJTNF&#8220; size=&#8220;&#8220;][\/vc_column_inner][vc_column_inner width=&#8220;1\/2&#8243;][vc_column_text css=&#8220;.vc_custom_1488980018856{margin-bottom: 0px !important;}&#8220;]Weingut Wimmer<br \/>\nAuf der Schanz 28<br \/>\n2170 Poysdorf<\/p>\n<p>Telefon: +43 2552 20369<br \/>\nMobil: +43 699 11 76 62 70<br \/>\nEmail: <a href=\"mailto:office@huglwimmer.at\" target=\"_blank\" rel=\"noopener noreferrer\">office@huglwimmer.at<\/a><br \/>\n<a href=\"http:\/\/www.huglwimmer.at\" target=\"_blank\" rel=\"noopener noreferrer\">www.huglwimmer.at<\/a>[\/vc_column_text][\/vc_column_inner][\/vc_row_inner][\/vc_tta_section][\/vc_tta_tabs][\/vc_column][\/vc_row]<\/p>\n<p><\/p>\n<\/div>","protected":false},"excerpt":{"rendered":"<p>[vc_row css=&#8220;.vc_custom_1485433309212{margin-bottom: 40px !important;}&#8220;][vc_column][vc_column_text css=&#8220;.vc_custom_1488979914475{margin-bottom: 20px !important;}&#8220;] Hugl-Wimmer [\/vc_column_text][vc_tta_tabs style=&#8220;scalia-style-1&#8243; active_section=&#8220;1&#8243; no_fill_content_area=&#8220;true&#8220;][vc_tta_section title=&#8220;Popis&#8220; tab_id=&#8220;beschreibung&#8220;][vc_row_inner][vc_column_inner width=&#8220;1\/2&#8243;][vc_single_image image=&#8220;15106&#8243; img_size=&#8220;full&#8220; style=&#8220;vc_box_rounded&#8220;][vc_single_image image=&#8220;12035&#8243; img_size=&#8220;full&#8220;&#8230;<\/p>\n","protected":false},"author":2,"featured_media":12321,"parent":11369,"menu_order":0,"comment_status":"closed","ping_status":"closed","template":"","meta":{"footnotes":""},"class_list":["post-11985","page","type-page","status-publish","has-post-thumbnail","hentry"],"yoast_head":"<!-- This site is optimized with the Yoast SEO plugin v26.4 - https:\/\/yoast.com\/wordpress\/plugins\/seo\/ -->\n<title>Weingut Hugl-Wimmer - Topwinzer der Region im Weinmarkt Poysdorf<\/title>\n<meta name=\"description\" content=\"Das Weingut Hugl-Wimmer ist ein junger Familienbetrieb - bestehend seit 2007, jedoch bereits seit Generationen mit dem Weinbau verbunden.\" \/>\n<meta name=\"robots\" content=\"index, follow, max-snippet:-1, max-image-preview:large, max-video-preview:-1\" \/>\n<link rel=\"canonical\" href=\"https:\/\/www.weinmarkt-poysdorf.at\/cs\/winzer-a-h\/hugl-wimmer\/\" \/>\n<meta property=\"og:locale\" content=\"cs_CZ\" \/>\n<meta property=\"og:type\" content=\"article\" \/>\n<meta property=\"og:title\" content=\"Weingut Hugl-Wimmer - Topwinzer der Region im Weinmarkt Poysdorf\" \/>\n<meta property=\"og:description\" content=\"Das Weingut Hugl-Wimmer ist ein junger Familienbetrieb - bestehend seit 2007, jedoch bereits seit Generationen mit dem Weinbau verbunden.\" \/>\n<meta property=\"og:url\" content=\"https:\/\/www.weinmarkt-poysdorf.at\/cs\/winzer-a-h\/hugl-wimmer\/\" \/>\n<meta property=\"og:site_name\" content=\"Weinmarkt Poysdorf\" \/>\n<meta property=\"article:modified_time\" content=\"2024-01-19T09:51:50+00:00\" \/>\n<meta property=\"og:image\" content=\"https:\/\/www.weinmarkt-poysdorf.at\/wp-content\/uploads\/2017\/03\/logo_winzer_hugl-wimmer_weiss_v3.png\" \/>\n\t<meta property=\"og:image:width\" content=\"250\" \/>\n\t<meta property=\"og:image:height\" content=\"250\" \/>\n\t<meta property=\"og:image:type\" content=\"image\/png\" \/>\n<meta name=\"twitter:card\" content=\"summary_large_image\" \/>\n<meta name=\"twitter:label1\" content=\"Odhadovan\u00e1 doba \u010dten\u00ed\" \/>\n\t<meta name=\"twitter:data1\" content=\"3 minuty\" \/>\n<script type=\"application\/ld+json\" class=\"yoast-schema-graph\">{\"@context\":\"https:\/\/schema.org\",\"@graph\":[{\"@type\":\"WebPage\",\"@id\":\"https:\/\/www.weinmarkt-poysdorf.at\/cs\/winzer-a-h\/hugl-wimmer\/\",\"url\":\"https:\/\/www.weinmarkt-poysdorf.at\/cs\/winzer-a-h\/hugl-wimmer\/\",\"name\":\"Weingut Hugl-Wimmer - Topwinzer der Region im Weinmarkt Poysdorf\",\"isPartOf\":{\"@id\":\"https:\/\/www.weinmarkt-poysdorf.at\/cs\/#website\"},\"primaryImageOfPage\":{\"@id\":\"https:\/\/www.weinmarkt-poysdorf.at\/cs\/winzer-a-h\/hugl-wimmer\/#primaryimage\"},\"image\":{\"@id\":\"https:\/\/www.weinmarkt-poysdorf.at\/winzer-a-h\/hugl-wimmer\/#primaryimage\"},\"thumbnailUrl\":\"https:\/\/www.weinmarkt-poysdorf.at\/wp-content\/uploads\/2017\/03\/logo_winzer_hugl-wimmer_weiss_v3.png\",\"datePublished\":\"2017-03-08T13:39:00+00:00\",\"dateModified\":\"2024-01-19T09:51:50+00:00\",\"description\":\"Das Weingut Hugl-Wimmer ist ein junger Familienbetrieb - bestehend seit 2007, jedoch bereits seit Generationen mit dem Weinbau verbunden.\",\"breadcrumb\":{\"@id\":\"https:\/\/www.weinmarkt-poysdorf.at\/cs\/winzer-a-h\/hugl-wimmer\/#breadcrumb\"},\"inLanguage\":\"cs\",\"potentialAction\":[{\"@type\":\"ReadAction\",\"target\":[[\"https:\/\/www.weinmarkt-poysdorf.at\/cs\/winzer-a-h\/hugl-wimmer\/\"]]}]},{\"@type\":\"ImageObject\",\"inLanguage\":\"cs\",\"@id\":\"https:\/\/www.weinmarkt-poysdorf.at\/cs\/winzer-a-h\/hugl-wimmer\/#primaryimage\",\"url\":\"https:\/\/www.weinmarkt-poysdorf.at\/wp-content\/uploads\/2017\/03\/logo_winzer_hugl-wimmer_weiss_v3.png\",\"contentUrl\":\"https:\/\/www.weinmarkt-poysdorf.at\/wp-content\/uploads\/2017\/03\/logo_winzer_hugl-wimmer_weiss_v3.png\",\"width\":250,\"height\":250},{\"@type\":\"BreadcrumbList\",\"@id\":\"https:\/\/www.weinmarkt-poysdorf.at\/cs\/winzer-a-h\/hugl-wimmer\/#breadcrumb\",\"itemListElement\":[{\"@type\":\"ListItem\",\"position\":1,\"name\":\"Startseite\",\"item\":\"https:\/\/www.weinmarkt-poysdorf.at\/cs\/\"},{\"@type\":\"ListItem\",\"position\":2,\"name\":\"Winzer A &#8211; H\",\"item\":\"https:\/\/www.weinmarkt-poysdorf.at\/cs\/winzer-a-h\/\"},{\"@type\":\"ListItem\",\"position\":3,\"name\":\"Hugl-Wimmer\"}]},{\"@type\":\"WebSite\",\"@id\":\"https:\/\/www.weinmarkt-poysdorf.at\/cs\/#website\",\"url\":\"https:\/\/www.weinmarkt-poysdorf.at\/cs\/\",\"name\":\"Weinmarkt Poysdorf\",\"description\":\"Weine von 30 Winzern im Weinviertel\",\"potentialAction\":[{\"@type\":\"SearchAction\",\"target\":{\"@type\":\"EntryPoint\",\"urlTemplate\":\"https:\/\/www.weinmarkt-poysdorf.at\/cs\/?s={search_term_string}\"},\"query-input\":{\"@type\":\"PropertyValueSpecification\",\"valueRequired\":true,\"valueName\":\"search_term_string\"}}],\"inLanguage\":\"cs\"}]}<\/script>\n<!-- \/ Yoast SEO plugin. -->","yoast_head_json":{"title":"Weingut Hugl-Wimmer - Topwinzer der Region im Weinmarkt Poysdorf","description":"Das Weingut Hugl-Wimmer ist ein junger Familienbetrieb - bestehend seit 2007, jedoch bereits seit Generationen mit dem Weinbau verbunden.","robots":{"index":"index","follow":"follow","max-snippet":"max-snippet:-1","max-image-preview":"max-image-preview:large","max-video-preview":"max-video-preview:-1"},"canonical":"https:\/\/www.weinmarkt-poysdorf.at\/cs\/winzer-a-h\/hugl-wimmer\/","og_locale":"cs_CZ","og_type":"article","og_title":"Weingut Hugl-Wimmer - Topwinzer der Region im Weinmarkt Poysdorf","og_description":"Das Weingut Hugl-Wimmer ist ein junger Familienbetrieb - bestehend seit 2007, jedoch bereits seit Generationen mit dem Weinbau verbunden.","og_url":"https:\/\/www.weinmarkt-poysdorf.at\/cs\/winzer-a-h\/hugl-wimmer\/","og_site_name":"Weinmarkt Poysdorf","article_modified_time":"2024-01-19T09:51:50+00:00","og_image":[{"width":250,"height":250,"url":"https:\/\/www.weinmarkt-poysdorf.at\/wp-content\/uploads\/2017\/03\/logo_winzer_hugl-wimmer_weiss_v3.png","type":"image\/png"}],"twitter_card":"summary_large_image","twitter_misc":{"Odhadovan\u00e1 doba \u010dten\u00ed":"3 minuty"},"schema":{"@context":"https:\/\/schema.org","@graph":[{"@type":"WebPage","@id":"https:\/\/www.weinmarkt-poysdorf.at\/cs\/winzer-a-h\/hugl-wimmer\/","url":"https:\/\/www.weinmarkt-poysdorf.at\/cs\/winzer-a-h\/hugl-wimmer\/","name":"Weingut Hugl-Wimmer - Topwinzer der Region im Weinmarkt Poysdorf","isPartOf":{"@id":"https:\/\/www.weinmarkt-poysdorf.at\/cs\/#website"},"primaryImageOfPage":{"@id":"https:\/\/www.weinmarkt-poysdorf.at\/cs\/winzer-a-h\/hugl-wimmer\/#primaryimage"},"image":{"@id":"https:\/\/www.weinmarkt-poysdorf.at\/winzer-a-h\/hugl-wimmer\/#primaryimage"},"thumbnailUrl":"https:\/\/www.weinmarkt-poysdorf.at\/wp-content\/uploads\/2017\/03\/logo_winzer_hugl-wimmer_weiss_v3.png","datePublished":"2017-03-08T13:39:00+00:00","dateModified":"2024-01-19T09:51:50+00:00","description":"Das Weingut Hugl-Wimmer ist ein junger Familienbetrieb - bestehend seit 2007, jedoch bereits seit Generationen mit dem Weinbau verbunden.","breadcrumb":{"@id":"https:\/\/www.weinmarkt-poysdorf.at\/cs\/winzer-a-h\/hugl-wimmer\/#breadcrumb"},"inLanguage":"cs","potentialAction":[{"@type":"ReadAction","target":[["https:\/\/www.weinmarkt-poysdorf.at\/cs\/winzer-a-h\/hugl-wimmer\/"]]}]},{"@type":"ImageObject","inLanguage":"cs","@id":"https:\/\/www.weinmarkt-poysdorf.at\/cs\/winzer-a-h\/hugl-wimmer\/#primaryimage","url":"https:\/\/www.weinmarkt-poysdorf.at\/wp-content\/uploads\/2017\/03\/logo_winzer_hugl-wimmer_weiss_v3.png","contentUrl":"https:\/\/www.weinmarkt-poysdorf.at\/wp-content\/uploads\/2017\/03\/logo_winzer_hugl-wimmer_weiss_v3.png","width":250,"height":250},{"@type":"BreadcrumbList","@id":"https:\/\/www.weinmarkt-poysdorf.at\/cs\/winzer-a-h\/hugl-wimmer\/#breadcrumb","itemListElement":[{"@type":"ListItem","position":1,"name":"Startseite","item":"https:\/\/www.weinmarkt-poysdorf.at\/cs\/"},{"@type":"ListItem","position":2,"name":"Winzer A &#8211; H","item":"https:\/\/www.weinmarkt-poysdorf.at\/cs\/winzer-a-h\/"},{"@type":"ListItem","position":3,"name":"Hugl-Wimmer"}]},{"@type":"WebSite","@id":"https:\/\/www.weinmarkt-poysdorf.at\/cs\/#website","url":"https:\/\/www.weinmarkt-poysdorf.at\/cs\/","name":"Weinmarkt Poysdorf","description":"Weine von 30 Winzern im Weinviertel","potentialAction":[{"@type":"SearchAction","target":{"@type":"EntryPoint","urlTemplate":"https:\/\/www.weinmarkt-poysdorf.at\/cs\/?s={search_term_string}"},"query-input":{"@type":"PropertyValueSpecification","valueRequired":true,"valueName":"search_term_string"}}],"inLanguage":"cs"}]}},"_links":{"self":[{"href":"https:\/\/www.weinmarkt-poysdorf.at\/cs\/wp-json\/wp\/v2\/pages\/11985","targetHints":{"allow":["GET"]}}],"collection":[{"href":"https:\/\/www.weinmarkt-poysdorf.at\/cs\/wp-json\/wp\/v2\/pages"}],"about":[{"href":"https:\/\/www.weinmarkt-poysdorf.at\/cs\/wp-json\/wp\/v2\/types\/page"}],"author":[{"embeddable":true,"href":"https:\/\/www.weinmarkt-poysdorf.at\/cs\/wp-json\/wp\/v2\/users\/2"}],"replies":[{"embeddable":true,"href":"https:\/\/www.weinmarkt-poysdorf.at\/cs\/wp-json\/wp\/v2\/comments?post=11985"}],"version-history":[{"count":34,"href":"https:\/\/www.weinmarkt-poysdorf.at\/cs\/wp-json\/wp\/v2\/pages\/11985\/revisions"}],"predecessor-version":[{"id":15107,"href":"https:\/\/www.weinmarkt-poysdorf.at\/cs\/wp-json\/wp\/v2\/pages\/11985\/revisions\/15107"}],"up":[{"embeddable":true,"href":"https:\/\/www.weinmarkt-poysdorf.at\/cs\/wp-json\/wp\/v2\/pages\/11369"}],"wp:featuredmedia":[{"embeddable":true,"href":"https:\/\/www.weinmarkt-poysdorf.at\/cs\/wp-json\/wp\/v2\/media\/12321"}],"wp:attachment":[{"href":"https:\/\/www.weinmarkt-poysdorf.at\/cs\/wp-json\/wp\/v2\/media?parent=11985"}],"curies":[{"name":"wp","href":"https:\/\/api.w.org\/{rel}","templated":true}]}}