{"id":11962,"date":"2017-03-08T14:26:41","date_gmt":"2017-03-08T13:26:41","guid":{"rendered":"http:\/\/weinmarkt-poysdorf.at.cloud3-vm432.de-nserver.de\/?page_id=11962"},"modified":"2024-01-29T16:40:11","modified_gmt":"2024-01-29T15:40:11","slug":"wimmer-erwin","status":"publish","type":"page","link":"https:\/\/www.weinmarkt-poysdorf.at\/cs\/winzer-t-z\/wimmer-erwin\/","title":{"rendered":"Wimmer Erwin"},"content":{"rendered":"<div class=\"wpb-content-wrapper\"><p>[vc_row css=&#8220;.vc_custom_1485433309212{margin-bottom: 40px !important;}&#8220;][vc_column][vc_column_text css=&#8220;.vc_custom_1488978995872{margin-bottom: 20px !important;}&#8220;]<\/p>\n<h3>Wimmer Erwin<\/h3>\n<p>[\/vc_column_text][vc_tta_tabs style=&#8220;scalia-style-1&#8243; active_section=&#8220;1&#8243; no_fill_content_area=&#8220;true&#8220;][vc_tta_section title=&#8220;Popis&#8220; tab_id=&#8220;beschreibung&#8220;][vc_row_inner][vc_column_inner width=&#8220;1\/2&#8243;][vc_single_image image=&#8220;11975&#8243; img_size=&#8220;full&#8220; style=&#8220;vc_box_rounded&#8220;]<a class=\"sc-button \"  href=\"https:\/\/shop.weinmarkt-poysdorf.at\/weingut-marke\/wimmer_e\" target=\"_blank\" style=\"\">Na\u0161e v\u00edna<\/a>[vc_single_image image=&#8220;12052&#8243; img_size=&#8220;full&#8220; css=&#8220;.vc_custom_1489419268273{margin-top: 20px !important;margin-bottom: 0px !important;}&#8220;][\/vc_column_inner][vc_column_inner width=&#8220;1\/2&#8243;][vc_column_text css=&#8220;.vc_custom_1495112695742{margin-bottom: 0px !important;}&#8220;]<strong>Vina\u0159stv\u00ed Erwin Wimmer<\/strong><\/p>\n<p>V\u00edtejte v na\u0161em vina\u0159stv\u00ed!<\/p>\n<p>Vina\u0159stv\u00ed Wimmer bylo zalo\u017eeno roku 1840 je provozov\u00e1no ji\u017e \u0161estou generac\u00ed. V sou\u010dasn\u00e9 dob\u011b ho vede pan Erwin Wimmer mlad\u0161\u00ed. Obhospoda\u0159ujeme 8 hektar\u016f vinic a 20 hektar\u016f ovocn\u00fdch sad\u016f. Obec Wetzelsdorf se nach\u00e1z\u00ed v severov\u00fdchodn\u00ed \u010d\u00e1sti vina\u0159sk\u00e9ho regionu Weinviertel, p\u0159\u00edmo vedle vina\u0159sk\u00e9ho m\u011bste\u010dka Poysdorf, zhruba 12 kilometr\u016f od \u010desk\u00fdch hranic.<\/p>\n<p>Nav\u0161tivte spole\u010dn\u00fd skl\u00edpek m\u00edstn\u00edch vina\u0159\u016f s p\u0159\u00edjemn\u00fdm posezen\u00edm \u201eBauernart\u201c v m\u011bste\u010dku Mistelbach a pro\u017eijte p\u0159\u00edjemn\u00e9 chv\u00edle u sklenky dobr\u00e9ho v\u00edna. D\u00e1le n\u00e1s m\u016f\u017eete nav\u0161t\u00edvit ve skl\u00edpc\u00edch s posezen\u00edm \u201eSchlo\u00df-Heuriger\u201c v obci Wilfersdorf a \u201eDorfstadl\u201c v obci Erdberg. \u2028P\u0159ipravujeme zde pro v\u00e1s m\u00edstn\u00ed speciality studen\u00e9 kuchyn\u011b, dom\u00e1c\u00ed mou\u010dn\u00edky a v\u00edna z na\u0161eho rodinn\u00e9ho vina\u0159stv\u00ed.[\/vc_column_text][\/vc_column_inner][\/vc_row_inner][\/vc_tta_section][vc_tta_section title=&#8220;Kontakt&#8220; tab_id=&#8220;kontakt&#8220;][vc_row_inner][vc_column_inner width=&#8220;1\/2&#8243;][vc_gmaps link=&#8220;#E-8_JTNDaWZyYW1lJTIwc3JjJTNEJTIyaHR0cHMlM0ElMkYlMkZ3d3cuZ29vZ2xlLmNvbSUyRm1hcHMlMkZlbWJlZCUzRnBiJTNEJTIxMW0xOCUyMTFtMTIlMjExbTMlMjExZDI2MzYuMDU3MDMwNjczNjEyJTIxMmQxNi42MzExNTA1MTYwNTg4ODQlMjEzZDQ4LjY0NzAyNDE3OTI2NzQlMjEybTMlMjExZjAlMjEyZjAlMjEzZjAlMjEzbTIlMjExaTEwMjQlMjEyaTc2OCUyMTRmMTMuMSUyMTNtMyUyMTFtMiUyMTFzMHg0NzZkMmY4MTMyOGNjNjhiJTI1M0EweDFmZTBmYTljNjg1M2RhMjUlMjEyc0JhY2hzdHJhJTI1QzMlMjU5RmUlMkI2MSUyNTJDJTJCMjE3MCUyQldldHplbHNkb3JmJTIxNWUwJTIxM20yJTIxMXNkZSUyMTJzYXQlMjE0djE0ODg5NzkzMTA5MTAlMjIlMjB3aWR0aCUzRCUyMjYwMCUyMiUyMGhlaWdodCUzRCUyMjQ1MCUyMiUyMGZyYW1lYm9yZGVyJTNEJTIyMCUyMiUyMHN0eWxlJTNEJTIyYm9yZGVyJTNBMCUyMiUyMGFsbG93ZnVsbHNjcmVlbiUzRSUzQyUyRmlmcmFtZSUzRQ==&#8220; size=&#8220;&#8220;][\/vc_column_inner][vc_column_inner width=&#8220;1\/2&#8243;][vc_column_text css=&#8220;.vc_custom_1488979224679{margin-bottom: 0px !important;}&#8220;]Weingut Erwin Wimmer<br \/>\nBachstra\u00dfe 61<br \/>\n2170 Wetzelsdorf<\/p>\n<p>Telefon \/ Fax: +43 2552 2388<br \/>\nMobil: +43 664\/4225225<br \/>\nEmail: <a href=\"mailto:office@wimmer-weinbau.at\" target=\"_blank\" rel=\"noopener noreferrer\">office@wimmer-weinbau.at<\/a>[\/vc_column_text][\/vc_column_inner][\/vc_row_inner][\/vc_tta_section][\/vc_tta_tabs][\/vc_column][\/vc_row]<\/p>\n<\/div>","protected":false},"excerpt":{"rendered":"<p>[vc_row css=&#8220;.vc_custom_1485433309212{margin-bottom: 40px !important;}&#8220;][vc_column][vc_column_text css=&#8220;.vc_custom_1488978995872{margin-bottom: 20px !important;}&#8220;] Wimmer Erwin [\/vc_column_text][vc_tta_tabs style=&#8220;scalia-style-1&#8243; active_section=&#8220;1&#8243; no_fill_content_area=&#8220;true&#8220;][vc_tta_section title=&#8220;Popis&#8220; tab_id=&#8220;beschreibung&#8220;][vc_row_inner][vc_column_inner width=&#8220;1\/2&#8243;][vc_single_image image=&#8220;11975&#8243; img_size=&#8220;full&#8220; style=&#8220;vc_box_rounded&#8220;][vc_single_image image=&#8220;12052&#8243;&#8230;<\/p>\n","protected":false},"author":2,"featured_media":12338,"parent":12091,"menu_order":0,"comment_status":"closed","ping_status":"closed","template":"","meta":{"footnotes":""},"class_list":["post-11962","page","type-page","status-publish","has-post-thumbnail","hentry"],"yoast_head":"<!-- This site is optimized with the Yoast SEO plugin v26.4 - https:\/\/yoast.com\/wordpress\/plugins\/seo\/ -->\n<title>Weingut Wimmer Erwin - Topwinzer der Region im Weinmarkt Poysdorf<\/title>\n<meta name=\"description\" content=\"Das Weingut Wimmer Erwin besteht bereits seit dem Jahr 1840 und wird schon in der 6. Generation gef\u00fchrt. Der Betrieb umfasst 8 ha Weinbau und 20 a Obstbau.\" \/>\n<meta name=\"robots\" content=\"index, follow, max-snippet:-1, max-image-preview:large, max-video-preview:-1\" \/>\n<link rel=\"canonical\" href=\"https:\/\/www.weinmarkt-poysdorf.at\/cs\/winzer-t-z\/wimmer-erwin\/\" \/>\n<meta property=\"og:locale\" content=\"cs_CZ\" \/>\n<meta property=\"og:type\" content=\"article\" \/>\n<meta property=\"og:title\" content=\"Weingut Wimmer Erwin - Topwinzer der Region im Weinmarkt Poysdorf\" \/>\n<meta property=\"og:description\" content=\"Das Weingut Wimmer Erwin besteht bereits seit dem Jahr 1840 und wird schon in der 6. Generation gef\u00fchrt. Der Betrieb umfasst 8 ha Weinbau und 20 a Obstbau.\" \/>\n<meta property=\"og:url\" content=\"https:\/\/www.weinmarkt-poysdorf.at\/cs\/winzer-t-z\/wimmer-erwin\/\" \/>\n<meta property=\"og:site_name\" content=\"Weinmarkt Poysdorf\" \/>\n<meta property=\"article:modified_time\" content=\"2024-01-29T15:40:11+00:00\" \/>\n<meta property=\"og:image\" content=\"https:\/\/www.weinmarkt-poysdorf.at\/wp-content\/uploads\/2017\/03\/logo_winzer_wimmer-erwin_weiss_v3.png\" \/>\n\t<meta property=\"og:image:width\" content=\"250\" \/>\n\t<meta property=\"og:image:height\" content=\"250\" \/>\n\t<meta property=\"og:image:type\" content=\"image\/png\" \/>\n<meta name=\"twitter:card\" content=\"summary_large_image\" \/>\n<meta name=\"twitter:label1\" content=\"Odhadovan\u00e1 doba \u010dten\u00ed\" \/>\n\t<meta name=\"twitter:data1\" content=\"2 minuty\" \/>\n<script type=\"application\/ld+json\" class=\"yoast-schema-graph\">{\"@context\":\"https:\/\/schema.org\",\"@graph\":[{\"@type\":\"WebPage\",\"@id\":\"https:\/\/www.weinmarkt-poysdorf.at\/cs\/winzer-t-z\/wimmer-erwin\/\",\"url\":\"https:\/\/www.weinmarkt-poysdorf.at\/cs\/winzer-t-z\/wimmer-erwin\/\",\"name\":\"Weingut Wimmer Erwin - Topwinzer der Region im Weinmarkt Poysdorf\",\"isPartOf\":{\"@id\":\"https:\/\/www.weinmarkt-poysdorf.at\/cs\/#website\"},\"primaryImageOfPage\":{\"@id\":\"https:\/\/www.weinmarkt-poysdorf.at\/cs\/winzer-t-z\/wimmer-erwin\/#primaryimage\"},\"image\":{\"@id\":\"https:\/\/www.weinmarkt-poysdorf.at\/winzer-t-z\/wimmer-erwin\/#primaryimage\"},\"thumbnailUrl\":\"https:\/\/www.weinmarkt-poysdorf.at\/wp-content\/uploads\/2017\/03\/logo_winzer_wimmer-erwin_weiss_v3.png\",\"datePublished\":\"2017-03-08T13:26:41+00:00\",\"dateModified\":\"2024-01-29T15:40:11+00:00\",\"description\":\"Das Weingut Wimmer Erwin besteht bereits seit dem Jahr 1840 und wird schon in der 6. Generation gef\u00fchrt. Der Betrieb umfasst 8 ha Weinbau und 20 a Obstbau.\",\"breadcrumb\":{\"@id\":\"https:\/\/www.weinmarkt-poysdorf.at\/cs\/winzer-t-z\/wimmer-erwin\/#breadcrumb\"},\"inLanguage\":\"cs\",\"potentialAction\":[{\"@type\":\"ReadAction\",\"target\":[[\"https:\/\/www.weinmarkt-poysdorf.at\/cs\/winzer-t-z\/wimmer-erwin\/\"]]}]},{\"@type\":\"ImageObject\",\"inLanguage\":\"cs\",\"@id\":\"https:\/\/www.weinmarkt-poysdorf.at\/cs\/winzer-t-z\/wimmer-erwin\/#primaryimage\",\"url\":\"https:\/\/www.weinmarkt-poysdorf.at\/wp-content\/uploads\/2017\/03\/logo_winzer_wimmer-erwin_weiss_v3.png\",\"contentUrl\":\"https:\/\/www.weinmarkt-poysdorf.at\/wp-content\/uploads\/2017\/03\/logo_winzer_wimmer-erwin_weiss_v3.png\",\"width\":250,\"height\":250},{\"@type\":\"BreadcrumbList\",\"@id\":\"https:\/\/www.weinmarkt-poysdorf.at\/cs\/winzer-t-z\/wimmer-erwin\/#breadcrumb\",\"itemListElement\":[{\"@type\":\"ListItem\",\"position\":1,\"name\":\"Startseite\",\"item\":\"https:\/\/www.weinmarkt-poysdorf.at\/cs\/\"},{\"@type\":\"ListItem\",\"position\":2,\"name\":\"Winzer T &#8211; Z\",\"item\":\"https:\/\/www.weinmarkt-poysdorf.at\/cs\/winzer-t-z\/\"},{\"@type\":\"ListItem\",\"position\":3,\"name\":\"Wimmer Erwin\"}]},{\"@type\":\"WebSite\",\"@id\":\"https:\/\/www.weinmarkt-poysdorf.at\/cs\/#website\",\"url\":\"https:\/\/www.weinmarkt-poysdorf.at\/cs\/\",\"name\":\"Weinmarkt Poysdorf\",\"description\":\"Weine von 30 Winzern im Weinviertel\",\"potentialAction\":[{\"@type\":\"SearchAction\",\"target\":{\"@type\":\"EntryPoint\",\"urlTemplate\":\"https:\/\/www.weinmarkt-poysdorf.at\/cs\/?s={search_term_string}\"},\"query-input\":{\"@type\":\"PropertyValueSpecification\",\"valueRequired\":true,\"valueName\":\"search_term_string\"}}],\"inLanguage\":\"cs\"}]}<\/script>\n<!-- \/ Yoast SEO plugin. -->","yoast_head_json":{"title":"Weingut Wimmer Erwin - Topwinzer der Region im Weinmarkt Poysdorf","description":"Das Weingut Wimmer Erwin besteht bereits seit dem Jahr 1840 und wird schon in der 6. Generation gef\u00fchrt. Der Betrieb umfasst 8 ha Weinbau und 20 a Obstbau.","robots":{"index":"index","follow":"follow","max-snippet":"max-snippet:-1","max-image-preview":"max-image-preview:large","max-video-preview":"max-video-preview:-1"},"canonical":"https:\/\/www.weinmarkt-poysdorf.at\/cs\/winzer-t-z\/wimmer-erwin\/","og_locale":"cs_CZ","og_type":"article","og_title":"Weingut Wimmer Erwin - Topwinzer der Region im Weinmarkt Poysdorf","og_description":"Das Weingut Wimmer Erwin besteht bereits seit dem Jahr 1840 und wird schon in der 6. Generation gef\u00fchrt. Der Betrieb umfasst 8 ha Weinbau und 20 a Obstbau.","og_url":"https:\/\/www.weinmarkt-poysdorf.at\/cs\/winzer-t-z\/wimmer-erwin\/","og_site_name":"Weinmarkt Poysdorf","article_modified_time":"2024-01-29T15:40:11+00:00","og_image":[{"width":250,"height":250,"url":"https:\/\/www.weinmarkt-poysdorf.at\/wp-content\/uploads\/2017\/03\/logo_winzer_wimmer-erwin_weiss_v3.png","type":"image\/png"}],"twitter_card":"summary_large_image","twitter_misc":{"Odhadovan\u00e1 doba \u010dten\u00ed":"2 minuty"},"schema":{"@context":"https:\/\/schema.org","@graph":[{"@type":"WebPage","@id":"https:\/\/www.weinmarkt-poysdorf.at\/cs\/winzer-t-z\/wimmer-erwin\/","url":"https:\/\/www.weinmarkt-poysdorf.at\/cs\/winzer-t-z\/wimmer-erwin\/","name":"Weingut Wimmer Erwin - Topwinzer der Region im Weinmarkt Poysdorf","isPartOf":{"@id":"https:\/\/www.weinmarkt-poysdorf.at\/cs\/#website"},"primaryImageOfPage":{"@id":"https:\/\/www.weinmarkt-poysdorf.at\/cs\/winzer-t-z\/wimmer-erwin\/#primaryimage"},"image":{"@id":"https:\/\/www.weinmarkt-poysdorf.at\/winzer-t-z\/wimmer-erwin\/#primaryimage"},"thumbnailUrl":"https:\/\/www.weinmarkt-poysdorf.at\/wp-content\/uploads\/2017\/03\/logo_winzer_wimmer-erwin_weiss_v3.png","datePublished":"2017-03-08T13:26:41+00:00","dateModified":"2024-01-29T15:40:11+00:00","description":"Das Weingut Wimmer Erwin besteht bereits seit dem Jahr 1840 und wird schon in der 6. Generation gef\u00fchrt. Der Betrieb umfasst 8 ha Weinbau und 20 a Obstbau.","breadcrumb":{"@id":"https:\/\/www.weinmarkt-poysdorf.at\/cs\/winzer-t-z\/wimmer-erwin\/#breadcrumb"},"inLanguage":"cs","potentialAction":[{"@type":"ReadAction","target":[["https:\/\/www.weinmarkt-poysdorf.at\/cs\/winzer-t-z\/wimmer-erwin\/"]]}]},{"@type":"ImageObject","inLanguage":"cs","@id":"https:\/\/www.weinmarkt-poysdorf.at\/cs\/winzer-t-z\/wimmer-erwin\/#primaryimage","url":"https:\/\/www.weinmarkt-poysdorf.at\/wp-content\/uploads\/2017\/03\/logo_winzer_wimmer-erwin_weiss_v3.png","contentUrl":"https:\/\/www.weinmarkt-poysdorf.at\/wp-content\/uploads\/2017\/03\/logo_winzer_wimmer-erwin_weiss_v3.png","width":250,"height":250},{"@type":"BreadcrumbList","@id":"https:\/\/www.weinmarkt-poysdorf.at\/cs\/winzer-t-z\/wimmer-erwin\/#breadcrumb","itemListElement":[{"@type":"ListItem","position":1,"name":"Startseite","item":"https:\/\/www.weinmarkt-poysdorf.at\/cs\/"},{"@type":"ListItem","position":2,"name":"Winzer T &#8211; Z","item":"https:\/\/www.weinmarkt-poysdorf.at\/cs\/winzer-t-z\/"},{"@type":"ListItem","position":3,"name":"Wimmer Erwin"}]},{"@type":"WebSite","@id":"https:\/\/www.weinmarkt-poysdorf.at\/cs\/#website","url":"https:\/\/www.weinmarkt-poysdorf.at\/cs\/","name":"Weinmarkt Poysdorf","description":"Weine von 30 Winzern im Weinviertel","potentialAction":[{"@type":"SearchAction","target":{"@type":"EntryPoint","urlTemplate":"https:\/\/www.weinmarkt-poysdorf.at\/cs\/?s={search_term_string}"},"query-input":{"@type":"PropertyValueSpecification","valueRequired":true,"valueName":"search_term_string"}}],"inLanguage":"cs"}]}},"_links":{"self":[{"href":"https:\/\/www.weinmarkt-poysdorf.at\/cs\/wp-json\/wp\/v2\/pages\/11962","targetHints":{"allow":["GET"]}}],"collection":[{"href":"https:\/\/www.weinmarkt-poysdorf.at\/cs\/wp-json\/wp\/v2\/pages"}],"about":[{"href":"https:\/\/www.weinmarkt-poysdorf.at\/cs\/wp-json\/wp\/v2\/types\/page"}],"author":[{"embeddable":true,"href":"https:\/\/www.weinmarkt-poysdorf.at\/cs\/wp-json\/wp\/v2\/users\/2"}],"replies":[{"embeddable":true,"href":"https:\/\/www.weinmarkt-poysdorf.at\/cs\/wp-json\/wp\/v2\/comments?post=11962"}],"version-history":[{"count":22,"href":"https:\/\/www.weinmarkt-poysdorf.at\/cs\/wp-json\/wp\/v2\/pages\/11962\/revisions"}],"predecessor-version":[{"id":15113,"href":"https:\/\/www.weinmarkt-poysdorf.at\/cs\/wp-json\/wp\/v2\/pages\/11962\/revisions\/15113"}],"up":[{"embeddable":true,"href":"https:\/\/www.weinmarkt-poysdorf.at\/cs\/wp-json\/wp\/v2\/pages\/12091"}],"wp:featuredmedia":[{"embeddable":true,"href":"https:\/\/www.weinmarkt-poysdorf.at\/cs\/wp-json\/wp\/v2\/media\/12338"}],"wp:attachment":[{"href":"https:\/\/www.weinmarkt-poysdorf.at\/cs\/wp-json\/wp\/v2\/media?parent=11962"}],"curies":[{"name":"wp","href":"https:\/\/api.w.org\/{rel}","templated":true}]}}