{"id":11939,"date":"2017-03-08T13:47:33","date_gmt":"2017-03-08T12:47:33","guid":{"rendered":"http:\/\/weinmarkt-poysdorf.at.cloud3-vm432.de-nserver.de\/?page_id=11939"},"modified":"2022-04-28T12:29:33","modified_gmt":"2022-04-28T10:29:33","slug":"taubenschuss","status":"publish","type":"page","link":"https:\/\/www.weinmarkt-poysdorf.at\/cs\/winzer-t-z\/taubenschuss\/","title":{"rendered":"Taubenschuss"},"content":{"rendered":"<div class=\"wpb-content-wrapper\"><p>[vc_row css=&#8220;.vc_custom_1485433309212{margin-bottom: 40px !important;}&#8220;][vc_column][vc_column_text css=&#8220;.vc_custom_1488976535197{margin-bottom: 20px !important;}&#8220;]<\/p>\n<h3>Taubenschuss<\/h3>\n<p>[\/vc_column_text][vc_tta_tabs style=&#8220;scalia-style-1&#8243; active_section=&#8220;1&#8243; no_fill_content_area=&#8220;true&#8220;][vc_tta_section title=&#8220;Popis&#8220; tab_id=&#8220;beschreibung&#8220;][vc_row_inner][vc_column_inner width=&#8220;1\/2&#8243;][vc_single_image image=&#8220;14286&#8243; img_size=&#8220;full&#8220; style=&#8220;vc_box_rounded&#8220;]<a class=\"sc-button \"  href=\"https:\/\/shop.weinmarkt-poysdorf.at\/weingut-marke\/taubenschuss\" target=\"_blank\" style=\"\">Na\u0161e v\u00edna<\/a>[vc_single_image image=&#8220;12749&#8243; img_size=&#8220;full&#8220; css=&#8220;.vc_custom_1492760945105{margin-top: 20px !important;margin-bottom: 0px !important;}&#8220;][\/vc_column_inner][vc_column_inner width=&#8220;1\/2&#8243;][vc_column_text css=&#8220;.vc_custom_1605102133724{margin-bottom: 0px !important;}&#8220;]<\/p>\n<div class=\"wpb_column vc_column_container vc_col-sm-6\">\n<div class=\"vc_column-inner\">\n<div class=\"wpb_wrapper\">\n<div class=\"wpb_text_column wpb_content_element vc_custom_1495111317771\">\n<div class=\"wpb_wrapper\">\n<p><strong>Vina\u0159stv\u00ed Taubenschuss<\/strong><\/p>\n<p>Velice n\u00e1s t\u011b\u0161\u00ed v\u00e1\u0161 z\u00e1jem o na\u0161e v\u00edna. Vina\u0159stv\u00ed TAUBENSCHUSS v Poysdorfu, d\u0159\u00edve zvan\u00e9 \u201eAspergerhaus\u201c, bylo zalo\u017eeno v roce 1670 a stav\u00ed na zku\u0161enostech mnoha generac\u00ed vina\u0159\u016f. Dnes v jeho \u010dele stoj\u00ed Monika a Helmut Taubenschussovi za vydatn\u00e9 pomoci a podpory jejich syn\u016f Markuse a Thomase.<\/p>\n<p>Ji\u017e na\u0161i p\u0159edci obhospoda\u0159ovali ty nejlep\u0161\u00ed vinice v okol\u00ed Poysdorfu. Na zhruba 20 hektarech plochy jsou vysazeny jen ty odr\u016fdy, kter\u00e9 dle polohy, podlo\u017e\u00ed a mikroklimatu zaru\u010duj\u00ed \u0161pi\u010dkovou kvalitu v\u00edn. D\u00edky tomu se na\u0161e vina\u0159stv\u00ed \u0159ad\u00ed mezi nejv\u00edce oce\u0148ovan\u00e9 v regionu!<\/p>\n<\/div>\n<\/div>\n<\/div>\n<\/div>\n<\/div>\n<p>[\/vc_column_text][\/vc_column_inner][\/vc_row_inner][\/vc_tta_section][vc_tta_section title=&#8220;Kontakt&#8220; tab_id=&#8220;kontakt&#8220;][vc_row_inner][vc_column_inner width=&#8220;1\/2&#8243;][vc_gmaps link=&#8220;#E-8_JTNDaWZyYW1lJTIwc3JjJTNEJTIyaHR0cHMlM0ElMkYlMkZ3d3cuZ29vZ2xlLmNvbSUyRm1hcHMlMkZlbWJlZCUzRnBiJTNEJTIxMW0xOCUyMTFtMTIlMjExbTMlMjExZDI2MzUuMDE3NDI1MzEzMjg3NyUyMTJkMTYuNjI4Njg1NjE2MDU5NDQ2JTIxM2Q0OC42NjY5MDk0NzkyNjkxNyUyMTJtMyUyMTFmMCUyMTJmMCUyMTNmMCUyMTNtMiUyMTFpMTAyNCUyMTJpNzY4JTIxNGYxMy4xJTIxM20zJTIxMW0yJTIxMXMweDQ3NmQyZmJkZDZiMDZmN2YlMjUzQTB4NjNiNDljNmI2ZjMyNzk1MCUyMTJzSyUyNUMzJTI1QjZybmVyZ2Fzc2UlMkIyJTI1MkMlMkIyMTcwJTJCUG95c2RvcmYlMjE1ZTAlMjEzbTIlMjExc2RlJTIxMnNhdCUyMTR2MTQ4ODk3Njc5NDM2NiUyMiUyMHdpZHRoJTNEJTIyNjAwJTIyJTIwaGVpZ2h0JTNEJTIyNDUwJTIyJTIwZnJhbWVib3JkZXIlM0QlMjIwJTIyJTIwc3R5bGUlM0QlMjJib3JkZXIlM0EwJTIyJTIwYWxsb3dmdWxsc2NyZWVuJTNFJTNDJTJGaWZyYW1lJTNF&#8220; size=&#8220;&#8220;][\/vc_column_inner][vc_column_inner width=&#8220;1\/2&#8243;][vc_column_text css=&#8220;.vc_custom_1488976706166{margin-bottom: 0px !important;}&#8220;]Weingut Taubenschuss<br \/>\nK\u00f6rnergasse 2<br \/>\n2170 Poysdorf<\/p>\n<p>Telefon: +43 676 \/ 70 35 328<br \/>\nEmail: <a href=\"mailto:weingut@taubenschuss.at\" target=\"_blank\" rel=\"noopener noreferrer\">weingut@taubenschuss.at<\/a><br \/>\n<a href=\"http:\/\/www.taubenschuss.at\" target=\"_blank\" rel=\"noopener noreferrer\">www.taubenschuss.at<\/a>[\/vc_column_text][\/vc_column_inner][\/vc_row_inner][\/vc_tta_section][\/vc_tta_tabs][\/vc_column][\/vc_row]<\/p>\n<\/div>","protected":false},"excerpt":{"rendered":"<p>[vc_row css=&#8220;.vc_custom_1485433309212{margin-bottom: 40px !important;}&#8220;][vc_column][vc_column_text css=&#8220;.vc_custom_1488976535197{margin-bottom: 20px !important;}&#8220;] Taubenschuss [\/vc_column_text][vc_tta_tabs style=&#8220;scalia-style-1&#8243; active_section=&#8220;1&#8243; no_fill_content_area=&#8220;true&#8220;][vc_tta_section title=&#8220;Popis&#8220; tab_id=&#8220;beschreibung&#8220;][vc_row_inner][vc_column_inner width=&#8220;1\/2&#8243;][vc_single_image image=&#8220;14286&#8243; img_size=&#8220;full&#8220; style=&#8220;vc_box_rounded&#8220;][vc_single_image image=&#8220;12749&#8243; img_size=&#8220;full&#8220;&#8230;<\/p>\n","protected":false},"author":2,"featured_media":12335,"parent":12091,"menu_order":0,"comment_status":"closed","ping_status":"closed","template":"","meta":{"footnotes":""},"class_list":["post-11939","page","type-page","status-publish","has-post-thumbnail","hentry"],"yoast_head":"<!-- This site is optimized with the Yoast SEO plugin v26.4 - https:\/\/yoast.com\/wordpress\/plugins\/seo\/ -->\n<title>Weingut Taubenschuss - Topwinzer der Region im Weinmarkt Poysdorf<\/title>\n<meta name=\"description\" content=\"Das Weingut Taubenschuss hat einige der besten Lagen rund um Poysdorf gesichert. Auf 20 ha Rebfl\u00e4che werden nur qualitativ hochwertige Sorten ausgepflanzt.\" \/>\n<meta name=\"robots\" content=\"index, follow, max-snippet:-1, max-image-preview:large, max-video-preview:-1\" \/>\n<link rel=\"canonical\" href=\"https:\/\/www.weinmarkt-poysdorf.at\/cs\/winzer-t-z\/taubenschuss\/\" \/>\n<meta property=\"og:locale\" content=\"cs_CZ\" \/>\n<meta property=\"og:type\" content=\"article\" \/>\n<meta property=\"og:title\" content=\"Weingut Taubenschuss - Topwinzer der Region im Weinmarkt Poysdorf\" \/>\n<meta property=\"og:description\" content=\"Das Weingut Taubenschuss hat einige der besten Lagen rund um Poysdorf gesichert. Auf 20 ha Rebfl\u00e4che werden nur qualitativ hochwertige Sorten ausgepflanzt.\" \/>\n<meta property=\"og:url\" content=\"https:\/\/www.weinmarkt-poysdorf.at\/cs\/winzer-t-z\/taubenschuss\/\" \/>\n<meta property=\"og:site_name\" content=\"Weinmarkt Poysdorf\" \/>\n<meta property=\"article:modified_time\" content=\"2022-04-28T10:29:33+00:00\" \/>\n<meta property=\"og:image\" content=\"https:\/\/www.weinmarkt-poysdorf.at\/wp-content\/uploads\/2017\/03\/logo_winzer_taubenschuss_weiss_v3.png\" \/>\n\t<meta property=\"og:image:width\" content=\"250\" \/>\n\t<meta property=\"og:image:height\" content=\"250\" \/>\n\t<meta property=\"og:image:type\" content=\"image\/png\" \/>\n<meta name=\"twitter:card\" content=\"summary_large_image\" \/>\n<meta name=\"twitter:label1\" content=\"Odhadovan\u00e1 doba \u010dten\u00ed\" \/>\n\t<meta name=\"twitter:data1\" content=\"6 minut\" \/>\n<script type=\"application\/ld+json\" class=\"yoast-schema-graph\">{\"@context\":\"https:\/\/schema.org\",\"@graph\":[{\"@type\":\"WebPage\",\"@id\":\"https:\/\/www.weinmarkt-poysdorf.at\/cs\/winzer-t-z\/taubenschuss\/\",\"url\":\"https:\/\/www.weinmarkt-poysdorf.at\/cs\/winzer-t-z\/taubenschuss\/\",\"name\":\"Weingut Taubenschuss - Topwinzer der Region im Weinmarkt Poysdorf\",\"isPartOf\":{\"@id\":\"https:\/\/www.weinmarkt-poysdorf.at\/cs\/#website\"},\"primaryImageOfPage\":{\"@id\":\"https:\/\/www.weinmarkt-poysdorf.at\/cs\/winzer-t-z\/taubenschuss\/#primaryimage\"},\"image\":{\"@id\":\"https:\/\/www.weinmarkt-poysdorf.at\/winzer-t-z\/taubenschuss\/#primaryimage\"},\"thumbnailUrl\":\"https:\/\/www.weinmarkt-poysdorf.at\/wp-content\/uploads\/2017\/03\/logo_winzer_taubenschuss_weiss_v3.png\",\"datePublished\":\"2017-03-08T12:47:33+00:00\",\"dateModified\":\"2022-04-28T10:29:33+00:00\",\"description\":\"Das Weingut Taubenschuss hat einige der besten Lagen rund um Poysdorf gesichert. Auf 20 ha Rebfl\u00e4che werden nur qualitativ hochwertige Sorten ausgepflanzt.\",\"breadcrumb\":{\"@id\":\"https:\/\/www.weinmarkt-poysdorf.at\/cs\/winzer-t-z\/taubenschuss\/#breadcrumb\"},\"inLanguage\":\"cs\",\"potentialAction\":[{\"@type\":\"ReadAction\",\"target\":[[\"https:\/\/www.weinmarkt-poysdorf.at\/cs\/winzer-t-z\/taubenschuss\/\"]]}]},{\"@type\":\"ImageObject\",\"inLanguage\":\"cs\",\"@id\":\"https:\/\/www.weinmarkt-poysdorf.at\/cs\/winzer-t-z\/taubenschuss\/#primaryimage\",\"url\":\"https:\/\/www.weinmarkt-poysdorf.at\/wp-content\/uploads\/2017\/03\/logo_winzer_taubenschuss_weiss_v3.png\",\"contentUrl\":\"https:\/\/www.weinmarkt-poysdorf.at\/wp-content\/uploads\/2017\/03\/logo_winzer_taubenschuss_weiss_v3.png\",\"width\":250,\"height\":250},{\"@type\":\"BreadcrumbList\",\"@id\":\"https:\/\/www.weinmarkt-poysdorf.at\/cs\/winzer-t-z\/taubenschuss\/#breadcrumb\",\"itemListElement\":[{\"@type\":\"ListItem\",\"position\":1,\"name\":\"Startseite\",\"item\":\"https:\/\/www.weinmarkt-poysdorf.at\/cs\/\"},{\"@type\":\"ListItem\",\"position\":2,\"name\":\"Winzer T &#8211; Z\",\"item\":\"https:\/\/www.weinmarkt-poysdorf.at\/cs\/winzer-t-z\/\"},{\"@type\":\"ListItem\",\"position\":3,\"name\":\"Taubenschuss\"}]},{\"@type\":\"WebSite\",\"@id\":\"https:\/\/www.weinmarkt-poysdorf.at\/cs\/#website\",\"url\":\"https:\/\/www.weinmarkt-poysdorf.at\/cs\/\",\"name\":\"Weinmarkt Poysdorf\",\"description\":\"Weine von 30 Winzern im Weinviertel\",\"potentialAction\":[{\"@type\":\"SearchAction\",\"target\":{\"@type\":\"EntryPoint\",\"urlTemplate\":\"https:\/\/www.weinmarkt-poysdorf.at\/cs\/?s={search_term_string}\"},\"query-input\":{\"@type\":\"PropertyValueSpecification\",\"valueRequired\":true,\"valueName\":\"search_term_string\"}}],\"inLanguage\":\"cs\"}]}<\/script>\n<!-- \/ Yoast SEO plugin. -->","yoast_head_json":{"title":"Weingut Taubenschuss - Topwinzer der Region im Weinmarkt Poysdorf","description":"Das Weingut Taubenschuss hat einige der besten Lagen rund um Poysdorf gesichert. Auf 20 ha Rebfl\u00e4che werden nur qualitativ hochwertige Sorten ausgepflanzt.","robots":{"index":"index","follow":"follow","max-snippet":"max-snippet:-1","max-image-preview":"max-image-preview:large","max-video-preview":"max-video-preview:-1"},"canonical":"https:\/\/www.weinmarkt-poysdorf.at\/cs\/winzer-t-z\/taubenschuss\/","og_locale":"cs_CZ","og_type":"article","og_title":"Weingut Taubenschuss - Topwinzer der Region im Weinmarkt Poysdorf","og_description":"Das Weingut Taubenschuss hat einige der besten Lagen rund um Poysdorf gesichert. Auf 20 ha Rebfl\u00e4che werden nur qualitativ hochwertige Sorten ausgepflanzt.","og_url":"https:\/\/www.weinmarkt-poysdorf.at\/cs\/winzer-t-z\/taubenschuss\/","og_site_name":"Weinmarkt Poysdorf","article_modified_time":"2022-04-28T10:29:33+00:00","og_image":[{"width":250,"height":250,"url":"https:\/\/www.weinmarkt-poysdorf.at\/wp-content\/uploads\/2017\/03\/logo_winzer_taubenschuss_weiss_v3.png","type":"image\/png"}],"twitter_card":"summary_large_image","twitter_misc":{"Odhadovan\u00e1 doba \u010dten\u00ed":"6 minut"},"schema":{"@context":"https:\/\/schema.org","@graph":[{"@type":"WebPage","@id":"https:\/\/www.weinmarkt-poysdorf.at\/cs\/winzer-t-z\/taubenschuss\/","url":"https:\/\/www.weinmarkt-poysdorf.at\/cs\/winzer-t-z\/taubenschuss\/","name":"Weingut Taubenschuss - Topwinzer der Region im Weinmarkt Poysdorf","isPartOf":{"@id":"https:\/\/www.weinmarkt-poysdorf.at\/cs\/#website"},"primaryImageOfPage":{"@id":"https:\/\/www.weinmarkt-poysdorf.at\/cs\/winzer-t-z\/taubenschuss\/#primaryimage"},"image":{"@id":"https:\/\/www.weinmarkt-poysdorf.at\/winzer-t-z\/taubenschuss\/#primaryimage"},"thumbnailUrl":"https:\/\/www.weinmarkt-poysdorf.at\/wp-content\/uploads\/2017\/03\/logo_winzer_taubenschuss_weiss_v3.png","datePublished":"2017-03-08T12:47:33+00:00","dateModified":"2022-04-28T10:29:33+00:00","description":"Das Weingut Taubenschuss hat einige der besten Lagen rund um Poysdorf gesichert. Auf 20 ha Rebfl\u00e4che werden nur qualitativ hochwertige Sorten ausgepflanzt.","breadcrumb":{"@id":"https:\/\/www.weinmarkt-poysdorf.at\/cs\/winzer-t-z\/taubenschuss\/#breadcrumb"},"inLanguage":"cs","potentialAction":[{"@type":"ReadAction","target":[["https:\/\/www.weinmarkt-poysdorf.at\/cs\/winzer-t-z\/taubenschuss\/"]]}]},{"@type":"ImageObject","inLanguage":"cs","@id":"https:\/\/www.weinmarkt-poysdorf.at\/cs\/winzer-t-z\/taubenschuss\/#primaryimage","url":"https:\/\/www.weinmarkt-poysdorf.at\/wp-content\/uploads\/2017\/03\/logo_winzer_taubenschuss_weiss_v3.png","contentUrl":"https:\/\/www.weinmarkt-poysdorf.at\/wp-content\/uploads\/2017\/03\/logo_winzer_taubenschuss_weiss_v3.png","width":250,"height":250},{"@type":"BreadcrumbList","@id":"https:\/\/www.weinmarkt-poysdorf.at\/cs\/winzer-t-z\/taubenschuss\/#breadcrumb","itemListElement":[{"@type":"ListItem","position":1,"name":"Startseite","item":"https:\/\/www.weinmarkt-poysdorf.at\/cs\/"},{"@type":"ListItem","position":2,"name":"Winzer T &#8211; Z","item":"https:\/\/www.weinmarkt-poysdorf.at\/cs\/winzer-t-z\/"},{"@type":"ListItem","position":3,"name":"Taubenschuss"}]},{"@type":"WebSite","@id":"https:\/\/www.weinmarkt-poysdorf.at\/cs\/#website","url":"https:\/\/www.weinmarkt-poysdorf.at\/cs\/","name":"Weinmarkt Poysdorf","description":"Weine von 30 Winzern im Weinviertel","potentialAction":[{"@type":"SearchAction","target":{"@type":"EntryPoint","urlTemplate":"https:\/\/www.weinmarkt-poysdorf.at\/cs\/?s={search_term_string}"},"query-input":{"@type":"PropertyValueSpecification","valueRequired":true,"valueName":"search_term_string"}}],"inLanguage":"cs"}]}},"_links":{"self":[{"href":"https:\/\/www.weinmarkt-poysdorf.at\/cs\/wp-json\/wp\/v2\/pages\/11939","targetHints":{"allow":["GET"]}}],"collection":[{"href":"https:\/\/www.weinmarkt-poysdorf.at\/cs\/wp-json\/wp\/v2\/pages"}],"about":[{"href":"https:\/\/www.weinmarkt-poysdorf.at\/cs\/wp-json\/wp\/v2\/types\/page"}],"author":[{"embeddable":true,"href":"https:\/\/www.weinmarkt-poysdorf.at\/cs\/wp-json\/wp\/v2\/users\/2"}],"replies":[{"embeddable":true,"href":"https:\/\/www.weinmarkt-poysdorf.at\/cs\/wp-json\/wp\/v2\/comments?post=11939"}],"version-history":[{"count":25,"href":"https:\/\/www.weinmarkt-poysdorf.at\/cs\/wp-json\/wp\/v2\/pages\/11939\/revisions"}],"predecessor-version":[{"id":14675,"href":"https:\/\/www.weinmarkt-poysdorf.at\/cs\/wp-json\/wp\/v2\/pages\/11939\/revisions\/14675"}],"up":[{"embeddable":true,"href":"https:\/\/www.weinmarkt-poysdorf.at\/cs\/wp-json\/wp\/v2\/pages\/12091"}],"wp:featuredmedia":[{"embeddable":true,"href":"https:\/\/www.weinmarkt-poysdorf.at\/cs\/wp-json\/wp\/v2\/media\/12335"}],"wp:attachment":[{"href":"https:\/\/www.weinmarkt-poysdorf.at\/cs\/wp-json\/wp\/v2\/media?parent=11939"}],"curies":[{"name":"wp","href":"https:\/\/api.w.org\/{rel}","templated":true}]}}