{"id":11918,"date":"2017-03-08T13:07:25","date_gmt":"2017-03-08T12:07:25","guid":{"rendered":"http:\/\/weinmarkt-poysdorf.at.cloud3-vm432.de-nserver.de\/?page_id=11918"},"modified":"2026-02-12T16:41:00","modified_gmt":"2026-02-12T15:41:00","slug":"strobl-christoph","status":"publish","type":"page","link":"https:\/\/www.weinmarkt-poysdorf.at\/cs\/winzer-p-s\/strobl-christoph\/","title":{"rendered":"Strobl Christoph"},"content":{"rendered":"<div class=\"wpb-content-wrapper\"><p>[vc_row css=&#8220;.vc_custom_1485433309212{margin-bottom: 40px !important;}&#8220;][vc_column][vc_column_text css=&#8220;.vc_custom_1696665248950{margin-bottom: 20px !important;}&#8220;]<\/p>\n<h3>Strobl Christoph<\/h3>\n<p>[\/vc_column_text][vc_tta_tabs style=&#8220;scalia-style-1&#8243; active_section=&#8220;1&#8243; no_fill_content_area=&#8220;true&#8220;][vc_tta_section title=&#8220;Popis&#8220; tab_id=&#8220;beschreibung&#8220;][vc_row_inner][vc_column_inner width=&#8220;1\/2&#8243;][vc_single_image image=&#8220;14471&#8243; img_size=&#8220;full&#8220; style=&#8220;vc_box_rounded&#8220;]<a class=\"sc-button \"  href=\"https:\/\/shop.weinmarkt-poysdorf.at\/weingut-marke\/strobl_j\" target=\"_blank\" style=\"\">Na\u0161e v\u00edna<\/a>[vc_single_image image=&#8220;14470&#8243; img_size=&#8220;full&#8220; css=&#8220;.vc_custom_1633783751445{margin-bottom: 0px !important;}&#8220;][\/vc_column_inner][vc_column_inner width=&#8220;1\/2&#8243;][vc_column_text css=&#8220;.vc_custom_1696665273329{margin-bottom: 0px !important;}&#8220;]<strong>Vina\u0159stv\u00ed Strobl Christoph<br \/>\n<\/strong><\/p>\n<p>Na\u0161e vina\u0159stv\u00ed najdete ve vina\u0159sk\u00e9m m\u011bste\u010dku Poysdorf, kter\u00e9 se nach\u00e1z\u00ed v m\u00edrn\u011b zvln\u011bn\u00e9 krajin\u011b Weinviertelu asi 60 km severn\u011b od V\u00eddn\u011b.<\/p>\n<p>Na\u0161e vina\u0159stv\u00ed je vedeno a spravov\u00e1no jako rodinn\u00fd podnik ji\u017e od roku 1746. Dnes m\u00e1 ka\u017ed\u00fd \u010dlen rodiny v ka\u017edodenn\u00ed pr\u00e1ci svou vlastn\u00ed oblast odpov\u011bdnosti. Ve vina\u0159sk\u00e9 rodin\u011b Strobl je velmi d\u016fle\u017eit\u00e1 soudr\u017enost a &#8222;tah\u00e1n\u00ed za jeden provaz&#8220;.<\/p>\n<p>Na\u0161\u00ed filozofi\u00ed je p\u0159in\u00e1\u0161et do lahv\u00ed v\u00fdrazn\u00e1 a osobit\u00e1 v\u00edna z rodinn\u00fdch vinic Poysdorf.<\/p>\n<p>Podle hesla &#8222;v\u00edno vznik\u00e1 ji\u017e na vinici&#8220; je na\u0161\u00ed hlavn\u00ed prioritou p\u0159iv\u00e1d\u011bt k lisu pouze zdrav\u00e9 zral\u00e9 hrozny.<\/p>\n<p>Koneckonc\u016f z\u00e1klady dobr\u00e9 kvality v\u00edna jsou polo\u017eeny na vinici.<\/p>\n<p>Proto m\u00e1 p\u00e9\u010de o na\u0161e vinice absolutn\u00ed prioritu.<\/p>\n<p>Zvl\u00e1\u0161tn\u00ed sv\u011b\u017eest, ovocnost a p\u0159edev\u0161\u00edm jedine\u010dnost na\u0161ich v\u00edn se vyzna\u010duje p\u0159edev\u0161\u00edm jejich stravitelnost\u00ed.[\/vc_column_text][\/vc_column_inner][\/vc_row_inner][\/vc_tta_section][vc_tta_section title=&#8220;Kontakt&#8220; tab_id=&#8220;kontakt&#8220;][vc_row_inner][vc_column_inner width=&#8220;1\/2&#8243;][vc_gmaps link=&#8220;#E-8_JTNDaWZyYW1lJTIwc3JjJTNEJTIyaHR0cHMlM0ElMkYlMkZ3d3cuZ29vZ2xlLmNvbSUyRm1hcHMlMkZlbWJlZCUzRnBiJTNEJTIxMW0xOCUyMTFtMTIlMjExbTMlMjExZDI2MzUuMDE1Njc4ODkxMDk3JTIxMmQxNi42MjMyNDgwMTYwNTk0NjMlMjEzZDQ4LjY2Njk0Mjg3OTI2OTIlMjEybTMlMjExZjAlMjEyZjAlMjEzZjAlMjEzbTIlMjExaTEwMjQlMjEyaTc2OCUyMTRmMTMuMSUyMTNtMyUyMTFtMiUyMTFzMHg0NzZkMmZiZmJmMmIwYmE5JTI1M0EweGYwNTJkMTkxZGFjNmZiMmQlMjEyc0xhYWVyJTJCU3RyLiUyQjI5JTI1MkMlMkIyMTcwJTJCUG95c2RvcmYlMjE1ZTAlMjEzbTIlMjExc2RlJTIxMnNhdCUyMTR2MTQ4ODk3NTA4Mjg2NCUyMiUyMHdpZHRoJTNEJTIyNjAwJTIyJTIwaGVpZ2h0JTNEJTIyNDUwJTIyJTIwZnJhbWVib3JkZXIlM0QlMjIwJTIyJTIwc3R5bGUlM0QlMjJib3JkZXIlM0EwJTIyJTIwYWxsb3dmdWxsc2NyZWVuJTNFJTNDJTJGaWZyYW1lJTNF&#8220; size=&#8220;&#8220;][\/vc_column_inner][vc_column_inner width=&#8220;1\/2&#8243;][vc_column_text css=&#8220;.vc_custom_1696666748700{margin-bottom: 0px !important;}&#8220;]Weingut Strobl Christoph<br \/>\nLaaerstr.29<br \/>\n2170 Poysdorf<\/p>\n<p>Mobil: +43 664\/4565228<br \/>\nEmail: <a href=\"office@strobl-weingut.at\">office@strobl-weingut.at<\/a><br \/>\n<a href=\"http:\/\/www.strobl-weingut.at\" target=\"_blank\" rel=\"noopener noreferrer\">www.strobl-weingut.at<\/a>[\/vc_column_text][\/vc_column_inner][\/vc_row_inner][\/vc_tta_section][\/vc_tta_tabs][\/vc_column][\/vc_row]<\/p>\n<\/div>","protected":false},"excerpt":{"rendered":"<p>[vc_row css=&#8220;.vc_custom_1485433309212{margin-bottom: 40px !important;}&#8220;][vc_column][vc_column_text css=&#8220;.vc_custom_1696665248950{margin-bottom: 20px !important;}&#8220;] Strobl Christoph [\/vc_column_text][vc_tta_tabs style=&#8220;scalia-style-1&#8243; active_section=&#8220;1&#8243; no_fill_content_area=&#8220;true&#8220;][vc_tta_section title=&#8220;Popis&#8220; tab_id=&#8220;beschreibung&#8220;][vc_row_inner][vc_column_inner width=&#8220;1\/2&#8243;][vc_single_image image=&#8220;14471&#8243; img_size=&#8220;full&#8220; style=&#8220;vc_box_rounded&#8220;][vc_single_image image=&#8220;14470&#8243;&#8230;<\/p>\n","protected":false},"author":2,"featured_media":12333,"parent":12087,"menu_order":0,"comment_status":"closed","ping_status":"closed","template":"","meta":{"footnotes":""},"class_list":["post-11918","page","type-page","status-publish","has-post-thumbnail","hentry"],"yoast_head":"<!-- This site is optimized with the Yoast SEO plugin v26.4 - https:\/\/yoast.com\/wordpress\/plugins\/seo\/ -->\n<title>Weingut Strobl Christoph - Topwinzer der Region im Weinmarkt Poysdorf<\/title>\n<meta name=\"description\" content=\"Das Weingut Strobl Christoph wird als Familienbetrieb gef\u00fchrt. Die ersten urkundlichen Aufzeichnungen der STROBL\u2019s stammen aus dem Jahre 1746.\" \/>\n<meta name=\"robots\" content=\"index, follow, max-snippet:-1, max-image-preview:large, max-video-preview:-1\" \/>\n<link rel=\"canonical\" href=\"https:\/\/www.weinmarkt-poysdorf.at\/cs\/winzer-p-s\/strobl-christoph\/\" \/>\n<meta property=\"og:locale\" content=\"cs_CZ\" \/>\n<meta property=\"og:type\" content=\"article\" \/>\n<meta property=\"og:title\" content=\"Weingut Strobl Christoph - Topwinzer der Region im Weinmarkt Poysdorf\" \/>\n<meta property=\"og:description\" content=\"Das Weingut Strobl Christoph wird als Familienbetrieb gef\u00fchrt. Die ersten urkundlichen Aufzeichnungen der STROBL\u2019s stammen aus dem Jahre 1746.\" \/>\n<meta property=\"og:url\" content=\"https:\/\/www.weinmarkt-poysdorf.at\/cs\/winzer-p-s\/strobl-christoph\/\" \/>\n<meta property=\"og:site_name\" content=\"Weinmarkt Poysdorf\" \/>\n<meta property=\"article:modified_time\" content=\"2026-02-12T15:41:00+00:00\" \/>\n<meta property=\"og:image\" content=\"https:\/\/www.weinmarkt-poysdorf.at\/wp-content\/uploads\/2017\/03\/logo_winzer_strobl-josef_weiss_v3.png\" \/>\n\t<meta property=\"og:image:width\" content=\"250\" \/>\n\t<meta property=\"og:image:height\" content=\"250\" \/>\n\t<meta property=\"og:image:type\" content=\"image\/png\" \/>\n<meta name=\"twitter:card\" content=\"summary_large_image\" \/>\n<meta name=\"twitter:label1\" content=\"Odhadovan\u00e1 doba \u010dten\u00ed\" \/>\n\t<meta name=\"twitter:data1\" content=\"2 minuty\" \/>\n<script type=\"application\/ld+json\" class=\"yoast-schema-graph\">{\"@context\":\"https:\/\/schema.org\",\"@graph\":[{\"@type\":\"WebPage\",\"@id\":\"https:\/\/www.weinmarkt-poysdorf.at\/cs\/winzer-p-s\/strobl-christoph\/\",\"url\":\"https:\/\/www.weinmarkt-poysdorf.at\/cs\/winzer-p-s\/strobl-christoph\/\",\"name\":\"Weingut Strobl Christoph - Topwinzer der Region im Weinmarkt Poysdorf\",\"isPartOf\":{\"@id\":\"https:\/\/www.weinmarkt-poysdorf.at\/cs\/#website\"},\"primaryImageOfPage\":{\"@id\":\"https:\/\/www.weinmarkt-poysdorf.at\/cs\/winzer-p-s\/strobl-christoph\/#primaryimage\"},\"image\":{\"@id\":\"https:\/\/www.weinmarkt-poysdorf.at\/winzer-p-s\/strobl-christoph\/#primaryimage\"},\"thumbnailUrl\":\"https:\/\/www.weinmarkt-poysdorf.at\/wp-content\/uploads\/2017\/03\/logo_winzer_strobl-josef_weiss_v3.png\",\"datePublished\":\"2017-03-08T12:07:25+00:00\",\"dateModified\":\"2026-02-12T15:41:00+00:00\",\"description\":\"Das Weingut Strobl Christoph wird als Familienbetrieb gef\u00fchrt. Die ersten urkundlichen Aufzeichnungen der STROBL\u2019s stammen aus dem Jahre 1746.\",\"breadcrumb\":{\"@id\":\"https:\/\/www.weinmarkt-poysdorf.at\/cs\/winzer-p-s\/strobl-christoph\/#breadcrumb\"},\"inLanguage\":\"cs\",\"potentialAction\":[{\"@type\":\"ReadAction\",\"target\":[[\"https:\/\/www.weinmarkt-poysdorf.at\/cs\/winzer-p-s\/strobl-christoph\/\"]]}]},{\"@type\":\"ImageObject\",\"inLanguage\":\"cs\",\"@id\":\"https:\/\/www.weinmarkt-poysdorf.at\/cs\/winzer-p-s\/strobl-christoph\/#primaryimage\",\"url\":\"https:\/\/www.weinmarkt-poysdorf.at\/wp-content\/uploads\/2017\/03\/logo_winzer_strobl-josef_weiss_v3.png\",\"contentUrl\":\"https:\/\/www.weinmarkt-poysdorf.at\/wp-content\/uploads\/2017\/03\/logo_winzer_strobl-josef_weiss_v3.png\",\"width\":250,\"height\":250},{\"@type\":\"BreadcrumbList\",\"@id\":\"https:\/\/www.weinmarkt-poysdorf.at\/cs\/winzer-p-s\/strobl-christoph\/#breadcrumb\",\"itemListElement\":[{\"@type\":\"ListItem\",\"position\":1,\"name\":\"Startseite\",\"item\":\"https:\/\/www.weinmarkt-poysdorf.at\/cs\/\"},{\"@type\":\"ListItem\",\"position\":2,\"name\":\"Winzer P &#8211; S\",\"item\":\"https:\/\/www.weinmarkt-poysdorf.at\/cs\/winzer-p-s\/\"},{\"@type\":\"ListItem\",\"position\":3,\"name\":\"Strobl Christoph\"}]},{\"@type\":\"WebSite\",\"@id\":\"https:\/\/www.weinmarkt-poysdorf.at\/cs\/#website\",\"url\":\"https:\/\/www.weinmarkt-poysdorf.at\/cs\/\",\"name\":\"Weinmarkt Poysdorf\",\"description\":\"Weine von 30 Winzern im Weinviertel\",\"potentialAction\":[{\"@type\":\"SearchAction\",\"target\":{\"@type\":\"EntryPoint\",\"urlTemplate\":\"https:\/\/www.weinmarkt-poysdorf.at\/cs\/?s={search_term_string}\"},\"query-input\":{\"@type\":\"PropertyValueSpecification\",\"valueRequired\":true,\"valueName\":\"search_term_string\"}}],\"inLanguage\":\"cs\"}]}<\/script>\n<!-- \/ Yoast SEO plugin. -->","yoast_head_json":{"title":"Weingut Strobl Christoph - Topwinzer der Region im Weinmarkt Poysdorf","description":"Das Weingut Strobl Christoph wird als Familienbetrieb gef\u00fchrt. Die ersten urkundlichen Aufzeichnungen der STROBL\u2019s stammen aus dem Jahre 1746.","robots":{"index":"index","follow":"follow","max-snippet":"max-snippet:-1","max-image-preview":"max-image-preview:large","max-video-preview":"max-video-preview:-1"},"canonical":"https:\/\/www.weinmarkt-poysdorf.at\/cs\/winzer-p-s\/strobl-christoph\/","og_locale":"cs_CZ","og_type":"article","og_title":"Weingut Strobl Christoph - Topwinzer der Region im Weinmarkt Poysdorf","og_description":"Das Weingut Strobl Christoph wird als Familienbetrieb gef\u00fchrt. Die ersten urkundlichen Aufzeichnungen der STROBL\u2019s stammen aus dem Jahre 1746.","og_url":"https:\/\/www.weinmarkt-poysdorf.at\/cs\/winzer-p-s\/strobl-christoph\/","og_site_name":"Weinmarkt Poysdorf","article_modified_time":"2026-02-12T15:41:00+00:00","og_image":[{"width":250,"height":250,"url":"https:\/\/www.weinmarkt-poysdorf.at\/wp-content\/uploads\/2017\/03\/logo_winzer_strobl-josef_weiss_v3.png","type":"image\/png"}],"twitter_card":"summary_large_image","twitter_misc":{"Odhadovan\u00e1 doba \u010dten\u00ed":"2 minuty"},"schema":{"@context":"https:\/\/schema.org","@graph":[{"@type":"WebPage","@id":"https:\/\/www.weinmarkt-poysdorf.at\/cs\/winzer-p-s\/strobl-christoph\/","url":"https:\/\/www.weinmarkt-poysdorf.at\/cs\/winzer-p-s\/strobl-christoph\/","name":"Weingut Strobl Christoph - Topwinzer der Region im Weinmarkt Poysdorf","isPartOf":{"@id":"https:\/\/www.weinmarkt-poysdorf.at\/cs\/#website"},"primaryImageOfPage":{"@id":"https:\/\/www.weinmarkt-poysdorf.at\/cs\/winzer-p-s\/strobl-christoph\/#primaryimage"},"image":{"@id":"https:\/\/www.weinmarkt-poysdorf.at\/winzer-p-s\/strobl-christoph\/#primaryimage"},"thumbnailUrl":"https:\/\/www.weinmarkt-poysdorf.at\/wp-content\/uploads\/2017\/03\/logo_winzer_strobl-josef_weiss_v3.png","datePublished":"2017-03-08T12:07:25+00:00","dateModified":"2026-02-12T15:41:00+00:00","description":"Das Weingut Strobl Christoph wird als Familienbetrieb gef\u00fchrt. Die ersten urkundlichen Aufzeichnungen der STROBL\u2019s stammen aus dem Jahre 1746.","breadcrumb":{"@id":"https:\/\/www.weinmarkt-poysdorf.at\/cs\/winzer-p-s\/strobl-christoph\/#breadcrumb"},"inLanguage":"cs","potentialAction":[{"@type":"ReadAction","target":[["https:\/\/www.weinmarkt-poysdorf.at\/cs\/winzer-p-s\/strobl-christoph\/"]]}]},{"@type":"ImageObject","inLanguage":"cs","@id":"https:\/\/www.weinmarkt-poysdorf.at\/cs\/winzer-p-s\/strobl-christoph\/#primaryimage","url":"https:\/\/www.weinmarkt-poysdorf.at\/wp-content\/uploads\/2017\/03\/logo_winzer_strobl-josef_weiss_v3.png","contentUrl":"https:\/\/www.weinmarkt-poysdorf.at\/wp-content\/uploads\/2017\/03\/logo_winzer_strobl-josef_weiss_v3.png","width":250,"height":250},{"@type":"BreadcrumbList","@id":"https:\/\/www.weinmarkt-poysdorf.at\/cs\/winzer-p-s\/strobl-christoph\/#breadcrumb","itemListElement":[{"@type":"ListItem","position":1,"name":"Startseite","item":"https:\/\/www.weinmarkt-poysdorf.at\/cs\/"},{"@type":"ListItem","position":2,"name":"Winzer P &#8211; S","item":"https:\/\/www.weinmarkt-poysdorf.at\/cs\/winzer-p-s\/"},{"@type":"ListItem","position":3,"name":"Strobl Christoph"}]},{"@type":"WebSite","@id":"https:\/\/www.weinmarkt-poysdorf.at\/cs\/#website","url":"https:\/\/www.weinmarkt-poysdorf.at\/cs\/","name":"Weinmarkt Poysdorf","description":"Weine von 30 Winzern im Weinviertel","potentialAction":[{"@type":"SearchAction","target":{"@type":"EntryPoint","urlTemplate":"https:\/\/www.weinmarkt-poysdorf.at\/cs\/?s={search_term_string}"},"query-input":{"@type":"PropertyValueSpecification","valueRequired":true,"valueName":"search_term_string"}}],"inLanguage":"cs"}]}},"_links":{"self":[{"href":"https:\/\/www.weinmarkt-poysdorf.at\/cs\/wp-json\/wp\/v2\/pages\/11918","targetHints":{"allow":["GET"]}}],"collection":[{"href":"https:\/\/www.weinmarkt-poysdorf.at\/cs\/wp-json\/wp\/v2\/pages"}],"about":[{"href":"https:\/\/www.weinmarkt-poysdorf.at\/cs\/wp-json\/wp\/v2\/types\/page"}],"author":[{"embeddable":true,"href":"https:\/\/www.weinmarkt-poysdorf.at\/cs\/wp-json\/wp\/v2\/users\/2"}],"replies":[{"embeddable":true,"href":"https:\/\/www.weinmarkt-poysdorf.at\/cs\/wp-json\/wp\/v2\/comments?post=11918"}],"version-history":[{"count":32,"href":"https:\/\/www.weinmarkt-poysdorf.at\/cs\/wp-json\/wp\/v2\/pages\/11918\/revisions"}],"predecessor-version":[{"id":15412,"href":"https:\/\/www.weinmarkt-poysdorf.at\/cs\/wp-json\/wp\/v2\/pages\/11918\/revisions\/15412"}],"up":[{"embeddable":true,"href":"https:\/\/www.weinmarkt-poysdorf.at\/cs\/wp-json\/wp\/v2\/pages\/12087"}],"wp:featuredmedia":[{"embeddable":true,"href":"https:\/\/www.weinmarkt-poysdorf.at\/cs\/wp-json\/wp\/v2\/media\/12333"}],"wp:attachment":[{"href":"https:\/\/www.weinmarkt-poysdorf.at\/cs\/wp-json\/wp\/v2\/media?parent=11918"}],"curies":[{"name":"wp","href":"https:\/\/api.w.org\/{rel}","templated":true}]}}