{"id":11884,"date":"2017-03-08T11:43:15","date_gmt":"2017-03-08T10:43:15","guid":{"rendered":"http:\/\/weinmarkt-poysdorf.at.cloud3-vm432.de-nserver.de\/?page_id=11884"},"modified":"2022-04-28T12:07:58","modified_gmt":"2022-04-28T10:07:58","slug":"schuckert-rainer","status":"publish","type":"page","link":"https:\/\/www.weinmarkt-poysdorf.at\/cs\/winzer-p-s\/schuckert-rainer\/","title":{"rendered":"Schuckert Rainer"},"content":{"rendered":"<div class=\"wpb-content-wrapper\"><p>[vc_row css=&#8220;.vc_custom_1485433309212{margin-bottom: 40px !important;}&#8220;][vc_column][vc_column_text css=&#8220;.vc_custom_1488969354792{margin-bottom: 20px !important;}&#8220;]<\/p>\n<h3>Schuckert Rainer<\/h3>\n<p>[\/vc_column_text][vc_tta_tabs style=&#8220;scalia-style-1&#8243; active_section=&#8220;1&#8243; no_fill_content_area=&#8220;true&#8220;][vc_tta_section title=&#8220;Popis&#8220; tab_id=&#8220;beschreibung&#8220;][vc_row_inner][vc_column_inner width=&#8220;1\/2&#8243;][vc_single_image image=&#8220;11890&#8243; img_size=&#8220;full&#8220; style=&#8220;vc_box_rounded&#8220;]<a class=\"sc-button \"  href=\"https:\/\/shop.weinmarkt-poysdorf.at\/weingut-marke\/schuckert_r\" target=\"_blank\" style=\"\">Na\u0161e v\u00edna<\/a>[vc_single_image image=&#8220;12045&#8243; img_size=&#8220;full&#8220; css=&#8220;.vc_custom_1489047150810{margin-bottom: 0px !important;}&#8220;][\/vc_column_inner][vc_column_inner width=&#8220;1\/2&#8243;][vc_column_text css=&#8220;.vc_custom_1495110862420{margin-bottom: 0px !important;}&#8220;]<strong>Vina\u0159stv\u00ed Schuckert<\/strong><\/p>\n<p>Vina\u0159stv\u00ed nach\u00e1zej\u00edc\u00ed se v Poysdorfu \u2013 v \u201erakousk\u00e9m hlavn\u00edm m\u011bst\u011b v\u00edna\u201c \u2013 je vedeno jako rodinn\u00fd podnik. 30 vinic na svaz\u00edch kolem Poysdorfu tvo\u0159\u00ed z\u00e1klad pro typick\u00e1 v\u00edna s jedine\u010dn\u00fdm charakterem.<\/p>\n<p>V na\u0161em vina\u0159stv\u00ed jsou samoz\u0159ejmost\u00ed selekce hrozn\u016f na vinici a \u0159\u00edzen\u00e9 kva\u0161en\u00ed, kter\u00e9 zaru\u010duj\u00ed vysokou kvalitu v\u00edna. Nejv\u011bt\u0161\u00ed p\u00e9\u010di v\u011bnujeme Veltl\u00ednsk\u00e9mu zelen\u00e9mu, a to ve v\u0161ech f\u00e1z\u00edch p\u011bstov\u00e1n\u00ed a v\u00fdroby, abychom tak reprezentovali jedine\u010dnost t\u00e9to odr\u016fdy a obrovsk\u00fd potenci\u00e1l zdej\u0161\u00ed oblasti.<\/p>\n<p>I Vla\u0161sk\u00fd ryzlink pova\u017euje rodina Schuckertov\u00fdch za velmi perspektivn\u00ed odr\u016fdu pro sv\u00e9 vina\u0159stv\u00ed. \u201eVla\u0161sk\u00fd ryzlink je d\u00edky sv\u00e9mu sv\u011b\u017e\u00edmu charakteru s v\u00fdraznou ovocnatost\u00ed a elegantn\u00edmi, pro tuto oblast typick\u00fdmi kyselinkami velice obl\u00edben\u00fd u z\u00e1kazn\u00edk\u016f jako lehk\u00e9 a dob\u0159e konzumovateln\u00e9 v\u00edno,\u201c uv\u00e1d\u00ed Rainer Schuckert.[\/vc_column_text][\/vc_column_inner][\/vc_row_inner][\/vc_tta_section][vc_tta_section title=&#8220;Kontakt&#8220; tab_id=&#8220;kontakt&#8220;][vc_row_inner][vc_column_inner width=&#8220;1\/2&#8243;][vc_gmaps link=&#8220;#E-8_JTNDaWZyYW1lJTIwc3JjJTNEJTIyaHR0cHMlM0ElMkYlMkZ3d3cuZ29vZ2xlLmNvbSUyRm1hcHMlMkZlbWJlZCUzRnBiJTNEJTIxMW0xOCUyMTFtMTIlMjExbTMlMjExZDI2MzQuOTE2OTY3OTgwMTcyNiUyMTJkMTYuNjA3MzU1MjE2MDU5NTY3JTIxM2Q0OC42Njg4MzA2NzkyNjk0MSUyMTJtMyUyMTFmMCUyMTJmMCUyMTNmMCUyMTNtMiUyMTFpMTAyNCUyMTJpNzY4JTIxNGYxMy4xJTIxM20zJTIxMW0yJTIxMXMweDQ3NmQyZmRkNGI1ZjZjNjMlMjUzQTB4ZWMyMDJhMDQwNzU3ZDMyMyUyMTJzV2lsaGVsbXNkb3JmZXIlMkJTdHIuJTJCNDAlMjUyQyUyQjIxNzAlMjE1ZTAlMjEzbTIlMjExc2RlJTIxMnNhdCUyMTR2MTQ4ODk2OTUzODc0MCUyMiUyMHdpZHRoJTNEJTIyNjAwJTIyJTIwaGVpZ2h0JTNEJTIyNDUwJTIyJTIwZnJhbWVib3JkZXIlM0QlMjIwJTIyJTIwc3R5bGUlM0QlMjJib3JkZXIlM0EwJTIyJTIwYWxsb3dmdWxsc2NyZWVuJTNFJTNDJTJGaWZyYW1lJTNF&#8220; size=&#8220;&#8220;][\/vc_column_inner][vc_column_inner width=&#8220;1\/2&#8243;][vc_column_text css=&#8220;.vc_custom_1488969488505{margin-bottom: 0px !important;}&#8220;]Weingut Schuckert<br \/>\nWilhelmsdorferstra\u00dfe 40<br \/>\n2170 Poysdorf<\/p>\n<p>Telefon: +43 2552 2389<br \/>\nMobil: +43 699 107 028 16<br \/>\nEmail: <a href=\"mailto:weingut@schuckert.com\" target=\"_blank\" rel=\"noopener noreferrer\">weingut@schuckert.com<\/a><br \/>\n<a href=\"http:\/\/www.schuckert.com\" target=\"_blank\" rel=\"noopener noreferrer\">www.schuckert.com<\/a>[\/vc_column_text][\/vc_column_inner][\/vc_row_inner][\/vc_tta_section][\/vc_tta_tabs][\/vc_column][\/vc_row]<\/p>\n<\/div>","protected":false},"excerpt":{"rendered":"<p>[vc_row css=&#8220;.vc_custom_1485433309212{margin-bottom: 40px !important;}&#8220;][vc_column][vc_column_text css=&#8220;.vc_custom_1488969354792{margin-bottom: 20px !important;}&#8220;] Schuckert Rainer [\/vc_column_text][vc_tta_tabs style=&#8220;scalia-style-1&#8243; active_section=&#8220;1&#8243; no_fill_content_area=&#8220;true&#8220;][vc_tta_section title=&#8220;Popis&#8220; tab_id=&#8220;beschreibung&#8220;][vc_row_inner][vc_column_inner width=&#8220;1\/2&#8243;][vc_single_image image=&#8220;11890&#8243; img_size=&#8220;full&#8220; style=&#8220;vc_box_rounded&#8220;][vc_single_image image=&#8220;12045&#8243;&#8230;<\/p>\n","protected":false},"author":2,"featured_media":12331,"parent":12087,"menu_order":0,"comment_status":"closed","ping_status":"closed","template":"","meta":{"footnotes":""},"class_list":["post-11884","page","type-page","status-publish","has-post-thumbnail","hentry"],"yoast_head":"<!-- This site is optimized with the Yoast SEO plugin v26.4 - https:\/\/yoast.com\/wordpress\/plugins\/seo\/ -->\n<title>Weingut Schuckert Rainer - Topwinzer der Region im Weinmarkt Poysdorf<\/title>\n<meta name=\"description\" content=\"Das Weingut Schuckert Rainer aus Poysdorf wird als Familienbetrieb gef\u00fchrt. Das Weingut umfasst 30 Einzellagen in den Weinh\u00fcgeln rund um Poysdorf.\" \/>\n<meta name=\"robots\" content=\"index, follow, max-snippet:-1, max-image-preview:large, max-video-preview:-1\" \/>\n<link rel=\"canonical\" href=\"https:\/\/www.weinmarkt-poysdorf.at\/cs\/winzer-p-s\/schuckert-rainer\/\" \/>\n<meta property=\"og:locale\" content=\"cs_CZ\" \/>\n<meta property=\"og:type\" content=\"article\" \/>\n<meta property=\"og:title\" content=\"Weingut Schuckert Rainer - Topwinzer der Region im Weinmarkt Poysdorf\" \/>\n<meta property=\"og:description\" content=\"Das Weingut Schuckert Rainer aus Poysdorf wird als Familienbetrieb gef\u00fchrt. Das Weingut umfasst 30 Einzellagen in den Weinh\u00fcgeln rund um Poysdorf.\" \/>\n<meta property=\"og:url\" content=\"https:\/\/www.weinmarkt-poysdorf.at\/cs\/winzer-p-s\/schuckert-rainer\/\" \/>\n<meta property=\"og:site_name\" content=\"Weinmarkt Poysdorf\" \/>\n<meta property=\"article:modified_time\" content=\"2022-04-28T10:07:58+00:00\" \/>\n<meta property=\"og:image\" content=\"https:\/\/www.weinmarkt-poysdorf.at\/wp-content\/uploads\/2017\/03\/logo_winzer_schuckert-rainer_weiss_v3.png\" \/>\n\t<meta property=\"og:image:width\" content=\"250\" \/>\n\t<meta property=\"og:image:height\" content=\"250\" \/>\n\t<meta property=\"og:image:type\" content=\"image\/png\" \/>\n<meta name=\"twitter:card\" content=\"summary_large_image\" \/>\n<meta name=\"twitter:label1\" content=\"Odhadovan\u00e1 doba \u010dten\u00ed\" \/>\n\t<meta name=\"twitter:data1\" content=\"6 minut\" \/>\n<script type=\"application\/ld+json\" class=\"yoast-schema-graph\">{\"@context\":\"https:\/\/schema.org\",\"@graph\":[{\"@type\":\"WebPage\",\"@id\":\"https:\/\/www.weinmarkt-poysdorf.at\/cs\/winzer-p-s\/schuckert-rainer\/\",\"url\":\"https:\/\/www.weinmarkt-poysdorf.at\/cs\/winzer-p-s\/schuckert-rainer\/\",\"name\":\"Weingut Schuckert Rainer - Topwinzer der Region im Weinmarkt Poysdorf\",\"isPartOf\":{\"@id\":\"https:\/\/www.weinmarkt-poysdorf.at\/cs\/#website\"},\"primaryImageOfPage\":{\"@id\":\"https:\/\/www.weinmarkt-poysdorf.at\/cs\/winzer-p-s\/schuckert-rainer\/#primaryimage\"},\"image\":{\"@id\":\"https:\/\/www.weinmarkt-poysdorf.at\/winzer-p-s\/schuckert-rainer\/#primaryimage\"},\"thumbnailUrl\":\"https:\/\/www.weinmarkt-poysdorf.at\/wp-content\/uploads\/2017\/03\/logo_winzer_schuckert-rainer_weiss_v3.png\",\"datePublished\":\"2017-03-08T10:43:15+00:00\",\"dateModified\":\"2022-04-28T10:07:58+00:00\",\"description\":\"Das Weingut Schuckert Rainer aus Poysdorf wird als Familienbetrieb gef\u00fchrt. Das Weingut umfasst 30 Einzellagen in den Weinh\u00fcgeln rund um Poysdorf.\",\"breadcrumb\":{\"@id\":\"https:\/\/www.weinmarkt-poysdorf.at\/cs\/winzer-p-s\/schuckert-rainer\/#breadcrumb\"},\"inLanguage\":\"cs\",\"potentialAction\":[{\"@type\":\"ReadAction\",\"target\":[[\"https:\/\/www.weinmarkt-poysdorf.at\/cs\/winzer-p-s\/schuckert-rainer\/\"]]}]},{\"@type\":\"ImageObject\",\"inLanguage\":\"cs\",\"@id\":\"https:\/\/www.weinmarkt-poysdorf.at\/cs\/winzer-p-s\/schuckert-rainer\/#primaryimage\",\"url\":\"https:\/\/www.weinmarkt-poysdorf.at\/wp-content\/uploads\/2017\/03\/logo_winzer_schuckert-rainer_weiss_v3.png\",\"contentUrl\":\"https:\/\/www.weinmarkt-poysdorf.at\/wp-content\/uploads\/2017\/03\/logo_winzer_schuckert-rainer_weiss_v3.png\",\"width\":250,\"height\":250},{\"@type\":\"BreadcrumbList\",\"@id\":\"https:\/\/www.weinmarkt-poysdorf.at\/cs\/winzer-p-s\/schuckert-rainer\/#breadcrumb\",\"itemListElement\":[{\"@type\":\"ListItem\",\"position\":1,\"name\":\"Startseite\",\"item\":\"https:\/\/www.weinmarkt-poysdorf.at\/cs\/\"},{\"@type\":\"ListItem\",\"position\":2,\"name\":\"Winzer P &#8211; S\",\"item\":\"https:\/\/www.weinmarkt-poysdorf.at\/cs\/winzer-p-s\/\"},{\"@type\":\"ListItem\",\"position\":3,\"name\":\"Schuckert Rainer\"}]},{\"@type\":\"WebSite\",\"@id\":\"https:\/\/www.weinmarkt-poysdorf.at\/cs\/#website\",\"url\":\"https:\/\/www.weinmarkt-poysdorf.at\/cs\/\",\"name\":\"Weinmarkt Poysdorf\",\"description\":\"Weine von 30 Winzern im Weinviertel\",\"potentialAction\":[{\"@type\":\"SearchAction\",\"target\":{\"@type\":\"EntryPoint\",\"urlTemplate\":\"https:\/\/www.weinmarkt-poysdorf.at\/cs\/?s={search_term_string}\"},\"query-input\":{\"@type\":\"PropertyValueSpecification\",\"valueRequired\":true,\"valueName\":\"search_term_string\"}}],\"inLanguage\":\"cs\"}]}<\/script>\n<!-- \/ Yoast SEO plugin. -->","yoast_head_json":{"title":"Weingut Schuckert Rainer - Topwinzer der Region im Weinmarkt Poysdorf","description":"Das Weingut Schuckert Rainer aus Poysdorf wird als Familienbetrieb gef\u00fchrt. Das Weingut umfasst 30 Einzellagen in den Weinh\u00fcgeln rund um Poysdorf.","robots":{"index":"index","follow":"follow","max-snippet":"max-snippet:-1","max-image-preview":"max-image-preview:large","max-video-preview":"max-video-preview:-1"},"canonical":"https:\/\/www.weinmarkt-poysdorf.at\/cs\/winzer-p-s\/schuckert-rainer\/","og_locale":"cs_CZ","og_type":"article","og_title":"Weingut Schuckert Rainer - Topwinzer der Region im Weinmarkt Poysdorf","og_description":"Das Weingut Schuckert Rainer aus Poysdorf wird als Familienbetrieb gef\u00fchrt. Das Weingut umfasst 30 Einzellagen in den Weinh\u00fcgeln rund um Poysdorf.","og_url":"https:\/\/www.weinmarkt-poysdorf.at\/cs\/winzer-p-s\/schuckert-rainer\/","og_site_name":"Weinmarkt Poysdorf","article_modified_time":"2022-04-28T10:07:58+00:00","og_image":[{"width":250,"height":250,"url":"https:\/\/www.weinmarkt-poysdorf.at\/wp-content\/uploads\/2017\/03\/logo_winzer_schuckert-rainer_weiss_v3.png","type":"image\/png"}],"twitter_card":"summary_large_image","twitter_misc":{"Odhadovan\u00e1 doba \u010dten\u00ed":"6 minut"},"schema":{"@context":"https:\/\/schema.org","@graph":[{"@type":"WebPage","@id":"https:\/\/www.weinmarkt-poysdorf.at\/cs\/winzer-p-s\/schuckert-rainer\/","url":"https:\/\/www.weinmarkt-poysdorf.at\/cs\/winzer-p-s\/schuckert-rainer\/","name":"Weingut Schuckert Rainer - Topwinzer der Region im Weinmarkt Poysdorf","isPartOf":{"@id":"https:\/\/www.weinmarkt-poysdorf.at\/cs\/#website"},"primaryImageOfPage":{"@id":"https:\/\/www.weinmarkt-poysdorf.at\/cs\/winzer-p-s\/schuckert-rainer\/#primaryimage"},"image":{"@id":"https:\/\/www.weinmarkt-poysdorf.at\/winzer-p-s\/schuckert-rainer\/#primaryimage"},"thumbnailUrl":"https:\/\/www.weinmarkt-poysdorf.at\/wp-content\/uploads\/2017\/03\/logo_winzer_schuckert-rainer_weiss_v3.png","datePublished":"2017-03-08T10:43:15+00:00","dateModified":"2022-04-28T10:07:58+00:00","description":"Das Weingut Schuckert Rainer aus Poysdorf wird als Familienbetrieb gef\u00fchrt. Das Weingut umfasst 30 Einzellagen in den Weinh\u00fcgeln rund um Poysdorf.","breadcrumb":{"@id":"https:\/\/www.weinmarkt-poysdorf.at\/cs\/winzer-p-s\/schuckert-rainer\/#breadcrumb"},"inLanguage":"cs","potentialAction":[{"@type":"ReadAction","target":[["https:\/\/www.weinmarkt-poysdorf.at\/cs\/winzer-p-s\/schuckert-rainer\/"]]}]},{"@type":"ImageObject","inLanguage":"cs","@id":"https:\/\/www.weinmarkt-poysdorf.at\/cs\/winzer-p-s\/schuckert-rainer\/#primaryimage","url":"https:\/\/www.weinmarkt-poysdorf.at\/wp-content\/uploads\/2017\/03\/logo_winzer_schuckert-rainer_weiss_v3.png","contentUrl":"https:\/\/www.weinmarkt-poysdorf.at\/wp-content\/uploads\/2017\/03\/logo_winzer_schuckert-rainer_weiss_v3.png","width":250,"height":250},{"@type":"BreadcrumbList","@id":"https:\/\/www.weinmarkt-poysdorf.at\/cs\/winzer-p-s\/schuckert-rainer\/#breadcrumb","itemListElement":[{"@type":"ListItem","position":1,"name":"Startseite","item":"https:\/\/www.weinmarkt-poysdorf.at\/cs\/"},{"@type":"ListItem","position":2,"name":"Winzer P &#8211; S","item":"https:\/\/www.weinmarkt-poysdorf.at\/cs\/winzer-p-s\/"},{"@type":"ListItem","position":3,"name":"Schuckert Rainer"}]},{"@type":"WebSite","@id":"https:\/\/www.weinmarkt-poysdorf.at\/cs\/#website","url":"https:\/\/www.weinmarkt-poysdorf.at\/cs\/","name":"Weinmarkt Poysdorf","description":"Weine von 30 Winzern im Weinviertel","potentialAction":[{"@type":"SearchAction","target":{"@type":"EntryPoint","urlTemplate":"https:\/\/www.weinmarkt-poysdorf.at\/cs\/?s={search_term_string}"},"query-input":{"@type":"PropertyValueSpecification","valueRequired":true,"valueName":"search_term_string"}}],"inLanguage":"cs"}]}},"_links":{"self":[{"href":"https:\/\/www.weinmarkt-poysdorf.at\/cs\/wp-json\/wp\/v2\/pages\/11884","targetHints":{"allow":["GET"]}}],"collection":[{"href":"https:\/\/www.weinmarkt-poysdorf.at\/cs\/wp-json\/wp\/v2\/pages"}],"about":[{"href":"https:\/\/www.weinmarkt-poysdorf.at\/cs\/wp-json\/wp\/v2\/types\/page"}],"author":[{"embeddable":true,"href":"https:\/\/www.weinmarkt-poysdorf.at\/cs\/wp-json\/wp\/v2\/users\/2"}],"replies":[{"embeddable":true,"href":"https:\/\/www.weinmarkt-poysdorf.at\/cs\/wp-json\/wp\/v2\/comments?post=11884"}],"version-history":[{"count":20,"href":"https:\/\/www.weinmarkt-poysdorf.at\/cs\/wp-json\/wp\/v2\/pages\/11884\/revisions"}],"predecessor-version":[{"id":14663,"href":"https:\/\/www.weinmarkt-poysdorf.at\/cs\/wp-json\/wp\/v2\/pages\/11884\/revisions\/14663"}],"up":[{"embeddable":true,"href":"https:\/\/www.weinmarkt-poysdorf.at\/cs\/wp-json\/wp\/v2\/pages\/12087"}],"wp:featuredmedia":[{"embeddable":true,"href":"https:\/\/www.weinmarkt-poysdorf.at\/cs\/wp-json\/wp\/v2\/media\/12331"}],"wp:attachment":[{"href":"https:\/\/www.weinmarkt-poysdorf.at\/cs\/wp-json\/wp\/v2\/media?parent=11884"}],"curies":[{"name":"wp","href":"https:\/\/api.w.org\/{rel}","templated":true}]}}