{"id":11866,"date":"2017-03-08T11:22:33","date_gmt":"2017-03-08T10:22:33","guid":{"rendered":"http:\/\/weinmarkt-poysdorf.at.cloud3-vm432.de-nserver.de\/?page_id=11866"},"modified":"2017-10-03T08:49:31","modified_gmt":"2017-10-03T06:49:31","slug":"newsletter-service","status":"publish","type":"page","link":"https:\/\/www.weinmarkt-poysdorf.at\/cs\/aktuelles\/newsletter-service\/","title":{"rendered":"Newsletter servis"},"content":{"rendered":"<div class=\"wpb-content-wrapper\"><p>[vc_row css=&#8220;.vc_custom_1485433309212{margin-bottom: 40px !important;}&#8220;][vc_column][vc_column_text css=&#8220;.vc_custom_1493184124199{margin-bottom: 20px !important;}&#8220;]<\/p>\n<h3>S na\u0161\u00edm newsletterem v\u017edy perfektn\u011b informov\u00e1n(a)<\/h3>\n<p>[\/vc_column_text]\n<div class=\"wpcf7 no-js\" id=\"wpcf7-f12893-o3\" lang=\"de-DE\" dir=\"ltr\" data-wpcf7-id=\"12893\">\n<div class=\"screen-reader-response\"><p role=\"status\" aria-live=\"polite\" aria-atomic=\"true\"><\/p> <ul><\/ul><\/div>\n<form action=\"\/cs\/wp-json\/wp\/v2\/pages\/11866#wpcf7-f12893-o3\" method=\"post\" class=\"wpcf7-form init\" aria-label=\"Kontaktformular\" novalidate=\"novalidate\" data-status=\"init\">\n<fieldset class=\"hidden-fields-container\"><input type=\"hidden\" name=\"_wpcf7\" value=\"12893\" \/><input type=\"hidden\" name=\"_wpcf7_version\" value=\"6.1.3\" \/><input type=\"hidden\" name=\"_wpcf7_locale\" value=\"de_DE\" \/><input type=\"hidden\" name=\"_wpcf7_unit_tag\" value=\"wpcf7-f12893-o3\" \/><input type=\"hidden\" name=\"_wpcf7_container_post\" value=\"0\" \/><input type=\"hidden\" name=\"_wpcf7_posted_data_hash\" value=\"\" \/>\n<\/fieldset>\n<div class=\"vc_row\">\n\t<div class=\"vc_col-sm-6\">\n\t\t<p><span class=\"wpcf7-form-control-wrap\" data-name=\"anrede\"><select class=\"wpcf7-form-control wpcf7-select\" aria-invalid=\"false\" name=\"anrede\"><option value=\"Pan\">Pan<\/option><option value=\"Pan\u00ed\">Pan\u00ed<\/option><option value=\"Firma\">Firma<\/option><option value=\"Rodina\">Rodina<\/option><\/select><\/span>\n\t\t<\/p>\n\t<\/div>\n\t<div class=\"vc_col-sm-6\">\n\t\t<p><span class=\"wpcf7-form-control-wrap\" data-name=\"titel\"><input size=\"40\" maxlength=\"400\" class=\"wpcf7-form-control wpcf7-text\" aria-invalid=\"false\" placeholder=\"V\u00e1\u0161 titul\" value=\"\" type=\"text\" name=\"titel\" \/><\/span>\n\t\t<\/p>\n\t<\/div>\n<\/div>\n<div class=\"vc_row\">\n\t<div class=\"vc_col-sm-6\">\n\t\t<p><span class=\"wpcf7-form-control-wrap\" data-name=\"vorname\"><input size=\"40\" maxlength=\"400\" class=\"wpcf7-form-control wpcf7-text wpcf7-validates-as-required\" aria-required=\"true\" aria-invalid=\"false\" placeholder=\"Va\u0161e jm\u00e9no *\" value=\"\" type=\"text\" name=\"vorname\" \/><\/span>\n\t\t<\/p>\n\t<\/div>\n\t<div class=\"vc_col-sm-6\">\n\t\t<p><span class=\"wpcf7-form-control-wrap\" data-name=\"nachname\"><input size=\"40\" maxlength=\"400\" class=\"wpcf7-form-control wpcf7-text wpcf7-validates-as-required\" aria-required=\"true\" aria-invalid=\"false\" placeholder=\"Va\u0161e p\u0159\u00edjmen\u00ed *\" value=\"\" type=\"text\" name=\"nachname\" \/><\/span>\n\t\t<\/p>\n\t<\/div>\n<\/div>\n<div class=\"vc_row\">\n\t<div class=\"vc_col-sm-6\">\n\t\t<p><span class=\"wpcf7-form-control-wrap\" data-name=\"email\"><input size=\"40\" maxlength=\"400\" class=\"wpcf7-form-control wpcf7-email wpcf7-validates-as-required wpcf7-text wpcf7-validates-as-email\" aria-required=\"true\" aria-invalid=\"false\" placeholder=\"Va\u0161e e-mailov\u00e1 adresa *\" value=\"\" type=\"email\" name=\"email\" \/><\/span>\n\t\t<\/p>\n\t<\/div>\n<\/div>\n<div class=\"vc_row\">\n\t<div class=\"col-md-12\">\n\t\t<p><span class=\"wpcf7-form-control-wrap\" data-name=\"datenschutz\"><span class=\"wpcf7-form-control wpcf7-acceptance\"><span class=\"wpcf7-list-item\"><label><input type=\"checkbox\" name=\"datenschutz\" value=\"1\" aria-invalid=\"false\" \/><span class=\"wpcf7-list-item-label\">Souhlas\u00edm s <a href=\"\/datenschutz\/\">&nbsp Na\u0159\u00edzen\u00ed o ochran\u011b \u00fadaj\u016f &nbsp <\/a> na.<\/span><\/label><\/span><\/span><\/span>\n\t\t<\/p>\n\t<\/div>\n<\/div>\n<div class=\"vc_row\">\n\t<div class=\"vc_col-sm-12\">\n\t\t<div class=\"cf7-cf-turnstile\" style=\"margin-top: 0px; margin-bottom: -15px;\"> <div id=\"cf-turnstile-cf7-2517259436\" class=\"cf-turnstile\" data-sitekey=\"0x4AAAAAAAxaQOy1OAxDKrKm\" data-theme=\"light\" data-language=\"auto\" data-size=\"normal\" data-retry=\"auto\" data-retry-interval=\"1000\" data-action=\"contact-form-7\" data-appearance=\"always\"><\/div> <script>document.addEventListener(\"DOMContentLoaded\", function() { setTimeout(function(){ var e=document.getElementById(\"cf-turnstile-cf7-2517259436\"); e&&!e.innerHTML.trim()&&(turnstile.remove(\"#cf-turnstile-cf7-2517259436\"), turnstile.render(\"#cf-turnstile-cf7-2517259436\", {sitekey:\"0x4AAAAAAAxaQOy1OAxDKrKm\"})); }, 0); });<\/script> <br class=\"cf-turnstile-br cf-turnstile-br-cf7-2517259436\"> <style>#cf-turnstile-cf7-2517259436 { margin-left: -15px; }<\/style> <script>document.addEventListener(\"DOMContentLoaded\",function(){document.querySelectorAll('.wpcf7-form').forEach(function(e){e.addEventListener('submit',function(){if(document.getElementById('cf-turnstile-cf7-2517259436')){setTimeout(function(){turnstile.reset('#cf-turnstile-cf7-2517259436');},1000)}})})});<\/script> <\/div><br\/><input class=\"wpcf7-form-control wpcf7-submit has-spinner\" type=\"submit\" value=\"P\u0159ihl\u00e1\u0161en\u00ed k newsletteru\" \/>\n\t\t<\/p>\n\t<\/div>\n<\/div><div class=\"wpcf7-response-output\" aria-hidden=\"true\"><\/div>\n<\/form>\n<\/div>\n[vc_column_text css=&#8220;.vc_custom_1493363583854{margin-top: 30px !important;}&#8220;]Pole ozna\u010dena * jsou povinn\u00e1.<br \/>\nOdb\u011br bezplatn\u00e9ho newsletteru m\u016f\u017eete kdykoli odhl\u00e1sit prost\u0159ednictv\u00edm e-mailu.[\/vc_column_text][\/vc_column][\/vc_row]<\/p>\n<\/div>","protected":false},"excerpt":{"rendered":"<p>[vc_row css=&#8220;.vc_custom_1485433309212{margin-bottom: 40px !important;}&#8220;][vc_column][vc_column_text css=&#8220;.vc_custom_1493184124199{margin-bottom: 20px !important;}&#8220;] S na\u0161\u00edm newsletterem v\u017edy perfektn\u011b informov\u00e1n(a) [\/vc_column_text][vc_column_text css=&#8220;.vc_custom_1493363583854{margin-top: 30px !important;}&#8220;]Pole ozna\u010dena * jsou&#8230;<\/p>\n","protected":false},"author":2,"featured_media":0,"parent":11839,"menu_order":0,"comment_status":"closed","ping_status":"closed","template":"","meta":{"footnotes":""},"class_list":["post-11866","page","type-page","status-publish","hentry"],"yoast_head":"<!-- This site is optimized with the Yoast SEO plugin v26.4 - https:\/\/yoast.com\/wordpress\/plugins\/seo\/ -->\n<title>Newsletter Service - Neuigkeiten vom Weinmarkt Poysdorf<\/title>\n<meta name=\"description\" content=\"Mit dem Newsletter sind Sie immer bestens \u00fcber alle Neuigkeiten vom Weinmarkt Poysdorf informiert. Die Adresse lautet Br\u00fcnnerstra\u00dfe 28, 2170 Poysdorf.\" \/>\n<meta name=\"robots\" content=\"index, follow, max-snippet:-1, max-image-preview:large, max-video-preview:-1\" \/>\n<link rel=\"canonical\" href=\"https:\/\/www.weinmarkt-poysdorf.at\/cs\/aktuelles\/newsletter-service\/\" \/>\n<meta property=\"og:locale\" content=\"cs_CZ\" \/>\n<meta property=\"og:type\" content=\"article\" \/>\n<meta property=\"og:title\" content=\"Newsletter Service - Neuigkeiten vom Weinmarkt Poysdorf\" \/>\n<meta property=\"og:description\" content=\"Mit dem Newsletter sind Sie immer bestens \u00fcber alle Neuigkeiten vom Weinmarkt Poysdorf informiert. Die Adresse lautet Br\u00fcnnerstra\u00dfe 28, 2170 Poysdorf.\" \/>\n<meta property=\"og:url\" content=\"https:\/\/www.weinmarkt-poysdorf.at\/cs\/aktuelles\/newsletter-service\/\" \/>\n<meta property=\"og:site_name\" content=\"Weinmarkt Poysdorf\" \/>\n<meta property=\"article:modified_time\" content=\"2017-10-03T06:49:31+00:00\" \/>\n<meta name=\"twitter:card\" content=\"summary_large_image\" \/>\n<meta name=\"twitter:label1\" content=\"Odhadovan\u00e1 doba \u010dten\u00ed\" \/>\n\t<meta name=\"twitter:data1\" content=\"1 minuta\" \/>\n<script type=\"application\/ld+json\" class=\"yoast-schema-graph\">{\"@context\":\"https:\/\/schema.org\",\"@graph\":[{\"@type\":\"WebPage\",\"@id\":\"https:\/\/www.weinmarkt-poysdorf.at\/cs\/aktuelles\/newsletter-service\/\",\"url\":\"https:\/\/www.weinmarkt-poysdorf.at\/cs\/aktuelles\/newsletter-service\/\",\"name\":\"Newsletter Service - Neuigkeiten vom Weinmarkt Poysdorf\",\"isPartOf\":{\"@id\":\"https:\/\/www.weinmarkt-poysdorf.at\/cs\/#website\"},\"datePublished\":\"2017-03-08T10:22:33+00:00\",\"dateModified\":\"2017-10-03T06:49:31+00:00\",\"description\":\"Mit dem Newsletter sind Sie immer bestens \u00fcber alle Neuigkeiten vom Weinmarkt Poysdorf informiert. Die Adresse lautet Br\u00fcnnerstra\u00dfe 28, 2170 Poysdorf.\",\"breadcrumb\":{\"@id\":\"https:\/\/www.weinmarkt-poysdorf.at\/cs\/aktuelles\/newsletter-service\/#breadcrumb\"},\"inLanguage\":\"cs\",\"potentialAction\":[{\"@type\":\"ReadAction\",\"target\":[[\"https:\/\/www.weinmarkt-poysdorf.at\/cs\/aktuelles\/newsletter-service\/\"]]}]},{\"@type\":\"BreadcrumbList\",\"@id\":\"https:\/\/www.weinmarkt-poysdorf.at\/cs\/aktuelles\/newsletter-service\/#breadcrumb\",\"itemListElement\":[{\"@type\":\"ListItem\",\"position\":1,\"name\":\"Startseite\",\"item\":\"https:\/\/www.weinmarkt-poysdorf.at\/cs\/\"},{\"@type\":\"ListItem\",\"position\":2,\"name\":\"Novinky\",\"item\":\"https:\/\/www.weinmarkt-poysdorf.at\/cs\/aktuelles\/\"},{\"@type\":\"ListItem\",\"position\":3,\"name\":\"Newsletter servis\"}]},{\"@type\":\"WebSite\",\"@id\":\"https:\/\/www.weinmarkt-poysdorf.at\/cs\/#website\",\"url\":\"https:\/\/www.weinmarkt-poysdorf.at\/cs\/\",\"name\":\"Weinmarkt Poysdorf\",\"description\":\"Weine von 30 Winzern im Weinviertel\",\"potentialAction\":[{\"@type\":\"SearchAction\",\"target\":{\"@type\":\"EntryPoint\",\"urlTemplate\":\"https:\/\/www.weinmarkt-poysdorf.at\/cs\/?s={search_term_string}\"},\"query-input\":{\"@type\":\"PropertyValueSpecification\",\"valueRequired\":true,\"valueName\":\"search_term_string\"}}],\"inLanguage\":\"cs\"}]}<\/script>\n<!-- \/ Yoast SEO plugin. -->","yoast_head_json":{"title":"Newsletter Service - Neuigkeiten vom Weinmarkt Poysdorf","description":"Mit dem Newsletter sind Sie immer bestens \u00fcber alle Neuigkeiten vom Weinmarkt Poysdorf informiert. Die Adresse lautet Br\u00fcnnerstra\u00dfe 28, 2170 Poysdorf.","robots":{"index":"index","follow":"follow","max-snippet":"max-snippet:-1","max-image-preview":"max-image-preview:large","max-video-preview":"max-video-preview:-1"},"canonical":"https:\/\/www.weinmarkt-poysdorf.at\/cs\/aktuelles\/newsletter-service\/","og_locale":"cs_CZ","og_type":"article","og_title":"Newsletter Service - Neuigkeiten vom Weinmarkt Poysdorf","og_description":"Mit dem Newsletter sind Sie immer bestens \u00fcber alle Neuigkeiten vom Weinmarkt Poysdorf informiert. Die Adresse lautet Br\u00fcnnerstra\u00dfe 28, 2170 Poysdorf.","og_url":"https:\/\/www.weinmarkt-poysdorf.at\/cs\/aktuelles\/newsletter-service\/","og_site_name":"Weinmarkt Poysdorf","article_modified_time":"2017-10-03T06:49:31+00:00","twitter_card":"summary_large_image","twitter_misc":{"Odhadovan\u00e1 doba \u010dten\u00ed":"1 minuta"},"schema":{"@context":"https:\/\/schema.org","@graph":[{"@type":"WebPage","@id":"https:\/\/www.weinmarkt-poysdorf.at\/cs\/aktuelles\/newsletter-service\/","url":"https:\/\/www.weinmarkt-poysdorf.at\/cs\/aktuelles\/newsletter-service\/","name":"Newsletter Service - Neuigkeiten vom Weinmarkt Poysdorf","isPartOf":{"@id":"https:\/\/www.weinmarkt-poysdorf.at\/cs\/#website"},"datePublished":"2017-03-08T10:22:33+00:00","dateModified":"2017-10-03T06:49:31+00:00","description":"Mit dem Newsletter sind Sie immer bestens \u00fcber alle Neuigkeiten vom Weinmarkt Poysdorf informiert. Die Adresse lautet Br\u00fcnnerstra\u00dfe 28, 2170 Poysdorf.","breadcrumb":{"@id":"https:\/\/www.weinmarkt-poysdorf.at\/cs\/aktuelles\/newsletter-service\/#breadcrumb"},"inLanguage":"cs","potentialAction":[{"@type":"ReadAction","target":[["https:\/\/www.weinmarkt-poysdorf.at\/cs\/aktuelles\/newsletter-service\/"]]}]},{"@type":"BreadcrumbList","@id":"https:\/\/www.weinmarkt-poysdorf.at\/cs\/aktuelles\/newsletter-service\/#breadcrumb","itemListElement":[{"@type":"ListItem","position":1,"name":"Startseite","item":"https:\/\/www.weinmarkt-poysdorf.at\/cs\/"},{"@type":"ListItem","position":2,"name":"Novinky","item":"https:\/\/www.weinmarkt-poysdorf.at\/cs\/aktuelles\/"},{"@type":"ListItem","position":3,"name":"Newsletter servis"}]},{"@type":"WebSite","@id":"https:\/\/www.weinmarkt-poysdorf.at\/cs\/#website","url":"https:\/\/www.weinmarkt-poysdorf.at\/cs\/","name":"Weinmarkt Poysdorf","description":"Weine von 30 Winzern im Weinviertel","potentialAction":[{"@type":"SearchAction","target":{"@type":"EntryPoint","urlTemplate":"https:\/\/www.weinmarkt-poysdorf.at\/cs\/?s={search_term_string}"},"query-input":{"@type":"PropertyValueSpecification","valueRequired":true,"valueName":"search_term_string"}}],"inLanguage":"cs"}]}},"_links":{"self":[{"href":"https:\/\/www.weinmarkt-poysdorf.at\/cs\/wp-json\/wp\/v2\/pages\/11866","targetHints":{"allow":["GET"]}}],"collection":[{"href":"https:\/\/www.weinmarkt-poysdorf.at\/cs\/wp-json\/wp\/v2\/pages"}],"about":[{"href":"https:\/\/www.weinmarkt-poysdorf.at\/cs\/wp-json\/wp\/v2\/types\/page"}],"author":[{"embeddable":true,"href":"https:\/\/www.weinmarkt-poysdorf.at\/cs\/wp-json\/wp\/v2\/users\/2"}],"replies":[{"embeddable":true,"href":"https:\/\/www.weinmarkt-poysdorf.at\/cs\/wp-json\/wp\/v2\/comments?post=11866"}],"version-history":[{"count":15,"href":"https:\/\/www.weinmarkt-poysdorf.at\/cs\/wp-json\/wp\/v2\/pages\/11866\/revisions"}],"predecessor-version":[{"id":13083,"href":"https:\/\/www.weinmarkt-poysdorf.at\/cs\/wp-json\/wp\/v2\/pages\/11866\/revisions\/13083"}],"up":[{"embeddable":true,"href":"https:\/\/www.weinmarkt-poysdorf.at\/cs\/wp-json\/wp\/v2\/pages\/11839"}],"wp:attachment":[{"href":"https:\/\/www.weinmarkt-poysdorf.at\/cs\/wp-json\/wp\/v2\/media?parent=11866"}],"curies":[{"name":"wp","href":"https:\/\/api.w.org\/{rel}","templated":true}]}}