{"id":11859,"date":"2017-03-08T11:20:32","date_gmt":"2017-03-08T10:20:32","guid":{"rendered":"http:\/\/weinmarkt-poysdorf.at.cloud3-vm432.de-nserver.de\/?page_id=11859"},"modified":"2022-04-28T13:42:07","modified_gmt":"2022-04-28T11:42:07","slug":"wittmann","status":"publish","type":"page","link":"https:\/\/www.weinmarkt-poysdorf.at\/cs\/winzer-t-z\/wittmann\/","title":{"rendered":"Wittmann"},"content":{"rendered":"<div class=\"wpb-content-wrapper\"><p>[vc_row css=&#8220;.vc_custom_1485433309212{margin-bottom: 40px !important;}&#8220;][vc_column][vc_column_text css=&#8220;.vc_custom_1488968150492{margin-bottom: 20px !important;}&#8220;]<\/p>\n<h3>Wittmann<\/h3>\n<p>[\/vc_column_text][vc_tta_tabs style=&#8220;scalia-style-1&#8243; active_section=&#8220;1&#8243; no_fill_content_area=&#8220;true&#8220;][vc_tta_section title=&#8220;Popis&#8220; tab_id=&#8220;beschreibung&#8220;][vc_row_inner][vc_column_inner width=&#8220;1\/2&#8243;][vc_single_image image=&#8220;12707&#8243; img_size=&#8220;full&#8220; style=&#8220;vc_box_rounded&#8220;]<a class=\"sc-button \"  href=\"https:\/\/shop.weinmarkt-poysdorf.at\/weingut-marke\/wittmann\" target=\"_blank\" style=\"\">Na\u0161e v\u00edna<\/a>[vc_single_image image=&#8220;12053&#8243; img_size=&#8220;full&#8220; css=&#8220;.vc_custom_1489047445371{margin-bottom: 0px !important;}&#8220;][\/vc_column_inner][vc_column_inner width=&#8220;1\/2&#8243;][vc_column_text css=&#8220;.vc_custom_1495116973121{margin-bottom: 0px !important;}&#8220;]<strong>Vina\u0159stv\u00ed Johann Wittmann<\/strong><\/p>\n<p>Rodinn\u00e9 vina\u0159stv\u00ed Johann Wittman je m\u00edstn\u00edm podnikem v Poysbrunu u\u017e od roku 1775. V sou\u010dasn\u00e9 dob\u011b obhospoda\u0159ujeme vinohrady o rozloze 7 hektar\u016f, kter\u00e9 jsou os\u00e1zeny 7 r\u016fzn\u00fdmi odr\u016fdami v\u00edna. Ve vinohradu se sna\u017e\u00edme, d\u00edky kr\u00e1tk\u00e9mu \u0159ezu a odborn\u00e9 pr\u00e1ci s ke\u0159em, skl\u00edzet vysoce kvalitn\u00ed hrozny. Ve sklep\u011b pak v\u00edna nech\u00e1me vyzr\u00e1t v nerezov\u00fdch tanc\u00edch dosucha. Na\u0161\u00edm c\u00edlem je, nab\u00edzet v\u00edna odr\u016fdov\u011b typick\u00e1, s p\u0159\u00edjemnou chut\u00ed, je\u017e p\u0159in\u00e1\u0161\u00ed n\u00e1ladu na dal\u0161\u00ed skleni\u010dku.[\/vc_column_text][\/vc_column_inner][\/vc_row_inner][\/vc_tta_section][vc_tta_section title=&#8220;Kontakt&#8220; tab_id=&#8220;kontakt&#8220;][vc_row_inner][vc_column_inner width=&#8220;1\/2&#8243;][vc_gmaps link=&#8220;#E-8_JTNDaWZyYW1lJTIwc3JjJTNEJTIyaHR0cHMlM0ElMkYlMkZ3d3cuZ29vZ2xlLmNvbSUyRm1hcHMlMkZlbWJlZCUzRnBiJTNEJTIxMW0xOCUyMTFtMTIlMjExbTMlMjExZDI2MzIuMzQ0NTgyNTk1OTgxNiUyMTJkMTYuNjIzMDA0NDE2MDYwOTEyJTIxM2Q0OC43MTgwMDcwNzkyNzQwNCUyMTJtMyUyMTFmMCUyMTJmMCUyMTNmMCUyMTNtMiUyMTFpMTAyNCUyMTJpNzY4JTIxNGYxMy4xJTIxM20zJTIxMW0yJTIxMXMweDQ3NmQyZTAyYTQ2OGM3OGYlMjUzQTB4NTA2ZmQ5ZDlhYWQ4OTg5JTIxMnNGcmFuemJlcmdzdHJhJTI1QzMlMjU5RmUlMkIxMiUyNTJDJTJCMjE2MSUyMTVlMCUyMTNtMiUyMTFzZGUlMjEyc2F0JTIxNHYxNDg4OTY4MzE4OTI0JTIyJTIwd2lkdGglM0QlMjI2MDAlMjIlMjBoZWlnaHQlM0QlMjI0NTAlMjIlMjBmcmFtZWJvcmRlciUzRCUyMjAlMjIlMjBzdHlsZSUzRCUyMmJvcmRlciUzQTAlMjIlMjBhbGxvd2Z1bGxzY3JlZW4lM0UlM0MlMkZpZnJhbWUlM0U=&#8220; size=&#8220;&#8220;][\/vc_column_inner][vc_column_inner width=&#8220;1\/2&#8243;][vc_column_text css=&#8220;.vc_custom_1488968270870{margin-bottom: 0px !important;}&#8220;]Weinbau- und Kellermeister<br \/>\nJohann Wittmann<br \/>\nFranzbergstra\u00dfe 12<br \/>\n2161 Poysbrunn<br \/>\nNieder\u00f6sterreich<\/p>\n<p>Telefon: 0664\/19 53 129<br \/>\nFax: 02554\/6212<br \/>\nE-Mail: <a href=\"mailto:johannwittmann@aon.at\" target=\"_blank\" rel=\"noopener noreferrer\">johannwittmann@aon.at<\/a><br \/>\n<a href=\"http:\/\/www.weinbau-wittmann.at\" target=\"_blank\" rel=\"noopener noreferrer\">www.weinbau-wittmann.at<\/a>[\/vc_column_text][\/vc_column_inner][\/vc_row_inner][\/vc_tta_section][\/vc_tta_tabs][\/vc_column][\/vc_row]<\/p>\n<\/div>","protected":false},"excerpt":{"rendered":"<p>[vc_row css=&#8220;.vc_custom_1485433309212{margin-bottom: 40px !important;}&#8220;][vc_column][vc_column_text css=&#8220;.vc_custom_1488968150492{margin-bottom: 20px !important;}&#8220;] Wittmann [\/vc_column_text][vc_tta_tabs style=&#8220;scalia-style-1&#8243; active_section=&#8220;1&#8243; no_fill_content_area=&#8220;true&#8220;][vc_tta_section title=&#8220;Popis&#8220; tab_id=&#8220;beschreibung&#8220;][vc_row_inner][vc_column_inner width=&#8220;1\/2&#8243;][vc_single_image image=&#8220;12707&#8243; img_size=&#8220;full&#8220; style=&#8220;vc_box_rounded&#8220;][vc_single_image image=&#8220;12053&#8243; img_size=&#8220;full&#8220;&#8230;<\/p>\n","protected":false},"author":2,"featured_media":12339,"parent":12091,"menu_order":0,"comment_status":"closed","ping_status":"closed","template":"","meta":{"footnotes":""},"class_list":["post-11859","page","type-page","status-publish","has-post-thumbnail","hentry"],"yoast_head":"<!-- This site is optimized with the Yoast SEO plugin v26.4 - https:\/\/yoast.com\/wordpress\/plugins\/seo\/ -->\n<title>Weingut Wittmann - Topwinzer der Region im Weinmarkt Poysdorf<\/title>\n<meta name=\"description\" content=\"Der Familienbetrieb Weingut Wittmann ist seit dem Jahre 1775 in Poysbrunn ans\u00e4ssig und bewirtschaften derzeit eine Rebfl\u00e4che von ca. 7 Hektar.\" \/>\n<meta name=\"robots\" content=\"index, follow, max-snippet:-1, max-image-preview:large, max-video-preview:-1\" \/>\n<link rel=\"canonical\" href=\"https:\/\/www.weinmarkt-poysdorf.at\/cs\/winzer-t-z\/wittmann\/\" \/>\n<meta property=\"og:locale\" content=\"cs_CZ\" \/>\n<meta property=\"og:type\" content=\"article\" \/>\n<meta property=\"og:title\" content=\"Weingut Wittmann - Topwinzer der Region im Weinmarkt Poysdorf\" \/>\n<meta property=\"og:description\" content=\"Der Familienbetrieb Weingut Wittmann ist seit dem Jahre 1775 in Poysbrunn ans\u00e4ssig und bewirtschaften derzeit eine Rebfl\u00e4che von ca. 7 Hektar.\" \/>\n<meta property=\"og:url\" content=\"https:\/\/www.weinmarkt-poysdorf.at\/cs\/winzer-t-z\/wittmann\/\" \/>\n<meta property=\"og:site_name\" content=\"Weinmarkt Poysdorf\" \/>\n<meta property=\"article:modified_time\" content=\"2022-04-28T11:42:07+00:00\" \/>\n<meta property=\"og:image\" content=\"https:\/\/www.weinmarkt-poysdorf.at\/wp-content\/uploads\/2017\/03\/logo_winzer_wittmann_weiss_v3.png\" \/>\n\t<meta property=\"og:image:width\" content=\"250\" \/>\n\t<meta property=\"og:image:height\" content=\"250\" \/>\n\t<meta property=\"og:image:type\" content=\"image\/png\" \/>\n<meta name=\"twitter:card\" content=\"summary_large_image\" \/>\n<meta name=\"twitter:label1\" content=\"Odhadovan\u00e1 doba \u010dten\u00ed\" \/>\n\t<meta name=\"twitter:data1\" content=\"5 minut\" \/>\n<script type=\"application\/ld+json\" class=\"yoast-schema-graph\">{\"@context\":\"https:\/\/schema.org\",\"@graph\":[{\"@type\":\"WebPage\",\"@id\":\"https:\/\/www.weinmarkt-poysdorf.at\/cs\/winzer-t-z\/wittmann\/\",\"url\":\"https:\/\/www.weinmarkt-poysdorf.at\/cs\/winzer-t-z\/wittmann\/\",\"name\":\"Weingut Wittmann - Topwinzer der Region im Weinmarkt Poysdorf\",\"isPartOf\":{\"@id\":\"https:\/\/www.weinmarkt-poysdorf.at\/cs\/#website\"},\"primaryImageOfPage\":{\"@id\":\"https:\/\/www.weinmarkt-poysdorf.at\/cs\/winzer-t-z\/wittmann\/#primaryimage\"},\"image\":{\"@id\":\"https:\/\/www.weinmarkt-poysdorf.at\/winzer-t-z\/wittmann\/#primaryimage\"},\"thumbnailUrl\":\"https:\/\/www.weinmarkt-poysdorf.at\/wp-content\/uploads\/2017\/03\/logo_winzer_wittmann_weiss_v3.png\",\"datePublished\":\"2017-03-08T10:20:32+00:00\",\"dateModified\":\"2022-04-28T11:42:07+00:00\",\"description\":\"Der Familienbetrieb Weingut Wittmann ist seit dem Jahre 1775 in Poysbrunn ans\u00e4ssig und bewirtschaften derzeit eine Rebfl\u00e4che von ca. 7 Hektar.\",\"breadcrumb\":{\"@id\":\"https:\/\/www.weinmarkt-poysdorf.at\/cs\/winzer-t-z\/wittmann\/#breadcrumb\"},\"inLanguage\":\"cs\",\"potentialAction\":[{\"@type\":\"ReadAction\",\"target\":[[\"https:\/\/www.weinmarkt-poysdorf.at\/cs\/winzer-t-z\/wittmann\/\"]]}]},{\"@type\":\"ImageObject\",\"inLanguage\":\"cs\",\"@id\":\"https:\/\/www.weinmarkt-poysdorf.at\/cs\/winzer-t-z\/wittmann\/#primaryimage\",\"url\":\"https:\/\/www.weinmarkt-poysdorf.at\/wp-content\/uploads\/2017\/03\/logo_winzer_wittmann_weiss_v3.png\",\"contentUrl\":\"https:\/\/www.weinmarkt-poysdorf.at\/wp-content\/uploads\/2017\/03\/logo_winzer_wittmann_weiss_v3.png\",\"width\":250,\"height\":250},{\"@type\":\"BreadcrumbList\",\"@id\":\"https:\/\/www.weinmarkt-poysdorf.at\/cs\/winzer-t-z\/wittmann\/#breadcrumb\",\"itemListElement\":[{\"@type\":\"ListItem\",\"position\":1,\"name\":\"Startseite\",\"item\":\"https:\/\/www.weinmarkt-poysdorf.at\/cs\/\"},{\"@type\":\"ListItem\",\"position\":2,\"name\":\"Winzer T &#8211; Z\",\"item\":\"https:\/\/www.weinmarkt-poysdorf.at\/cs\/winzer-t-z\/\"},{\"@type\":\"ListItem\",\"position\":3,\"name\":\"Wittmann\"}]},{\"@type\":\"WebSite\",\"@id\":\"https:\/\/www.weinmarkt-poysdorf.at\/cs\/#website\",\"url\":\"https:\/\/www.weinmarkt-poysdorf.at\/cs\/\",\"name\":\"Weinmarkt Poysdorf\",\"description\":\"Weine von 30 Winzern im Weinviertel\",\"potentialAction\":[{\"@type\":\"SearchAction\",\"target\":{\"@type\":\"EntryPoint\",\"urlTemplate\":\"https:\/\/www.weinmarkt-poysdorf.at\/cs\/?s={search_term_string}\"},\"query-input\":{\"@type\":\"PropertyValueSpecification\",\"valueRequired\":true,\"valueName\":\"search_term_string\"}}],\"inLanguage\":\"cs\"}]}<\/script>\n<!-- \/ Yoast SEO plugin. -->","yoast_head_json":{"title":"Weingut Wittmann - Topwinzer der Region im Weinmarkt Poysdorf","description":"Der Familienbetrieb Weingut Wittmann ist seit dem Jahre 1775 in Poysbrunn ans\u00e4ssig und bewirtschaften derzeit eine Rebfl\u00e4che von ca. 7 Hektar.","robots":{"index":"index","follow":"follow","max-snippet":"max-snippet:-1","max-image-preview":"max-image-preview:large","max-video-preview":"max-video-preview:-1"},"canonical":"https:\/\/www.weinmarkt-poysdorf.at\/cs\/winzer-t-z\/wittmann\/","og_locale":"cs_CZ","og_type":"article","og_title":"Weingut Wittmann - Topwinzer der Region im Weinmarkt Poysdorf","og_description":"Der Familienbetrieb Weingut Wittmann ist seit dem Jahre 1775 in Poysbrunn ans\u00e4ssig und bewirtschaften derzeit eine Rebfl\u00e4che von ca. 7 Hektar.","og_url":"https:\/\/www.weinmarkt-poysdorf.at\/cs\/winzer-t-z\/wittmann\/","og_site_name":"Weinmarkt Poysdorf","article_modified_time":"2022-04-28T11:42:07+00:00","og_image":[{"width":250,"height":250,"url":"https:\/\/www.weinmarkt-poysdorf.at\/wp-content\/uploads\/2017\/03\/logo_winzer_wittmann_weiss_v3.png","type":"image\/png"}],"twitter_card":"summary_large_image","twitter_misc":{"Odhadovan\u00e1 doba \u010dten\u00ed":"5 minut"},"schema":{"@context":"https:\/\/schema.org","@graph":[{"@type":"WebPage","@id":"https:\/\/www.weinmarkt-poysdorf.at\/cs\/winzer-t-z\/wittmann\/","url":"https:\/\/www.weinmarkt-poysdorf.at\/cs\/winzer-t-z\/wittmann\/","name":"Weingut Wittmann - Topwinzer der Region im Weinmarkt Poysdorf","isPartOf":{"@id":"https:\/\/www.weinmarkt-poysdorf.at\/cs\/#website"},"primaryImageOfPage":{"@id":"https:\/\/www.weinmarkt-poysdorf.at\/cs\/winzer-t-z\/wittmann\/#primaryimage"},"image":{"@id":"https:\/\/www.weinmarkt-poysdorf.at\/winzer-t-z\/wittmann\/#primaryimage"},"thumbnailUrl":"https:\/\/www.weinmarkt-poysdorf.at\/wp-content\/uploads\/2017\/03\/logo_winzer_wittmann_weiss_v3.png","datePublished":"2017-03-08T10:20:32+00:00","dateModified":"2022-04-28T11:42:07+00:00","description":"Der Familienbetrieb Weingut Wittmann ist seit dem Jahre 1775 in Poysbrunn ans\u00e4ssig und bewirtschaften derzeit eine Rebfl\u00e4che von ca. 7 Hektar.","breadcrumb":{"@id":"https:\/\/www.weinmarkt-poysdorf.at\/cs\/winzer-t-z\/wittmann\/#breadcrumb"},"inLanguage":"cs","potentialAction":[{"@type":"ReadAction","target":[["https:\/\/www.weinmarkt-poysdorf.at\/cs\/winzer-t-z\/wittmann\/"]]}]},{"@type":"ImageObject","inLanguage":"cs","@id":"https:\/\/www.weinmarkt-poysdorf.at\/cs\/winzer-t-z\/wittmann\/#primaryimage","url":"https:\/\/www.weinmarkt-poysdorf.at\/wp-content\/uploads\/2017\/03\/logo_winzer_wittmann_weiss_v3.png","contentUrl":"https:\/\/www.weinmarkt-poysdorf.at\/wp-content\/uploads\/2017\/03\/logo_winzer_wittmann_weiss_v3.png","width":250,"height":250},{"@type":"BreadcrumbList","@id":"https:\/\/www.weinmarkt-poysdorf.at\/cs\/winzer-t-z\/wittmann\/#breadcrumb","itemListElement":[{"@type":"ListItem","position":1,"name":"Startseite","item":"https:\/\/www.weinmarkt-poysdorf.at\/cs\/"},{"@type":"ListItem","position":2,"name":"Winzer T &#8211; Z","item":"https:\/\/www.weinmarkt-poysdorf.at\/cs\/winzer-t-z\/"},{"@type":"ListItem","position":3,"name":"Wittmann"}]},{"@type":"WebSite","@id":"https:\/\/www.weinmarkt-poysdorf.at\/cs\/#website","url":"https:\/\/www.weinmarkt-poysdorf.at\/cs\/","name":"Weinmarkt Poysdorf","description":"Weine von 30 Winzern im Weinviertel","potentialAction":[{"@type":"SearchAction","target":{"@type":"EntryPoint","urlTemplate":"https:\/\/www.weinmarkt-poysdorf.at\/cs\/?s={search_term_string}"},"query-input":{"@type":"PropertyValueSpecification","valueRequired":true,"valueName":"search_term_string"}}],"inLanguage":"cs"}]}},"_links":{"self":[{"href":"https:\/\/www.weinmarkt-poysdorf.at\/cs\/wp-json\/wp\/v2\/pages\/11859","targetHints":{"allow":["GET"]}}],"collection":[{"href":"https:\/\/www.weinmarkt-poysdorf.at\/cs\/wp-json\/wp\/v2\/pages"}],"about":[{"href":"https:\/\/www.weinmarkt-poysdorf.at\/cs\/wp-json\/wp\/v2\/types\/page"}],"author":[{"embeddable":true,"href":"https:\/\/www.weinmarkt-poysdorf.at\/cs\/wp-json\/wp\/v2\/users\/2"}],"replies":[{"embeddable":true,"href":"https:\/\/www.weinmarkt-poysdorf.at\/cs\/wp-json\/wp\/v2\/comments?post=11859"}],"version-history":[{"count":21,"href":"https:\/\/www.weinmarkt-poysdorf.at\/cs\/wp-json\/wp\/v2\/pages\/11859\/revisions"}],"predecessor-version":[{"id":14687,"href":"https:\/\/www.weinmarkt-poysdorf.at\/cs\/wp-json\/wp\/v2\/pages\/11859\/revisions\/14687"}],"up":[{"embeddable":true,"href":"https:\/\/www.weinmarkt-poysdorf.at\/cs\/wp-json\/wp\/v2\/pages\/12091"}],"wp:featuredmedia":[{"embeddable":true,"href":"https:\/\/www.weinmarkt-poysdorf.at\/cs\/wp-json\/wp\/v2\/media\/12339"}],"wp:attachment":[{"href":"https:\/\/www.weinmarkt-poysdorf.at\/cs\/wp-json\/wp\/v2\/media?parent=11859"}],"curies":[{"name":"wp","href":"https:\/\/api.w.org\/{rel}","templated":true}]}}