{"id":11848,"date":"2017-03-08T11:12:26","date_gmt":"2017-03-08T10:12:26","guid":{"rendered":"http:\/\/weinmarkt-poysdorf.at.cloud3-vm432.de-nserver.de\/?page_id=11848"},"modified":"2022-04-28T12:00:32","modified_gmt":"2022-04-28T10:00:32","slug":"riegelhofer","status":"publish","type":"page","link":"https:\/\/www.weinmarkt-poysdorf.at\/cs\/winzer-p-s\/riegelhofer\/","title":{"rendered":"Riegelhofer"},"content":{"rendered":"<div class=\"wpb-content-wrapper\"><p>[vc_row css=&#8220;.vc_custom_1485433309212{margin-bottom: 40px !important;}&#8220;][vc_column][vc_column_text css=&#8220;.vc_custom_1488967763003{margin-bottom: 20px !important;}&#8220;]<\/p>\n<h3>Riegelhofer<\/h3>\n<p>[\/vc_column_text][vc_tta_tabs style=&#8220;scalia-style-1&#8243; active_section=&#8220;1&#8243; no_fill_content_area=&#8220;true&#8220;][vc_tta_section title=&#8220;Popis&#8220; tab_id=&#8220;beschreibung&#8220;][vc_row_inner][vc_column_inner width=&#8220;1\/2&#8243;][vc_single_image image=&#8220;11854&#8243; img_size=&#8220;full&#8220; style=&#8220;vc_box_rounded&#8220;]<a class=\"sc-button \"  href=\"https:\/\/shop.weinmarkt-poysdorf.at\/weingut-marke\/riegelhofer\" target=\"_blank\" style=\"\">Na\u0161e v\u00edna<\/a>[vc_single_image image=&#8220;12043&#8243; img_size=&#8220;full&#8220; css=&#8220;.vc_custom_1489418926496{margin-top: 20px !important;margin-bottom: 0px !important;}&#8220;][\/vc_column_inner][vc_column_inner width=&#8220;1\/2&#8243;][vc_column_text css=&#8220;.vc_custom_1495109755645{margin-bottom: 0px !important;}&#8220;]<strong>Vina\u0159stv\u00ed Riegelhofer<\/strong><\/p>\n<p>S l\u00e1skou a v\u00e1\u0161n\u00ed<\/p>\n<p>Kdo jsme a co od roku 1998 spole\u010dn\u011b d\u011bl\u00e1me<\/p>\n<p>Vina\u0159stv\u00ed Riegelhofer, to jsou man\u017eel\u00e9 Susanne a Max Riegelhoferovi. Max se narodil v Poysdorfu a p\u011bstov\u00e1n\u00ed v\u00edna je jeho velkou v\u00e1\u0161n\u00ed. Susanne poch\u00e1z\u00ed z Por\u00fdn\u00ed a jej\u00ed starost\u00ed je kontakt se z\u00e1kazn\u00edky. Max a Susanne se potkali b\u011bhem studi\u00ed v n\u011bmeck\u00e9m Geisenheimu. Od roku 2005 spole\u010dn\u011b provozuj\u00ed vina\u0159stv\u00ed Riegelhofer, a to s pln\u00fdm nasazen\u00edm a se skute\u010dnou v\u00e1\u0161n\u00ed.<\/p>\n<p>Jejich moto zn\u00ed: \u201eSv\u011b\u017e\u00ed lehk\u00e1 v\u00edna, kter\u00e1 v\u00e1m nezev\u0161edn\u00ed.\u201c Z toho, co nab\u00edz\u00ed p\u0159\u00edroda, d\u011bl\u00e1me v\u00edna, kter\u00e1 jsou typick\u00e1 pro tento region: Vla\u0161sk\u00fd ryzlink, Zweigelt, a v prv\u00e9 \u0159ad\u011b Veltl\u00ednsk\u00e9 zelen\u00e9, na kter\u00e9 jsme pr\u00e1vem hrd\u00ed. Jedn\u00e1 se o such\u00e9 ko\u0159en\u011bn\u00e9 a sv\u011b\u017e\u00ed v\u00edno s v\u00fdraznou ovocinkou, kter\u00e9 spl\u0148uje v\u0161echna krit\u00e9ria, kter\u00e1 m\u00e1 Veltl\u00ednsk\u00e9 zelen\u00e9 z regionu Weinviertel spl\u0148ovat.<\/p>\n<p>Max a Susanne velice r\u00e1di posed\u00ed se sv\u00fdmi hosty. Nav\u0161tivte vina\u0159stv\u00ed Riegelhofer, ochutnejte zdej\u0161\u00ed v\u00edna a nev\u00e1hejte str\u00e1vit p\u0159\u00edjemn\u00e9 chv\u00edle s p\u0159\u00edjemn\u00fdmi lidmi![\/vc_column_text][\/vc_column_inner][\/vc_row_inner][\/vc_tta_section][vc_tta_section title=&#8220;Kontakt&#8220; tab_id=&#8220;kontakt&#8220;][vc_row_inner][vc_column_inner width=&#8220;1\/2&#8243;][vc_gmaps link=&#8220;#E-8_JTNDaWZyYW1lJTIwc3JjJTNEJTIyaHR0cHMlM0ElMkYlMkZ3d3cuZ29vZ2xlLmNvbSUyRm1hcHMlMkZlbWJlZCUzRnBiJTNEJTIxMW0xOCUyMTFtMTIlMjExbTMlMjExZDI2MzUuMTEzNzU5NTAyMzUzJTIxMmQxNi42Mjc2NTA4MTYwNTk0MzMlMjEzZDQ4LjY2NTA2NzA3OTI2OTE0JTIxMm0zJTIxMWYwJTIxMmYwJTIxM2YwJTIxM20yJTIxMWkxMDI0JTIxMmk3NjglMjE0ZjEzLjElMjEzbTMlMjExbTIlMjExczB4NDc2ZDJmYmRmOTMyMzUyZiUyNTNBMHhhNTAzZWM1NzA2NjVmNDg4JTIxMnNIaW5kZW5idXJnc3RyYSUyNUMzJTI1OUZlJTJCMTAlMjUyQyUyQjIxNzAlMkJQb3lzZG9yZiUyMTVlMCUyMTNtMiUyMTFzZGUlMjEyc2F0JTIxNHYxNDg4OTY3ODAyMDI2JTIyJTIwd2lkdGglM0QlMjI2MDAlMjIlMjBoZWlnaHQlM0QlMjI0NTAlMjIlMjBmcmFtZWJvcmRlciUzRCUyMjAlMjIlMjBzdHlsZSUzRCUyMmJvcmRlciUzQTAlMjIlMjBhbGxvd2Z1bGxzY3JlZW4lM0UlM0MlMkZpZnJhbWUlM0U=&#8220; size=&#8220;&#8220;][\/vc_column_inner][vc_column_inner width=&#8220;1\/2&#8243;][vc_column_text css=&#8220;.vc_custom_1488967738316{margin-bottom: 0px !important;}&#8220;]Weingut Riegelhofer<br \/>\nHindenburgstr. 10<br \/>\n2170 Poysdorf<\/p>\n<p>Telefon:+43 664 4026522<br \/>\nEmail: <a href=\"mailto:post@riegelhofer.at\" target=\"_blank\" rel=\"noopener noreferrer\">post@riegelhofer.at<\/a><br \/>\n<a href=\"http:\/\/www.riegelhofer.at\" target=\"_blank\" rel=\"noopener noreferrer\">www.riegelhofer.at<\/a>[\/vc_column_text][\/vc_column_inner][\/vc_row_inner][\/vc_tta_section][\/vc_tta_tabs][\/vc_column][\/vc_row]<\/p>\n<\/div>","protected":false},"excerpt":{"rendered":"<p>[vc_row css=&#8220;.vc_custom_1485433309212{margin-bottom: 40px !important;}&#8220;][vc_column][vc_column_text css=&#8220;.vc_custom_1488967763003{margin-bottom: 20px !important;}&#8220;] Riegelhofer [\/vc_column_text][vc_tta_tabs style=&#8220;scalia-style-1&#8243; active_section=&#8220;1&#8243; no_fill_content_area=&#8220;true&#8220;][vc_tta_section title=&#8220;Popis&#8220; tab_id=&#8220;beschreibung&#8220;][vc_row_inner][vc_column_inner width=&#8220;1\/2&#8243;][vc_single_image image=&#8220;11854&#8243; img_size=&#8220;full&#8220; style=&#8220;vc_box_rounded&#8220;][vc_single_image image=&#8220;12043&#8243; img_size=&#8220;full&#8220;&#8230;<\/p>\n","protected":false},"author":2,"featured_media":12329,"parent":12087,"menu_order":0,"comment_status":"closed","ping_status":"closed","template":"","meta":{"footnotes":""},"class_list":["post-11848","page","type-page","status-publish","has-post-thumbnail","hentry"],"yoast_head":"<!-- This site is optimized with the Yoast SEO plugin v26.4 - https:\/\/yoast.com\/wordpress\/plugins\/seo\/ -->\n<title>Weingut Riegelhofer - Topwinzer der Region im Weinmarkt Poysdorf<\/title>\n<meta name=\"description\" content=\"Das Weingut Riegelhofer bewirtschaftet 35 Hektar familieneigene Weing\u00e4rten. Mit viel Freude und Begeisterung widmet man sich dort den heimischen Sorten.\" \/>\n<meta name=\"robots\" content=\"index, follow, max-snippet:-1, max-image-preview:large, max-video-preview:-1\" \/>\n<link rel=\"canonical\" href=\"https:\/\/www.weinmarkt-poysdorf.at\/cs\/winzer-p-s\/riegelhofer\/\" \/>\n<meta property=\"og:locale\" content=\"cs_CZ\" \/>\n<meta property=\"og:type\" content=\"article\" \/>\n<meta property=\"og:title\" content=\"Weingut Riegelhofer - Topwinzer der Region im Weinmarkt Poysdorf\" \/>\n<meta property=\"og:description\" content=\"Das Weingut Riegelhofer bewirtschaftet 35 Hektar familieneigene Weing\u00e4rten. Mit viel Freude und Begeisterung widmet man sich dort den heimischen Sorten.\" \/>\n<meta property=\"og:url\" content=\"https:\/\/www.weinmarkt-poysdorf.at\/cs\/winzer-p-s\/riegelhofer\/\" \/>\n<meta property=\"og:site_name\" content=\"Weinmarkt Poysdorf\" \/>\n<meta property=\"article:modified_time\" content=\"2022-04-28T10:00:32+00:00\" \/>\n<meta property=\"og:image\" content=\"https:\/\/www.weinmarkt-poysdorf.at\/wp-content\/uploads\/2017\/03\/logo_winzer_riegelhofer_weiss_v3.png\" \/>\n\t<meta property=\"og:image:width\" content=\"250\" \/>\n\t<meta property=\"og:image:height\" content=\"250\" \/>\n\t<meta property=\"og:image:type\" content=\"image\/png\" \/>\n<meta name=\"twitter:card\" content=\"summary_large_image\" \/>\n<meta name=\"twitter:label1\" content=\"Odhadovan\u00e1 doba \u010dten\u00ed\" \/>\n\t<meta name=\"twitter:data1\" content=\"6 minut\" \/>\n<script type=\"application\/ld+json\" class=\"yoast-schema-graph\">{\"@context\":\"https:\/\/schema.org\",\"@graph\":[{\"@type\":\"WebPage\",\"@id\":\"https:\/\/www.weinmarkt-poysdorf.at\/cs\/winzer-p-s\/riegelhofer\/\",\"url\":\"https:\/\/www.weinmarkt-poysdorf.at\/cs\/winzer-p-s\/riegelhofer\/\",\"name\":\"Weingut Riegelhofer - Topwinzer der Region im Weinmarkt Poysdorf\",\"isPartOf\":{\"@id\":\"https:\/\/www.weinmarkt-poysdorf.at\/cs\/#website\"},\"primaryImageOfPage\":{\"@id\":\"https:\/\/www.weinmarkt-poysdorf.at\/cs\/winzer-p-s\/riegelhofer\/#primaryimage\"},\"image\":{\"@id\":\"https:\/\/www.weinmarkt-poysdorf.at\/winzer-p-s\/riegelhofer\/#primaryimage\"},\"thumbnailUrl\":\"https:\/\/www.weinmarkt-poysdorf.at\/wp-content\/uploads\/2017\/03\/logo_winzer_riegelhofer_weiss_v3.png\",\"datePublished\":\"2017-03-08T10:12:26+00:00\",\"dateModified\":\"2022-04-28T10:00:32+00:00\",\"description\":\"Das Weingut Riegelhofer bewirtschaftet 35 Hektar familieneigene Weing\u00e4rten. Mit viel Freude und Begeisterung widmet man sich dort den heimischen Sorten.\",\"breadcrumb\":{\"@id\":\"https:\/\/www.weinmarkt-poysdorf.at\/cs\/winzer-p-s\/riegelhofer\/#breadcrumb\"},\"inLanguage\":\"cs\",\"potentialAction\":[{\"@type\":\"ReadAction\",\"target\":[[\"https:\/\/www.weinmarkt-poysdorf.at\/cs\/winzer-p-s\/riegelhofer\/\"]]}]},{\"@type\":\"ImageObject\",\"inLanguage\":\"cs\",\"@id\":\"https:\/\/www.weinmarkt-poysdorf.at\/cs\/winzer-p-s\/riegelhofer\/#primaryimage\",\"url\":\"https:\/\/www.weinmarkt-poysdorf.at\/wp-content\/uploads\/2017\/03\/logo_winzer_riegelhofer_weiss_v3.png\",\"contentUrl\":\"https:\/\/www.weinmarkt-poysdorf.at\/wp-content\/uploads\/2017\/03\/logo_winzer_riegelhofer_weiss_v3.png\",\"width\":250,\"height\":250},{\"@type\":\"BreadcrumbList\",\"@id\":\"https:\/\/www.weinmarkt-poysdorf.at\/cs\/winzer-p-s\/riegelhofer\/#breadcrumb\",\"itemListElement\":[{\"@type\":\"ListItem\",\"position\":1,\"name\":\"Startseite\",\"item\":\"https:\/\/www.weinmarkt-poysdorf.at\/cs\/\"},{\"@type\":\"ListItem\",\"position\":2,\"name\":\"Winzer P &#8211; S\",\"item\":\"https:\/\/www.weinmarkt-poysdorf.at\/cs\/winzer-p-s\/\"},{\"@type\":\"ListItem\",\"position\":3,\"name\":\"Riegelhofer\"}]},{\"@type\":\"WebSite\",\"@id\":\"https:\/\/www.weinmarkt-poysdorf.at\/cs\/#website\",\"url\":\"https:\/\/www.weinmarkt-poysdorf.at\/cs\/\",\"name\":\"Weinmarkt Poysdorf\",\"description\":\"Weine von 30 Winzern im Weinviertel\",\"potentialAction\":[{\"@type\":\"SearchAction\",\"target\":{\"@type\":\"EntryPoint\",\"urlTemplate\":\"https:\/\/www.weinmarkt-poysdorf.at\/cs\/?s={search_term_string}\"},\"query-input\":{\"@type\":\"PropertyValueSpecification\",\"valueRequired\":true,\"valueName\":\"search_term_string\"}}],\"inLanguage\":\"cs\"}]}<\/script>\n<!-- \/ Yoast SEO plugin. -->","yoast_head_json":{"title":"Weingut Riegelhofer - Topwinzer der Region im Weinmarkt Poysdorf","description":"Das Weingut Riegelhofer bewirtschaftet 35 Hektar familieneigene Weing\u00e4rten. Mit viel Freude und Begeisterung widmet man sich dort den heimischen Sorten.","robots":{"index":"index","follow":"follow","max-snippet":"max-snippet:-1","max-image-preview":"max-image-preview:large","max-video-preview":"max-video-preview:-1"},"canonical":"https:\/\/www.weinmarkt-poysdorf.at\/cs\/winzer-p-s\/riegelhofer\/","og_locale":"cs_CZ","og_type":"article","og_title":"Weingut Riegelhofer - Topwinzer der Region im Weinmarkt Poysdorf","og_description":"Das Weingut Riegelhofer bewirtschaftet 35 Hektar familieneigene Weing\u00e4rten. Mit viel Freude und Begeisterung widmet man sich dort den heimischen Sorten.","og_url":"https:\/\/www.weinmarkt-poysdorf.at\/cs\/winzer-p-s\/riegelhofer\/","og_site_name":"Weinmarkt Poysdorf","article_modified_time":"2022-04-28T10:00:32+00:00","og_image":[{"width":250,"height":250,"url":"https:\/\/www.weinmarkt-poysdorf.at\/wp-content\/uploads\/2017\/03\/logo_winzer_riegelhofer_weiss_v3.png","type":"image\/png"}],"twitter_card":"summary_large_image","twitter_misc":{"Odhadovan\u00e1 doba \u010dten\u00ed":"6 minut"},"schema":{"@context":"https:\/\/schema.org","@graph":[{"@type":"WebPage","@id":"https:\/\/www.weinmarkt-poysdorf.at\/cs\/winzer-p-s\/riegelhofer\/","url":"https:\/\/www.weinmarkt-poysdorf.at\/cs\/winzer-p-s\/riegelhofer\/","name":"Weingut Riegelhofer - Topwinzer der Region im Weinmarkt Poysdorf","isPartOf":{"@id":"https:\/\/www.weinmarkt-poysdorf.at\/cs\/#website"},"primaryImageOfPage":{"@id":"https:\/\/www.weinmarkt-poysdorf.at\/cs\/winzer-p-s\/riegelhofer\/#primaryimage"},"image":{"@id":"https:\/\/www.weinmarkt-poysdorf.at\/winzer-p-s\/riegelhofer\/#primaryimage"},"thumbnailUrl":"https:\/\/www.weinmarkt-poysdorf.at\/wp-content\/uploads\/2017\/03\/logo_winzer_riegelhofer_weiss_v3.png","datePublished":"2017-03-08T10:12:26+00:00","dateModified":"2022-04-28T10:00:32+00:00","description":"Das Weingut Riegelhofer bewirtschaftet 35 Hektar familieneigene Weing\u00e4rten. Mit viel Freude und Begeisterung widmet man sich dort den heimischen Sorten.","breadcrumb":{"@id":"https:\/\/www.weinmarkt-poysdorf.at\/cs\/winzer-p-s\/riegelhofer\/#breadcrumb"},"inLanguage":"cs","potentialAction":[{"@type":"ReadAction","target":[["https:\/\/www.weinmarkt-poysdorf.at\/cs\/winzer-p-s\/riegelhofer\/"]]}]},{"@type":"ImageObject","inLanguage":"cs","@id":"https:\/\/www.weinmarkt-poysdorf.at\/cs\/winzer-p-s\/riegelhofer\/#primaryimage","url":"https:\/\/www.weinmarkt-poysdorf.at\/wp-content\/uploads\/2017\/03\/logo_winzer_riegelhofer_weiss_v3.png","contentUrl":"https:\/\/www.weinmarkt-poysdorf.at\/wp-content\/uploads\/2017\/03\/logo_winzer_riegelhofer_weiss_v3.png","width":250,"height":250},{"@type":"BreadcrumbList","@id":"https:\/\/www.weinmarkt-poysdorf.at\/cs\/winzer-p-s\/riegelhofer\/#breadcrumb","itemListElement":[{"@type":"ListItem","position":1,"name":"Startseite","item":"https:\/\/www.weinmarkt-poysdorf.at\/cs\/"},{"@type":"ListItem","position":2,"name":"Winzer P &#8211; S","item":"https:\/\/www.weinmarkt-poysdorf.at\/cs\/winzer-p-s\/"},{"@type":"ListItem","position":3,"name":"Riegelhofer"}]},{"@type":"WebSite","@id":"https:\/\/www.weinmarkt-poysdorf.at\/cs\/#website","url":"https:\/\/www.weinmarkt-poysdorf.at\/cs\/","name":"Weinmarkt Poysdorf","description":"Weine von 30 Winzern im Weinviertel","potentialAction":[{"@type":"SearchAction","target":{"@type":"EntryPoint","urlTemplate":"https:\/\/www.weinmarkt-poysdorf.at\/cs\/?s={search_term_string}"},"query-input":{"@type":"PropertyValueSpecification","valueRequired":true,"valueName":"search_term_string"}}],"inLanguage":"cs"}]}},"_links":{"self":[{"href":"https:\/\/www.weinmarkt-poysdorf.at\/cs\/wp-json\/wp\/v2\/pages\/11848","targetHints":{"allow":["GET"]}}],"collection":[{"href":"https:\/\/www.weinmarkt-poysdorf.at\/cs\/wp-json\/wp\/v2\/pages"}],"about":[{"href":"https:\/\/www.weinmarkt-poysdorf.at\/cs\/wp-json\/wp\/v2\/types\/page"}],"author":[{"embeddable":true,"href":"https:\/\/www.weinmarkt-poysdorf.at\/cs\/wp-json\/wp\/v2\/users\/2"}],"replies":[{"embeddable":true,"href":"https:\/\/www.weinmarkt-poysdorf.at\/cs\/wp-json\/wp\/v2\/comments?post=11848"}],"version-history":[{"count":21,"href":"https:\/\/www.weinmarkt-poysdorf.at\/cs\/wp-json\/wp\/v2\/pages\/11848\/revisions"}],"predecessor-version":[{"id":14652,"href":"https:\/\/www.weinmarkt-poysdorf.at\/cs\/wp-json\/wp\/v2\/pages\/11848\/revisions\/14652"}],"up":[{"embeddable":true,"href":"https:\/\/www.weinmarkt-poysdorf.at\/cs\/wp-json\/wp\/v2\/pages\/12087"}],"wp:featuredmedia":[{"embeddable":true,"href":"https:\/\/www.weinmarkt-poysdorf.at\/cs\/wp-json\/wp\/v2\/media\/12329"}],"wp:attachment":[{"href":"https:\/\/www.weinmarkt-poysdorf.at\/cs\/wp-json\/wp\/v2\/media?parent=11848"}],"curies":[{"name":"wp","href":"https:\/\/api.w.org\/{rel}","templated":true}]}}