{"id":11821,"date":"2017-03-08T10:50:26","date_gmt":"2017-03-08T09:50:26","guid":{"rendered":"http:\/\/weinmarkt-poysdorf.at.cloud3-vm432.de-nserver.de\/?page_id=11821"},"modified":"2022-04-28T11:59:09","modified_gmt":"2022-04-28T09:59:09","slug":"rieder-veltlinerhof","status":"publish","type":"page","link":"https:\/\/www.weinmarkt-poysdorf.at\/cs\/winzer-p-s\/rieder-veltlinerhof\/","title":{"rendered":"Rieder Veltlinerhof"},"content":{"rendered":"<div class=\"wpb-content-wrapper\"><p>[vc_row css=&#8220;.vc_custom_1485433309212{margin-bottom: 40px !important;}&#8220;][vc_column][vc_column_text css=&#8220;.vc_custom_1488966260851{margin-bottom: 20px !important;}&#8220;]<\/p>\n<h3>Rieder Veltlinerhof<\/h3>\n<p>[\/vc_column_text][vc_tta_tabs style=&#8220;scalia-style-1&#8243; active_section=&#8220;1&#8243; no_fill_content_area=&#8220;true&#8220;][vc_tta_section title=&#8220;Popis&#8220; tab_id=&#8220;beschreibung&#8220;][vc_row_inner][vc_column_inner width=&#8220;1\/2&#8243;][vc_single_image image=&#8220;12709&#8243; img_size=&#8220;full&#8220; style=&#8220;vc_box_rounded&#8220;]<a class=\"sc-button \"  href=\"https:\/\/shop.weinmarkt-poysdorf.at\/weingut-marke\/rieder_w\" target=\"_blank\" style=\"\">Na\u0161e v\u00edna<\/a>[vc_single_image image=&#8220;12042&#8243; img_size=&#8220;full&#8220; css=&#8220;.vc_custom_1489418862334{margin-top: 20px !important;margin-bottom: 0px !important;}&#8220;][\/vc_column_inner][vc_column_inner width=&#8220;1\/2&#8243;][vc_column_text css=&#8220;.vc_custom_1495109609911{margin-bottom: 0px !important;}&#8220;]<strong>Vina\u0159stv\u00ed Veltlinerhof Rieder<\/strong><\/p>\n<p>Vina\u0159stv\u00ed Veltlinerhof Rieder je proslul\u00e9 p\u0159edev\u0161\u00edm sv\u00fdm Veltl\u00ednsk\u00fdm zelen\u00fdm, ale i d\u00edky \u010derven\u00fdm v\u00edn\u016fm se mezi m\u00edstn\u00edmi vina\u0159stv\u00edmi \u0159ad\u00ed k t\u011bm nejlep\u0161\u00edm.<\/p>\n<p>Slab\u00fd chladn\u00fd v\u00edtr, kter\u00fd v\u011bt\u0161inou vane ze severn\u011b polo\u017een\u00fdch \u010desk\u00fdch les\u016f, p\u0159isp\u00edv\u00e1 k dobr\u00e9mu provzdu\u0161n\u011bn\u00ed vinic. N\u00e1\u0161 region se m\u016f\u017ee py\u0161nit nejvy\u0161\u0161\u00edm po\u010dtem hodin slune\u010dn\u00edho svitu na \u00fazem\u00ed Rakouska. To v\u0161e p\u0159isp\u00edv\u00e1 ke stejnom\u011brn\u00e9mu dozr\u00e1v\u00e1n\u00ed hrozn\u016f.<\/p>\n<p>V\u00e1\u0161e\u0148 Wolfganga Riedera pro vina\u0159stv\u00ed se snoub\u00ed s neutuchaj\u00edc\u00edm z\u00e1jmem a neust\u00e1l\u00fdm hled\u00e1n\u00edm nejlep\u0161\u00edch metod a \u0159e\u0161en\u00ed. Pe\u010dliv\u00e9 obhospoda\u0159ov\u00e1n\u00ed vinic, \u0161etrn\u00e9 zpracov\u00e1n\u00ed hrozn\u016f i uv\u00e1\u017een\u00fd postup p\u0159i \u0161kolen\u00ed v\u00edna odpov\u00edd\u00e1 na\u0161\u00ed filozofii, nebo\u0165 se v\u017edy sna\u017e\u00edme dos\u00e1hnout t\u00e9 nejvy\u0161\u0161\u00ed kvality.[\/vc_column_text][\/vc_column_inner][\/vc_row_inner][\/vc_tta_section][vc_tta_section title=&#8220;Kontakt&#8220; tab_id=&#8220;kontakt&#8220;][vc_row_inner][vc_column_inner width=&#8220;1\/2&#8243;][vc_gmaps link=&#8220;#E-8_JTNDaWZyYW1lJTIwc3JjJTNEJTIyaHR0cHMlM0ElMkYlMkZ3d3cuZ29vZ2xlLmNvbSUyRm1hcHMlMkZlbWJlZCUzRnBiJTNEJTIxMW0xOCUyMTFtMTIlMjExbTMlMjExZDI2MzQuODI1MjgyMTI5ODc4JTIxMmQxNi42MjcyMTQxMTYwNTk1MiUyMTNkNDguNjcwNTg0MDc5MjY5NTk1JTIxMm0zJTIxMWYwJTIxMmYwJTIxM2YwJTIxM20yJTIxMWkxMDI0JTIxMmk3NjglMjE0ZjEzLjElMjEzbTMlMjExbTIlMjExczB4NDc2ZDJmYjkyOGRiYjM3MSUyNTNBMHg4MWVjZmM5YzY5MjM2YjJjJTIxMnNCciUyNUMzJTI1QkNubmVyJTJCU3RyLiUyQjViJTI1MkMlMkIyMTcwJTJCUG95c2RvcmYlMjE1ZTAlMjEzbTIlMjExc2RlJTIxMnNhdCUyMTR2MTQ4ODk2NjQ0Mjk3NyUyMiUyMHdpZHRoJTNEJTIyNjAwJTIyJTIwaGVpZ2h0JTNEJTIyNDUwJTIyJTIwZnJhbWVib3JkZXIlM0QlMjIwJTIyJTIwc3R5bGUlM0QlMjJib3JkZXIlM0EwJTIyJTIwYWxsb3dmdWxsc2NyZWVuJTNFJTNDJTJGaWZyYW1lJTNF&#8220; size=&#8220;&#8220;][\/vc_column_inner][vc_column_inner width=&#8220;1\/2&#8243;][vc_column_text css=&#8220;.vc_custom_1488966415128{margin-bottom: 0px !important;}&#8220;]Weingut Familie Rieder Veltlinerhof<br \/>\nBr\u00fcnnerstra\u00dfe 5b<br \/>\n2170 Poysdorf<\/p>\n<p>Telefon: +43 2552 2194<br \/>\nEmail: <a href=\"mailto:office@veltlinerhof.com\" target=\"_blank\" rel=\"noopener noreferrer\">office@veltlinerhof.com<\/a><br \/>\n<a href=\"http:\/\/www.veltlinerhof.com\" target=\"_blank\" rel=\"noopener noreferrer\">www.veltlinerhof.com<\/a>[\/vc_column_text][\/vc_column_inner][\/vc_row_inner][\/vc_tta_section][\/vc_tta_tabs][\/vc_column][\/vc_row]<\/p>\n<\/div>","protected":false},"excerpt":{"rendered":"<p>[vc_row css=&#8220;.vc_custom_1485433309212{margin-bottom: 40px !important;}&#8220;][vc_column][vc_column_text css=&#8220;.vc_custom_1488966260851{margin-bottom: 20px !important;}&#8220;] Rieder Veltlinerhof [\/vc_column_text][vc_tta_tabs style=&#8220;scalia-style-1&#8243; active_section=&#8220;1&#8243; no_fill_content_area=&#8220;true&#8220;][vc_tta_section title=&#8220;Popis&#8220; tab_id=&#8220;beschreibung&#8220;][vc_row_inner][vc_column_inner width=&#8220;1\/2&#8243;][vc_single_image image=&#8220;12709&#8243; img_size=&#8220;full&#8220; style=&#8220;vc_box_rounded&#8220;][vc_single_image image=&#8220;12042&#8243;&#8230;<\/p>\n","protected":false},"author":2,"featured_media":12497,"parent":12087,"menu_order":0,"comment_status":"closed","ping_status":"closed","template":"","meta":{"footnotes":""},"class_list":["post-11821","page","type-page","status-publish","has-post-thumbnail","hentry"],"yoast_head":"<!-- This site is optimized with the Yoast SEO plugin v26.4 - https:\/\/yoast.com\/wordpress\/plugins\/seo\/ -->\n<title>Weingut Rieder Veltlinerhof - Topwinzer der Region im Weinmarkt Poysdorf<\/title>\n<meta name=\"description\" content=\"Das Weingut Rieder Veltlinerhof ist besonders f\u00fcr seinen herrlichen Gr\u00fcnen Veltliner bekannt und gilt als Spitzenwinzer bei den Rotweinen der Region.\" \/>\n<meta name=\"robots\" content=\"index, follow, max-snippet:-1, max-image-preview:large, max-video-preview:-1\" \/>\n<link rel=\"canonical\" href=\"https:\/\/www.weinmarkt-poysdorf.at\/cs\/winzer-p-s\/rieder-veltlinerhof\/\" \/>\n<meta property=\"og:locale\" content=\"cs_CZ\" \/>\n<meta property=\"og:type\" content=\"article\" \/>\n<meta property=\"og:title\" content=\"Weingut Rieder Veltlinerhof - Topwinzer der Region im Weinmarkt Poysdorf\" \/>\n<meta property=\"og:description\" content=\"Das Weingut Rieder Veltlinerhof ist besonders f\u00fcr seinen herrlichen Gr\u00fcnen Veltliner bekannt und gilt als Spitzenwinzer bei den Rotweinen der Region.\" \/>\n<meta property=\"og:url\" content=\"https:\/\/www.weinmarkt-poysdorf.at\/cs\/winzer-p-s\/rieder-veltlinerhof\/\" \/>\n<meta property=\"og:site_name\" content=\"Weinmarkt Poysdorf\" \/>\n<meta property=\"article:modified_time\" content=\"2022-04-28T09:59:09+00:00\" \/>\n<meta property=\"og:image\" content=\"https:\/\/www.weinmarkt-poysdorf.at\/wp-content\/uploads\/2017\/03\/rieder_veltlinerhof_250.png\" \/>\n\t<meta property=\"og:image:width\" content=\"250\" \/>\n\t<meta property=\"og:image:height\" content=\"250\" \/>\n\t<meta property=\"og:image:type\" content=\"image\/png\" \/>\n<meta name=\"twitter:card\" content=\"summary_large_image\" \/>\n<meta name=\"twitter:label1\" content=\"Odhadovan\u00e1 doba \u010dten\u00ed\" \/>\n\t<meta name=\"twitter:data1\" content=\"6 minut\" \/>\n<script type=\"application\/ld+json\" class=\"yoast-schema-graph\">{\"@context\":\"https:\/\/schema.org\",\"@graph\":[{\"@type\":\"WebPage\",\"@id\":\"https:\/\/www.weinmarkt-poysdorf.at\/cs\/winzer-p-s\/rieder-veltlinerhof\/\",\"url\":\"https:\/\/www.weinmarkt-poysdorf.at\/cs\/winzer-p-s\/rieder-veltlinerhof\/\",\"name\":\"Weingut Rieder Veltlinerhof - Topwinzer der Region im Weinmarkt Poysdorf\",\"isPartOf\":{\"@id\":\"https:\/\/www.weinmarkt-poysdorf.at\/cs\/#website\"},\"primaryImageOfPage\":{\"@id\":\"https:\/\/www.weinmarkt-poysdorf.at\/cs\/winzer-p-s\/rieder-veltlinerhof\/#primaryimage\"},\"image\":{\"@id\":\"https:\/\/www.weinmarkt-poysdorf.at\/winzer-p-s\/rieder-veltlinerhof\/#primaryimage\"},\"thumbnailUrl\":\"https:\/\/www.weinmarkt-poysdorf.at\/wp-content\/uploads\/2017\/03\/rieder_veltlinerhof_250.png\",\"datePublished\":\"2017-03-08T09:50:26+00:00\",\"dateModified\":\"2022-04-28T09:59:09+00:00\",\"description\":\"Das Weingut Rieder Veltlinerhof ist besonders f\u00fcr seinen herrlichen Gr\u00fcnen Veltliner bekannt und gilt als Spitzenwinzer bei den Rotweinen der Region.\",\"breadcrumb\":{\"@id\":\"https:\/\/www.weinmarkt-poysdorf.at\/cs\/winzer-p-s\/rieder-veltlinerhof\/#breadcrumb\"},\"inLanguage\":\"cs\",\"potentialAction\":[{\"@type\":\"ReadAction\",\"target\":[[\"https:\/\/www.weinmarkt-poysdorf.at\/cs\/winzer-p-s\/rieder-veltlinerhof\/\"]]}]},{\"@type\":\"ImageObject\",\"inLanguage\":\"cs\",\"@id\":\"https:\/\/www.weinmarkt-poysdorf.at\/cs\/winzer-p-s\/rieder-veltlinerhof\/#primaryimage\",\"url\":\"https:\/\/www.weinmarkt-poysdorf.at\/wp-content\/uploads\/2017\/03\/rieder_veltlinerhof_250.png\",\"contentUrl\":\"https:\/\/www.weinmarkt-poysdorf.at\/wp-content\/uploads\/2017\/03\/rieder_veltlinerhof_250.png\",\"width\":250,\"height\":250},{\"@type\":\"BreadcrumbList\",\"@id\":\"https:\/\/www.weinmarkt-poysdorf.at\/cs\/winzer-p-s\/rieder-veltlinerhof\/#breadcrumb\",\"itemListElement\":[{\"@type\":\"ListItem\",\"position\":1,\"name\":\"Startseite\",\"item\":\"https:\/\/www.weinmarkt-poysdorf.at\/cs\/\"},{\"@type\":\"ListItem\",\"position\":2,\"name\":\"Winzer P &#8211; S\",\"item\":\"https:\/\/www.weinmarkt-poysdorf.at\/cs\/winzer-p-s\/\"},{\"@type\":\"ListItem\",\"position\":3,\"name\":\"Rieder Veltlinerhof\"}]},{\"@type\":\"WebSite\",\"@id\":\"https:\/\/www.weinmarkt-poysdorf.at\/cs\/#website\",\"url\":\"https:\/\/www.weinmarkt-poysdorf.at\/cs\/\",\"name\":\"Weinmarkt Poysdorf\",\"description\":\"Weine von 30 Winzern im Weinviertel\",\"potentialAction\":[{\"@type\":\"SearchAction\",\"target\":{\"@type\":\"EntryPoint\",\"urlTemplate\":\"https:\/\/www.weinmarkt-poysdorf.at\/cs\/?s={search_term_string}\"},\"query-input\":{\"@type\":\"PropertyValueSpecification\",\"valueRequired\":true,\"valueName\":\"search_term_string\"}}],\"inLanguage\":\"cs\"}]}<\/script>\n<!-- \/ Yoast SEO plugin. -->","yoast_head_json":{"title":"Weingut Rieder Veltlinerhof - Topwinzer der Region im Weinmarkt Poysdorf","description":"Das Weingut Rieder Veltlinerhof ist besonders f\u00fcr seinen herrlichen Gr\u00fcnen Veltliner bekannt und gilt als Spitzenwinzer bei den Rotweinen der Region.","robots":{"index":"index","follow":"follow","max-snippet":"max-snippet:-1","max-image-preview":"max-image-preview:large","max-video-preview":"max-video-preview:-1"},"canonical":"https:\/\/www.weinmarkt-poysdorf.at\/cs\/winzer-p-s\/rieder-veltlinerhof\/","og_locale":"cs_CZ","og_type":"article","og_title":"Weingut Rieder Veltlinerhof - Topwinzer der Region im Weinmarkt Poysdorf","og_description":"Das Weingut Rieder Veltlinerhof ist besonders f\u00fcr seinen herrlichen Gr\u00fcnen Veltliner bekannt und gilt als Spitzenwinzer bei den Rotweinen der Region.","og_url":"https:\/\/www.weinmarkt-poysdorf.at\/cs\/winzer-p-s\/rieder-veltlinerhof\/","og_site_name":"Weinmarkt Poysdorf","article_modified_time":"2022-04-28T09:59:09+00:00","og_image":[{"width":250,"height":250,"url":"https:\/\/www.weinmarkt-poysdorf.at\/wp-content\/uploads\/2017\/03\/rieder_veltlinerhof_250.png","type":"image\/png"}],"twitter_card":"summary_large_image","twitter_misc":{"Odhadovan\u00e1 doba \u010dten\u00ed":"6 minut"},"schema":{"@context":"https:\/\/schema.org","@graph":[{"@type":"WebPage","@id":"https:\/\/www.weinmarkt-poysdorf.at\/cs\/winzer-p-s\/rieder-veltlinerhof\/","url":"https:\/\/www.weinmarkt-poysdorf.at\/cs\/winzer-p-s\/rieder-veltlinerhof\/","name":"Weingut Rieder Veltlinerhof - Topwinzer der Region im Weinmarkt Poysdorf","isPartOf":{"@id":"https:\/\/www.weinmarkt-poysdorf.at\/cs\/#website"},"primaryImageOfPage":{"@id":"https:\/\/www.weinmarkt-poysdorf.at\/cs\/winzer-p-s\/rieder-veltlinerhof\/#primaryimage"},"image":{"@id":"https:\/\/www.weinmarkt-poysdorf.at\/winzer-p-s\/rieder-veltlinerhof\/#primaryimage"},"thumbnailUrl":"https:\/\/www.weinmarkt-poysdorf.at\/wp-content\/uploads\/2017\/03\/rieder_veltlinerhof_250.png","datePublished":"2017-03-08T09:50:26+00:00","dateModified":"2022-04-28T09:59:09+00:00","description":"Das Weingut Rieder Veltlinerhof ist besonders f\u00fcr seinen herrlichen Gr\u00fcnen Veltliner bekannt und gilt als Spitzenwinzer bei den Rotweinen der Region.","breadcrumb":{"@id":"https:\/\/www.weinmarkt-poysdorf.at\/cs\/winzer-p-s\/rieder-veltlinerhof\/#breadcrumb"},"inLanguage":"cs","potentialAction":[{"@type":"ReadAction","target":[["https:\/\/www.weinmarkt-poysdorf.at\/cs\/winzer-p-s\/rieder-veltlinerhof\/"]]}]},{"@type":"ImageObject","inLanguage":"cs","@id":"https:\/\/www.weinmarkt-poysdorf.at\/cs\/winzer-p-s\/rieder-veltlinerhof\/#primaryimage","url":"https:\/\/www.weinmarkt-poysdorf.at\/wp-content\/uploads\/2017\/03\/rieder_veltlinerhof_250.png","contentUrl":"https:\/\/www.weinmarkt-poysdorf.at\/wp-content\/uploads\/2017\/03\/rieder_veltlinerhof_250.png","width":250,"height":250},{"@type":"BreadcrumbList","@id":"https:\/\/www.weinmarkt-poysdorf.at\/cs\/winzer-p-s\/rieder-veltlinerhof\/#breadcrumb","itemListElement":[{"@type":"ListItem","position":1,"name":"Startseite","item":"https:\/\/www.weinmarkt-poysdorf.at\/cs\/"},{"@type":"ListItem","position":2,"name":"Winzer P &#8211; S","item":"https:\/\/www.weinmarkt-poysdorf.at\/cs\/winzer-p-s\/"},{"@type":"ListItem","position":3,"name":"Rieder Veltlinerhof"}]},{"@type":"WebSite","@id":"https:\/\/www.weinmarkt-poysdorf.at\/cs\/#website","url":"https:\/\/www.weinmarkt-poysdorf.at\/cs\/","name":"Weinmarkt Poysdorf","description":"Weine von 30 Winzern im Weinviertel","potentialAction":[{"@type":"SearchAction","target":{"@type":"EntryPoint","urlTemplate":"https:\/\/www.weinmarkt-poysdorf.at\/cs\/?s={search_term_string}"},"query-input":{"@type":"PropertyValueSpecification","valueRequired":true,"valueName":"search_term_string"}}],"inLanguage":"cs"}]}},"_links":{"self":[{"href":"https:\/\/www.weinmarkt-poysdorf.at\/cs\/wp-json\/wp\/v2\/pages\/11821","targetHints":{"allow":["GET"]}}],"collection":[{"href":"https:\/\/www.weinmarkt-poysdorf.at\/cs\/wp-json\/wp\/v2\/pages"}],"about":[{"href":"https:\/\/www.weinmarkt-poysdorf.at\/cs\/wp-json\/wp\/v2\/types\/page"}],"author":[{"embeddable":true,"href":"https:\/\/www.weinmarkt-poysdorf.at\/cs\/wp-json\/wp\/v2\/users\/2"}],"replies":[{"embeddable":true,"href":"https:\/\/www.weinmarkt-poysdorf.at\/cs\/wp-json\/wp\/v2\/comments?post=11821"}],"version-history":[{"count":21,"href":"https:\/\/www.weinmarkt-poysdorf.at\/cs\/wp-json\/wp\/v2\/pages\/11821\/revisions"}],"predecessor-version":[{"id":14649,"href":"https:\/\/www.weinmarkt-poysdorf.at\/cs\/wp-json\/wp\/v2\/pages\/11821\/revisions\/14649"}],"up":[{"embeddable":true,"href":"https:\/\/www.weinmarkt-poysdorf.at\/cs\/wp-json\/wp\/v2\/pages\/12087"}],"wp:featuredmedia":[{"embeddable":true,"href":"https:\/\/www.weinmarkt-poysdorf.at\/cs\/wp-json\/wp\/v2\/media\/12497"}],"wp:attachment":[{"href":"https:\/\/www.weinmarkt-poysdorf.at\/cs\/wp-json\/wp\/v2\/media?parent=11821"}],"curies":[{"name":"wp","href":"https:\/\/api.w.org\/{rel}","templated":true}]}}