{"id":11805,"date":"2017-03-08T10:24:57","date_gmt":"2017-03-08T09:24:57","guid":{"rendered":"http:\/\/weinmarkt-poysdorf.at.cloud3-vm432.de-nserver.de\/?page_id=11805"},"modified":"2022-04-28T11:53:42","modified_gmt":"2022-04-28T09:53:42","slug":"latschka","status":"publish","type":"page","link":"https:\/\/www.weinmarkt-poysdorf.at\/cs\/winzer-i-o\/latschka\/","title":{"rendered":"Latschka"},"content":{"rendered":"<div class=\"wpb-content-wrapper\"><p>[vc_row css=&#8220;.vc_custom_1485433309212{margin-bottom: 40px !important;}&#8220;][vc_column][vc_column_text css=&#8220;.vc_custom_1488964819984{margin-bottom: 20px !important;}&#8220;]<\/p>\n<h3>Latschka<\/h3>\n<p>[\/vc_column_text][vc_tta_tabs style=&#8220;scalia-style-1&#8243; active_section=&#8220;1&#8243; no_fill_content_area=&#8220;true&#8220;][vc_tta_section title=&#8220;Popis&#8220; tab_id=&#8220;beschreibung&#8220;][vc_row_inner][vc_column_inner width=&#8220;1\/2&#8243;][vc_single_image image=&#8220;11807&#8243; img_size=&#8220;full&#8220; style=&#8220;vc_box_rounded&#8220;]<a class=\"sc-button \"  href=\"https:\/\/shop.weinmarkt-poysdorf.at\/weingut-marke\/latschka\" target=\"_blank\" style=\"\">Na\u0161e v\u00edna<\/a>[vc_single_image image=&#8220;13067&#8243; img_size=&#8220;full&#8220; css=&#8220;.vc_custom_1502799471275{margin-top: 20px !important;margin-bottom: 0px !important;}&#8220;][\/vc_column_inner][vc_column_inner width=&#8220;1\/2&#8243;][vc_column_text css=&#8220;.vc_custom_1495109183975{margin-bottom: 0px !important;}&#8220;]<strong>Vina\u0159stv\u00ed Latschka<\/strong><\/p>\n<p>Jsme rodinn\u00e9 vina\u0159stv\u00ed, kter\u00e9 hospoda\u0159\u00ed na jednom a p\u016fl hektaru vinic v samotn\u00e9m srdci mikroregionu Veltl\u00ednsk\u00e9ho zelen\u00e9ho s n\u00e1zvem Veltlinerland.<\/p>\n<p>Na proslun\u011bn\u00fdch svaz\u00edch vinic Hermannschachern a Fuchsenberg zraj\u00ed na\u0161e odr\u016fdy Vla\u0161sk\u00fd ryzlink, Veltl\u00ednsk\u00e9 zelen\u00e9, Ryzlink r\u00fdnsk\u00fd, Chardonnay, Blauburger a Zweigelt. V na\u0161\u00ed nab\u00eddce naleznete samoz\u0159ejm\u011b i v\u00edno Weinviertel DAC, kter\u00e9 pro n\u00e1s hraje velmi d\u016fle\u017eitou roli. D\u00e1le vyr\u00e1b\u00edme ka\u017ed\u00fd rok b\u00edl\u00e9 v\u00edno z \u010derven\u00fdch hrozn\u016f odr\u016fdy Zweigelt, a sice metodou omezen\u00e9 macerace. Z Vla\u0161sk\u00e9ho ryzlinku a Ryzlinku r\u00fdnsk\u00e9ho vyr\u00e1b\u00edme \u0161umiv\u00e9 v\u00edno.<\/p>\n<p>N\u00e1\u0161 sortiment dopl\u0148uj\u00ed produkty z vlastn\u00ed p\u00e1lenice, k jejich\u017e v\u00fdrob\u011b pou\u017e\u00edv\u00e1me pouze ovoce, kter\u00e9 roste v Poysdorfu, jako nap\u0159\u00edklad meru\u0148ky, broskve, ryngle nebo hru\u0161ky. Rovn\u011b\u017e nesm\u011bj\u00ed chyb\u011bt p\u00e1lenky z pokrutin nebo hrozn\u016f. Na\u0161e dom\u00e1c\u00ed lik\u00e9ry se hod\u00ed ke st\u0159edn\u011b \u0161umiv\u00fdm v\u00edn\u016fm.[\/vc_column_text][\/vc_column_inner][\/vc_row_inner][\/vc_tta_section][vc_tta_section title=&#8220;Kontakt&#8220; tab_id=&#8220;kontakt&#8220;][vc_row_inner][vc_column_inner width=&#8220;1\/2&#8243;][vc_gmaps link=&#8220;#E-8_JTNDaWZyYW1lJTIwc3JjJTNEJTIyaHR0cHMlM0ElMkYlMkZ3d3cuZ29vZ2xlLmNvbSUyRm1hcHMlMkZlbWJlZCUzRnBiJTNEJTIxMW0xOCUyMTFtMTIlMjExbTMlMjExZDI2MzQuOTM4NDUzNzE2NTIxNSUyMTJkMTYuNjA2OTUwMjE2MDU5NDU2JTIxM2Q0OC42Njg0MTk3NzkyNjkyNyUyMTJtMyUyMTFmMCUyMTJmMCUyMTNmMCUyMTNtMiUyMTFpMTAyNCUyMTJpNzY4JTIxNGYxMy4xJTIxM20zJTIxMW0yJTIxMXMweDQ3NmQyZmRkNTI1NDExMGQlMjUzQTB4ZjlkMTMzOTkzMGU5OGRkZCUyMTJzV2lsaGVsbXNkb3JmZXIlMkJTdHIuJTJCNDQlMjUyQyUyQjIxNzAlMjE1ZTAlMjEzbTIlMjExc2RlJTIxMnNhdCUyMTR2MTQ4ODk2NDk3NDYzNSUyMiUyMHdpZHRoJTNEJTIyNjAwJTIyJTIwaGVpZ2h0JTNEJTIyNDUwJTIyJTIwZnJhbWVib3JkZXIlM0QlMjIwJTIyJTIwc3R5bGUlM0QlMjJib3JkZXIlM0EwJTIyJTIwYWxsb3dmdWxsc2NyZWVuJTNFJTNDJTJGaWZyYW1lJTNF&#8220; size=&#8220;&#8220;][\/vc_column_inner][vc_column_inner width=&#8220;1\/2&#8243;][vc_column_text css=&#8220;.vc_custom_1488981293986{margin-bottom: 0px !important;}&#8220;]Weingut Latschka<br \/>\nWilhelmsdorferstra\u00dfe 44<br \/>\n2170 Poysdorf<\/p>\n<p>Telefon:+43 02552\/3901<br \/>\nMobil: +43 664\/2733855<br \/>\nEmail: <a href=\"mailto:latschka@aon.at\" target=\"_blank\" rel=\"noopener noreferrer\">latschka@aon.at<\/a><br \/>\n<a href=\"http:\/\/www.sauschwanzl.at\" target=\"_blank\" rel=\"noopener noreferrer\">www.sauschwanzl.at<\/a>[\/vc_column_text][\/vc_column_inner][\/vc_row_inner][\/vc_tta_section][\/vc_tta_tabs][\/vc_column][\/vc_row]<\/p>\n<\/div>","protected":false},"excerpt":{"rendered":"<p>[vc_row css=&#8220;.vc_custom_1485433309212{margin-bottom: 40px !important;}&#8220;][vc_column][vc_column_text css=&#8220;.vc_custom_1488964819984{margin-bottom: 20px !important;}&#8220;] Latschka [\/vc_column_text][vc_tta_tabs style=&#8220;scalia-style-1&#8243; active_section=&#8220;1&#8243; no_fill_content_area=&#8220;true&#8220;][vc_tta_section title=&#8220;Popis&#8220; tab_id=&#8220;beschreibung&#8220;][vc_row_inner][vc_column_inner width=&#8220;1\/2&#8243;][vc_single_image image=&#8220;11807&#8243; img_size=&#8220;full&#8220; style=&#8220;vc_box_rounded&#8220;][vc_single_image image=&#8220;13067&#8243; img_size=&#8220;full&#8220;&#8230;<\/p>\n","protected":false},"author":2,"featured_media":12324,"parent":12083,"menu_order":0,"comment_status":"closed","ping_status":"closed","template":"","meta":{"footnotes":""},"class_list":["post-11805","page","type-page","status-publish","has-post-thumbnail","hentry"],"yoast_head":"<!-- This site is optimized with the Yoast SEO plugin v26.4 - https:\/\/yoast.com\/wordpress\/plugins\/seo\/ -->\n<title>Weingut Latschka - Topwinzer der Region im Weinmarkt Poysdorf<\/title>\n<meta name=\"description\" content=\"Das Weingut Latschka ist ein Familienbetrieb, der 1,5 ha Weing\u00e4rten im Herzen des Veltlinerlandes erlesene Sorten auf sonnigen S\u00fcdh\u00e4ngen bewirtschaftet.\" \/>\n<meta name=\"robots\" content=\"index, follow, max-snippet:-1, max-image-preview:large, max-video-preview:-1\" \/>\n<link rel=\"canonical\" href=\"https:\/\/www.weinmarkt-poysdorf.at\/cs\/winzer-i-o\/latschka\/\" \/>\n<meta property=\"og:locale\" content=\"cs_CZ\" \/>\n<meta property=\"og:type\" content=\"article\" \/>\n<meta property=\"og:title\" content=\"Weingut Latschka - Topwinzer der Region im Weinmarkt Poysdorf\" \/>\n<meta property=\"og:description\" content=\"Das Weingut Latschka ist ein Familienbetrieb, der 1,5 ha Weing\u00e4rten im Herzen des Veltlinerlandes erlesene Sorten auf sonnigen S\u00fcdh\u00e4ngen bewirtschaftet.\" \/>\n<meta property=\"og:url\" content=\"https:\/\/www.weinmarkt-poysdorf.at\/cs\/winzer-i-o\/latschka\/\" \/>\n<meta property=\"og:site_name\" content=\"Weinmarkt Poysdorf\" \/>\n<meta property=\"article:modified_time\" content=\"2022-04-28T09:53:42+00:00\" \/>\n<meta property=\"og:image\" content=\"https:\/\/www.weinmarkt-poysdorf.at\/wp-content\/uploads\/2017\/03\/logo_winzer_latschka_weiss_v3.png\" \/>\n\t<meta property=\"og:image:width\" content=\"250\" \/>\n\t<meta property=\"og:image:height\" content=\"250\" \/>\n\t<meta property=\"og:image:type\" content=\"image\/png\" \/>\n<meta name=\"twitter:card\" content=\"summary_large_image\" \/>\n<meta name=\"twitter:label1\" content=\"Odhadovan\u00e1 doba \u010dten\u00ed\" \/>\n\t<meta name=\"twitter:data1\" content=\"6 minut\" \/>\n<script type=\"application\/ld+json\" class=\"yoast-schema-graph\">{\"@context\":\"https:\/\/schema.org\",\"@graph\":[{\"@type\":\"WebPage\",\"@id\":\"https:\/\/www.weinmarkt-poysdorf.at\/cs\/winzer-i-o\/latschka\/\",\"url\":\"https:\/\/www.weinmarkt-poysdorf.at\/cs\/winzer-i-o\/latschka\/\",\"name\":\"Weingut Latschka - Topwinzer der Region im Weinmarkt Poysdorf\",\"isPartOf\":{\"@id\":\"https:\/\/www.weinmarkt-poysdorf.at\/cs\/#website\"},\"primaryImageOfPage\":{\"@id\":\"https:\/\/www.weinmarkt-poysdorf.at\/cs\/winzer-i-o\/latschka\/#primaryimage\"},\"image\":{\"@id\":\"https:\/\/www.weinmarkt-poysdorf.at\/winzer-i-o\/latschka\/#primaryimage\"},\"thumbnailUrl\":\"https:\/\/www.weinmarkt-poysdorf.at\/wp-content\/uploads\/2017\/03\/logo_winzer_latschka_weiss_v3.png\",\"datePublished\":\"2017-03-08T09:24:57+00:00\",\"dateModified\":\"2022-04-28T09:53:42+00:00\",\"description\":\"Das Weingut Latschka ist ein Familienbetrieb, der 1,5 ha Weing\u00e4rten im Herzen des Veltlinerlandes erlesene Sorten auf sonnigen S\u00fcdh\u00e4ngen bewirtschaftet.\",\"breadcrumb\":{\"@id\":\"https:\/\/www.weinmarkt-poysdorf.at\/cs\/winzer-i-o\/latschka\/#breadcrumb\"},\"inLanguage\":\"cs\",\"potentialAction\":[{\"@type\":\"ReadAction\",\"target\":[[\"https:\/\/www.weinmarkt-poysdorf.at\/cs\/winzer-i-o\/latschka\/\"]]}]},{\"@type\":\"ImageObject\",\"inLanguage\":\"cs\",\"@id\":\"https:\/\/www.weinmarkt-poysdorf.at\/cs\/winzer-i-o\/latschka\/#primaryimage\",\"url\":\"https:\/\/www.weinmarkt-poysdorf.at\/wp-content\/uploads\/2017\/03\/logo_winzer_latschka_weiss_v3.png\",\"contentUrl\":\"https:\/\/www.weinmarkt-poysdorf.at\/wp-content\/uploads\/2017\/03\/logo_winzer_latschka_weiss_v3.png\",\"width\":250,\"height\":250},{\"@type\":\"BreadcrumbList\",\"@id\":\"https:\/\/www.weinmarkt-poysdorf.at\/cs\/winzer-i-o\/latschka\/#breadcrumb\",\"itemListElement\":[{\"@type\":\"ListItem\",\"position\":1,\"name\":\"Startseite\",\"item\":\"https:\/\/www.weinmarkt-poysdorf.at\/cs\/\"},{\"@type\":\"ListItem\",\"position\":2,\"name\":\"Winzer I &#8211; O\",\"item\":\"https:\/\/www.weinmarkt-poysdorf.at\/cs\/winzer-i-o\/\"},{\"@type\":\"ListItem\",\"position\":3,\"name\":\"Latschka\"}]},{\"@type\":\"WebSite\",\"@id\":\"https:\/\/www.weinmarkt-poysdorf.at\/cs\/#website\",\"url\":\"https:\/\/www.weinmarkt-poysdorf.at\/cs\/\",\"name\":\"Weinmarkt Poysdorf\",\"description\":\"Weine von 30 Winzern im Weinviertel\",\"potentialAction\":[{\"@type\":\"SearchAction\",\"target\":{\"@type\":\"EntryPoint\",\"urlTemplate\":\"https:\/\/www.weinmarkt-poysdorf.at\/cs\/?s={search_term_string}\"},\"query-input\":{\"@type\":\"PropertyValueSpecification\",\"valueRequired\":true,\"valueName\":\"search_term_string\"}}],\"inLanguage\":\"cs\"}]}<\/script>\n<!-- \/ Yoast SEO plugin. -->","yoast_head_json":{"title":"Weingut Latschka - Topwinzer der Region im Weinmarkt Poysdorf","description":"Das Weingut Latschka ist ein Familienbetrieb, der 1,5 ha Weing\u00e4rten im Herzen des Veltlinerlandes erlesene Sorten auf sonnigen S\u00fcdh\u00e4ngen bewirtschaftet.","robots":{"index":"index","follow":"follow","max-snippet":"max-snippet:-1","max-image-preview":"max-image-preview:large","max-video-preview":"max-video-preview:-1"},"canonical":"https:\/\/www.weinmarkt-poysdorf.at\/cs\/winzer-i-o\/latschka\/","og_locale":"cs_CZ","og_type":"article","og_title":"Weingut Latschka - Topwinzer der Region im Weinmarkt Poysdorf","og_description":"Das Weingut Latschka ist ein Familienbetrieb, der 1,5 ha Weing\u00e4rten im Herzen des Veltlinerlandes erlesene Sorten auf sonnigen S\u00fcdh\u00e4ngen bewirtschaftet.","og_url":"https:\/\/www.weinmarkt-poysdorf.at\/cs\/winzer-i-o\/latschka\/","og_site_name":"Weinmarkt Poysdorf","article_modified_time":"2022-04-28T09:53:42+00:00","og_image":[{"width":250,"height":250,"url":"https:\/\/www.weinmarkt-poysdorf.at\/wp-content\/uploads\/2017\/03\/logo_winzer_latschka_weiss_v3.png","type":"image\/png"}],"twitter_card":"summary_large_image","twitter_misc":{"Odhadovan\u00e1 doba \u010dten\u00ed":"6 minut"},"schema":{"@context":"https:\/\/schema.org","@graph":[{"@type":"WebPage","@id":"https:\/\/www.weinmarkt-poysdorf.at\/cs\/winzer-i-o\/latschka\/","url":"https:\/\/www.weinmarkt-poysdorf.at\/cs\/winzer-i-o\/latschka\/","name":"Weingut Latschka - Topwinzer der Region im Weinmarkt Poysdorf","isPartOf":{"@id":"https:\/\/www.weinmarkt-poysdorf.at\/cs\/#website"},"primaryImageOfPage":{"@id":"https:\/\/www.weinmarkt-poysdorf.at\/cs\/winzer-i-o\/latschka\/#primaryimage"},"image":{"@id":"https:\/\/www.weinmarkt-poysdorf.at\/winzer-i-o\/latschka\/#primaryimage"},"thumbnailUrl":"https:\/\/www.weinmarkt-poysdorf.at\/wp-content\/uploads\/2017\/03\/logo_winzer_latschka_weiss_v3.png","datePublished":"2017-03-08T09:24:57+00:00","dateModified":"2022-04-28T09:53:42+00:00","description":"Das Weingut Latschka ist ein Familienbetrieb, der 1,5 ha Weing\u00e4rten im Herzen des Veltlinerlandes erlesene Sorten auf sonnigen S\u00fcdh\u00e4ngen bewirtschaftet.","breadcrumb":{"@id":"https:\/\/www.weinmarkt-poysdorf.at\/cs\/winzer-i-o\/latschka\/#breadcrumb"},"inLanguage":"cs","potentialAction":[{"@type":"ReadAction","target":[["https:\/\/www.weinmarkt-poysdorf.at\/cs\/winzer-i-o\/latschka\/"]]}]},{"@type":"ImageObject","inLanguage":"cs","@id":"https:\/\/www.weinmarkt-poysdorf.at\/cs\/winzer-i-o\/latschka\/#primaryimage","url":"https:\/\/www.weinmarkt-poysdorf.at\/wp-content\/uploads\/2017\/03\/logo_winzer_latschka_weiss_v3.png","contentUrl":"https:\/\/www.weinmarkt-poysdorf.at\/wp-content\/uploads\/2017\/03\/logo_winzer_latschka_weiss_v3.png","width":250,"height":250},{"@type":"BreadcrumbList","@id":"https:\/\/www.weinmarkt-poysdorf.at\/cs\/winzer-i-o\/latschka\/#breadcrumb","itemListElement":[{"@type":"ListItem","position":1,"name":"Startseite","item":"https:\/\/www.weinmarkt-poysdorf.at\/cs\/"},{"@type":"ListItem","position":2,"name":"Winzer I &#8211; O","item":"https:\/\/www.weinmarkt-poysdorf.at\/cs\/winzer-i-o\/"},{"@type":"ListItem","position":3,"name":"Latschka"}]},{"@type":"WebSite","@id":"https:\/\/www.weinmarkt-poysdorf.at\/cs\/#website","url":"https:\/\/www.weinmarkt-poysdorf.at\/cs\/","name":"Weinmarkt Poysdorf","description":"Weine von 30 Winzern im Weinviertel","potentialAction":[{"@type":"SearchAction","target":{"@type":"EntryPoint","urlTemplate":"https:\/\/www.weinmarkt-poysdorf.at\/cs\/?s={search_term_string}"},"query-input":{"@type":"PropertyValueSpecification","valueRequired":true,"valueName":"search_term_string"}}],"inLanguage":"cs"}]}},"_links":{"self":[{"href":"https:\/\/www.weinmarkt-poysdorf.at\/cs\/wp-json\/wp\/v2\/pages\/11805","targetHints":{"allow":["GET"]}}],"collection":[{"href":"https:\/\/www.weinmarkt-poysdorf.at\/cs\/wp-json\/wp\/v2\/pages"}],"about":[{"href":"https:\/\/www.weinmarkt-poysdorf.at\/cs\/wp-json\/wp\/v2\/types\/page"}],"author":[{"embeddable":true,"href":"https:\/\/www.weinmarkt-poysdorf.at\/cs\/wp-json\/wp\/v2\/users\/2"}],"replies":[{"embeddable":true,"href":"https:\/\/www.weinmarkt-poysdorf.at\/cs\/wp-json\/wp\/v2\/comments?post=11805"}],"version-history":[{"count":23,"href":"https:\/\/www.weinmarkt-poysdorf.at\/cs\/wp-json\/wp\/v2\/pages\/11805\/revisions"}],"predecessor-version":[{"id":14637,"href":"https:\/\/www.weinmarkt-poysdorf.at\/cs\/wp-json\/wp\/v2\/pages\/11805\/revisions\/14637"}],"up":[{"embeddable":true,"href":"https:\/\/www.weinmarkt-poysdorf.at\/cs\/wp-json\/wp\/v2\/pages\/12083"}],"wp:featuredmedia":[{"embeddable":true,"href":"https:\/\/www.weinmarkt-poysdorf.at\/cs\/wp-json\/wp\/v2\/media\/12324"}],"wp:attachment":[{"href":"https:\/\/www.weinmarkt-poysdorf.at\/cs\/wp-json\/wp\/v2\/media?parent=11805"}],"curies":[{"name":"wp","href":"https:\/\/api.w.org\/{rel}","templated":true}]}}