{"id":11783,"date":"2017-03-08T09:55:07","date_gmt":"2017-03-08T08:55:07","guid":{"rendered":"http:\/\/weinmarkt-poysdorf.at.cloud3-vm432.de-nserver.de\/?page_id=11783"},"modified":"2026-02-12T09:32:51","modified_gmt":"2026-02-12T08:32:51","slug":"gut-kellerstoeckl","status":"publish","type":"page","link":"https:\/\/www.weinmarkt-poysdorf.at\/cs\/winzer-i-o\/gut-kellerstoeckl\/","title":{"rendered":"Gut Kellerst\u00f6ckl"},"content":{"rendered":"<div class=\"wpb-content-wrapper\"><p>[vc_row css=&#8220;.vc_custom_1485433309212{margin-bottom: 40px !important;}&#8220;][vc_column][vc_column_text css=&#8220;.vc_custom_1488962814484{margin-bottom: 20px !important;}&#8220;]<\/p>\n<h3>Gut Kellerst\u00f6ckl<\/h3>\n<p>[\/vc_column_text][vc_tta_tabs style=&#8220;scalia-style-1&#8243; active_section=&#8220;1&#8243; no_fill_content_area=&#8220;true&#8220;][vc_tta_section title=&#8220;Popis&#8220; tab_id=&#8220;beschreibung&#8220;][vc_row_inner][vc_column_inner width=&#8220;1\/2&#8243;][vc_single_image image=&#8220;14399&#8243; img_size=&#8220;full&#8220; style=&#8220;vc_box_rounded&#8220;]<a class=\"sc-button \"  href=\"https:\/\/shop.weinmarkt-poysdorf.at\/weingut-marke\/gut_kellerstockl\" target=\"_blank\" style=\"\">Na\u0161e v\u00edna<\/a>[vc_single_image image=&#8220;14403&#8243; img_size=&#8220;full&#8220; css=&#8220;.vc_custom_1619781510787{margin-bottom: 0px !important;}&#8220;][\/vc_column_inner][vc_column_inner width=&#8220;1\/2&#8243;][vc_column_text css=&#8220;.vc_custom_1495108919648{margin-bottom: 0px !important;}&#8220;]<strong>Vina\u0159stv\u00ed Gut Kellerst\u00f6ckl<\/strong><\/p>\n<p>Ji\u017e po mnoho generac\u00ed je rodina Schukertov\u00fdch spojena s vina\u0159stv\u00edm Gut Kellerst\u00f6ckl. Pod taktovkou Horsta Schuckerta je vina\u0159stv\u00ed zn\u00e1mo sv\u00fdmi nekompromisn\u00edmi a z\u00e1rove\u0148 nezam\u011bniteln\u00fdmi v\u00edny s d\u016frazem na v\u00fdraznou ovocnatost, typickou pro tuto vina\u0159skou oblast Veltl\u00ednsk\u00e9ho zelen\u00e9ho, zvanou \u201eVeltlinerland\u201c. \u201eMy se sna\u017e\u00edme kl\u00e1st do pop\u0159ed\u00ed na\u0161e p\u0159ednosti, ne slep\u011b n\u00e1sledovat trendy. Oblast kolem Poysdorfu zaru\u010duje produkci v\u00edna vysok\u00e9 kvality, a proto m\u016f\u017eeme vych\u00e1zet ze st\u00e1vaj\u00edc\u00edch vinic.\u201c Na 25 hektarech s p\u0159ev\u00e1\u017en\u011b spra\u0161ov\u00fdm a \u0161t\u011brkov\u00fdm podlo\u017e\u00edm roste p\u0159edev\u0161\u00edm chu\u0165ov\u011b v\u00fdrazn\u00e9 Veltl\u00ednsk\u00e9 zelen\u00e9, ko\u0159en\u011bn\u00fd Vla\u0161sk\u00fd ryzlink, elegantn\u00ed Mu\u0161k\u00e1t a Zweigeltrebe a Blauburger s v\u00fdrazn\u00fdmi ovocn\u00fdmi t\u00f3ny. Cel\u00e1 na\u0161e rodina db\u00e1 na to, aby byly vinice zdrav\u00e9 a \u00farodn\u00e9, jeliko\u017e jen tak sklid\u00edte v\u00edna nejvy\u0161\u0161\u00ed kvality. V\u00edna z na\u0161eho vina\u0159stv\u00ed byla ji\u017e nespo\u010detn\u011bkr\u00e1t ocen\u011bna.[\/vc_column_text][\/vc_column_inner][\/vc_row_inner][\/vc_tta_section][vc_tta_section title=&#8220;Kontakt&#8220; tab_id=&#8220;kontakt&#8220;][vc_row_inner][vc_column_inner width=&#8220;1\/2&#8243;][vc_gmaps link=&#8220;#E-8_JTNDaWZyYW1lJTIwc3JjJTNEJTIyaHR0cHMlM0ElMkYlMkZ3d3cuZ29vZ2xlLmNvbSUyRm1hcHMlMkZlbWJlZCUzRnBiJTNEJTIxMW0xOCUyMTFtMTIlMjExbTMlMjExZDI2MzUuNzk5ODI2NDgzNDU2NCUyMTJkMTYuNjQ4NTk3MTE2MDU4OTgzJTIxM2Q0OC42NTE5NDQ0NzkyNjc3OCUyMTJtMyUyMTFmMCUyMTJmMCUyMTNmMCUyMTNtMiUyMTFpMTAyNCUyMTJpNzY4JTIxNGYxMy4xJTIxM20zJTIxMW0yJTIxMXMweDQ3NmQyZjcwYWQyYjlhMzMlMjUzQTB4ZWM5ZGEzMTNmNTI3ZWViZiUyMTJzV2ludGVyemVpbGUlMkIxNSUyNTJDJTJCMjE3MCUyMTVlMCUyMTNtMiUyMTFzZGUlMjEyc2F0JTIxNHYxNDg4OTYzMjI0NDIyJTIyJTIwd2lkdGglM0QlMjI2MDAlMjIlMjBoZWlnaHQlM0QlMjI0NTAlMjIlMjBmcmFtZWJvcmRlciUzRCUyMjAlMjIlMjBzdHlsZSUzRCUyMmJvcmRlciUzQTAlMjIlMjBhbGxvd2Z1bGxzY3JlZW4lM0UlM0MlMkZpZnJhbWUlM0U=&#8220; size=&#8220;&#8220;][\/vc_column_inner][vc_column_inner width=&#8220;1\/2&#8243;][vc_column_text css=&#8220;.vc_custom_1489573424126{margin-bottom: 0px !important;}&#8220;]Gut Kellerst\u00f6ckl<br \/>\nWinterzeile 15<br \/>\n2170 Ketzelsdorf<\/p>\n<p>Telefon :+43 664\/1318027<br \/>\nEmail: <a href=\"mailto:schuckert@gut-kellerstoeckl.at\" target=\"_blank\" rel=\"noopener noreferrer\">schuckert@gut-kellerstoeckl.at<\/a><br \/>\n<a href=\"http:\/\/www.gut-kellerstoeckl.at\/\" target=\"_blank\" rel=\"noopener noreferrer\">www.gut-kellerstoeckl.at<\/a>[\/vc_column_text][\/vc_column_inner][\/vc_row_inner][\/vc_tta_section][\/vc_tta_tabs][\/vc_column][\/vc_row]<\/p>\n<\/div>","protected":false},"excerpt":{"rendered":"<p>[vc_row css=&#8220;.vc_custom_1485433309212{margin-bottom: 40px !important;}&#8220;][vc_column][vc_column_text css=&#8220;.vc_custom_1488962814484{margin-bottom: 20px !important;}&#8220;] Gut Kellerst\u00f6ckl [\/vc_column_text][vc_tta_tabs style=&#8220;scalia-style-1&#8243; active_section=&#8220;1&#8243; no_fill_content_area=&#8220;true&#8220;][vc_tta_section title=&#8220;Popis&#8220; tab_id=&#8220;beschreibung&#8220;][vc_row_inner][vc_column_inner width=&#8220;1\/2&#8243;][vc_single_image image=&#8220;14399&#8243; img_size=&#8220;full&#8220; style=&#8220;vc_box_rounded&#8220;][vc_single_image image=&#8220;14403&#8243;&#8230;<\/p>\n","protected":false},"author":2,"featured_media":12315,"parent":12083,"menu_order":0,"comment_status":"closed","ping_status":"closed","template":"","meta":{"footnotes":""},"class_list":["post-11783","page","type-page","status-publish","has-post-thumbnail","hentry"],"yoast_head":"<!-- This site is optimized with the Yoast SEO plugin v26.4 - https:\/\/yoast.com\/wordpress\/plugins\/seo\/ -->\n<title>Weingut Gut Kellerst\u00f6ckl - Topwinzer der Region im Weinmarkt Poysdorf<\/title>\n<meta name=\"description\" content=\"Seit vielen Generationen steht die Familie Schuckert hinter dem Gut Kellerst\u00f6ckl. Das Weingut Gut Kellerst\u00f6ckl ist bekannt f\u00fcr kompromisslos typische Weine.\" \/>\n<meta name=\"robots\" content=\"index, follow, max-snippet:-1, max-image-preview:large, max-video-preview:-1\" \/>\n<link rel=\"canonical\" href=\"https:\/\/www.weinmarkt-poysdorf.at\/cs\/winzer-i-o\/gut-kellerstoeckl\/\" \/>\n<meta property=\"og:locale\" content=\"cs_CZ\" \/>\n<meta property=\"og:type\" content=\"article\" \/>\n<meta property=\"og:title\" content=\"Weingut Gut Kellerst\u00f6ckl - Topwinzer der Region im Weinmarkt Poysdorf\" \/>\n<meta property=\"og:description\" content=\"Seit vielen Generationen steht die Familie Schuckert hinter dem Gut Kellerst\u00f6ckl. Das Weingut Gut Kellerst\u00f6ckl ist bekannt f\u00fcr kompromisslos typische Weine.\" \/>\n<meta property=\"og:url\" content=\"https:\/\/www.weinmarkt-poysdorf.at\/cs\/winzer-i-o\/gut-kellerstoeckl\/\" \/>\n<meta property=\"og:site_name\" content=\"Weinmarkt Poysdorf\" \/>\n<meta property=\"article:modified_time\" content=\"2026-02-12T08:32:51+00:00\" \/>\n<meta property=\"og:image\" content=\"https:\/\/www.weinmarkt-poysdorf.at\/wp-content\/uploads\/2017\/03\/logo_winzer_gut-kellerstoeckl_weiss_v3.png\" \/>\n\t<meta property=\"og:image:width\" content=\"250\" \/>\n\t<meta property=\"og:image:height\" content=\"250\" \/>\n\t<meta property=\"og:image:type\" content=\"image\/png\" \/>\n<meta name=\"twitter:card\" content=\"summary_large_image\" \/>\n<meta name=\"twitter:label1\" content=\"Odhadovan\u00e1 doba \u010dten\u00ed\" \/>\n\t<meta name=\"twitter:data1\" content=\"2 minuty\" \/>\n<script type=\"application\/ld+json\" class=\"yoast-schema-graph\">{\"@context\":\"https:\/\/schema.org\",\"@graph\":[{\"@type\":\"WebPage\",\"@id\":\"https:\/\/www.weinmarkt-poysdorf.at\/cs\/winzer-i-o\/gut-kellerstoeckl\/\",\"url\":\"https:\/\/www.weinmarkt-poysdorf.at\/cs\/winzer-i-o\/gut-kellerstoeckl\/\",\"name\":\"Weingut Gut Kellerst\u00f6ckl - Topwinzer der Region im Weinmarkt Poysdorf\",\"isPartOf\":{\"@id\":\"https:\/\/www.weinmarkt-poysdorf.at\/cs\/#website\"},\"primaryImageOfPage\":{\"@id\":\"https:\/\/www.weinmarkt-poysdorf.at\/cs\/winzer-i-o\/gut-kellerstoeckl\/#primaryimage\"},\"image\":{\"@id\":\"https:\/\/www.weinmarkt-poysdorf.at\/winzer-i-o\/gut-kellerstoeckl\/#primaryimage\"},\"thumbnailUrl\":\"https:\/\/www.weinmarkt-poysdorf.at\/wp-content\/uploads\/2017\/03\/logo_winzer_gut-kellerstoeckl_weiss_v3.png\",\"datePublished\":\"2017-03-08T08:55:07+00:00\",\"dateModified\":\"2026-02-12T08:32:51+00:00\",\"description\":\"Seit vielen Generationen steht die Familie Schuckert hinter dem Gut Kellerst\u00f6ckl. Das Weingut Gut Kellerst\u00f6ckl ist bekannt f\u00fcr kompromisslos typische Weine.\",\"breadcrumb\":{\"@id\":\"https:\/\/www.weinmarkt-poysdorf.at\/cs\/winzer-i-o\/gut-kellerstoeckl\/#breadcrumb\"},\"inLanguage\":\"cs\",\"potentialAction\":[{\"@type\":\"ReadAction\",\"target\":[[\"https:\/\/www.weinmarkt-poysdorf.at\/cs\/winzer-i-o\/gut-kellerstoeckl\/\"]]}]},{\"@type\":\"ImageObject\",\"inLanguage\":\"cs\",\"@id\":\"https:\/\/www.weinmarkt-poysdorf.at\/cs\/winzer-i-o\/gut-kellerstoeckl\/#primaryimage\",\"url\":\"https:\/\/www.weinmarkt-poysdorf.at\/wp-content\/uploads\/2017\/03\/logo_winzer_gut-kellerstoeckl_weiss_v3.png\",\"contentUrl\":\"https:\/\/www.weinmarkt-poysdorf.at\/wp-content\/uploads\/2017\/03\/logo_winzer_gut-kellerstoeckl_weiss_v3.png\",\"width\":250,\"height\":250},{\"@type\":\"BreadcrumbList\",\"@id\":\"https:\/\/www.weinmarkt-poysdorf.at\/cs\/winzer-i-o\/gut-kellerstoeckl\/#breadcrumb\",\"itemListElement\":[{\"@type\":\"ListItem\",\"position\":1,\"name\":\"Startseite\",\"item\":\"https:\/\/www.weinmarkt-poysdorf.at\/cs\/\"},{\"@type\":\"ListItem\",\"position\":2,\"name\":\"Winzer I &#8211; O\",\"item\":\"https:\/\/www.weinmarkt-poysdorf.at\/cs\/winzer-i-o\/\"},{\"@type\":\"ListItem\",\"position\":3,\"name\":\"Gut Kellerst\u00f6ckl\"}]},{\"@type\":\"WebSite\",\"@id\":\"https:\/\/www.weinmarkt-poysdorf.at\/cs\/#website\",\"url\":\"https:\/\/www.weinmarkt-poysdorf.at\/cs\/\",\"name\":\"Weinmarkt Poysdorf\",\"description\":\"Weine von 30 Winzern im Weinviertel\",\"potentialAction\":[{\"@type\":\"SearchAction\",\"target\":{\"@type\":\"EntryPoint\",\"urlTemplate\":\"https:\/\/www.weinmarkt-poysdorf.at\/cs\/?s={search_term_string}\"},\"query-input\":{\"@type\":\"PropertyValueSpecification\",\"valueRequired\":true,\"valueName\":\"search_term_string\"}}],\"inLanguage\":\"cs\"}]}<\/script>\n<!-- \/ Yoast SEO plugin. -->","yoast_head_json":{"title":"Weingut Gut Kellerst\u00f6ckl - Topwinzer der Region im Weinmarkt Poysdorf","description":"Seit vielen Generationen steht die Familie Schuckert hinter dem Gut Kellerst\u00f6ckl. Das Weingut Gut Kellerst\u00f6ckl ist bekannt f\u00fcr kompromisslos typische Weine.","robots":{"index":"index","follow":"follow","max-snippet":"max-snippet:-1","max-image-preview":"max-image-preview:large","max-video-preview":"max-video-preview:-1"},"canonical":"https:\/\/www.weinmarkt-poysdorf.at\/cs\/winzer-i-o\/gut-kellerstoeckl\/","og_locale":"cs_CZ","og_type":"article","og_title":"Weingut Gut Kellerst\u00f6ckl - Topwinzer der Region im Weinmarkt Poysdorf","og_description":"Seit vielen Generationen steht die Familie Schuckert hinter dem Gut Kellerst\u00f6ckl. Das Weingut Gut Kellerst\u00f6ckl ist bekannt f\u00fcr kompromisslos typische Weine.","og_url":"https:\/\/www.weinmarkt-poysdorf.at\/cs\/winzer-i-o\/gut-kellerstoeckl\/","og_site_name":"Weinmarkt Poysdorf","article_modified_time":"2026-02-12T08:32:51+00:00","og_image":[{"width":250,"height":250,"url":"https:\/\/www.weinmarkt-poysdorf.at\/wp-content\/uploads\/2017\/03\/logo_winzer_gut-kellerstoeckl_weiss_v3.png","type":"image\/png"}],"twitter_card":"summary_large_image","twitter_misc":{"Odhadovan\u00e1 doba \u010dten\u00ed":"2 minuty"},"schema":{"@context":"https:\/\/schema.org","@graph":[{"@type":"WebPage","@id":"https:\/\/www.weinmarkt-poysdorf.at\/cs\/winzer-i-o\/gut-kellerstoeckl\/","url":"https:\/\/www.weinmarkt-poysdorf.at\/cs\/winzer-i-o\/gut-kellerstoeckl\/","name":"Weingut Gut Kellerst\u00f6ckl - Topwinzer der Region im Weinmarkt Poysdorf","isPartOf":{"@id":"https:\/\/www.weinmarkt-poysdorf.at\/cs\/#website"},"primaryImageOfPage":{"@id":"https:\/\/www.weinmarkt-poysdorf.at\/cs\/winzer-i-o\/gut-kellerstoeckl\/#primaryimage"},"image":{"@id":"https:\/\/www.weinmarkt-poysdorf.at\/winzer-i-o\/gut-kellerstoeckl\/#primaryimage"},"thumbnailUrl":"https:\/\/www.weinmarkt-poysdorf.at\/wp-content\/uploads\/2017\/03\/logo_winzer_gut-kellerstoeckl_weiss_v3.png","datePublished":"2017-03-08T08:55:07+00:00","dateModified":"2026-02-12T08:32:51+00:00","description":"Seit vielen Generationen steht die Familie Schuckert hinter dem Gut Kellerst\u00f6ckl. Das Weingut Gut Kellerst\u00f6ckl ist bekannt f\u00fcr kompromisslos typische Weine.","breadcrumb":{"@id":"https:\/\/www.weinmarkt-poysdorf.at\/cs\/winzer-i-o\/gut-kellerstoeckl\/#breadcrumb"},"inLanguage":"cs","potentialAction":[{"@type":"ReadAction","target":[["https:\/\/www.weinmarkt-poysdorf.at\/cs\/winzer-i-o\/gut-kellerstoeckl\/"]]}]},{"@type":"ImageObject","inLanguage":"cs","@id":"https:\/\/www.weinmarkt-poysdorf.at\/cs\/winzer-i-o\/gut-kellerstoeckl\/#primaryimage","url":"https:\/\/www.weinmarkt-poysdorf.at\/wp-content\/uploads\/2017\/03\/logo_winzer_gut-kellerstoeckl_weiss_v3.png","contentUrl":"https:\/\/www.weinmarkt-poysdorf.at\/wp-content\/uploads\/2017\/03\/logo_winzer_gut-kellerstoeckl_weiss_v3.png","width":250,"height":250},{"@type":"BreadcrumbList","@id":"https:\/\/www.weinmarkt-poysdorf.at\/cs\/winzer-i-o\/gut-kellerstoeckl\/#breadcrumb","itemListElement":[{"@type":"ListItem","position":1,"name":"Startseite","item":"https:\/\/www.weinmarkt-poysdorf.at\/cs\/"},{"@type":"ListItem","position":2,"name":"Winzer I &#8211; O","item":"https:\/\/www.weinmarkt-poysdorf.at\/cs\/winzer-i-o\/"},{"@type":"ListItem","position":3,"name":"Gut Kellerst\u00f6ckl"}]},{"@type":"WebSite","@id":"https:\/\/www.weinmarkt-poysdorf.at\/cs\/#website","url":"https:\/\/www.weinmarkt-poysdorf.at\/cs\/","name":"Weinmarkt Poysdorf","description":"Weine von 30 Winzern im Weinviertel","potentialAction":[{"@type":"SearchAction","target":{"@type":"EntryPoint","urlTemplate":"https:\/\/www.weinmarkt-poysdorf.at\/cs\/?s={search_term_string}"},"query-input":{"@type":"PropertyValueSpecification","valueRequired":true,"valueName":"search_term_string"}}],"inLanguage":"cs"}]}},"_links":{"self":[{"href":"https:\/\/www.weinmarkt-poysdorf.at\/cs\/wp-json\/wp\/v2\/pages\/11783","targetHints":{"allow":["GET"]}}],"collection":[{"href":"https:\/\/www.weinmarkt-poysdorf.at\/cs\/wp-json\/wp\/v2\/pages"}],"about":[{"href":"https:\/\/www.weinmarkt-poysdorf.at\/cs\/wp-json\/wp\/v2\/types\/page"}],"author":[{"embeddable":true,"href":"https:\/\/www.weinmarkt-poysdorf.at\/cs\/wp-json\/wp\/v2\/users\/2"}],"replies":[{"embeddable":true,"href":"https:\/\/www.weinmarkt-poysdorf.at\/cs\/wp-json\/wp\/v2\/comments?post=11783"}],"version-history":[{"count":25,"href":"https:\/\/www.weinmarkt-poysdorf.at\/cs\/wp-json\/wp\/v2\/pages\/11783\/revisions"}],"predecessor-version":[{"id":12459,"href":"https:\/\/www.weinmarkt-poysdorf.at\/cs\/wp-json\/wp\/v2\/pages\/11783\/revisions\/12459"}],"up":[{"embeddable":true,"href":"https:\/\/www.weinmarkt-poysdorf.at\/cs\/wp-json\/wp\/v2\/pages\/12083"}],"wp:featuredmedia":[{"embeddable":true,"href":"https:\/\/www.weinmarkt-poysdorf.at\/cs\/wp-json\/wp\/v2\/media\/12315"}],"wp:attachment":[{"href":"https:\/\/www.weinmarkt-poysdorf.at\/cs\/wp-json\/wp\/v2\/media?parent=11783"}],"curies":[{"name":"wp","href":"https:\/\/api.w.org\/{rel}","templated":true}]}}