{"id":11775,"date":"2017-03-08T09:44:56","date_gmt":"2017-03-08T08:44:56","guid":{"rendered":"http:\/\/weinmarkt-poysdorf.at.cloud3-vm432.de-nserver.de\/?page_id=11775"},"modified":"2026-03-07T09:23:01","modified_gmt":"2026-03-07T08:23:01","slug":"kalser","status":"publish","type":"page","link":"https:\/\/www.weinmarkt-poysdorf.at\/cs\/winzer-i-o\/kalser\/","title":{"rendered":"Kalser"},"content":{"rendered":"<div class=\"wpb-content-wrapper\"><p>[vc_row css=&#8220;.vc_custom_1485433309212{margin-bottom: 40px !important;}&#8220;][vc_column][vc_column_text css=&#8220;.vc_custom_1488962294543{margin-bottom: 20px !important;}&#8220;]<\/p>\n<h3>Kalser<\/h3>\n<p>[\/vc_column_text][vc_tta_tabs style=&#8220;scalia-style-1&#8243; active_section=&#8220;1&#8243; no_fill_content_area=&#8220;true&#8220;][vc_tta_section title=&#8220;Popis&#8220; tab_id=&#8220;beschreibung&#8220;][vc_row_inner][vc_column_inner width=&#8220;1\/2&#8243;][vc_single_image image=&#8220;15177&#8243; img_size=&#8220;full&#8220; style=&#8220;vc_box_rounded&#8220;]<a class=\"sc-button \"  href=\"https:\/\/shop.weinmarkt-poysdorf.at\/weingut-marke\/kalser\" target=\"_blank\" style=\"\">Na\u0161e v\u00edna<\/a>[vc_single_image image=&#8220;12036&#8243; img_size=&#8220;full&#8220; css=&#8220;.vc_custom_1489046788908{margin-bottom: 0px !important;}&#8220;][\/vc_column_inner][vc_column_inner width=&#8220;1\/2&#8243;][vc_column_text css=&#8220;.vc_custom_1606913660829{margin-bottom: 0px !important;}&#8220;]Vina\u0159stv\u00ed Kalser<\/p>\n<p>To \u010d\u00edm jsme se odr\u00e1\u017e\u00ed zp\u011bt v na\u0161ich v\u00ednech.<\/p>\n<p>A\u017e do posledn\u00ed te\u010dky jsme tradi\u010dn\u00edm rodinn\u00fdm vina\u0159stv\u00edm. \u00a0Ka\u017ed\u00fd m\u00e1 svou \u00falohu, ka\u017ed\u00fd se m\u016f\u017ee s d\u016fv\u011brou na ostatn\u00ed spolehnout.\u00a0 V\u0161echna rozhodnut\u00ed \u010din\u00edme spole\u010dn\u011b, v\u0161echny \u00fasp\u011bchy oslavujeme tak\u00e9 spole\u010dn\u011b,\u00a0 Ka\u017ed\u00fd \u010dlen rodiny je p\u0159ipraven p\u0159evz\u00edt zodpov\u011bdnost jeden za druh\u00e9ho a za na\u0161e v\u00edna.\u00a0 To je nejlep\u0161\u00ed motivac\u00ed pro st\u00e1l\u00e9 zvy\u0161ov\u00e1n\u00ed \u00farovn\u011b kvality.<\/p>\n<p>Na\u0161e vina\u0159stv\u00ed s 30 hektary u\u017e nen\u00ed dnes \u00fapln\u011b mal\u00e9, ale p\u011bkn\u00e9 a dob\u0159e p\u0159ehledn\u00e9.\u00a0 Jako p\u0159\u00edmo\u010da\u0159\u00ed lid\u00e9 m\u00e1me r\u00e1di \u010dist\u00e9 linie a solidn\u00ed struktury.\u00a0 Necht\u011bli bychom se u\u017e zv\u011bt\u0161ovat, ale jen zlep\u0161ovat.\u00a0 Na\u0161e vina\u0159stv\u00ed by si m\u011blo um\u011bt obh\u00e1jit pozici garanta pro skv\u011bl\u00e1 v\u00edna na neust\u00e1le rostouc\u00edm vina\u0159sk\u00e9m trhu.\u00a0 Stoj\u00edme ob\u011bma nohama pevn\u011b na zemi, jsme zako\u0159en\u011bni v na\u0161\u00ed domovin\u011b, ale d\u00edv\u00e1me se s nad\u0161en\u00edm do budoucnosti, od kter\u00e9 s nad\u0161en\u00edm o\u010dek\u00e1v\u00e1me mnoho dal\u0161\u00edch \u00fasp\u011bch\u016f.<\/p>\n<p>U n\u00e1s Kalser\u016f m\u00e1 v\u0161e svou \u00farove\u0148 kvality, zakl\u00e1daj\u00edc\u00ed se na z\u00e1sad\u00e1ch na\u0161eho rodinn\u00e9ho podniku:<\/p>\n<ul>\n<li>poctivost ru\u010dn\u00ed pr\u00e1ce<\/li>\n<li>uv\u011bdom\u011bl\u00fd \u017eivot s p\u0159\u00edrodou<\/li>\n<li>vyu\u017eit\u00ed inovativn\u00edch n\u00e1pad\u016f<\/li>\n<li>spolupr\u00e1ce v rodinn\u00e9m kruhu<\/li>\n<\/ul>\n<p>Na\u0161e v\u00edna nejsou v\u0161edn\u00ed, ale pro v\u0161edn\u00ed z\u00e1\u017eitky vyrobena!\u00a0 P\u0159ejeme V\u00e1m mnoho radosti a pot\u011b\u0161en\u00ed p\u0159i objevov\u00e1n\u00ed na\u0161eho vinn\u00e9ho sv\u011bta.<\/p>\n<p>Christian a Margit Matzka<\/p>\n<p>Vina\u0159stv\u00ed Kalser[\/vc_column_text][\/vc_column_inner][\/vc_row_inner][\/vc_tta_section][vc_tta_section title=&#8220;Kontakt&#8220; tab_id=&#8220;kontakt&#8220;][vc_row_inner][vc_column_inner width=&#8220;1\/2&#8243;][vc_gmaps link=&#8220;#E-8_JTNDaWZyYW1lJTIwc3JjJTNEJTIyaHR0cHMlM0ElMkYlMkZ3d3cuZ29vZ2xlLmNvbSUyRm1hcHMlMkZlbWJlZCUzRnBiJTNEJTIxMW0xOCUyMTFtMTIlMjExbTMlMjExZDI2MzQuOTcwODEwMTc0NDc3JTIxMmQxNi42MjkzOTM1MTYwNTk0NSUyMTNkNDguNjY3ODAwOTc5MjY5MyUyMTJtMyUyMTFmMCUyMTJmMCUyMTNmMCUyMTNtMiUyMTFpMTAyNCUyMTJpNzY4JTIxNGYxMy4xJTIxM20zJTIxMW0yJTIxMXMweDQ3NmQyZmJjMmY2MGIwMDMlMjUzQTB4OWJhMWFjYmFlZTBkMjgyJTIxMnNLJTI1QzMlMjVCNnJuZXJnYXNzZSUyQjklMjUyQyUyQjIxNzAlMkJQb3lzZG9yZiUyMTVlMCUyMTNtMiUyMTFzZGUlMjEyc2F0JTIxNHYxNDg4OTYyNDY3MDIwJTIyJTIwd2lkdGglM0QlMjI2MDAlMjIlMjBoZWlnaHQlM0QlMjI0NTAlMjIlMjBmcmFtZWJvcmRlciUzRCUyMjAlMjIlMjBzdHlsZSUzRCUyMmJvcmRlciUzQTAlMjIlMjBhbGxvd2Z1bGxzY3JlZW4lM0UlM0MlMkZpZnJhbWUlM0U=&#8220; size=&#8220;&#8220;][\/vc_column_inner][vc_column_inner width=&#8220;1\/2&#8243;][vc_column_text css=&#8220;.vc_custom_1488981185128{margin-bottom: 0px !important;}&#8220;]Weingut Kalser<br \/>\nK\u00f6rnergasse 9<br \/>\n2170 Poysdorf<\/p>\n<p>Telefon: +43 2552 \/ 2154<br \/>\nEmail: <a href=\"mailto:info@weingut-kalser.com\" target=\"_blank\" rel=\"noopener noreferrer\">info@weingut-kalser.com<\/a><br \/>\n<a href=\"http:\/\/www.weingut-kalser.com\" target=\"_blank\" rel=\"noopener noreferrer\">www.weingut-kalser.com<\/a>[\/vc_column_text][\/vc_column_inner][\/vc_row_inner][\/vc_tta_section][\/vc_tta_tabs][\/vc_column][\/vc_row]<\/p>\n<\/div>","protected":false},"excerpt":{"rendered":"<p>[vc_row css=&#8220;.vc_custom_1485433309212{margin-bottom: 40px !important;}&#8220;][vc_column][vc_column_text css=&#8220;.vc_custom_1488962294543{margin-bottom: 20px !important;}&#8220;] Kalser [\/vc_column_text][vc_tta_tabs style=&#8220;scalia-style-1&#8243; active_section=&#8220;1&#8243; no_fill_content_area=&#8220;true&#8220;][vc_tta_section title=&#8220;Popis&#8220; tab_id=&#8220;beschreibung&#8220;][vc_row_inner][vc_column_inner width=&#8220;1\/2&#8243;][vc_single_image image=&#8220;15177&#8243; img_size=&#8220;full&#8220; style=&#8220;vc_box_rounded&#8220;][vc_single_image image=&#8220;12036&#8243; img_size=&#8220;full&#8220;&#8230;<\/p>\n","protected":false},"author":2,"featured_media":12322,"parent":12083,"menu_order":0,"comment_status":"closed","ping_status":"closed","template":"","meta":{"footnotes":""},"class_list":["post-11775","page","type-page","status-publish","has-post-thumbnail","hentry"],"yoast_head":"<!-- This site is optimized with the Yoast SEO plugin v26.4 - https:\/\/yoast.com\/wordpress\/plugins\/seo\/ -->\n<title>Weingut Kalser - Topwinzer der Region im Weinmarkt Poysdorf<\/title>\n<meta name=\"description\" content=\"Das perfekte Zusammenspiel von Tradition und Moderne z\u00e4hlt im Weingut Kalser. Seit 2004 erzeugen Christian und Margit Matzka Wein auf oberstem Niveau.\" \/>\n<meta name=\"robots\" content=\"index, follow, max-snippet:-1, max-image-preview:large, max-video-preview:-1\" \/>\n<link rel=\"canonical\" href=\"https:\/\/www.weinmarkt-poysdorf.at\/cs\/winzer-i-o\/kalser\/\" \/>\n<meta property=\"og:locale\" content=\"cs_CZ\" \/>\n<meta property=\"og:type\" content=\"article\" \/>\n<meta property=\"og:title\" content=\"Weingut Kalser - Topwinzer der Region im Weinmarkt Poysdorf\" \/>\n<meta property=\"og:description\" content=\"Das perfekte Zusammenspiel von Tradition und Moderne z\u00e4hlt im Weingut Kalser. Seit 2004 erzeugen Christian und Margit Matzka Wein auf oberstem Niveau.\" \/>\n<meta property=\"og:url\" content=\"https:\/\/www.weinmarkt-poysdorf.at\/cs\/winzer-i-o\/kalser\/\" \/>\n<meta property=\"og:site_name\" content=\"Weinmarkt Poysdorf\" \/>\n<meta property=\"article:modified_time\" content=\"2026-03-07T08:23:01+00:00\" \/>\n<meta property=\"og:image\" content=\"https:\/\/www.weinmarkt-poysdorf.at\/wp-content\/uploads\/2017\/03\/logo_winzer_kalser_weiss_v3.png\" \/>\n\t<meta property=\"og:image:width\" content=\"250\" \/>\n\t<meta property=\"og:image:height\" content=\"250\" \/>\n\t<meta property=\"og:image:type\" content=\"image\/png\" \/>\n<meta name=\"twitter:card\" content=\"summary_large_image\" \/>\n<meta name=\"twitter:label1\" content=\"Odhadovan\u00e1 doba \u010dten\u00ed\" \/>\n\t<meta name=\"twitter:data1\" content=\"2 minuty\" \/>\n<script type=\"application\/ld+json\" class=\"yoast-schema-graph\">{\"@context\":\"https:\/\/schema.org\",\"@graph\":[{\"@type\":\"WebPage\",\"@id\":\"https:\/\/www.weinmarkt-poysdorf.at\/cs\/winzer-i-o\/kalser\/\",\"url\":\"https:\/\/www.weinmarkt-poysdorf.at\/cs\/winzer-i-o\/kalser\/\",\"name\":\"Weingut Kalser - Topwinzer der Region im Weinmarkt Poysdorf\",\"isPartOf\":{\"@id\":\"https:\/\/www.weinmarkt-poysdorf.at\/cs\/#website\"},\"primaryImageOfPage\":{\"@id\":\"https:\/\/www.weinmarkt-poysdorf.at\/cs\/winzer-i-o\/kalser\/#primaryimage\"},\"image\":{\"@id\":\"https:\/\/www.weinmarkt-poysdorf.at\/winzer-i-o\/kalser\/#primaryimage\"},\"thumbnailUrl\":\"https:\/\/www.weinmarkt-poysdorf.at\/wp-content\/uploads\/2017\/03\/logo_winzer_kalser_weiss_v3.png\",\"datePublished\":\"2017-03-08T08:44:56+00:00\",\"dateModified\":\"2026-03-07T08:23:01+00:00\",\"description\":\"Das perfekte Zusammenspiel von Tradition und Moderne z\u00e4hlt im Weingut Kalser. Seit 2004 erzeugen Christian und Margit Matzka Wein auf oberstem Niveau.\",\"breadcrumb\":{\"@id\":\"https:\/\/www.weinmarkt-poysdorf.at\/cs\/winzer-i-o\/kalser\/#breadcrumb\"},\"inLanguage\":\"cs\",\"potentialAction\":[{\"@type\":\"ReadAction\",\"target\":[[\"https:\/\/www.weinmarkt-poysdorf.at\/cs\/winzer-i-o\/kalser\/\"]]}]},{\"@type\":\"ImageObject\",\"inLanguage\":\"cs\",\"@id\":\"https:\/\/www.weinmarkt-poysdorf.at\/cs\/winzer-i-o\/kalser\/#primaryimage\",\"url\":\"https:\/\/www.weinmarkt-poysdorf.at\/wp-content\/uploads\/2017\/03\/logo_winzer_kalser_weiss_v3.png\",\"contentUrl\":\"https:\/\/www.weinmarkt-poysdorf.at\/wp-content\/uploads\/2017\/03\/logo_winzer_kalser_weiss_v3.png\",\"width\":250,\"height\":250},{\"@type\":\"BreadcrumbList\",\"@id\":\"https:\/\/www.weinmarkt-poysdorf.at\/cs\/winzer-i-o\/kalser\/#breadcrumb\",\"itemListElement\":[{\"@type\":\"ListItem\",\"position\":1,\"name\":\"Startseite\",\"item\":\"https:\/\/www.weinmarkt-poysdorf.at\/cs\/\"},{\"@type\":\"ListItem\",\"position\":2,\"name\":\"Winzer I &#8211; O\",\"item\":\"https:\/\/www.weinmarkt-poysdorf.at\/cs\/winzer-i-o\/\"},{\"@type\":\"ListItem\",\"position\":3,\"name\":\"Kalser\"}]},{\"@type\":\"WebSite\",\"@id\":\"https:\/\/www.weinmarkt-poysdorf.at\/cs\/#website\",\"url\":\"https:\/\/www.weinmarkt-poysdorf.at\/cs\/\",\"name\":\"Weinmarkt Poysdorf\",\"description\":\"Weine von 30 Winzern im Weinviertel\",\"potentialAction\":[{\"@type\":\"SearchAction\",\"target\":{\"@type\":\"EntryPoint\",\"urlTemplate\":\"https:\/\/www.weinmarkt-poysdorf.at\/cs\/?s={search_term_string}\"},\"query-input\":{\"@type\":\"PropertyValueSpecification\",\"valueRequired\":true,\"valueName\":\"search_term_string\"}}],\"inLanguage\":\"cs\"}]}<\/script>\n<!-- \/ Yoast SEO plugin. -->","yoast_head_json":{"title":"Weingut Kalser - Topwinzer der Region im Weinmarkt Poysdorf","description":"Das perfekte Zusammenspiel von Tradition und Moderne z\u00e4hlt im Weingut Kalser. Seit 2004 erzeugen Christian und Margit Matzka Wein auf oberstem Niveau.","robots":{"index":"index","follow":"follow","max-snippet":"max-snippet:-1","max-image-preview":"max-image-preview:large","max-video-preview":"max-video-preview:-1"},"canonical":"https:\/\/www.weinmarkt-poysdorf.at\/cs\/winzer-i-o\/kalser\/","og_locale":"cs_CZ","og_type":"article","og_title":"Weingut Kalser - Topwinzer der Region im Weinmarkt Poysdorf","og_description":"Das perfekte Zusammenspiel von Tradition und Moderne z\u00e4hlt im Weingut Kalser. Seit 2004 erzeugen Christian und Margit Matzka Wein auf oberstem Niveau.","og_url":"https:\/\/www.weinmarkt-poysdorf.at\/cs\/winzer-i-o\/kalser\/","og_site_name":"Weinmarkt Poysdorf","article_modified_time":"2026-03-07T08:23:01+00:00","og_image":[{"width":250,"height":250,"url":"https:\/\/www.weinmarkt-poysdorf.at\/wp-content\/uploads\/2017\/03\/logo_winzer_kalser_weiss_v3.png","type":"image\/png"}],"twitter_card":"summary_large_image","twitter_misc":{"Odhadovan\u00e1 doba \u010dten\u00ed":"2 minuty"},"schema":{"@context":"https:\/\/schema.org","@graph":[{"@type":"WebPage","@id":"https:\/\/www.weinmarkt-poysdorf.at\/cs\/winzer-i-o\/kalser\/","url":"https:\/\/www.weinmarkt-poysdorf.at\/cs\/winzer-i-o\/kalser\/","name":"Weingut Kalser - Topwinzer der Region im Weinmarkt Poysdorf","isPartOf":{"@id":"https:\/\/www.weinmarkt-poysdorf.at\/cs\/#website"},"primaryImageOfPage":{"@id":"https:\/\/www.weinmarkt-poysdorf.at\/cs\/winzer-i-o\/kalser\/#primaryimage"},"image":{"@id":"https:\/\/www.weinmarkt-poysdorf.at\/winzer-i-o\/kalser\/#primaryimage"},"thumbnailUrl":"https:\/\/www.weinmarkt-poysdorf.at\/wp-content\/uploads\/2017\/03\/logo_winzer_kalser_weiss_v3.png","datePublished":"2017-03-08T08:44:56+00:00","dateModified":"2026-03-07T08:23:01+00:00","description":"Das perfekte Zusammenspiel von Tradition und Moderne z\u00e4hlt im Weingut Kalser. Seit 2004 erzeugen Christian und Margit Matzka Wein auf oberstem Niveau.","breadcrumb":{"@id":"https:\/\/www.weinmarkt-poysdorf.at\/cs\/winzer-i-o\/kalser\/#breadcrumb"},"inLanguage":"cs","potentialAction":[{"@type":"ReadAction","target":[["https:\/\/www.weinmarkt-poysdorf.at\/cs\/winzer-i-o\/kalser\/"]]}]},{"@type":"ImageObject","inLanguage":"cs","@id":"https:\/\/www.weinmarkt-poysdorf.at\/cs\/winzer-i-o\/kalser\/#primaryimage","url":"https:\/\/www.weinmarkt-poysdorf.at\/wp-content\/uploads\/2017\/03\/logo_winzer_kalser_weiss_v3.png","contentUrl":"https:\/\/www.weinmarkt-poysdorf.at\/wp-content\/uploads\/2017\/03\/logo_winzer_kalser_weiss_v3.png","width":250,"height":250},{"@type":"BreadcrumbList","@id":"https:\/\/www.weinmarkt-poysdorf.at\/cs\/winzer-i-o\/kalser\/#breadcrumb","itemListElement":[{"@type":"ListItem","position":1,"name":"Startseite","item":"https:\/\/www.weinmarkt-poysdorf.at\/cs\/"},{"@type":"ListItem","position":2,"name":"Winzer I &#8211; O","item":"https:\/\/www.weinmarkt-poysdorf.at\/cs\/winzer-i-o\/"},{"@type":"ListItem","position":3,"name":"Kalser"}]},{"@type":"WebSite","@id":"https:\/\/www.weinmarkt-poysdorf.at\/cs\/#website","url":"https:\/\/www.weinmarkt-poysdorf.at\/cs\/","name":"Weinmarkt Poysdorf","description":"Weine von 30 Winzern im Weinviertel","potentialAction":[{"@type":"SearchAction","target":{"@type":"EntryPoint","urlTemplate":"https:\/\/www.weinmarkt-poysdorf.at\/cs\/?s={search_term_string}"},"query-input":{"@type":"PropertyValueSpecification","valueRequired":true,"valueName":"search_term_string"}}],"inLanguage":"cs"}]}},"_links":{"self":[{"href":"https:\/\/www.weinmarkt-poysdorf.at\/cs\/wp-json\/wp\/v2\/pages\/11775","targetHints":{"allow":["GET"]}}],"collection":[{"href":"https:\/\/www.weinmarkt-poysdorf.at\/cs\/wp-json\/wp\/v2\/pages"}],"about":[{"href":"https:\/\/www.weinmarkt-poysdorf.at\/cs\/wp-json\/wp\/v2\/types\/page"}],"author":[{"embeddable":true,"href":"https:\/\/www.weinmarkt-poysdorf.at\/cs\/wp-json\/wp\/v2\/users\/2"}],"replies":[{"embeddable":true,"href":"https:\/\/www.weinmarkt-poysdorf.at\/cs\/wp-json\/wp\/v2\/comments?post=11775"}],"version-history":[{"count":24,"href":"https:\/\/www.weinmarkt-poysdorf.at\/cs\/wp-json\/wp\/v2\/pages\/11775\/revisions"}],"predecessor-version":[{"id":15420,"href":"https:\/\/www.weinmarkt-poysdorf.at\/cs\/wp-json\/wp\/v2\/pages\/11775\/revisions\/15420"}],"up":[{"embeddable":true,"href":"https:\/\/www.weinmarkt-poysdorf.at\/cs\/wp-json\/wp\/v2\/pages\/12083"}],"wp:featuredmedia":[{"embeddable":true,"href":"https:\/\/www.weinmarkt-poysdorf.at\/cs\/wp-json\/wp\/v2\/media\/12322"}],"wp:attachment":[{"href":"https:\/\/www.weinmarkt-poysdorf.at\/cs\/wp-json\/wp\/v2\/media?parent=11775"}],"curies":[{"name":"wp","href":"https:\/\/api.w.org\/{rel}","templated":true}]}}