{"id":11769,"date":"2017-03-08T09:35:46","date_gmt":"2017-03-08T08:35:46","guid":{"rendered":"http:\/\/weinmarkt-poysdorf.at.cloud3-vm432.de-nserver.de\/?page_id=11769"},"modified":"2024-10-02T09:33:36","modified_gmt":"2024-10-02T07:33:36","slug":"hirtl","status":"publish","type":"page","link":"https:\/\/www.weinmarkt-poysdorf.at\/cs\/winzer-a-h\/hirtl\/","title":{"rendered":"Hirtl"},"content":{"rendered":"<div class=\"wpb-content-wrapper\"><p>[vc_row css=&#8220;.vc_custom_1485433309212{margin-bottom: 40px !important;}&#8220;][vc_column][vc_column_text css=&#8220;.vc_custom_1488961814462{margin-bottom: 20px !important;}&#8220;]<\/p>\n<h3>Hirtl<\/h3>\n<p>[\/vc_column_text][vc_tta_tabs style=&#8220;scalia-style-1&#8243; active_section=&#8220;1&#8243; no_fill_content_area=&#8220;true&#8220;][vc_tta_section title=&#8220;Popis&#8220; tab_id=&#8220;beschreibung&#8220;][vc_row_inner][vc_column_inner width=&#8220;1\/2&#8243;][vc_single_image image=&#8220;15169&#8243; img_size=&#8220;full&#8220; style=&#8220;vc_box_rounded&#8220;]<a class=\"sc-button \"  href=\"https:\/\/shop.weinmarkt-poysdorf.at\/weingut-marke\/hirtl\" target=\"_blank\" style=\"\">Na\u0161e v\u00edna<\/a>[vc_single_image image=&#8220;12034&#8243; img_size=&#8220;full&#8220; css=&#8220;.vc_custom_1489046686586{margin-bottom: 0px !important;}&#8220;][\/vc_column_inner][vc_column_inner width=&#8220;1\/2&#8243;][vc_column_text css=&#8220;.vc_custom_1495107186364{margin-bottom: 0px !important;}&#8220;]<strong>Vina\u0159stv\u00ed Hirtl<\/strong><\/p>\n<p><strong>Typick\u00e1 chu\u0165 jedine\u010dn\u00e9 vina\u0159sk\u00e9 oblasti Weinviertelu. Typick\u00e1 chu\u0165 v\u00edn zna\u010dky Hirtl.<\/strong><\/p>\n<p>Po p\u0159evzet\u00ed vina\u0159stv\u00ed s t\u0159\u00edsetletou tradic\u00ed se Andrea a Martin Hirtlovi rozhodli zah\u00e1jit novou \u00e9ru p\u011bstov\u00e1n\u00ed a v\u00fdroby v\u00edna. D\u00edky specifick\u00fdm geologick\u00fdm a klimatick\u00fdm podm\u00ednk\u00e1m v t\u00e9to vina\u0159sk\u00e9 oblasti zvan\u00e9 Weinviertel m\u016f\u017ee ka\u017ed\u00e1 z m\u00edstn\u00edch p\u011bstovan\u00fdch odr\u016fd pln\u011b rozvinout sv\u016fj jedine\u010dn\u00fd charakter. Celkem Hirtlovi obhospoda\u0159uj\u00ed 20 hektar\u016f vinic. Jejich v\u00edna se vyzna\u010duj\u00ed hloubkou a strukturou, bohatou harmonickou stavbou a autentick\u00fdm stylem. A to samoz\u0159ejm\u011b neplat\u00ed jen pro hlavn\u00ed odr\u016fdu jejich vina\u0159stv\u00ed \u2013 Veltl\u00ednsk\u00e9 zelen\u00e9, kter\u00e9 nab\u00edzej\u00ed ve v\u00edce variant\u00e1ch jako Weinviertler DAC.<\/p>\n<p>Jejich \u00fasil\u00ed bylo po zisku \u010detn\u00fdch ocen\u011bn\u00ed na rakousk\u00fdch a mezin\u00e1rodn\u00edch sout\u011b\u017e\u00edch v roce 2012 zavr\u0161eno z\u00edsk\u00e1n\u00edm titulu \u201eUk\u00e1zkov\u00e9 vina\u0159stv\u00ed oblasti Weinviertel\u201c. To v\u0161e je pro Andreu a Martina Hirtlovy tou nejlep\u0161\u00ed motivac\u00ed k dal\u0161\u00ed pr\u00e1ci. Douf\u00e1me, \u017ee si jejich ocen\u011bn\u00e1 osv\u011b\u017euj\u00edc\u00ed b\u00edl\u00e1 v\u00edna s bohatou ovocnou chut\u00ed a elegantn\u00ed \u010derven\u00e1 v\u00edna s p\u0159\u00edvlastkem z\u00edskaj\u00ed i v\u00e1s.[\/vc_column_text][\/vc_column_inner][\/vc_row_inner][\/vc_tta_section][vc_tta_section title=&#8220;Kontakt&#8220; tab_id=&#8220;kontakt&#8220;][vc_row_inner][vc_column_inner width=&#8220;1\/2&#8243;][vc_gmaps link=&#8220;#E-8_JTNDaWZyYW1lJTIwc3JjJTNEJTIyaHR0cHMlM0ElMkYlMkZ3d3cuZ29vZ2xlLmNvbSUyRm1hcHMlMkZlbWJlZCUzRnBiJTNEJTIxMW0xOCUyMTFtMTIlMjExbTMlMjExZDI2MzQuOTA2MzExMzM5MzI5NSUyMTJkMTYuNjE4ODMyNTE2MDU5NSUyMTNkNDguNjY5MDM0NDc5MjY5MzElMjEybTMlMjExZjAlMjEyZjAlMjEzZjAlMjEzbTIlMjExaTEwMjQlMjEyaTc2OCUyMTRmMTMuMSUyMTNtMyUyMTFtMiUyMTFzMHg0NzZkMmZjMGZlOGZmNWQxJTI1M0EweDJiODNlYTkwOTRiNzExYjAlMjEyc0JydW5uZ2Fzc2UlMkI3MiUyNTJDJTJCMjE3MCUyQlBveXNkb3JmJTIxNWUwJTIxM20yJTIxMXNkZSUyMTJzYXQlMjE0djE0ODg5NjIwMDYxNzElMjIlMjB3aWR0aCUzRCUyMjYwMCUyMiUyMGhlaWdodCUzRCUyMjQ1MCUyMiUyMGZyYW1lYm9yZGVyJTNEJTIyMCUyMiUyMHN0eWxlJTNEJTIyYm9yZGVyJTNBMCUyMiUyMGFsbG93ZnVsbHNjcmVlbiUzRSUzQyUyRmlmcmFtZSUzRQ==&#8220; size=&#8220;&#8220;][\/vc_column_inner][vc_column_inner width=&#8220;1\/2&#8243;][vc_column_text css=&#8220;.vc_custom_1727854403635{margin-bottom: 0px !important;}&#8220;]Weingut Hirtl<br \/>\nBrunngasse 72<br \/>\n2170 Poysdorf<\/p>\n<p>Telefon +43 2552 \/ 2182<br \/>\nMobil: +43 699\/14000611<br \/>\nEmail: <a href=\"mailto:office@weingut-hirtl.at\" target=\"_blank\" rel=\"noopener noreferrer\">office@weingut-hirtl.at<\/a><br \/>\n<a href=\"http:\/\/www.weingut-hirtl.at\" target=\"_blank\" rel=\"noopener noreferrer\">www.weingut-hirtl.at<\/a>[\/vc_column_text][\/vc_column_inner][\/vc_row_inner][\/vc_tta_section][\/vc_tta_tabs][\/vc_column][\/vc_row]<\/p>\n<\/div>","protected":false},"excerpt":{"rendered":"<p>[vc_row css=&#8220;.vc_custom_1485433309212{margin-bottom: 40px !important;}&#8220;][vc_column][vc_column_text css=&#8220;.vc_custom_1488961814462{margin-bottom: 20px !important;}&#8220;] Hirtl [\/vc_column_text][vc_tta_tabs style=&#8220;scalia-style-1&#8243; active_section=&#8220;1&#8243; no_fill_content_area=&#8220;true&#8220;][vc_tta_section title=&#8220;Popis&#8220; tab_id=&#8220;beschreibung&#8220;][vc_row_inner][vc_column_inner width=&#8220;1\/2&#8243;][vc_single_image image=&#8220;15169&#8243; img_size=&#8220;full&#8220; style=&#8220;vc_box_rounded&#8220;][vc_single_image image=&#8220;12034&#8243; img_size=&#8220;full&#8220;&#8230;<\/p>\n","protected":false},"author":2,"featured_media":12320,"parent":11369,"menu_order":0,"comment_status":"closed","ping_status":"closed","template":"","meta":{"footnotes":""},"class_list":["post-11769","page","type-page","status-publish","has-post-thumbnail","hentry"],"yoast_head":"<!-- This site is optimized with the Yoast SEO plugin v26.4 - https:\/\/yoast.com\/wordpress\/plugins\/seo\/ -->\n<title>Weingut Hirtl - Topwinzer der Region im Weinmarkt Poysdorf<\/title>\n<meta name=\"description\" content=\"Das Weingut Hirtl bewirtschaftet 20 Hektar Rebfl\u00e4che. Die Weine u\u0308berzeugen durch ihre Tiefe und Struktur, facettenreichem Ausbau und authentischem Stil.\" \/>\n<meta name=\"robots\" content=\"index, follow, max-snippet:-1, max-image-preview:large, max-video-preview:-1\" \/>\n<link rel=\"canonical\" href=\"https:\/\/www.weinmarkt-poysdorf.at\/cs\/winzer-a-h\/hirtl\/\" \/>\n<meta property=\"og:locale\" content=\"cs_CZ\" \/>\n<meta property=\"og:type\" content=\"article\" \/>\n<meta property=\"og:title\" content=\"Weingut Hirtl - Topwinzer der Region im Weinmarkt Poysdorf\" \/>\n<meta property=\"og:description\" content=\"Das Weingut Hirtl bewirtschaftet 20 Hektar Rebfl\u00e4che. Die Weine u\u0308berzeugen durch ihre Tiefe und Struktur, facettenreichem Ausbau und authentischem Stil.\" \/>\n<meta property=\"og:url\" content=\"https:\/\/www.weinmarkt-poysdorf.at\/cs\/winzer-a-h\/hirtl\/\" \/>\n<meta property=\"og:site_name\" content=\"Weinmarkt Poysdorf\" \/>\n<meta property=\"article:modified_time\" content=\"2024-10-02T07:33:36+00:00\" \/>\n<meta property=\"og:image\" content=\"https:\/\/www.weinmarkt-poysdorf.at\/wp-content\/uploads\/2017\/03\/logo_winzer_hirtl_weiss_v3.png\" \/>\n\t<meta property=\"og:image:width\" content=\"250\" \/>\n\t<meta property=\"og:image:height\" content=\"250\" \/>\n\t<meta property=\"og:image:type\" content=\"image\/png\" \/>\n<meta name=\"twitter:card\" content=\"summary_large_image\" \/>\n<meta name=\"twitter:label1\" content=\"Odhadovan\u00e1 doba \u010dten\u00ed\" \/>\n\t<meta name=\"twitter:data1\" content=\"4 minuty\" \/>\n<script type=\"application\/ld+json\" class=\"yoast-schema-graph\">{\"@context\":\"https:\/\/schema.org\",\"@graph\":[{\"@type\":\"WebPage\",\"@id\":\"https:\/\/www.weinmarkt-poysdorf.at\/cs\/winzer-a-h\/hirtl\/\",\"url\":\"https:\/\/www.weinmarkt-poysdorf.at\/cs\/winzer-a-h\/hirtl\/\",\"name\":\"Weingut Hirtl - Topwinzer der Region im Weinmarkt Poysdorf\",\"isPartOf\":{\"@id\":\"https:\/\/www.weinmarkt-poysdorf.at\/cs\/#website\"},\"primaryImageOfPage\":{\"@id\":\"https:\/\/www.weinmarkt-poysdorf.at\/cs\/winzer-a-h\/hirtl\/#primaryimage\"},\"image\":{\"@id\":\"https:\/\/www.weinmarkt-poysdorf.at\/winzer-a-h\/hirtl\/#primaryimage\"},\"thumbnailUrl\":\"https:\/\/www.weinmarkt-poysdorf.at\/wp-content\/uploads\/2017\/03\/logo_winzer_hirtl_weiss_v3.png\",\"datePublished\":\"2017-03-08T08:35:46+00:00\",\"dateModified\":\"2024-10-02T07:33:36+00:00\",\"description\":\"Das Weingut Hirtl bewirtschaftet 20 Hektar Rebfl\u00e4che. Die Weine u\u0308berzeugen durch ihre Tiefe und Struktur, facettenreichem Ausbau und authentischem Stil.\",\"breadcrumb\":{\"@id\":\"https:\/\/www.weinmarkt-poysdorf.at\/cs\/winzer-a-h\/hirtl\/#breadcrumb\"},\"inLanguage\":\"cs\",\"potentialAction\":[{\"@type\":\"ReadAction\",\"target\":[[\"https:\/\/www.weinmarkt-poysdorf.at\/cs\/winzer-a-h\/hirtl\/\"]]}]},{\"@type\":\"ImageObject\",\"inLanguage\":\"cs\",\"@id\":\"https:\/\/www.weinmarkt-poysdorf.at\/cs\/winzer-a-h\/hirtl\/#primaryimage\",\"url\":\"https:\/\/www.weinmarkt-poysdorf.at\/wp-content\/uploads\/2017\/03\/logo_winzer_hirtl_weiss_v3.png\",\"contentUrl\":\"https:\/\/www.weinmarkt-poysdorf.at\/wp-content\/uploads\/2017\/03\/logo_winzer_hirtl_weiss_v3.png\",\"width\":250,\"height\":250},{\"@type\":\"BreadcrumbList\",\"@id\":\"https:\/\/www.weinmarkt-poysdorf.at\/cs\/winzer-a-h\/hirtl\/#breadcrumb\",\"itemListElement\":[{\"@type\":\"ListItem\",\"position\":1,\"name\":\"Startseite\",\"item\":\"https:\/\/www.weinmarkt-poysdorf.at\/cs\/\"},{\"@type\":\"ListItem\",\"position\":2,\"name\":\"Winzer A &#8211; H\",\"item\":\"https:\/\/www.weinmarkt-poysdorf.at\/cs\/winzer-a-h\/\"},{\"@type\":\"ListItem\",\"position\":3,\"name\":\"Hirtl\"}]},{\"@type\":\"WebSite\",\"@id\":\"https:\/\/www.weinmarkt-poysdorf.at\/cs\/#website\",\"url\":\"https:\/\/www.weinmarkt-poysdorf.at\/cs\/\",\"name\":\"Weinmarkt Poysdorf\",\"description\":\"Weine von 30 Winzern im Weinviertel\",\"potentialAction\":[{\"@type\":\"SearchAction\",\"target\":{\"@type\":\"EntryPoint\",\"urlTemplate\":\"https:\/\/www.weinmarkt-poysdorf.at\/cs\/?s={search_term_string}\"},\"query-input\":{\"@type\":\"PropertyValueSpecification\",\"valueRequired\":true,\"valueName\":\"search_term_string\"}}],\"inLanguage\":\"cs\"}]}<\/script>\n<!-- \/ Yoast SEO plugin. -->","yoast_head_json":{"title":"Weingut Hirtl - Topwinzer der Region im Weinmarkt Poysdorf","description":"Das Weingut Hirtl bewirtschaftet 20 Hektar Rebfl\u00e4che. Die Weine u\u0308berzeugen durch ihre Tiefe und Struktur, facettenreichem Ausbau und authentischem Stil.","robots":{"index":"index","follow":"follow","max-snippet":"max-snippet:-1","max-image-preview":"max-image-preview:large","max-video-preview":"max-video-preview:-1"},"canonical":"https:\/\/www.weinmarkt-poysdorf.at\/cs\/winzer-a-h\/hirtl\/","og_locale":"cs_CZ","og_type":"article","og_title":"Weingut Hirtl - Topwinzer der Region im Weinmarkt Poysdorf","og_description":"Das Weingut Hirtl bewirtschaftet 20 Hektar Rebfl\u00e4che. Die Weine u\u0308berzeugen durch ihre Tiefe und Struktur, facettenreichem Ausbau und authentischem Stil.","og_url":"https:\/\/www.weinmarkt-poysdorf.at\/cs\/winzer-a-h\/hirtl\/","og_site_name":"Weinmarkt Poysdorf","article_modified_time":"2024-10-02T07:33:36+00:00","og_image":[{"width":250,"height":250,"url":"https:\/\/www.weinmarkt-poysdorf.at\/wp-content\/uploads\/2017\/03\/logo_winzer_hirtl_weiss_v3.png","type":"image\/png"}],"twitter_card":"summary_large_image","twitter_misc":{"Odhadovan\u00e1 doba \u010dten\u00ed":"4 minuty"},"schema":{"@context":"https:\/\/schema.org","@graph":[{"@type":"WebPage","@id":"https:\/\/www.weinmarkt-poysdorf.at\/cs\/winzer-a-h\/hirtl\/","url":"https:\/\/www.weinmarkt-poysdorf.at\/cs\/winzer-a-h\/hirtl\/","name":"Weingut Hirtl - Topwinzer der Region im Weinmarkt Poysdorf","isPartOf":{"@id":"https:\/\/www.weinmarkt-poysdorf.at\/cs\/#website"},"primaryImageOfPage":{"@id":"https:\/\/www.weinmarkt-poysdorf.at\/cs\/winzer-a-h\/hirtl\/#primaryimage"},"image":{"@id":"https:\/\/www.weinmarkt-poysdorf.at\/winzer-a-h\/hirtl\/#primaryimage"},"thumbnailUrl":"https:\/\/www.weinmarkt-poysdorf.at\/wp-content\/uploads\/2017\/03\/logo_winzer_hirtl_weiss_v3.png","datePublished":"2017-03-08T08:35:46+00:00","dateModified":"2024-10-02T07:33:36+00:00","description":"Das Weingut Hirtl bewirtschaftet 20 Hektar Rebfl\u00e4che. Die Weine u\u0308berzeugen durch ihre Tiefe und Struktur, facettenreichem Ausbau und authentischem Stil.","breadcrumb":{"@id":"https:\/\/www.weinmarkt-poysdorf.at\/cs\/winzer-a-h\/hirtl\/#breadcrumb"},"inLanguage":"cs","potentialAction":[{"@type":"ReadAction","target":[["https:\/\/www.weinmarkt-poysdorf.at\/cs\/winzer-a-h\/hirtl\/"]]}]},{"@type":"ImageObject","inLanguage":"cs","@id":"https:\/\/www.weinmarkt-poysdorf.at\/cs\/winzer-a-h\/hirtl\/#primaryimage","url":"https:\/\/www.weinmarkt-poysdorf.at\/wp-content\/uploads\/2017\/03\/logo_winzer_hirtl_weiss_v3.png","contentUrl":"https:\/\/www.weinmarkt-poysdorf.at\/wp-content\/uploads\/2017\/03\/logo_winzer_hirtl_weiss_v3.png","width":250,"height":250},{"@type":"BreadcrumbList","@id":"https:\/\/www.weinmarkt-poysdorf.at\/cs\/winzer-a-h\/hirtl\/#breadcrumb","itemListElement":[{"@type":"ListItem","position":1,"name":"Startseite","item":"https:\/\/www.weinmarkt-poysdorf.at\/cs\/"},{"@type":"ListItem","position":2,"name":"Winzer A &#8211; H","item":"https:\/\/www.weinmarkt-poysdorf.at\/cs\/winzer-a-h\/"},{"@type":"ListItem","position":3,"name":"Hirtl"}]},{"@type":"WebSite","@id":"https:\/\/www.weinmarkt-poysdorf.at\/cs\/#website","url":"https:\/\/www.weinmarkt-poysdorf.at\/cs\/","name":"Weinmarkt Poysdorf","description":"Weine von 30 Winzern im Weinviertel","potentialAction":[{"@type":"SearchAction","target":{"@type":"EntryPoint","urlTemplate":"https:\/\/www.weinmarkt-poysdorf.at\/cs\/?s={search_term_string}"},"query-input":{"@type":"PropertyValueSpecification","valueRequired":true,"valueName":"search_term_string"}}],"inLanguage":"cs"}]}},"_links":{"self":[{"href":"https:\/\/www.weinmarkt-poysdorf.at\/cs\/wp-json\/wp\/v2\/pages\/11769","targetHints":{"allow":["GET"]}}],"collection":[{"href":"https:\/\/www.weinmarkt-poysdorf.at\/cs\/wp-json\/wp\/v2\/pages"}],"about":[{"href":"https:\/\/www.weinmarkt-poysdorf.at\/cs\/wp-json\/wp\/v2\/types\/page"}],"author":[{"embeddable":true,"href":"https:\/\/www.weinmarkt-poysdorf.at\/cs\/wp-json\/wp\/v2\/users\/2"}],"replies":[{"embeddable":true,"href":"https:\/\/www.weinmarkt-poysdorf.at\/cs\/wp-json\/wp\/v2\/comments?post=11769"}],"version-history":[{"count":25,"href":"https:\/\/www.weinmarkt-poysdorf.at\/cs\/wp-json\/wp\/v2\/pages\/11769\/revisions"}],"predecessor-version":[{"id":15171,"href":"https:\/\/www.weinmarkt-poysdorf.at\/cs\/wp-json\/wp\/v2\/pages\/11769\/revisions\/15171"}],"up":[{"embeddable":true,"href":"https:\/\/www.weinmarkt-poysdorf.at\/cs\/wp-json\/wp\/v2\/pages\/11369"}],"wp:featuredmedia":[{"embeddable":true,"href":"https:\/\/www.weinmarkt-poysdorf.at\/cs\/wp-json\/wp\/v2\/media\/12320"}],"wp:attachment":[{"href":"https:\/\/www.weinmarkt-poysdorf.at\/cs\/wp-json\/wp\/v2\/media?parent=11769"}],"curies":[{"name":"wp","href":"https:\/\/api.w.org\/{rel}","templated":true}]}}