{"id":11765,"date":"2017-03-08T09:27:41","date_gmt":"2017-03-08T08:27:41","guid":{"rendered":"http:\/\/weinmarkt-poysdorf.at.cloud3-vm432.de-nserver.de\/?page_id=11765"},"modified":"2022-04-28T11:42:46","modified_gmt":"2022-04-28T09:42:46","slug":"heger-heinz","status":"publish","type":"page","link":"https:\/\/www.weinmarkt-poysdorf.at\/cs\/winzer-a-h\/heger-heinz\/","title":{"rendered":"Heger Lukas"},"content":{"rendered":"<div class=\"wpb-content-wrapper\"><p>[vc_row css=&#8220;.vc_custom_1485433309212{margin-bottom: 40px !important;}&#8220;][vc_column][vc_column_text css=&#8220;.vc_custom_1593522134620{margin-bottom: 20px !important;}&#8220;]<\/p>\n<h3>Heger Lukas<\/h3>\n<p>[\/vc_column_text][vc_tta_tabs style=&#8220;scalia-style-1&#8243; active_section=&#8220;1&#8243; no_fill_content_area=&#8220;true&#8220;][vc_tta_section title=&#8220;Popis&#8220; tab_id=&#8220;beschreibung&#8220;][vc_row_inner][vc_column_inner width=&#8220;1\/2&#8243;][vc_single_image image=&#8220;11766&#8243; img_size=&#8220;full&#8220; style=&#8220;vc_box_rounded&#8220;]<a class=\"sc-button \"  href=\"https:\/\/shop.weinmarkt-poysdorf.at\/weingut-marke\/heger_l\" target=\"_blank\" style=\"\">Na\u0161e v\u00edna<\/a>[vc_single_image image=&#8220;12033&#8243; img_size=&#8220;full&#8220; css=&#8220;.vc_custom_1489046658169{margin-bottom: 0px !important;}&#8220;][\/vc_column_inner][vc_column_inner width=&#8220;1\/2&#8243;][vc_column_text css=&#8220;.vc_custom_1495106838405{margin-bottom: 0px !important;}&#8220;]<strong>Vina\u0159stv\u00ed Heinz Heger<\/strong><\/p>\n<p>Na\u0161e vina\u0159stv\u00ed je rodinn\u00fd podnik, kter\u00fd se nach\u00e1z\u00ed ve vina\u0159sk\u00e9m m\u011bste\u010dku Poysdorf, 55 kilometr\u016f severn\u011b od V\u00eddn\u011b. Um\u011bn\u00ed p\u011bstov\u00e1n\u00ed a v\u00fdroby v\u00edna se v na\u0161\u00ed rodin\u011b d\u011bd\u00ed z generace na generaci, a to ji\u017e po mnoho stolet\u00ed. V harmoniii s p\u0159\u00edrodou a pomoc\u00ed nejmodern\u011bj\u0161\u00ed techniky se rok co rok sna\u017e\u00edme o to, abychom ve v\u00edn\u011b uchovali to nejlep\u0161\u00ed, co p\u0159\u00edroda m\u016f\u017ee nab\u00eddnout.<\/p>\n<p>B\u011bhem posledn\u00edch deseti let se n\u00e1\u0161 rodinn\u00fd podnik zam\u011b\u0159il tak\u00e9 na v\u00fdrobu p\u0159\u00edrodn\u00edch ovocn\u00fdch destil\u00e1t\u016f a lik\u00e9r\u016f. P\u0159i v\u00fdrob\u011b se \u0159\u00edd\u00edme heslem \u201ez nejlep\u0161\u00edho jen to nejlep\u0161\u00ed\u201c a odm\u011bnou n\u00e1m jsou \u010detn\u00e1 ocen\u011bn\u00ed na rakousk\u00fdch i mezin\u00e1rodn\u00edch sout\u011b\u017e\u00edch.<\/p>\n<p>Pro na\u0161e hosty jsme z\u0159\u00eddili vlastn\u00ed nau\u010dnou stezku, v r\u00e1mci kter\u00e9 se dozv\u00ed to nejzaj\u00edmav\u011bj\u0161\u00ed o v\u00fdrob\u011b ovocn\u00fdch destil\u00e1t\u016f a lik\u00e9r\u016f.\u2028Na\u0161e v\u00fdrobky si m\u016f\u017eete vychnutnat v salonku (kapacita 50 osob) s p\u0159\u00edjemnou a pohostinnou atmosf\u00e9rou, kterou m\u016f\u017ee nab\u00eddnout jen m\u00edstn\u00ed vina\u0159sk\u00e1 oblast Weinviertel.[\/vc_column_text][\/vc_column_inner][\/vc_row_inner][\/vc_tta_section][vc_tta_section title=&#8220;Kontakt&#8220; tab_id=&#8220;kontakt&#8220;][vc_row_inner][vc_column_inner width=&#8220;1\/2&#8243;][vc_gmaps link=&#8220;#E-8_JTNDaWZyYW1lJTIwc3JjJTNEJTIyaHR0cHMlM0ElMkYlMkZ3d3cuZ29vZ2xlLmNvbSUyRm1hcHMlMkZlbWJlZCUzRnBiJTNEJTIxMW0xOCUyMTFtMTIlMjExbTMlMjExZDI2MzQuODkwNjU1NzQyNjk5JTIxMmQxNi42MTIxMDQ4MTU2Njc2OTIlMjEzZDQ4LjY2OTMzMzg3OTI2OTQlMjEybTMlMjExZjAlMjEyZjAlMjEzZjAlMjEzbTIlMjExaTEwMjQlMjEyaTc2OCUyMTRmMTMuMSUyMTNtMyUyMTFtMiUyMTFzMHg0NzZkMmZjMjUxOWZmZDI5JTI1M0EweGFmOWQ5MTY5MjM5MjlmMzglMjEyc1dpbGhlbG1zZG9yZmVyJTJCU3RyLiUyQjQlMjUyQyUyQjIxNzAlMkJQb3lzZG9yZiUyMTVlMCUyMTNtMiUyMTFzZGUlMjEyc2F0JTIxNHYxNDg4OTYxNDU3Mjk3JTIyJTIwd2lkdGglM0QlMjI2MDAlMjIlMjBoZWlnaHQlM0QlMjI0NTAlMjIlMjBmcmFtZWJvcmRlciUzRCUyMjAlMjIlMjBzdHlsZSUzRCUyMmJvcmRlciUzQTAlMjIlMjBhbGxvd2Z1bGxzY3JlZW4lM0UlM0MlMkZpZnJhbWUlM0U=&#8220; size=&#8220;&#8220;][\/vc_column_inner][vc_column_inner width=&#8220;1\/2&#8243;][vc_column_text css=&#8220;.vc_custom_1488981650965{margin-bottom: 0px !important;}&#8220;]Heinz u. Waltraud Heger<br \/>\nWilhelmsdorfer Str. 4<br \/>\nA-2170 Poysdorf<\/p>\n<p>Telefon \/ Fax: +43 (0) 2552 \/ 2481<br \/>\nMobil: +43 (0) 676 \/ 56 32 400<br \/>\nEmail: <a href=\"mailto:office@heger-weingut.at\" target=\"_blank\" rel=\"noopener noreferrer\">office@heger-weingut.at<\/a><br \/>\n<a href=\"http:\/\/www.heger-weingut.at\" target=\"_blank\" rel=\"noopener noreferrer\">www.heger-weingut.at<\/a><br \/>\n<a href=\"http:\/\/www.sauschwanzl.at\" target=\"_blank\" rel=\"noopener noreferrer\">www.sauschwanzl.at<\/a>[\/vc_column_text][\/vc_column_inner][\/vc_row_inner][\/vc_tta_section][\/vc_tta_tabs][\/vc_column][\/vc_row]<\/p>\n<\/div>","protected":false},"excerpt":{"rendered":"<p>[vc_row css=&#8220;.vc_custom_1485433309212{margin-bottom: 40px !important;}&#8220;][vc_column][vc_column_text css=&#8220;.vc_custom_1593522134620{margin-bottom: 20px !important;}&#8220;] Heger Lukas [\/vc_column_text][vc_tta_tabs style=&#8220;scalia-style-1&#8243; active_section=&#8220;1&#8243; no_fill_content_area=&#8220;true&#8220;][vc_tta_section title=&#8220;Popis&#8220; tab_id=&#8220;beschreibung&#8220;][vc_row_inner][vc_column_inner width=&#8220;1\/2&#8243;][vc_single_image image=&#8220;11766&#8243; img_size=&#8220;full&#8220; style=&#8220;vc_box_rounded&#8220;][vc_single_image image=&#8220;12033&#8243;&#8230;<\/p>\n","protected":false},"author":2,"featured_media":12319,"parent":11369,"menu_order":0,"comment_status":"closed","ping_status":"closed","template":"","meta":{"footnotes":""},"class_list":["post-11765","page","type-page","status-publish","has-post-thumbnail","hentry"],"yoast_head":"<!-- This site is optimized with the Yoast SEO plugin v26.4 - https:\/\/yoast.com\/wordpress\/plugins\/seo\/ -->\n<title>Weingut Heger Heinz - Topwinzer der Region im Weinmarkt Poysdorf<\/title>\n<meta name=\"description\" content=\"Das Weingut Heger Heinz ist ein qualit\u00e4tsorientierter Familienbetrieb in der Weinstadt Poysdorf im nord\u00f6stlichen Weinviertel, n\u00f6rdlich von Wien.\" \/>\n<meta name=\"robots\" content=\"index, follow, max-snippet:-1, max-image-preview:large, max-video-preview:-1\" \/>\n<link rel=\"canonical\" href=\"https:\/\/www.weinmarkt-poysdorf.at\/cs\/winzer-a-h\/heger-heinz\/\" \/>\n<meta property=\"og:locale\" content=\"cs_CZ\" \/>\n<meta property=\"og:type\" content=\"article\" \/>\n<meta property=\"og:title\" content=\"Weingut Heger Heinz - Topwinzer der Region im Weinmarkt Poysdorf\" \/>\n<meta property=\"og:description\" content=\"Das Weingut Heger Heinz ist ein qualit\u00e4tsorientierter Familienbetrieb in der Weinstadt Poysdorf im nord\u00f6stlichen Weinviertel, n\u00f6rdlich von Wien.\" \/>\n<meta property=\"og:url\" content=\"https:\/\/www.weinmarkt-poysdorf.at\/cs\/winzer-a-h\/heger-heinz\/\" \/>\n<meta property=\"og:site_name\" content=\"Weinmarkt Poysdorf\" \/>\n<meta property=\"article:modified_time\" content=\"2022-04-28T09:42:46+00:00\" \/>\n<meta property=\"og:image\" content=\"https:\/\/www.weinmarkt-poysdorf.at\/wp-content\/uploads\/2017\/03\/logo_winzer_heger-heinz_weiss_v3.png\" \/>\n\t<meta property=\"og:image:width\" content=\"250\" \/>\n\t<meta property=\"og:image:height\" content=\"250\" \/>\n\t<meta property=\"og:image:type\" content=\"image\/png\" \/>\n<meta name=\"twitter:card\" content=\"summary_large_image\" \/>\n<meta name=\"twitter:label1\" content=\"Odhadovan\u00e1 doba \u010dten\u00ed\" \/>\n\t<meta name=\"twitter:data1\" content=\"6 minut\" \/>\n<script type=\"application\/ld+json\" class=\"yoast-schema-graph\">{\"@context\":\"https:\/\/schema.org\",\"@graph\":[{\"@type\":\"WebPage\",\"@id\":\"https:\/\/www.weinmarkt-poysdorf.at\/cs\/winzer-a-h\/heger-heinz\/\",\"url\":\"https:\/\/www.weinmarkt-poysdorf.at\/cs\/winzer-a-h\/heger-heinz\/\",\"name\":\"Weingut Heger Heinz - Topwinzer der Region im Weinmarkt Poysdorf\",\"isPartOf\":{\"@id\":\"https:\/\/www.weinmarkt-poysdorf.at\/cs\/#website\"},\"primaryImageOfPage\":{\"@id\":\"https:\/\/www.weinmarkt-poysdorf.at\/cs\/winzer-a-h\/heger-heinz\/#primaryimage\"},\"image\":{\"@id\":\"https:\/\/www.weinmarkt-poysdorf.at\/winzer-a-h\/heger-heinz\/#primaryimage\"},\"thumbnailUrl\":\"https:\/\/www.weinmarkt-poysdorf.at\/wp-content\/uploads\/2017\/03\/logo_winzer_heger-heinz_weiss_v3.png\",\"datePublished\":\"2017-03-08T08:27:41+00:00\",\"dateModified\":\"2022-04-28T09:42:46+00:00\",\"description\":\"Das Weingut Heger Heinz ist ein qualit\u00e4tsorientierter Familienbetrieb in der Weinstadt Poysdorf im nord\u00f6stlichen Weinviertel, n\u00f6rdlich von Wien.\",\"breadcrumb\":{\"@id\":\"https:\/\/www.weinmarkt-poysdorf.at\/cs\/winzer-a-h\/heger-heinz\/#breadcrumb\"},\"inLanguage\":\"cs\",\"potentialAction\":[{\"@type\":\"ReadAction\",\"target\":[[\"https:\/\/www.weinmarkt-poysdorf.at\/cs\/winzer-a-h\/heger-heinz\/\"]]}]},{\"@type\":\"ImageObject\",\"inLanguage\":\"cs\",\"@id\":\"https:\/\/www.weinmarkt-poysdorf.at\/cs\/winzer-a-h\/heger-heinz\/#primaryimage\",\"url\":\"https:\/\/www.weinmarkt-poysdorf.at\/wp-content\/uploads\/2017\/03\/logo_winzer_heger-heinz_weiss_v3.png\",\"contentUrl\":\"https:\/\/www.weinmarkt-poysdorf.at\/wp-content\/uploads\/2017\/03\/logo_winzer_heger-heinz_weiss_v3.png\",\"width\":250,\"height\":250},{\"@type\":\"BreadcrumbList\",\"@id\":\"https:\/\/www.weinmarkt-poysdorf.at\/cs\/winzer-a-h\/heger-heinz\/#breadcrumb\",\"itemListElement\":[{\"@type\":\"ListItem\",\"position\":1,\"name\":\"Startseite\",\"item\":\"https:\/\/www.weinmarkt-poysdorf.at\/cs\/\"},{\"@type\":\"ListItem\",\"position\":2,\"name\":\"Winzer A &#8211; H\",\"item\":\"https:\/\/www.weinmarkt-poysdorf.at\/cs\/winzer-a-h\/\"},{\"@type\":\"ListItem\",\"position\":3,\"name\":\"Heger Lukas\"}]},{\"@type\":\"WebSite\",\"@id\":\"https:\/\/www.weinmarkt-poysdorf.at\/cs\/#website\",\"url\":\"https:\/\/www.weinmarkt-poysdorf.at\/cs\/\",\"name\":\"Weinmarkt Poysdorf\",\"description\":\"Weine von 30 Winzern im Weinviertel\",\"potentialAction\":[{\"@type\":\"SearchAction\",\"target\":{\"@type\":\"EntryPoint\",\"urlTemplate\":\"https:\/\/www.weinmarkt-poysdorf.at\/cs\/?s={search_term_string}\"},\"query-input\":{\"@type\":\"PropertyValueSpecification\",\"valueRequired\":true,\"valueName\":\"search_term_string\"}}],\"inLanguage\":\"cs\"}]}<\/script>\n<!-- \/ Yoast SEO plugin. -->","yoast_head_json":{"title":"Weingut Heger Heinz - Topwinzer der Region im Weinmarkt Poysdorf","description":"Das Weingut Heger Heinz ist ein qualit\u00e4tsorientierter Familienbetrieb in der Weinstadt Poysdorf im nord\u00f6stlichen Weinviertel, n\u00f6rdlich von Wien.","robots":{"index":"index","follow":"follow","max-snippet":"max-snippet:-1","max-image-preview":"max-image-preview:large","max-video-preview":"max-video-preview:-1"},"canonical":"https:\/\/www.weinmarkt-poysdorf.at\/cs\/winzer-a-h\/heger-heinz\/","og_locale":"cs_CZ","og_type":"article","og_title":"Weingut Heger Heinz - Topwinzer der Region im Weinmarkt Poysdorf","og_description":"Das Weingut Heger Heinz ist ein qualit\u00e4tsorientierter Familienbetrieb in der Weinstadt Poysdorf im nord\u00f6stlichen Weinviertel, n\u00f6rdlich von Wien.","og_url":"https:\/\/www.weinmarkt-poysdorf.at\/cs\/winzer-a-h\/heger-heinz\/","og_site_name":"Weinmarkt Poysdorf","article_modified_time":"2022-04-28T09:42:46+00:00","og_image":[{"width":250,"height":250,"url":"https:\/\/www.weinmarkt-poysdorf.at\/wp-content\/uploads\/2017\/03\/logo_winzer_heger-heinz_weiss_v3.png","type":"image\/png"}],"twitter_card":"summary_large_image","twitter_misc":{"Odhadovan\u00e1 doba \u010dten\u00ed":"6 minut"},"schema":{"@context":"https:\/\/schema.org","@graph":[{"@type":"WebPage","@id":"https:\/\/www.weinmarkt-poysdorf.at\/cs\/winzer-a-h\/heger-heinz\/","url":"https:\/\/www.weinmarkt-poysdorf.at\/cs\/winzer-a-h\/heger-heinz\/","name":"Weingut Heger Heinz - Topwinzer der Region im Weinmarkt Poysdorf","isPartOf":{"@id":"https:\/\/www.weinmarkt-poysdorf.at\/cs\/#website"},"primaryImageOfPage":{"@id":"https:\/\/www.weinmarkt-poysdorf.at\/cs\/winzer-a-h\/heger-heinz\/#primaryimage"},"image":{"@id":"https:\/\/www.weinmarkt-poysdorf.at\/winzer-a-h\/heger-heinz\/#primaryimage"},"thumbnailUrl":"https:\/\/www.weinmarkt-poysdorf.at\/wp-content\/uploads\/2017\/03\/logo_winzer_heger-heinz_weiss_v3.png","datePublished":"2017-03-08T08:27:41+00:00","dateModified":"2022-04-28T09:42:46+00:00","description":"Das Weingut Heger Heinz ist ein qualit\u00e4tsorientierter Familienbetrieb in der Weinstadt Poysdorf im nord\u00f6stlichen Weinviertel, n\u00f6rdlich von Wien.","breadcrumb":{"@id":"https:\/\/www.weinmarkt-poysdorf.at\/cs\/winzer-a-h\/heger-heinz\/#breadcrumb"},"inLanguage":"cs","potentialAction":[{"@type":"ReadAction","target":[["https:\/\/www.weinmarkt-poysdorf.at\/cs\/winzer-a-h\/heger-heinz\/"]]}]},{"@type":"ImageObject","inLanguage":"cs","@id":"https:\/\/www.weinmarkt-poysdorf.at\/cs\/winzer-a-h\/heger-heinz\/#primaryimage","url":"https:\/\/www.weinmarkt-poysdorf.at\/wp-content\/uploads\/2017\/03\/logo_winzer_heger-heinz_weiss_v3.png","contentUrl":"https:\/\/www.weinmarkt-poysdorf.at\/wp-content\/uploads\/2017\/03\/logo_winzer_heger-heinz_weiss_v3.png","width":250,"height":250},{"@type":"BreadcrumbList","@id":"https:\/\/www.weinmarkt-poysdorf.at\/cs\/winzer-a-h\/heger-heinz\/#breadcrumb","itemListElement":[{"@type":"ListItem","position":1,"name":"Startseite","item":"https:\/\/www.weinmarkt-poysdorf.at\/cs\/"},{"@type":"ListItem","position":2,"name":"Winzer A &#8211; H","item":"https:\/\/www.weinmarkt-poysdorf.at\/cs\/winzer-a-h\/"},{"@type":"ListItem","position":3,"name":"Heger Lukas"}]},{"@type":"WebSite","@id":"https:\/\/www.weinmarkt-poysdorf.at\/cs\/#website","url":"https:\/\/www.weinmarkt-poysdorf.at\/cs\/","name":"Weinmarkt Poysdorf","description":"Weine von 30 Winzern im Weinviertel","potentialAction":[{"@type":"SearchAction","target":{"@type":"EntryPoint","urlTemplate":"https:\/\/www.weinmarkt-poysdorf.at\/cs\/?s={search_term_string}"},"query-input":{"@type":"PropertyValueSpecification","valueRequired":true,"valueName":"search_term_string"}}],"inLanguage":"cs"}]}},"_links":{"self":[{"href":"https:\/\/www.weinmarkt-poysdorf.at\/cs\/wp-json\/wp\/v2\/pages\/11765","targetHints":{"allow":["GET"]}}],"collection":[{"href":"https:\/\/www.weinmarkt-poysdorf.at\/cs\/wp-json\/wp\/v2\/pages"}],"about":[{"href":"https:\/\/www.weinmarkt-poysdorf.at\/cs\/wp-json\/wp\/v2\/types\/page"}],"author":[{"embeddable":true,"href":"https:\/\/www.weinmarkt-poysdorf.at\/cs\/wp-json\/wp\/v2\/users\/2"}],"replies":[{"embeddable":true,"href":"https:\/\/www.weinmarkt-poysdorf.at\/cs\/wp-json\/wp\/v2\/comments?post=11765"}],"version-history":[{"count":25,"href":"https:\/\/www.weinmarkt-poysdorf.at\/cs\/wp-json\/wp\/v2\/pages\/11765\/revisions"}],"predecessor-version":[{"id":14617,"href":"https:\/\/www.weinmarkt-poysdorf.at\/cs\/wp-json\/wp\/v2\/pages\/11765\/revisions\/14617"}],"up":[{"embeddable":true,"href":"https:\/\/www.weinmarkt-poysdorf.at\/cs\/wp-json\/wp\/v2\/pages\/11369"}],"wp:featuredmedia":[{"embeddable":true,"href":"https:\/\/www.weinmarkt-poysdorf.at\/cs\/wp-json\/wp\/v2\/media\/12319"}],"wp:attachment":[{"href":"https:\/\/www.weinmarkt-poysdorf.at\/cs\/wp-json\/wp\/v2\/media?parent=11765"}],"curies":[{"name":"wp","href":"https:\/\/api.w.org\/{rel}","templated":true}]}}