{"id":11760,"date":"2017-03-08T09:18:12","date_gmt":"2017-03-08T08:18:12","guid":{"rendered":"http:\/\/weinmarkt-poysdorf.at.cloud3-vm432.de-nserver.de\/?page_id=11760"},"modified":"2026-02-12T09:44:54","modified_gmt":"2026-02-12T08:44:54","slug":"heger","status":"publish","type":"page","link":"https:\/\/www.weinmarkt-poysdorf.at\/cs\/winzer-a-h\/heger\/","title":{"rendered":"Heger-Schuckert"},"content":{"rendered":"<div class=\"wpb-content-wrapper\"><p>[vc_row css=&#8220;.vc_custom_1485433309212{margin-bottom: 40px !important;}&#8220;][vc_column][vc_column_text css=&#8220;.vc_custom_1614856459413{margin-bottom: 20px !important;}&#8220;]<\/p>\n<h3>Heger-Schuckert<\/h3>\n<p>[\/vc_column_text][vc_tta_tabs style=&#8220;scalia-style-1&#8243; active_section=&#8220;1&#8243; no_fill_content_area=&#8220;true&#8220;][vc_tta_section title=&#8220;Popis&#8220; tab_id=&#8220;beschreibung&#8220;][vc_row_inner][vc_column_inner width=&#8220;1\/2&#8243;][vc_single_image image=&#8220;14387&#8243; img_size=&#8220;full&#8220; style=&#8220;vc_box_rounded&#8220;]<a class=\"sc-button \"  href=\"https:\/\/shop.weinmarkt-poysdorf.at\/weingut-marke\/heger_m_schuckert_s\" target=\"_blank\" style=\"\">Na\u0161e v\u00edna<\/a>[vc_single_image image=&#8220;12032&#8243; img_size=&#8220;full&#8220; css=&#8220;.vc_custom_1489046628557{margin-bottom: 0px !important;}&#8220;][\/vc_column_inner][vc_column_inner width=&#8220;1\/2&#8243;][vc_column_text css=&#8220;.vc_custom_1614856338477{margin-bottom: 0px !important;}&#8220;]<strong>Weingut Heger-Schuckert<\/strong><\/p>\n<p id=\"tw-target-text\" class=\"tw-data-text tw-text-large XcVN5d tw-ta\" dir=\"ltr\" data-placeholder=\"\u00dcbersetzung\"><span lang=\"cs\">Pro n\u00e1s jako prav\u00e9 Poysdorfy je v\u00edno zp\u016fsob \u017eivota.<\/span><\/p>\n<p>Rodina Heger obhospoda\u0159uje 6 ha vinohrad\u016f u\u017e od 18. Stolet\u00ed. A nem\u016f\u017ee b\u00fdt v Poysdorfu jinak, ne\u017e \u017ee Veltl\u00ednsk\u00e9 zelen\u00e9 a Vla\u0161sk\u00fd ryzlink jsou na\u0161\u00ed srde\u010dn\u00ed z\u00e1le\u017eitost\u00ed.<\/p>\n<p>Proto p\u011bstujeme tyto odr\u016fdy na nejlep\u0161\u00edch poloh\u00e1ch. Veltl\u00ednsk\u00e9 m\u00e1me zasazeno v poloze Bockg\u00e4rten \u2013 kamenito-p\u00eds\u010dit\u00e9 podlo\u017e\u00ed, kter\u00e9 p\u0159in\u00e1\u0161\u00ed bohatou ovocnost, mineralitu a zralost hrozn\u016f. Poloha Lehmacker je jihoz\u00e1padn\u011b, na jej\u00edm j\u00edlovito-p\u00eds\u010dit\u00e9m podlo\u017e\u00ed se da\u0159\u00ed Vla\u0161sk\u00e9mu ryzlinku, kter\u00fd zde z\u00edsk\u00e1va eleganci, jable\u010dno-citrusov\u00e9 t\u00f3ny a p\u0159\u00edjemnou strukturu. Z t\u011bchto hrozn\u016f je vyr\u00e1b\u011bno zn\u00e1m\u00e9 zn\u00e1mkov\u00e9 v\u00edno \u201eSauschwanzl\u201c.<\/p>\n<p>Prost\u011b se zastavte \u2013 t\u011b\u0161\u00edme se na v\u00e1s![\/vc_column_text][\/vc_column_inner][\/vc_row_inner][\/vc_tta_section][vc_tta_section title=&#8220;Kontakt&#8220; tab_id=&#8220;kontakt&#8220;][vc_row_inner][vc_column_inner width=&#8220;1\/2&#8243;][vc_gmaps link=&#8220;#E-8_JTNDaWZyYW1lJTIwc3JjJTNEJTIyaHR0cHMlM0ElMkYlMkZ3d3cuZ29vZ2xlLmNvbSUyRm1hcHMlMkZlbWJlZCUzRnBiJTNEJTIxMW0xOCUyMTFtMTIlMjExbTMlMjExZDI2MzQuOTIyMjg1ODMwMTkyJTIxMmQxNi42MjA0NDU5MTYwNTk1MDYlMjEzZDQ4LjY2ODcyODk3OTI2OTM0JTIxMm0zJTIxMWYwJTIxMmYwJTIxM2YwJTIxM20yJTIxMWkxMDI0JTIxMmk3NjglMjE0ZjEzLjElMjEzbTMlMjExbTIlMjExczB4NDc2ZDJmYzA4YmE2NjQwYiUyNTNBMHg3ZGUwMTMzYmUwMjI1MWUwJTIxMnNCcnVubmdhc3NlJTJCNzElMjUyQyUyQjIxNzAlMkJQb3lzZG9yZiUyMTVlMCUyMTNtMiUyMTFzZGUlMjEyc2F0JTIxNHYxNDg4OTYwOTUyMzExJTIyJTIwd2lkdGglM0QlMjI2MDAlMjIlMjBoZWlnaHQlM0QlMjI0NTAlMjIlMjBmcmFtZWJvcmRlciUzRCUyMjAlMjIlMjBzdHlsZSUzRCUyMmJvcmRlciUzQTAlMjIlMjBhbGxvd2Z1bGxzY3JlZW4lM0UlM0MlMkZpZnJhbWUlM0U=&#8220; size=&#8220;&#8220;][\/vc_column_inner][vc_column_inner width=&#8220;1\/2&#8243;][vc_column_text css=&#8220;.vc_custom_1488981096356{margin-bottom: 0px !important;}&#8220;]Weingut Heger<br \/>\nBrunngasse 71<br \/>\n2170 Poysdorf<\/p>\n<p>Mobil: +43 664\/ 738 646 56<br \/>\nEmail: <a href=\"mailto:manfredheger@aon.at\" target=\"_blank\" rel=\"noopener noreferrer\">manfredheger@aon.at<\/a><br \/>\n<a href=\"http:\/\/www.sauschwanzl.at\" target=\"_blank\" rel=\"noopener noreferrer\">www.sauschwanzl.at<\/a><br \/>\n<a href=\"http:\/\/www.zur-reblaus.at\" target=\"_blank\" rel=\"noopener noreferrer\">www.zur-reblaus.at<\/a>[\/vc_column_text][\/vc_column_inner][\/vc_row_inner][\/vc_tta_section][\/vc_tta_tabs][\/vc_column][\/vc_row]<\/p>\n<\/div>","protected":false},"excerpt":{"rendered":"<p>[vc_row css=&#8220;.vc_custom_1485433309212{margin-bottom: 40px !important;}&#8220;][vc_column][vc_column_text css=&#8220;.vc_custom_1614856459413{margin-bottom: 20px !important;}&#8220;] Heger-Schuckert [\/vc_column_text][vc_tta_tabs style=&#8220;scalia-style-1&#8243; active_section=&#8220;1&#8243; no_fill_content_area=&#8220;true&#8220;][vc_tta_section title=&#8220;Popis&#8220; tab_id=&#8220;beschreibung&#8220;][vc_row_inner][vc_column_inner width=&#8220;1\/2&#8243;][vc_single_image image=&#8220;14387&#8243; img_size=&#8220;full&#8220; style=&#8220;vc_box_rounded&#8220;][vc_single_image image=&#8220;12032&#8243; img_size=&#8220;full&#8220;&#8230;<\/p>\n","protected":false},"author":2,"featured_media":12318,"parent":11369,"menu_order":0,"comment_status":"closed","ping_status":"closed","template":"","meta":{"footnotes":""},"class_list":["post-11760","page","type-page","status-publish","has-post-thumbnail","hentry"],"yoast_head":"<!-- This site is optimized with the Yoast SEO plugin v26.4 - https:\/\/yoast.com\/wordpress\/plugins\/seo\/ -->\n<title>Weingut Heger - Topwinzer der Region im Weinmarkt POysdorf<\/title>\n<meta name=\"description\" content=\"Das 6 Hektar gro\u00dfe Weingut Heger betreibt die Familie bereits seit dem 18 Jahrhundert. Der Gr\u00fcne Veltliner und der Welschriesling gelten als Herzenssache.\" \/>\n<meta name=\"robots\" content=\"index, follow, max-snippet:-1, max-image-preview:large, max-video-preview:-1\" \/>\n<link rel=\"canonical\" href=\"https:\/\/www.weinmarkt-poysdorf.at\/cs\/winzer-a-h\/heger\/\" \/>\n<meta property=\"og:locale\" content=\"cs_CZ\" \/>\n<meta property=\"og:type\" content=\"article\" \/>\n<meta property=\"og:title\" content=\"Weingut Heger - Topwinzer der Region im Weinmarkt POysdorf\" \/>\n<meta property=\"og:description\" content=\"Das 6 Hektar gro\u00dfe Weingut Heger betreibt die Familie bereits seit dem 18 Jahrhundert. Der Gr\u00fcne Veltliner und der Welschriesling gelten als Herzenssache.\" \/>\n<meta property=\"og:url\" content=\"https:\/\/www.weinmarkt-poysdorf.at\/cs\/winzer-a-h\/heger\/\" \/>\n<meta property=\"og:site_name\" content=\"Weinmarkt Poysdorf\" \/>\n<meta property=\"article:modified_time\" content=\"2026-02-12T08:44:54+00:00\" \/>\n<meta property=\"og:image\" content=\"https:\/\/www.weinmarkt-poysdorf.at\/wp-content\/uploads\/2017\/03\/logo_winzer_heger_weiss_v3.png\" \/>\n\t<meta property=\"og:image:width\" content=\"250\" \/>\n\t<meta property=\"og:image:height\" content=\"250\" \/>\n\t<meta property=\"og:image:type\" content=\"image\/png\" \/>\n<meta name=\"twitter:card\" content=\"summary_large_image\" \/>\n<meta name=\"twitter:label1\" content=\"Odhadovan\u00e1 doba \u010dten\u00ed\" \/>\n\t<meta name=\"twitter:data1\" content=\"2 minuty\" \/>\n<script type=\"application\/ld+json\" class=\"yoast-schema-graph\">{\"@context\":\"https:\/\/schema.org\",\"@graph\":[{\"@type\":\"WebPage\",\"@id\":\"https:\/\/www.weinmarkt-poysdorf.at\/cs\/winzer-a-h\/heger\/\",\"url\":\"https:\/\/www.weinmarkt-poysdorf.at\/cs\/winzer-a-h\/heger\/\",\"name\":\"Weingut Heger - Topwinzer der Region im Weinmarkt POysdorf\",\"isPartOf\":{\"@id\":\"https:\/\/www.weinmarkt-poysdorf.at\/cs\/#website\"},\"primaryImageOfPage\":{\"@id\":\"https:\/\/www.weinmarkt-poysdorf.at\/cs\/winzer-a-h\/heger\/#primaryimage\"},\"image\":{\"@id\":\"https:\/\/www.weinmarkt-poysdorf.at\/winzer-a-h\/heger\/#primaryimage\"},\"thumbnailUrl\":\"https:\/\/www.weinmarkt-poysdorf.at\/wp-content\/uploads\/2017\/03\/logo_winzer_heger_weiss_v3.png\",\"datePublished\":\"2017-03-08T08:18:12+00:00\",\"dateModified\":\"2026-02-12T08:44:54+00:00\",\"description\":\"Das 6 Hektar gro\u00dfe Weingut Heger betreibt die Familie bereits seit dem 18 Jahrhundert. Der Gr\u00fcne Veltliner und der Welschriesling gelten als Herzenssache.\",\"breadcrumb\":{\"@id\":\"https:\/\/www.weinmarkt-poysdorf.at\/cs\/winzer-a-h\/heger\/#breadcrumb\"},\"inLanguage\":\"cs\",\"potentialAction\":[{\"@type\":\"ReadAction\",\"target\":[[\"https:\/\/www.weinmarkt-poysdorf.at\/cs\/winzer-a-h\/heger\/\"]]}]},{\"@type\":\"ImageObject\",\"inLanguage\":\"cs\",\"@id\":\"https:\/\/www.weinmarkt-poysdorf.at\/cs\/winzer-a-h\/heger\/#primaryimage\",\"url\":\"https:\/\/www.weinmarkt-poysdorf.at\/wp-content\/uploads\/2017\/03\/logo_winzer_heger_weiss_v3.png\",\"contentUrl\":\"https:\/\/www.weinmarkt-poysdorf.at\/wp-content\/uploads\/2017\/03\/logo_winzer_heger_weiss_v3.png\",\"width\":250,\"height\":250},{\"@type\":\"BreadcrumbList\",\"@id\":\"https:\/\/www.weinmarkt-poysdorf.at\/cs\/winzer-a-h\/heger\/#breadcrumb\",\"itemListElement\":[{\"@type\":\"ListItem\",\"position\":1,\"name\":\"Startseite\",\"item\":\"https:\/\/www.weinmarkt-poysdorf.at\/cs\/\"},{\"@type\":\"ListItem\",\"position\":2,\"name\":\"Winzer A &#8211; H\",\"item\":\"https:\/\/www.weinmarkt-poysdorf.at\/cs\/winzer-a-h\/\"},{\"@type\":\"ListItem\",\"position\":3,\"name\":\"Heger-Schuckert\"}]},{\"@type\":\"WebSite\",\"@id\":\"https:\/\/www.weinmarkt-poysdorf.at\/cs\/#website\",\"url\":\"https:\/\/www.weinmarkt-poysdorf.at\/cs\/\",\"name\":\"Weinmarkt Poysdorf\",\"description\":\"Weine von 30 Winzern im Weinviertel\",\"potentialAction\":[{\"@type\":\"SearchAction\",\"target\":{\"@type\":\"EntryPoint\",\"urlTemplate\":\"https:\/\/www.weinmarkt-poysdorf.at\/cs\/?s={search_term_string}\"},\"query-input\":{\"@type\":\"PropertyValueSpecification\",\"valueRequired\":true,\"valueName\":\"search_term_string\"}}],\"inLanguage\":\"cs\"}]}<\/script>\n<!-- \/ Yoast SEO plugin. -->","yoast_head_json":{"title":"Weingut Heger - Topwinzer der Region im Weinmarkt POysdorf","description":"Das 6 Hektar gro\u00dfe Weingut Heger betreibt die Familie bereits seit dem 18 Jahrhundert. Der Gr\u00fcne Veltliner und der Welschriesling gelten als Herzenssache.","robots":{"index":"index","follow":"follow","max-snippet":"max-snippet:-1","max-image-preview":"max-image-preview:large","max-video-preview":"max-video-preview:-1"},"canonical":"https:\/\/www.weinmarkt-poysdorf.at\/cs\/winzer-a-h\/heger\/","og_locale":"cs_CZ","og_type":"article","og_title":"Weingut Heger - Topwinzer der Region im Weinmarkt POysdorf","og_description":"Das 6 Hektar gro\u00dfe Weingut Heger betreibt die Familie bereits seit dem 18 Jahrhundert. Der Gr\u00fcne Veltliner und der Welschriesling gelten als Herzenssache.","og_url":"https:\/\/www.weinmarkt-poysdorf.at\/cs\/winzer-a-h\/heger\/","og_site_name":"Weinmarkt Poysdorf","article_modified_time":"2026-02-12T08:44:54+00:00","og_image":[{"width":250,"height":250,"url":"https:\/\/www.weinmarkt-poysdorf.at\/wp-content\/uploads\/2017\/03\/logo_winzer_heger_weiss_v3.png","type":"image\/png"}],"twitter_card":"summary_large_image","twitter_misc":{"Odhadovan\u00e1 doba \u010dten\u00ed":"2 minuty"},"schema":{"@context":"https:\/\/schema.org","@graph":[{"@type":"WebPage","@id":"https:\/\/www.weinmarkt-poysdorf.at\/cs\/winzer-a-h\/heger\/","url":"https:\/\/www.weinmarkt-poysdorf.at\/cs\/winzer-a-h\/heger\/","name":"Weingut Heger - Topwinzer der Region im Weinmarkt POysdorf","isPartOf":{"@id":"https:\/\/www.weinmarkt-poysdorf.at\/cs\/#website"},"primaryImageOfPage":{"@id":"https:\/\/www.weinmarkt-poysdorf.at\/cs\/winzer-a-h\/heger\/#primaryimage"},"image":{"@id":"https:\/\/www.weinmarkt-poysdorf.at\/winzer-a-h\/heger\/#primaryimage"},"thumbnailUrl":"https:\/\/www.weinmarkt-poysdorf.at\/wp-content\/uploads\/2017\/03\/logo_winzer_heger_weiss_v3.png","datePublished":"2017-03-08T08:18:12+00:00","dateModified":"2026-02-12T08:44:54+00:00","description":"Das 6 Hektar gro\u00dfe Weingut Heger betreibt die Familie bereits seit dem 18 Jahrhundert. Der Gr\u00fcne Veltliner und der Welschriesling gelten als Herzenssache.","breadcrumb":{"@id":"https:\/\/www.weinmarkt-poysdorf.at\/cs\/winzer-a-h\/heger\/#breadcrumb"},"inLanguage":"cs","potentialAction":[{"@type":"ReadAction","target":[["https:\/\/www.weinmarkt-poysdorf.at\/cs\/winzer-a-h\/heger\/"]]}]},{"@type":"ImageObject","inLanguage":"cs","@id":"https:\/\/www.weinmarkt-poysdorf.at\/cs\/winzer-a-h\/heger\/#primaryimage","url":"https:\/\/www.weinmarkt-poysdorf.at\/wp-content\/uploads\/2017\/03\/logo_winzer_heger_weiss_v3.png","contentUrl":"https:\/\/www.weinmarkt-poysdorf.at\/wp-content\/uploads\/2017\/03\/logo_winzer_heger_weiss_v3.png","width":250,"height":250},{"@type":"BreadcrumbList","@id":"https:\/\/www.weinmarkt-poysdorf.at\/cs\/winzer-a-h\/heger\/#breadcrumb","itemListElement":[{"@type":"ListItem","position":1,"name":"Startseite","item":"https:\/\/www.weinmarkt-poysdorf.at\/cs\/"},{"@type":"ListItem","position":2,"name":"Winzer A &#8211; H","item":"https:\/\/www.weinmarkt-poysdorf.at\/cs\/winzer-a-h\/"},{"@type":"ListItem","position":3,"name":"Heger-Schuckert"}]},{"@type":"WebSite","@id":"https:\/\/www.weinmarkt-poysdorf.at\/cs\/#website","url":"https:\/\/www.weinmarkt-poysdorf.at\/cs\/","name":"Weinmarkt Poysdorf","description":"Weine von 30 Winzern im Weinviertel","potentialAction":[{"@type":"SearchAction","target":{"@type":"EntryPoint","urlTemplate":"https:\/\/www.weinmarkt-poysdorf.at\/cs\/?s={search_term_string}"},"query-input":{"@type":"PropertyValueSpecification","valueRequired":true,"valueName":"search_term_string"}}],"inLanguage":"cs"}]}},"_links":{"self":[{"href":"https:\/\/www.weinmarkt-poysdorf.at\/cs\/wp-json\/wp\/v2\/pages\/11760","targetHints":{"allow":["GET"]}}],"collection":[{"href":"https:\/\/www.weinmarkt-poysdorf.at\/cs\/wp-json\/wp\/v2\/pages"}],"about":[{"href":"https:\/\/www.weinmarkt-poysdorf.at\/cs\/wp-json\/wp\/v2\/types\/page"}],"author":[{"embeddable":true,"href":"https:\/\/www.weinmarkt-poysdorf.at\/cs\/wp-json\/wp\/v2\/users\/2"}],"replies":[{"embeddable":true,"href":"https:\/\/www.weinmarkt-poysdorf.at\/cs\/wp-json\/wp\/v2\/comments?post=11760"}],"version-history":[{"count":35,"href":"https:\/\/www.weinmarkt-poysdorf.at\/cs\/wp-json\/wp\/v2\/pages\/11760\/revisions"}],"predecessor-version":[{"id":15404,"href":"https:\/\/www.weinmarkt-poysdorf.at\/cs\/wp-json\/wp\/v2\/pages\/11760\/revisions\/15404"}],"up":[{"embeddable":true,"href":"https:\/\/www.weinmarkt-poysdorf.at\/cs\/wp-json\/wp\/v2\/pages\/11369"}],"wp:featuredmedia":[{"embeddable":true,"href":"https:\/\/www.weinmarkt-poysdorf.at\/cs\/wp-json\/wp\/v2\/media\/12318"}],"wp:attachment":[{"href":"https:\/\/www.weinmarkt-poysdorf.at\/cs\/wp-json\/wp\/v2\/media?parent=11760"}],"curies":[{"name":"wp","href":"https:\/\/api.w.org\/{rel}","templated":true}]}}