{"id":11752,"date":"2017-03-08T09:11:13","date_gmt":"2017-03-08T08:11:13","guid":{"rendered":"http:\/\/weinmarkt-poysdorf.at.cloud3-vm432.de-nserver.de\/?page_id=11752"},"modified":"2022-04-28T11:41:25","modified_gmt":"2022-04-28T09:41:25","slug":"hauser","status":"publish","type":"page","link":"https:\/\/www.weinmarkt-poysdorf.at\/cs\/winzer-a-h\/hauser\/","title":{"rendered":"Hauser"},"content":{"rendered":"<div class=\"wpb-content-wrapper\"><p>[vc_row css=&#8220;.vc_custom_1485433309212{margin-bottom: 40px !important;}&#8220;][vc_column][vc_column_text css=&#8220;.vc_custom_1488960293262{margin-bottom: 20px !important;}&#8220;]<\/p>\n<h3>Hauser<\/h3>\n<p>[\/vc_column_text][vc_tta_tabs style=&#8220;scalia-style-1&#8243; active_section=&#8220;1&#8243; no_fill_content_area=&#8220;true&#8220;][vc_tta_section title=&#8220;Popis&#8220; tab_id=&#8220;beschreibung&#8220;][vc_row_inner][vc_column_inner width=&#8220;1\/2&#8243;][vc_single_image image=&#8220;11757&#8243; img_size=&#8220;full&#8220; style=&#8220;vc_box_rounded&#8220;]<a class=\"sc-button \"  href=\"https:\/\/shop.weinmarkt-poysdorf.at\/weingut-marke\/hauser\" target=\"_blank\" style=\"\">Na\u0161e v\u00edna<\/a>[vc_single_image image=&#8220;12031&#8243; img_size=&#8220;full&#8220; css=&#8220;.vc_custom_1489046569493{margin-bottom: 0px !important;}&#8220;][\/vc_column_inner][vc_column_inner width=&#8220;1\/2&#8243;][vc_column_text css=&#8220;.vc_custom_1495106319455{margin-bottom: 0px !important;}&#8220;]<strong>Vina\u0159stv\u00ed Hauser<\/strong><\/p>\n<p>Motto na\u0161eho vina\u0159stv\u00ed zn\u00ed: \u201eNejen dob\u0159e, ale perfektn\u011b!\u201c Nechte se inspirovat jedine\u010dnou atmosf\u00e9rou na\u0161eho vina\u0159stv\u00ed a p\u0159\u00edjemn\u00fdm prost\u0159ed\u00edm degusta\u010dn\u00ed m\u00edstnosti.<\/p>\n<p>Na\u0161e vina\u0159stv\u00ed je sv\u00fdm vzhledem typick\u00e9 pro tento region a v\u00edno je skladov\u00e1no v historick\u00e9m sklepen\u00ed. Hrozny zpracov\u00e1v\u00e1me co nej\u0161etrn\u011bj\u0161\u00edm zp\u016fsobem, aby byla zachov\u00e1na p\u0159irozen\u00e1 chu\u0165 a v\u016fn\u011b v\u00edna. Jm\u00e9no HAUSER se v Poysdorfu objevilo ji\u017e v 15. stolet\u00ed a pat\u0159\u00ed k nejstar\u0161\u00edm rodin\u00e1m \u0159emesln\u00edk\u016f v okrese Mistelbach. Z t\u00e9to tradice t\u011b\u017e\u00edme i dnes p\u0159i v\u00fdrob\u011b v\u00edna, kter\u00e9 m\u00e1 v\u00fdrazn\u00e9 ovocn\u00e9 t\u00f3ny a je sv\u011b\u017e\u00ed a lehk\u00e9. Na\u0161e v\u00edna v\u00e1s budou bavit!<\/p>\n<p>Ka\u017ed\u00e1 na\u0161e odr\u016fda Veltl\u00ednsk\u00e9ho zelen\u00e9ho, od lehk\u00e9ho Saur\u00fcssel (prase\u010d\u00ed ryp\u00e1\u010dek) a\u017e po bohat\u00fd a pln\u00fd Veltliner FRIENDS, stoj\u00ed za ochutn\u00e1n\u00ed. Poy-secco, na\u0161e osv\u011b\u017euj\u00edc\u00ed \u0161umiv\u00e9 v\u00edno s v\u00fdraznou ovocinkou, vyroben\u00e9 z hrozn\u016f odr\u016fdy Mu\u0161k\u00e1t \u017elut\u00fd, obohat\u00ed vinot\u00e9ku ka\u017ed\u00e9ho milovn\u00edka perliv\u00fdch v\u00edn.[\/vc_column_text][\/vc_column_inner][\/vc_row_inner][\/vc_tta_section][vc_tta_section title=&#8220;Kontakt&#8220; tab_id=&#8220;kontakt&#8220;][vc_row_inner][vc_column_inner width=&#8220;1\/2&#8243;][vc_gmaps link=&#8220;#E-8_JTNDaWZyYW1lJTIwc3JjJTNEJTIyaHR0cHMlM0ElMkYlMkZ3d3cuZ29vZ2xlLmNvbSUyRm1hcHMlMkZlbWJlZCUzRnBiJTNEJTIxMW0xOCUyMTFtMTIlMjExbTMlMjExZDI2MzQuOTEwMDkxODg4NDQ5JTIxMmQxNi42MjI2NTIyMTYwNTk1MTclMjEzZDQ4LjY2ODk2MjE3OTI2OTMzNiUyMTJtMyUyMTFmMCUyMTJmMCUyMTNmMCUyMTNtMiUyMTFpMTAyNCUyMTJpNzY4JTIxNGYxMy4xJTIxM20zJTIxMW0yJTIxMXMweDQ3NmQyZmJmNjQ4Mzc0MjMlMjUzQTB4ZTIzMjNhODIyYTIxMjhhYyUyMTJzQnJ1bm5nYXNzZSUyQjM4JTI1MkMlMkIyMTcwJTJCUG95c2RvcmYlMjE1ZTAlMjEzbTIlMjExc2RlJTIxMnNhdCUyMTR2MTQ4ODk2MDUzMDM2MiUyMiUyMHdpZHRoJTNEJTIyNjAwJTIyJTIwaGVpZ2h0JTNEJTIyNDUwJTIyJTIwZnJhbWVib3JkZXIlM0QlMjIwJTIyJTIwc3R5bGUlM0QlMjJib3JkZXIlM0EwJTIyJTIwYWxsb3dmdWxsc2NyZWVuJTNFJTNDJTJGaWZyYW1lJTNF&#8220; size=&#8220;&#8220;][\/vc_column_inner][vc_column_inner width=&#8220;1\/2&#8243;][vc_column_text css=&#8220;.vc_custom_1494573795514{margin-bottom: 0px !important;}&#8220;]Weingut Hauser<br \/>\nBrunngasse 38<br \/>\n2170 Poysdorf<\/p>\n<p>Telefon:+43 2552 21 12<br \/>\nMobil:+43 664\/3358946<br \/>\nEmail:\u00a0<a href=\"mailto:info@hauserwein.com\" target=\"_blank\" rel=\"noopener noreferrer\">info@hauserwein.com<\/a><br \/>\n<a href=\"http:\/\/www.hauserwein.com\">www.hauserwein.com<\/a>[\/vc_column_text][\/vc_column_inner][\/vc_row_inner][\/vc_tta_section][\/vc_tta_tabs][\/vc_column][\/vc_row]<\/p>\n<\/div>","protected":false},"excerpt":{"rendered":"<p>[vc_row css=&#8220;.vc_custom_1485433309212{margin-bottom: 40px !important;}&#8220;][vc_column][vc_column_text css=&#8220;.vc_custom_1488960293262{margin-bottom: 20px !important;}&#8220;] Hauser [\/vc_column_text][vc_tta_tabs style=&#8220;scalia-style-1&#8243; active_section=&#8220;1&#8243; no_fill_content_area=&#8220;true&#8220;][vc_tta_section title=&#8220;Popis&#8220; tab_id=&#8220;beschreibung&#8220;][vc_row_inner][vc_column_inner width=&#8220;1\/2&#8243;][vc_single_image image=&#8220;11757&#8243; img_size=&#8220;full&#8220; style=&#8220;vc_box_rounded&#8220;][vc_single_image image=&#8220;12031&#8243; img_size=&#8220;full&#8220;&#8230;<\/p>\n","protected":false},"author":2,"featured_media":12317,"parent":11369,"menu_order":0,"comment_status":"closed","ping_status":"closed","template":"","meta":{"footnotes":""},"class_list":["post-11752","page","type-page","status-publish","has-post-thumbnail","hentry"],"yoast_head":"<!-- This site is optimized with the Yoast SEO plugin v26.4 - https:\/\/yoast.com\/wordpress\/plugins\/seo\/ -->\n<title>Weingut Hauser - Topwinzer der Region im Weinmarkt Poysdorf<\/title>\n<meta name=\"description\" content=\"Lassen Sie sich nach dem Motto \u201dWenn\u00b4s passt, dann passt\u00b4s!\u201c, vom sch\u00f6nen Ambiente im Weingut Hauser und dem einzigartigen Degustationsraum inspirieren.\" \/>\n<meta name=\"robots\" content=\"index, follow, max-snippet:-1, max-image-preview:large, max-video-preview:-1\" \/>\n<link rel=\"canonical\" href=\"https:\/\/www.weinmarkt-poysdorf.at\/cs\/winzer-a-h\/hauser\/\" \/>\n<meta property=\"og:locale\" content=\"cs_CZ\" \/>\n<meta property=\"og:type\" content=\"article\" \/>\n<meta property=\"og:title\" content=\"Weingut Hauser - Topwinzer der Region im Weinmarkt Poysdorf\" \/>\n<meta property=\"og:description\" content=\"Lassen Sie sich nach dem Motto \u201dWenn\u00b4s passt, dann passt\u00b4s!\u201c, vom sch\u00f6nen Ambiente im Weingut Hauser und dem einzigartigen Degustationsraum inspirieren.\" \/>\n<meta property=\"og:url\" content=\"https:\/\/www.weinmarkt-poysdorf.at\/cs\/winzer-a-h\/hauser\/\" \/>\n<meta property=\"og:site_name\" content=\"Weinmarkt Poysdorf\" \/>\n<meta property=\"article:modified_time\" content=\"2022-04-28T09:41:25+00:00\" \/>\n<meta property=\"og:image\" content=\"https:\/\/www.weinmarkt-poysdorf.at\/wp-content\/uploads\/2017\/03\/logo_winzer_hauser_weiss_v3.png\" \/>\n\t<meta property=\"og:image:width\" content=\"250\" \/>\n\t<meta property=\"og:image:height\" content=\"250\" \/>\n\t<meta property=\"og:image:type\" content=\"image\/png\" \/>\n<meta name=\"twitter:card\" content=\"summary_large_image\" \/>\n<meta name=\"twitter:label1\" content=\"Odhadovan\u00e1 doba \u010dten\u00ed\" \/>\n\t<meta name=\"twitter:data1\" content=\"6 minut\" \/>\n<script type=\"application\/ld+json\" class=\"yoast-schema-graph\">{\"@context\":\"https:\/\/schema.org\",\"@graph\":[{\"@type\":\"WebPage\",\"@id\":\"https:\/\/www.weinmarkt-poysdorf.at\/cs\/winzer-a-h\/hauser\/\",\"url\":\"https:\/\/www.weinmarkt-poysdorf.at\/cs\/winzer-a-h\/hauser\/\",\"name\":\"Weingut Hauser - Topwinzer der Region im Weinmarkt Poysdorf\",\"isPartOf\":{\"@id\":\"https:\/\/www.weinmarkt-poysdorf.at\/cs\/#website\"},\"primaryImageOfPage\":{\"@id\":\"https:\/\/www.weinmarkt-poysdorf.at\/cs\/winzer-a-h\/hauser\/#primaryimage\"},\"image\":{\"@id\":\"https:\/\/www.weinmarkt-poysdorf.at\/winzer-a-h\/hauser\/#primaryimage\"},\"thumbnailUrl\":\"https:\/\/www.weinmarkt-poysdorf.at\/wp-content\/uploads\/2017\/03\/logo_winzer_hauser_weiss_v3.png\",\"datePublished\":\"2017-03-08T08:11:13+00:00\",\"dateModified\":\"2022-04-28T09:41:25+00:00\",\"description\":\"Lassen Sie sich nach dem Motto \u201dWenn\u00b4s passt, dann passt\u00b4s!\u201c, vom sch\u00f6nen Ambiente im Weingut Hauser und dem einzigartigen Degustationsraum inspirieren.\",\"breadcrumb\":{\"@id\":\"https:\/\/www.weinmarkt-poysdorf.at\/cs\/winzer-a-h\/hauser\/#breadcrumb\"},\"inLanguage\":\"cs\",\"potentialAction\":[{\"@type\":\"ReadAction\",\"target\":[[\"https:\/\/www.weinmarkt-poysdorf.at\/cs\/winzer-a-h\/hauser\/\"]]}]},{\"@type\":\"ImageObject\",\"inLanguage\":\"cs\",\"@id\":\"https:\/\/www.weinmarkt-poysdorf.at\/cs\/winzer-a-h\/hauser\/#primaryimage\",\"url\":\"https:\/\/www.weinmarkt-poysdorf.at\/wp-content\/uploads\/2017\/03\/logo_winzer_hauser_weiss_v3.png\",\"contentUrl\":\"https:\/\/www.weinmarkt-poysdorf.at\/wp-content\/uploads\/2017\/03\/logo_winzer_hauser_weiss_v3.png\",\"width\":250,\"height\":250},{\"@type\":\"BreadcrumbList\",\"@id\":\"https:\/\/www.weinmarkt-poysdorf.at\/cs\/winzer-a-h\/hauser\/#breadcrumb\",\"itemListElement\":[{\"@type\":\"ListItem\",\"position\":1,\"name\":\"Startseite\",\"item\":\"https:\/\/www.weinmarkt-poysdorf.at\/cs\/\"},{\"@type\":\"ListItem\",\"position\":2,\"name\":\"Winzer A &#8211; H\",\"item\":\"https:\/\/www.weinmarkt-poysdorf.at\/cs\/winzer-a-h\/\"},{\"@type\":\"ListItem\",\"position\":3,\"name\":\"Hauser\"}]},{\"@type\":\"WebSite\",\"@id\":\"https:\/\/www.weinmarkt-poysdorf.at\/cs\/#website\",\"url\":\"https:\/\/www.weinmarkt-poysdorf.at\/cs\/\",\"name\":\"Weinmarkt Poysdorf\",\"description\":\"Weine von 30 Winzern im Weinviertel\",\"potentialAction\":[{\"@type\":\"SearchAction\",\"target\":{\"@type\":\"EntryPoint\",\"urlTemplate\":\"https:\/\/www.weinmarkt-poysdorf.at\/cs\/?s={search_term_string}\"},\"query-input\":{\"@type\":\"PropertyValueSpecification\",\"valueRequired\":true,\"valueName\":\"search_term_string\"}}],\"inLanguage\":\"cs\"}]}<\/script>\n<!-- \/ Yoast SEO plugin. -->","yoast_head_json":{"title":"Weingut Hauser - Topwinzer der Region im Weinmarkt Poysdorf","description":"Lassen Sie sich nach dem Motto \u201dWenn\u00b4s passt, dann passt\u00b4s!\u201c, vom sch\u00f6nen Ambiente im Weingut Hauser und dem einzigartigen Degustationsraum inspirieren.","robots":{"index":"index","follow":"follow","max-snippet":"max-snippet:-1","max-image-preview":"max-image-preview:large","max-video-preview":"max-video-preview:-1"},"canonical":"https:\/\/www.weinmarkt-poysdorf.at\/cs\/winzer-a-h\/hauser\/","og_locale":"cs_CZ","og_type":"article","og_title":"Weingut Hauser - Topwinzer der Region im Weinmarkt Poysdorf","og_description":"Lassen Sie sich nach dem Motto \u201dWenn\u00b4s passt, dann passt\u00b4s!\u201c, vom sch\u00f6nen Ambiente im Weingut Hauser und dem einzigartigen Degustationsraum inspirieren.","og_url":"https:\/\/www.weinmarkt-poysdorf.at\/cs\/winzer-a-h\/hauser\/","og_site_name":"Weinmarkt Poysdorf","article_modified_time":"2022-04-28T09:41:25+00:00","og_image":[{"width":250,"height":250,"url":"https:\/\/www.weinmarkt-poysdorf.at\/wp-content\/uploads\/2017\/03\/logo_winzer_hauser_weiss_v3.png","type":"image\/png"}],"twitter_card":"summary_large_image","twitter_misc":{"Odhadovan\u00e1 doba \u010dten\u00ed":"6 minut"},"schema":{"@context":"https:\/\/schema.org","@graph":[{"@type":"WebPage","@id":"https:\/\/www.weinmarkt-poysdorf.at\/cs\/winzer-a-h\/hauser\/","url":"https:\/\/www.weinmarkt-poysdorf.at\/cs\/winzer-a-h\/hauser\/","name":"Weingut Hauser - Topwinzer der Region im Weinmarkt Poysdorf","isPartOf":{"@id":"https:\/\/www.weinmarkt-poysdorf.at\/cs\/#website"},"primaryImageOfPage":{"@id":"https:\/\/www.weinmarkt-poysdorf.at\/cs\/winzer-a-h\/hauser\/#primaryimage"},"image":{"@id":"https:\/\/www.weinmarkt-poysdorf.at\/winzer-a-h\/hauser\/#primaryimage"},"thumbnailUrl":"https:\/\/www.weinmarkt-poysdorf.at\/wp-content\/uploads\/2017\/03\/logo_winzer_hauser_weiss_v3.png","datePublished":"2017-03-08T08:11:13+00:00","dateModified":"2022-04-28T09:41:25+00:00","description":"Lassen Sie sich nach dem Motto \u201dWenn\u00b4s passt, dann passt\u00b4s!\u201c, vom sch\u00f6nen Ambiente im Weingut Hauser und dem einzigartigen Degustationsraum inspirieren.","breadcrumb":{"@id":"https:\/\/www.weinmarkt-poysdorf.at\/cs\/winzer-a-h\/hauser\/#breadcrumb"},"inLanguage":"cs","potentialAction":[{"@type":"ReadAction","target":[["https:\/\/www.weinmarkt-poysdorf.at\/cs\/winzer-a-h\/hauser\/"]]}]},{"@type":"ImageObject","inLanguage":"cs","@id":"https:\/\/www.weinmarkt-poysdorf.at\/cs\/winzer-a-h\/hauser\/#primaryimage","url":"https:\/\/www.weinmarkt-poysdorf.at\/wp-content\/uploads\/2017\/03\/logo_winzer_hauser_weiss_v3.png","contentUrl":"https:\/\/www.weinmarkt-poysdorf.at\/wp-content\/uploads\/2017\/03\/logo_winzer_hauser_weiss_v3.png","width":250,"height":250},{"@type":"BreadcrumbList","@id":"https:\/\/www.weinmarkt-poysdorf.at\/cs\/winzer-a-h\/hauser\/#breadcrumb","itemListElement":[{"@type":"ListItem","position":1,"name":"Startseite","item":"https:\/\/www.weinmarkt-poysdorf.at\/cs\/"},{"@type":"ListItem","position":2,"name":"Winzer A &#8211; H","item":"https:\/\/www.weinmarkt-poysdorf.at\/cs\/winzer-a-h\/"},{"@type":"ListItem","position":3,"name":"Hauser"}]},{"@type":"WebSite","@id":"https:\/\/www.weinmarkt-poysdorf.at\/cs\/#website","url":"https:\/\/www.weinmarkt-poysdorf.at\/cs\/","name":"Weinmarkt Poysdorf","description":"Weine von 30 Winzern im Weinviertel","potentialAction":[{"@type":"SearchAction","target":{"@type":"EntryPoint","urlTemplate":"https:\/\/www.weinmarkt-poysdorf.at\/cs\/?s={search_term_string}"},"query-input":{"@type":"PropertyValueSpecification","valueRequired":true,"valueName":"search_term_string"}}],"inLanguage":"cs"}]}},"_links":{"self":[{"href":"https:\/\/www.weinmarkt-poysdorf.at\/cs\/wp-json\/wp\/v2\/pages\/11752","targetHints":{"allow":["GET"]}}],"collection":[{"href":"https:\/\/www.weinmarkt-poysdorf.at\/cs\/wp-json\/wp\/v2\/pages"}],"about":[{"href":"https:\/\/www.weinmarkt-poysdorf.at\/cs\/wp-json\/wp\/v2\/types\/page"}],"author":[{"embeddable":true,"href":"https:\/\/www.weinmarkt-poysdorf.at\/cs\/wp-json\/wp\/v2\/users\/2"}],"replies":[{"embeddable":true,"href":"https:\/\/www.weinmarkt-poysdorf.at\/cs\/wp-json\/wp\/v2\/comments?post=11752"}],"version-history":[{"count":25,"href":"https:\/\/www.weinmarkt-poysdorf.at\/cs\/wp-json\/wp\/v2\/pages\/11752\/revisions"}],"predecessor-version":[{"id":14614,"href":"https:\/\/www.weinmarkt-poysdorf.at\/cs\/wp-json\/wp\/v2\/pages\/11752\/revisions\/14614"}],"up":[{"embeddable":true,"href":"https:\/\/www.weinmarkt-poysdorf.at\/cs\/wp-json\/wp\/v2\/pages\/11369"}],"wp:featuredmedia":[{"embeddable":true,"href":"https:\/\/www.weinmarkt-poysdorf.at\/cs\/wp-json\/wp\/v2\/media\/12317"}],"wp:attachment":[{"href":"https:\/\/www.weinmarkt-poysdorf.at\/cs\/wp-json\/wp\/v2\/media?parent=11752"}],"curies":[{"name":"wp","href":"https:\/\/api.w.org\/{rel}","templated":true}]}}