{"id":11746,"date":"2017-03-08T09:03:21","date_gmt":"2017-03-08T08:03:21","guid":{"rendered":"http:\/\/weinmarkt-poysdorf.at.cloud3-vm432.de-nserver.de\/?page_id=11746"},"modified":"2026-02-12T13:03:58","modified_gmt":"2026-02-12T12:03:58","slug":"haimer","status":"publish","type":"page","link":"https:\/\/www.weinmarkt-poysdorf.at\/cs\/winzer-a-h\/haimer\/","title":{"rendered":"Haimer"},"content":{"rendered":"<div class=\"wpb-content-wrapper\"><p>[vc_row css=&#8220;.vc_custom_1485433309212{margin-bottom: 40px !important;}&#8220;][vc_column][vc_column_text css=&#8220;.vc_custom_1488959906854{margin-bottom: 20px !important;}&#8220;]<\/p>\n<h3>Haimer<\/h3>\n<p>[\/vc_column_text][vc_tta_tabs style=&#8220;scalia-style-1&#8243; active_section=&#8220;1&#8243; no_fill_content_area=&#8220;true&#8220;][vc_tta_section title=&#8220;Popis&#8220; tab_id=&#8220;beschreibung&#8220;][vc_row_inner][vc_column_inner width=&#8220;1\/2&#8243;][vc_single_image image=&#8220;14380&#8243; img_size=&#8220;full&#8220; style=&#8220;vc_box_rounded&#8220;]<a class=\"sc-button \"  href=\"https:\/\/shop.weinmarkt-poysdorf.at\/weingut-marke\/haimer\" target=\"_blank\" style=\"\">Na\u0161e v\u00edna<\/a>[vc_single_image image=&#8220;12030&#8243; img_size=&#8220;full&#8220; css=&#8220;.vc_custom_1489046537748{margin-bottom: 0px !important;}&#8220;][\/vc_column_inner][vc_column_inner width=&#8220;1\/2&#8243;][vc_column_text css=&#8220;.vc_custom_1495104524547{margin-bottom: 0px !important;}&#8220;]<strong>Vina\u0159stv\u00ed Haimer<\/strong><\/p>\n<p>V\u011bdomosti o v\u00fdrob\u011b v\u00edna se v na\u0161\u00ed rodin\u011b p\u0159ed\u00e1vaj\u00ed z generace na generaci a sahaj\u00ed a\u017e do 17. stolet\u00ed. Dnes obhospoda\u0159ujeme s l\u00e1skou a velk\u00fdm nasazen\u00edm 17 hektar\u016f vinic v nejlep\u0161\u00edch poloh\u00e1ch v okol\u00ed Poysdorfu.<\/p>\n<p>Na\u0161\u00ed filozofi\u00ed je nechat vyniknout specifick\u00fd charakter ka\u017ed\u00e9ho v\u00edna a d\u00e1t ka\u017ed\u00e9mu ro\u010dn\u00edku jeho nezam\u011bnitelnou chu\u0165 a v\u016fni.<\/p>\n<p>Nejd\u016fle\u017eit\u011bj\u0161\u00ed roli hraje samoz\u0159ejm\u011b Veltl\u00ednsk\u00e9 zelen\u00e9, kter\u00e9 nab\u00edz\u00edme v r\u016fzn\u00fdch f\u00e1z\u00edch \u0161kolen\u00ed. Nezapom\u00edn\u00e1me v\u0161ak ani na dal\u0161\u00ed odr\u016fdy.<\/p>\n<p>Na\u0161e v\u00edna jsou p\u0159\u00edrodn\u00ed such\u00e1 v\u00edna s p\u0159\u00edvlastkem a v posledn\u00edch letech z\u00edskala na rakousk\u00fdch i mezin\u00e1rodn\u00edch sout\u011b\u017e\u00edch \u0159adu ocen\u011bn\u00ed.<\/p>\n<p>O kvalit\u011b na\u0161ich v\u00edn v\u00e1s r\u00e1di p\u0159esv\u011bd\u010d\u00edme v r\u00e1mci ochutn\u00e1vky, kterou nab\u00edz\u00edme ka\u017ed\u00fd den.<\/p>\n<p>Na\u0161e vina\u0159stv\u00ed d\u00e1le disponuje rodinn\u00fdm hotelem \u201eWeinhotel garni\u201c se 17 luxusn\u011b za\u0159\u00edzen\u00fdmi pokoji s gurm\u00e1nskou a vina\u0159skou tematikou a jedn\u00edm z nejhez\u010d\u00edch vina\u0159sk\u00fdch dvor\u016f v na\u0161em regionu.[\/vc_column_text][\/vc_column_inner][\/vc_row_inner][\/vc_tta_section][vc_tta_section title=&#8220;Kontakt&#8220; tab_id=&#8220;kontakt&#8220;][vc_row_inner][vc_column_inner width=&#8220;1\/2&#8243;][vc_gmaps link=&#8220;#E-8_JTNDaWZyYW1lJTIwc3JjJTNEJTIyaHR0cHMlM0ElMkYlMkZ3d3cuZ29vZ2xlLmNvbSUyRm1hcHMlMkZlbWJlZCUzRnBiJTNEJTIxMW0xOCUyMTFtMTIlMjExbTMlMjExZDI2MzUuMDE5ODA0NDE5OTIyNCUyMTJkMTYuNjI5ODgxODE2MDU5NDEzJTIxM2Q0OC42NjY4NjM5NzkyNjkxMSUyMTJtMyUyMTFmMCUyMTJmMCUyMTNmMCUyMTNtMiUyMTFpMTAyNCUyMTJpNzY4JTIxNGYxMy4xJTIxM20zJTIxMW0yJTIxMXMweDQ3NmQyZmJkY2E0YTFhNDElMjUzQTB4MmY0YWE2ZDdmYTlkNmZkOSUyMTJzSyUyNUMzJTI1QjZybmVyZ2Fzc2UlMkIxNCUyNTJDJTJCMjE3MCUyQlBveXNkb3JmJTIxNWUwJTIxM20yJTIxMXNkZSUyMTJzYXQlMjE0djE0ODg5NjAwNzIzNDQlMjIlMjB3aWR0aCUzRCUyMjYwMCUyMiUyMGhlaWdodCUzRCUyMjQ1MCUyMiUyMGZyYW1lYm9yZGVyJTNEJTIyMCUyMiUyMHN0eWxlJTNEJTIyYm9yZGVyJTNBMCUyMiUyMGFsbG93ZnVsbHNjcmVlbiUzRSUzQyUyRmlmcmFtZSUzRQ==&#8220; size=&#8220;&#8220;][\/vc_column_inner][vc_column_inner width=&#8220;1\/2&#8243;][vc_column_text css=&#8220;.vc_custom_1488980941424{margin-bottom: 0px !important;}&#8220;]Weingut Harald Haimer<br \/>\nK\u00f6rnergasse 14<br \/>\n2170 Poysdorf<\/p>\n<p>Mobil: +43 664 \/ 510 81 26<br \/>\nEmail: <a href=\"mailto:office@haimer.at\" target=\"_blank\" rel=\"noopener noreferrer\">office@haimer.at<\/a><br \/>\n<a href=\"http:\/\/www.haimer.at\" target=\"_blank\" rel=\"noopener noreferrer\">www.haimer.at<\/a>[\/vc_column_text][\/vc_column_inner][\/vc_row_inner][\/vc_tta_section][\/vc_tta_tabs][\/vc_column][\/vc_row]<\/p>\n<\/div>","protected":false},"excerpt":{"rendered":"<p>[vc_row css=&#8220;.vc_custom_1485433309212{margin-bottom: 40px !important;}&#8220;][vc_column][vc_column_text css=&#8220;.vc_custom_1488959906854{margin-bottom: 20px !important;}&#8220;] Haimer [\/vc_column_text][vc_tta_tabs style=&#8220;scalia-style-1&#8243; active_section=&#8220;1&#8243; no_fill_content_area=&#8220;true&#8220;][vc_tta_section title=&#8220;Popis&#8220; tab_id=&#8220;beschreibung&#8220;][vc_row_inner][vc_column_inner width=&#8220;1\/2&#8243;][vc_single_image image=&#8220;14380&#8243; img_size=&#8220;full&#8220; style=&#8220;vc_box_rounded&#8220;][vc_single_image image=&#8220;12030&#8243; img_size=&#8220;full&#8220;&#8230;<\/p>\n","protected":false},"author":2,"featured_media":12316,"parent":11369,"menu_order":0,"comment_status":"closed","ping_status":"closed","template":"","meta":{"footnotes":""},"class_list":["post-11746","page","type-page","status-publish","has-post-thumbnail","hentry"],"yoast_head":"<!-- This site is optimized with the Yoast SEO plugin v26.4 - https:\/\/yoast.com\/wordpress\/plugins\/seo\/ -->\n<title>Weingut Haimer - Topwinzer der Region im Weinmarkt Poysdorf<\/title>\n<meta name=\"description\" content=\"Das Wissen um das Keltern von Wein wird im Weingut Haimer seit Generationen weitergegeben und geht bis in das 17. Jahrhundert zur\u00fcck.\" \/>\n<meta name=\"robots\" content=\"index, follow, max-snippet:-1, max-image-preview:large, max-video-preview:-1\" \/>\n<link rel=\"canonical\" href=\"https:\/\/www.weinmarkt-poysdorf.at\/cs\/winzer-a-h\/haimer\/\" \/>\n<meta property=\"og:locale\" content=\"cs_CZ\" \/>\n<meta property=\"og:type\" content=\"article\" \/>\n<meta property=\"og:title\" content=\"Weingut Haimer - Topwinzer der Region im Weinmarkt Poysdorf\" \/>\n<meta property=\"og:description\" content=\"Das Wissen um das Keltern von Wein wird im Weingut Haimer seit Generationen weitergegeben und geht bis in das 17. Jahrhundert zur\u00fcck.\" \/>\n<meta property=\"og:url\" content=\"https:\/\/www.weinmarkt-poysdorf.at\/cs\/winzer-a-h\/haimer\/\" \/>\n<meta property=\"og:site_name\" content=\"Weinmarkt Poysdorf\" \/>\n<meta property=\"article:modified_time\" content=\"2026-02-12T12:03:58+00:00\" \/>\n<meta property=\"og:image\" content=\"https:\/\/www.weinmarkt-poysdorf.at\/wp-content\/uploads\/2017\/03\/logo_winzer_haimer_weiss_v3.png\" \/>\n\t<meta property=\"og:image:width\" content=\"250\" \/>\n\t<meta property=\"og:image:height\" content=\"250\" \/>\n\t<meta property=\"og:image:type\" content=\"image\/png\" \/>\n<meta name=\"twitter:card\" content=\"summary_large_image\" \/>\n<meta name=\"twitter:label1\" content=\"Odhadovan\u00e1 doba \u010dten\u00ed\" \/>\n\t<meta name=\"twitter:data1\" content=\"2 minuty\" \/>\n<script type=\"application\/ld+json\" class=\"yoast-schema-graph\">{\"@context\":\"https:\/\/schema.org\",\"@graph\":[{\"@type\":\"WebPage\",\"@id\":\"https:\/\/www.weinmarkt-poysdorf.at\/cs\/winzer-a-h\/haimer\/\",\"url\":\"https:\/\/www.weinmarkt-poysdorf.at\/cs\/winzer-a-h\/haimer\/\",\"name\":\"Weingut Haimer - Topwinzer der Region im Weinmarkt Poysdorf\",\"isPartOf\":{\"@id\":\"https:\/\/www.weinmarkt-poysdorf.at\/cs\/#website\"},\"primaryImageOfPage\":{\"@id\":\"https:\/\/www.weinmarkt-poysdorf.at\/cs\/winzer-a-h\/haimer\/#primaryimage\"},\"image\":{\"@id\":\"https:\/\/www.weinmarkt-poysdorf.at\/winzer-a-h\/haimer\/#primaryimage\"},\"thumbnailUrl\":\"https:\/\/www.weinmarkt-poysdorf.at\/wp-content\/uploads\/2017\/03\/logo_winzer_haimer_weiss_v3.png\",\"datePublished\":\"2017-03-08T08:03:21+00:00\",\"dateModified\":\"2026-02-12T12:03:58+00:00\",\"description\":\"Das Wissen um das Keltern von Wein wird im Weingut Haimer seit Generationen weitergegeben und geht bis in das 17. Jahrhundert zur\u00fcck.\",\"breadcrumb\":{\"@id\":\"https:\/\/www.weinmarkt-poysdorf.at\/cs\/winzer-a-h\/haimer\/#breadcrumb\"},\"inLanguage\":\"cs\",\"potentialAction\":[{\"@type\":\"ReadAction\",\"target\":[[\"https:\/\/www.weinmarkt-poysdorf.at\/cs\/winzer-a-h\/haimer\/\"]]}]},{\"@type\":\"ImageObject\",\"inLanguage\":\"cs\",\"@id\":\"https:\/\/www.weinmarkt-poysdorf.at\/cs\/winzer-a-h\/haimer\/#primaryimage\",\"url\":\"https:\/\/www.weinmarkt-poysdorf.at\/wp-content\/uploads\/2017\/03\/logo_winzer_haimer_weiss_v3.png\",\"contentUrl\":\"https:\/\/www.weinmarkt-poysdorf.at\/wp-content\/uploads\/2017\/03\/logo_winzer_haimer_weiss_v3.png\",\"width\":250,\"height\":250},{\"@type\":\"BreadcrumbList\",\"@id\":\"https:\/\/www.weinmarkt-poysdorf.at\/cs\/winzer-a-h\/haimer\/#breadcrumb\",\"itemListElement\":[{\"@type\":\"ListItem\",\"position\":1,\"name\":\"Startseite\",\"item\":\"https:\/\/www.weinmarkt-poysdorf.at\/cs\/\"},{\"@type\":\"ListItem\",\"position\":2,\"name\":\"Winzer A &#8211; H\",\"item\":\"https:\/\/www.weinmarkt-poysdorf.at\/cs\/winzer-a-h\/\"},{\"@type\":\"ListItem\",\"position\":3,\"name\":\"Haimer\"}]},{\"@type\":\"WebSite\",\"@id\":\"https:\/\/www.weinmarkt-poysdorf.at\/cs\/#website\",\"url\":\"https:\/\/www.weinmarkt-poysdorf.at\/cs\/\",\"name\":\"Weinmarkt Poysdorf\",\"description\":\"Weine von 30 Winzern im Weinviertel\",\"potentialAction\":[{\"@type\":\"SearchAction\",\"target\":{\"@type\":\"EntryPoint\",\"urlTemplate\":\"https:\/\/www.weinmarkt-poysdorf.at\/cs\/?s={search_term_string}\"},\"query-input\":{\"@type\":\"PropertyValueSpecification\",\"valueRequired\":true,\"valueName\":\"search_term_string\"}}],\"inLanguage\":\"cs\"}]}<\/script>\n<!-- \/ Yoast SEO plugin. -->","yoast_head_json":{"title":"Weingut Haimer - Topwinzer der Region im Weinmarkt Poysdorf","description":"Das Wissen um das Keltern von Wein wird im Weingut Haimer seit Generationen weitergegeben und geht bis in das 17. Jahrhundert zur\u00fcck.","robots":{"index":"index","follow":"follow","max-snippet":"max-snippet:-1","max-image-preview":"max-image-preview:large","max-video-preview":"max-video-preview:-1"},"canonical":"https:\/\/www.weinmarkt-poysdorf.at\/cs\/winzer-a-h\/haimer\/","og_locale":"cs_CZ","og_type":"article","og_title":"Weingut Haimer - Topwinzer der Region im Weinmarkt Poysdorf","og_description":"Das Wissen um das Keltern von Wein wird im Weingut Haimer seit Generationen weitergegeben und geht bis in das 17. Jahrhundert zur\u00fcck.","og_url":"https:\/\/www.weinmarkt-poysdorf.at\/cs\/winzer-a-h\/haimer\/","og_site_name":"Weinmarkt Poysdorf","article_modified_time":"2026-02-12T12:03:58+00:00","og_image":[{"width":250,"height":250,"url":"https:\/\/www.weinmarkt-poysdorf.at\/wp-content\/uploads\/2017\/03\/logo_winzer_haimer_weiss_v3.png","type":"image\/png"}],"twitter_card":"summary_large_image","twitter_misc":{"Odhadovan\u00e1 doba \u010dten\u00ed":"2 minuty"},"schema":{"@context":"https:\/\/schema.org","@graph":[{"@type":"WebPage","@id":"https:\/\/www.weinmarkt-poysdorf.at\/cs\/winzer-a-h\/haimer\/","url":"https:\/\/www.weinmarkt-poysdorf.at\/cs\/winzer-a-h\/haimer\/","name":"Weingut Haimer - Topwinzer der Region im Weinmarkt Poysdorf","isPartOf":{"@id":"https:\/\/www.weinmarkt-poysdorf.at\/cs\/#website"},"primaryImageOfPage":{"@id":"https:\/\/www.weinmarkt-poysdorf.at\/cs\/winzer-a-h\/haimer\/#primaryimage"},"image":{"@id":"https:\/\/www.weinmarkt-poysdorf.at\/winzer-a-h\/haimer\/#primaryimage"},"thumbnailUrl":"https:\/\/www.weinmarkt-poysdorf.at\/wp-content\/uploads\/2017\/03\/logo_winzer_haimer_weiss_v3.png","datePublished":"2017-03-08T08:03:21+00:00","dateModified":"2026-02-12T12:03:58+00:00","description":"Das Wissen um das Keltern von Wein wird im Weingut Haimer seit Generationen weitergegeben und geht bis in das 17. Jahrhundert zur\u00fcck.","breadcrumb":{"@id":"https:\/\/www.weinmarkt-poysdorf.at\/cs\/winzer-a-h\/haimer\/#breadcrumb"},"inLanguage":"cs","potentialAction":[{"@type":"ReadAction","target":[["https:\/\/www.weinmarkt-poysdorf.at\/cs\/winzer-a-h\/haimer\/"]]}]},{"@type":"ImageObject","inLanguage":"cs","@id":"https:\/\/www.weinmarkt-poysdorf.at\/cs\/winzer-a-h\/haimer\/#primaryimage","url":"https:\/\/www.weinmarkt-poysdorf.at\/wp-content\/uploads\/2017\/03\/logo_winzer_haimer_weiss_v3.png","contentUrl":"https:\/\/www.weinmarkt-poysdorf.at\/wp-content\/uploads\/2017\/03\/logo_winzer_haimer_weiss_v3.png","width":250,"height":250},{"@type":"BreadcrumbList","@id":"https:\/\/www.weinmarkt-poysdorf.at\/cs\/winzer-a-h\/haimer\/#breadcrumb","itemListElement":[{"@type":"ListItem","position":1,"name":"Startseite","item":"https:\/\/www.weinmarkt-poysdorf.at\/cs\/"},{"@type":"ListItem","position":2,"name":"Winzer A &#8211; H","item":"https:\/\/www.weinmarkt-poysdorf.at\/cs\/winzer-a-h\/"},{"@type":"ListItem","position":3,"name":"Haimer"}]},{"@type":"WebSite","@id":"https:\/\/www.weinmarkt-poysdorf.at\/cs\/#website","url":"https:\/\/www.weinmarkt-poysdorf.at\/cs\/","name":"Weinmarkt Poysdorf","description":"Weine von 30 Winzern im Weinviertel","potentialAction":[{"@type":"SearchAction","target":{"@type":"EntryPoint","urlTemplate":"https:\/\/www.weinmarkt-poysdorf.at\/cs\/?s={search_term_string}"},"query-input":{"@type":"PropertyValueSpecification","valueRequired":true,"valueName":"search_term_string"}}],"inLanguage":"cs"}]}},"_links":{"self":[{"href":"https:\/\/www.weinmarkt-poysdorf.at\/cs\/wp-json\/wp\/v2\/pages\/11746","targetHints":{"allow":["GET"]}}],"collection":[{"href":"https:\/\/www.weinmarkt-poysdorf.at\/cs\/wp-json\/wp\/v2\/pages"}],"about":[{"href":"https:\/\/www.weinmarkt-poysdorf.at\/cs\/wp-json\/wp\/v2\/types\/page"}],"author":[{"embeddable":true,"href":"https:\/\/www.weinmarkt-poysdorf.at\/cs\/wp-json\/wp\/v2\/users\/2"}],"replies":[{"embeddable":true,"href":"https:\/\/www.weinmarkt-poysdorf.at\/cs\/wp-json\/wp\/v2\/comments?post=11746"}],"version-history":[{"count":26,"href":"https:\/\/www.weinmarkt-poysdorf.at\/cs\/wp-json\/wp\/v2\/pages\/11746\/revisions"}],"predecessor-version":[{"id":12448,"href":"https:\/\/www.weinmarkt-poysdorf.at\/cs\/wp-json\/wp\/v2\/pages\/11746\/revisions\/12448"}],"up":[{"embeddable":true,"href":"https:\/\/www.weinmarkt-poysdorf.at\/cs\/wp-json\/wp\/v2\/pages\/11369"}],"wp:featuredmedia":[{"embeddable":true,"href":"https:\/\/www.weinmarkt-poysdorf.at\/cs\/wp-json\/wp\/v2\/media\/12316"}],"wp:attachment":[{"href":"https:\/\/www.weinmarkt-poysdorf.at\/cs\/wp-json\/wp\/v2\/media?parent=11746"}],"curies":[{"name":"wp","href":"https:\/\/api.w.org\/{rel}","templated":true}]}}