{"id":11737,"date":"2017-03-08T08:48:16","date_gmt":"2017-03-08T07:48:16","guid":{"rendered":"http:\/\/weinmarkt-poysdorf.at.cloud3-vm432.de-nserver.de\/?page_id=11737"},"modified":"2022-04-28T11:31:09","modified_gmt":"2022-04-28T09:31:09","slug":"ebner-ebenauer","status":"publish","type":"page","link":"https:\/\/www.weinmarkt-poysdorf.at\/cs\/winzer-a-h\/ebner-ebenauer\/","title":{"rendered":"Ebner-Ebenauer"},"content":{"rendered":"<div class=\"wpb-content-wrapper\"><p>[vc_row css=&#8220;.vc_custom_1485433309212{margin-bottom: 40px !important;}&#8220;][vc_column][vc_column_text css=&#8220;.vc_custom_1488958969920{margin-bottom: 20px !important;}&#8220;]<\/p>\n<h3>Ebner-Ebenauer<\/h3>\n<p>[\/vc_column_text][vc_tta_tabs style=&#8220;scalia-style-1&#8243; active_section=&#8220;1&#8243; no_fill_content_area=&#8220;true&#8220;][vc_tta_section title=&#8220;Popis&#8220; tab_id=&#8220;beschreibung&#8220;][vc_row_inner][vc_column_inner width=&#8220;1\/2&#8243;][vc_single_image image=&#8220;14293&#8243; img_size=&#8220;full&#8220; style=&#8220;vc_box_rounded&#8220;]<a class=\"sc-button \"  href=\"https:\/\/shop.weinmarkt-poysdorf.at\/weingut-marke\/ebner_ebenauer\" target=\"_blank\" style=\"\">Na\u0161e v\u00edna<\/a>[vc_single_image image=&#8220;12027&#8243; img_size=&#8220;full&#8220; css=&#8220;.vc_custom_1489046482586{margin-bottom: 0px !important;}&#8220;][\/vc_column_inner][vc_column_inner width=&#8220;1\/2&#8243;][vc_column_text css=&#8220;.vc_custom_1605181964050{margin-bottom: 0px !important;}&#8220;]<strong>Vina\u0159stv\u00ed Ebner-Ebenauer<\/strong><\/p>\n<p>Organick\u00e9 &#8211; certifikovan\u00e9<\/p>\n<p>V roce 2007 polo\u017eili Marion Ebnerov\u00e1 a Manfred Ebenauer z\u00e1kladn\u00ed k\u00e1men pro svou spole\u010dnou budoucnost. Nejprve se vzali, pot\u00e9 spojili sv\u00e1 vina\u0159stv\u00ed v jedno a nakonec vz\u00e1jemn\u011b t\u011b\u017eili ze sv\u00fdch vina\u0159sk\u00fdch zku\u0161enost\u00ed a umu.<\/p>\n<p>A vina\u0159stv\u00ed Ebner \u2013 Ebenauer bylo na sv\u011bt\u011b. Bylo to dobr\u00e9 rozhodnut\u00ed, nebo\u0165 jejich v\u00edna pat\u0159ila od sam\u00e9ho po\u010d\u00e1tku k tomu nejlep\u0161\u00edmu, co m\u00edstn\u00ed vinn\u00e1 oblast mohla nab\u00eddnout. Vyzna\u010duj\u00ed se specifick\u00fdm charakterem, jedine\u010dnou chut\u00ed a v\u0161\u00edm mo\u017en\u00fdm, jen ne pr\u016fm\u011brnost\u00ed. Hlavn\u00ed \u010d\u00e1st nab\u00eddky tvo\u0159\u00ed v\u00edna s jedine\u010dn\u00fdm m\u00edstem p\u016fvodu, kter\u00e1 se skl\u00edzej\u00ed v\u00fdhradn\u011b z vinic star\u0161\u00edch t\u0159iceti let. Nejstar\u0161\u00ed vinice (Veltl\u00ednsk\u00e9 zelen\u00e9, Rulandsk\u00e9 b\u00edl\u00e9, Ryzlink r\u00fdnsk\u00fd) jsou 50 a\u017e 66 let star\u00e9. P\u0159i v\u00fdrob\u011b v\u00edna se neklade d\u016fraz na nejnov\u011bj\u0161\u00ed techniku, zato dostane ka\u017ed\u00e9 v\u00edno tolik \u010dasu, kolik pot\u0159ebuje. Sklize\u0148 prob\u00edh\u00e1 ve vina\u0159stv\u00ed o rozloze 15 hektar\u016f v\u00fdhradn\u011b ru\u010dn\u011b a nejlep\u0161\u00ed hrozny jsou selektov\u00e1ny p\u0159\u00edmo na vinici (p\u0159epravky po 25 kg). V\u011bt\u0161ina v\u00edn kvas\u00ed d\u00e9le, ne\u017e je obvykle b\u011b\u017en\u00e9, a bez kontroly teploty v d\u0159ev\u011bn\u00fdch nebo nerezov\u00fdch k\u00e1d\u00edch.<\/p>\n<p>Manfred Ebenauer s\u00e1m sebe popisuje sp\u00ed\u0161e jako pr\u016fvodce v\u00edna b\u011bhem procesu v\u00fdroby ne\u017e jako v\u00fdrobce: \u201eNa\u0161e v\u00edna z\u016fst\u00e1vaj\u00ed neovlivn\u011bn\u00e1, pot\u0159ebuj\u00ed \u010das, nejsou okat\u00e1, n\u00fdbr\u017e intenzivn\u00ed a maj\u00ed dlouhou \u017eivotnost. P\u0159\u00edroda sama p\u00ed\u0161e sc\u00e9n\u00e1\u0159 k na\u0161im v\u00edn\u016fm, my pouze vedeme re\u017eii!\u201c[\/vc_column_text][\/vc_column_inner][\/vc_row_inner][\/vc_tta_section][vc_tta_section title=&#8220;Kontakt&#8220; tab_id=&#8220;kontakt&#8220;][vc_row_inner][vc_column_inner width=&#8220;1\/2&#8243;][vc_gmaps link=&#8220;#E-8_JTNDaWZyYW1lJTIwc3JjJTNEJTIyaHR0cHMlM0ElMkYlMkZ3d3cuZ29vZ2xlLmNvbSUyRm1hcHMlMkZlbWJlZCUzRnBiJTNEJTIxMW0xOCUyMTFtMTIlMjExbTMlMjExZDI2MzQuOTg0Mjc5NzQwNTgxJTIxMmQxNi42MjU0OTI5MTYwNTk0MzYlMjEzZDQ4LjY2NzU0MzM3OTI2OTI3JTIxMm0zJTIxMWYwJTIxMmYwJTIxM2YwJTIxM20yJTIxMWkxMDI0JTIxMmk3NjglMjE0ZjEzLjElMjEzbTMlMjExbTIlMjExczB4NDc2ZDJmYmU1NjliMTFmZCUyNTNBMHhiZWFiMzFkZjA3ODA0MGFkJTIxMnNMYWFlciUyQlN0ci4lMkI1JTI1MkMlMkIyMTcwJTJCUG95c2RvcmYlMjE1ZTAlMjEzbTIlMjExc2RlJTIxMnNhdCUyMTR2MTQ4ODk1OTIxOTMzMiUyMiUyMHdpZHRoJTNEJTIyNjAwJTIyJTIwaGVpZ2h0JTNEJTIyNDUwJTIyJTIwZnJhbWVib3JkZXIlM0QlMjIwJTIyJTIwc3R5bGUlM0QlMjJib3JkZXIlM0EwJTIyJTIwYWxsb3dmdWxsc2NyZWVuJTNFJTNDJTJGaWZyYW1lJTNF&#8220; size=&#8220;&#8220;][\/vc_column_inner][vc_column_inner width=&#8220;1\/2&#8243;][vc_column_text css=&#8220;.vc_custom_1488980739304{margin-bottom: 0px !important;}&#8220;]Weingut Ebner-Ebenauer<br \/>\nLaaerstra\u00dfe 5<br \/>\nA-2170 Poysdorf<\/p>\n<p>Telefon \/ Fax: +43 2552 \/ 2653<br \/>\nMobil: +43 699\/15557100<br \/>\nEmail: <a href=\"mailto:office@ebner-ebenauer.at\" target=\"_blank\" rel=\"noopener noreferrer\">office@ebner-ebenauer.at<\/a><br \/>\n<a href=\"http:\/\/www.ebner-ebenauer.at\" target=\"_blank\" rel=\"noopener noreferrer\">www.ebner-ebenauer.at<\/a>[\/vc_column_text][\/vc_column_inner][\/vc_row_inner][\/vc_tta_section][\/vc_tta_tabs][\/vc_column][\/vc_row]<\/p>\n<\/div>","protected":false},"excerpt":{"rendered":"<p>[vc_row css=&#8220;.vc_custom_1485433309212{margin-bottom: 40px !important;}&#8220;][vc_column][vc_column_text css=&#8220;.vc_custom_1488958969920{margin-bottom: 20px !important;}&#8220;] Ebner-Ebenauer [\/vc_column_text][vc_tta_tabs style=&#8220;scalia-style-1&#8243; active_section=&#8220;1&#8243; no_fill_content_area=&#8220;true&#8220;][vc_tta_section title=&#8220;Popis&#8220; tab_id=&#8220;beschreibung&#8220;][vc_row_inner][vc_column_inner width=&#8220;1\/2&#8243;][vc_single_image image=&#8220;14293&#8243; img_size=&#8220;full&#8220; style=&#8220;vc_box_rounded&#8220;][vc_single_image image=&#8220;12027&#8243; img_size=&#8220;full&#8220;&#8230;<\/p>\n","protected":false},"author":2,"featured_media":12313,"parent":11369,"menu_order":0,"comment_status":"closed","ping_status":"closed","template":"","meta":{"footnotes":""},"class_list":["post-11737","page","type-page","status-publish","has-post-thumbnail","hentry"],"yoast_head":"<!-- This site is optimized with the Yoast SEO plugin v26.4 - https:\/\/yoast.com\/wordpress\/plugins\/seo\/ -->\n<title>Weingut Ebner-Ebenauer - Topwinzer im Weinmarkt Poysdorf<\/title>\n<meta name=\"description\" content=\"Die Natur schreibt das Drehbuch der nachhaltig wirkenden und langlebigen Weine, das Weingut Ebner-Ebenauer f\u00fchrt dabei die Regie.\" \/>\n<meta name=\"robots\" content=\"index, follow, max-snippet:-1, max-image-preview:large, max-video-preview:-1\" \/>\n<link rel=\"canonical\" href=\"https:\/\/www.weinmarkt-poysdorf.at\/cs\/winzer-a-h\/ebner-ebenauer\/\" \/>\n<meta property=\"og:locale\" content=\"cs_CZ\" \/>\n<meta property=\"og:type\" content=\"article\" \/>\n<meta property=\"og:title\" content=\"Weingut Ebner-Ebenauer - Topwinzer im Weinmarkt Poysdorf\" \/>\n<meta property=\"og:description\" content=\"Die Natur schreibt das Drehbuch der nachhaltig wirkenden und langlebigen Weine, das Weingut Ebner-Ebenauer f\u00fchrt dabei die Regie.\" \/>\n<meta property=\"og:url\" content=\"https:\/\/www.weinmarkt-poysdorf.at\/cs\/winzer-a-h\/ebner-ebenauer\/\" \/>\n<meta property=\"og:site_name\" content=\"Weinmarkt Poysdorf\" \/>\n<meta property=\"article:modified_time\" content=\"2022-04-28T09:31:09+00:00\" \/>\n<meta property=\"og:image\" content=\"https:\/\/www.weinmarkt-poysdorf.at\/wp-content\/uploads\/2017\/03\/logo_winzer_ebner-ebenauer_weiss_v3.png\" \/>\n\t<meta property=\"og:image:width\" content=\"250\" \/>\n\t<meta property=\"og:image:height\" content=\"250\" \/>\n\t<meta property=\"og:image:type\" content=\"image\/png\" \/>\n<meta name=\"twitter:card\" content=\"summary_large_image\" \/>\n<meta name=\"twitter:label1\" content=\"Odhadovan\u00e1 doba \u010dten\u00ed\" \/>\n\t<meta name=\"twitter:data1\" content=\"8 minut\" \/>\n<script type=\"application\/ld+json\" class=\"yoast-schema-graph\">{\"@context\":\"https:\/\/schema.org\",\"@graph\":[{\"@type\":\"WebPage\",\"@id\":\"https:\/\/www.weinmarkt-poysdorf.at\/cs\/winzer-a-h\/ebner-ebenauer\/\",\"url\":\"https:\/\/www.weinmarkt-poysdorf.at\/cs\/winzer-a-h\/ebner-ebenauer\/\",\"name\":\"Weingut Ebner-Ebenauer - Topwinzer im Weinmarkt Poysdorf\",\"isPartOf\":{\"@id\":\"https:\/\/www.weinmarkt-poysdorf.at\/cs\/#website\"},\"primaryImageOfPage\":{\"@id\":\"https:\/\/www.weinmarkt-poysdorf.at\/cs\/winzer-a-h\/ebner-ebenauer\/#primaryimage\"},\"image\":{\"@id\":\"https:\/\/www.weinmarkt-poysdorf.at\/winzer-a-h\/ebner-ebenauer\/#primaryimage\"},\"thumbnailUrl\":\"https:\/\/www.weinmarkt-poysdorf.at\/wp-content\/uploads\/2017\/03\/logo_winzer_ebner-ebenauer_weiss_v3.png\",\"datePublished\":\"2017-03-08T07:48:16+00:00\",\"dateModified\":\"2022-04-28T09:31:09+00:00\",\"description\":\"Die Natur schreibt das Drehbuch der nachhaltig wirkenden und langlebigen Weine, das Weingut Ebner-Ebenauer f\u00fchrt dabei die Regie.\",\"breadcrumb\":{\"@id\":\"https:\/\/www.weinmarkt-poysdorf.at\/cs\/winzer-a-h\/ebner-ebenauer\/#breadcrumb\"},\"inLanguage\":\"cs\",\"potentialAction\":[{\"@type\":\"ReadAction\",\"target\":[[\"https:\/\/www.weinmarkt-poysdorf.at\/cs\/winzer-a-h\/ebner-ebenauer\/\"]]}]},{\"@type\":\"ImageObject\",\"inLanguage\":\"cs\",\"@id\":\"https:\/\/www.weinmarkt-poysdorf.at\/cs\/winzer-a-h\/ebner-ebenauer\/#primaryimage\",\"url\":\"https:\/\/www.weinmarkt-poysdorf.at\/wp-content\/uploads\/2017\/03\/logo_winzer_ebner-ebenauer_weiss_v3.png\",\"contentUrl\":\"https:\/\/www.weinmarkt-poysdorf.at\/wp-content\/uploads\/2017\/03\/logo_winzer_ebner-ebenauer_weiss_v3.png\",\"width\":250,\"height\":250},{\"@type\":\"BreadcrumbList\",\"@id\":\"https:\/\/www.weinmarkt-poysdorf.at\/cs\/winzer-a-h\/ebner-ebenauer\/#breadcrumb\",\"itemListElement\":[{\"@type\":\"ListItem\",\"position\":1,\"name\":\"Startseite\",\"item\":\"https:\/\/www.weinmarkt-poysdorf.at\/cs\/\"},{\"@type\":\"ListItem\",\"position\":2,\"name\":\"Winzer A &#8211; H\",\"item\":\"https:\/\/www.weinmarkt-poysdorf.at\/cs\/winzer-a-h\/\"},{\"@type\":\"ListItem\",\"position\":3,\"name\":\"Ebner-Ebenauer\"}]},{\"@type\":\"WebSite\",\"@id\":\"https:\/\/www.weinmarkt-poysdorf.at\/cs\/#website\",\"url\":\"https:\/\/www.weinmarkt-poysdorf.at\/cs\/\",\"name\":\"Weinmarkt Poysdorf\",\"description\":\"Weine von 30 Winzern im Weinviertel\",\"potentialAction\":[{\"@type\":\"SearchAction\",\"target\":{\"@type\":\"EntryPoint\",\"urlTemplate\":\"https:\/\/www.weinmarkt-poysdorf.at\/cs\/?s={search_term_string}\"},\"query-input\":{\"@type\":\"PropertyValueSpecification\",\"valueRequired\":true,\"valueName\":\"search_term_string\"}}],\"inLanguage\":\"cs\"}]}<\/script>\n<!-- \/ Yoast SEO plugin. -->","yoast_head_json":{"title":"Weingut Ebner-Ebenauer - Topwinzer im Weinmarkt Poysdorf","description":"Die Natur schreibt das Drehbuch der nachhaltig wirkenden und langlebigen Weine, das Weingut Ebner-Ebenauer f\u00fchrt dabei die Regie.","robots":{"index":"index","follow":"follow","max-snippet":"max-snippet:-1","max-image-preview":"max-image-preview:large","max-video-preview":"max-video-preview:-1"},"canonical":"https:\/\/www.weinmarkt-poysdorf.at\/cs\/winzer-a-h\/ebner-ebenauer\/","og_locale":"cs_CZ","og_type":"article","og_title":"Weingut Ebner-Ebenauer - Topwinzer im Weinmarkt Poysdorf","og_description":"Die Natur schreibt das Drehbuch der nachhaltig wirkenden und langlebigen Weine, das Weingut Ebner-Ebenauer f\u00fchrt dabei die Regie.","og_url":"https:\/\/www.weinmarkt-poysdorf.at\/cs\/winzer-a-h\/ebner-ebenauer\/","og_site_name":"Weinmarkt Poysdorf","article_modified_time":"2022-04-28T09:31:09+00:00","og_image":[{"width":250,"height":250,"url":"https:\/\/www.weinmarkt-poysdorf.at\/wp-content\/uploads\/2017\/03\/logo_winzer_ebner-ebenauer_weiss_v3.png","type":"image\/png"}],"twitter_card":"summary_large_image","twitter_misc":{"Odhadovan\u00e1 doba \u010dten\u00ed":"8 minut"},"schema":{"@context":"https:\/\/schema.org","@graph":[{"@type":"WebPage","@id":"https:\/\/www.weinmarkt-poysdorf.at\/cs\/winzer-a-h\/ebner-ebenauer\/","url":"https:\/\/www.weinmarkt-poysdorf.at\/cs\/winzer-a-h\/ebner-ebenauer\/","name":"Weingut Ebner-Ebenauer - Topwinzer im Weinmarkt Poysdorf","isPartOf":{"@id":"https:\/\/www.weinmarkt-poysdorf.at\/cs\/#website"},"primaryImageOfPage":{"@id":"https:\/\/www.weinmarkt-poysdorf.at\/cs\/winzer-a-h\/ebner-ebenauer\/#primaryimage"},"image":{"@id":"https:\/\/www.weinmarkt-poysdorf.at\/winzer-a-h\/ebner-ebenauer\/#primaryimage"},"thumbnailUrl":"https:\/\/www.weinmarkt-poysdorf.at\/wp-content\/uploads\/2017\/03\/logo_winzer_ebner-ebenauer_weiss_v3.png","datePublished":"2017-03-08T07:48:16+00:00","dateModified":"2022-04-28T09:31:09+00:00","description":"Die Natur schreibt das Drehbuch der nachhaltig wirkenden und langlebigen Weine, das Weingut Ebner-Ebenauer f\u00fchrt dabei die Regie.","breadcrumb":{"@id":"https:\/\/www.weinmarkt-poysdorf.at\/cs\/winzer-a-h\/ebner-ebenauer\/#breadcrumb"},"inLanguage":"cs","potentialAction":[{"@type":"ReadAction","target":[["https:\/\/www.weinmarkt-poysdorf.at\/cs\/winzer-a-h\/ebner-ebenauer\/"]]}]},{"@type":"ImageObject","inLanguage":"cs","@id":"https:\/\/www.weinmarkt-poysdorf.at\/cs\/winzer-a-h\/ebner-ebenauer\/#primaryimage","url":"https:\/\/www.weinmarkt-poysdorf.at\/wp-content\/uploads\/2017\/03\/logo_winzer_ebner-ebenauer_weiss_v3.png","contentUrl":"https:\/\/www.weinmarkt-poysdorf.at\/wp-content\/uploads\/2017\/03\/logo_winzer_ebner-ebenauer_weiss_v3.png","width":250,"height":250},{"@type":"BreadcrumbList","@id":"https:\/\/www.weinmarkt-poysdorf.at\/cs\/winzer-a-h\/ebner-ebenauer\/#breadcrumb","itemListElement":[{"@type":"ListItem","position":1,"name":"Startseite","item":"https:\/\/www.weinmarkt-poysdorf.at\/cs\/"},{"@type":"ListItem","position":2,"name":"Winzer A &#8211; H","item":"https:\/\/www.weinmarkt-poysdorf.at\/cs\/winzer-a-h\/"},{"@type":"ListItem","position":3,"name":"Ebner-Ebenauer"}]},{"@type":"WebSite","@id":"https:\/\/www.weinmarkt-poysdorf.at\/cs\/#website","url":"https:\/\/www.weinmarkt-poysdorf.at\/cs\/","name":"Weinmarkt Poysdorf","description":"Weine von 30 Winzern im Weinviertel","potentialAction":[{"@type":"SearchAction","target":{"@type":"EntryPoint","urlTemplate":"https:\/\/www.weinmarkt-poysdorf.at\/cs\/?s={search_term_string}"},"query-input":{"@type":"PropertyValueSpecification","valueRequired":true,"valueName":"search_term_string"}}],"inLanguage":"cs"}]}},"_links":{"self":[{"href":"https:\/\/www.weinmarkt-poysdorf.at\/cs\/wp-json\/wp\/v2\/pages\/11737","targetHints":{"allow":["GET"]}}],"collection":[{"href":"https:\/\/www.weinmarkt-poysdorf.at\/cs\/wp-json\/wp\/v2\/pages"}],"about":[{"href":"https:\/\/www.weinmarkt-poysdorf.at\/cs\/wp-json\/wp\/v2\/types\/page"}],"author":[{"embeddable":true,"href":"https:\/\/www.weinmarkt-poysdorf.at\/cs\/wp-json\/wp\/v2\/users\/2"}],"replies":[{"embeddable":true,"href":"https:\/\/www.weinmarkt-poysdorf.at\/cs\/wp-json\/wp\/v2\/comments?post=11737"}],"version-history":[{"count":24,"href":"https:\/\/www.weinmarkt-poysdorf.at\/cs\/wp-json\/wp\/v2\/pages\/11737\/revisions"}],"predecessor-version":[{"id":14605,"href":"https:\/\/www.weinmarkt-poysdorf.at\/cs\/wp-json\/wp\/v2\/pages\/11737\/revisions\/14605"}],"up":[{"embeddable":true,"href":"https:\/\/www.weinmarkt-poysdorf.at\/cs\/wp-json\/wp\/v2\/pages\/11369"}],"wp:featuredmedia":[{"embeddable":true,"href":"https:\/\/www.weinmarkt-poysdorf.at\/cs\/wp-json\/wp\/v2\/media\/12313"}],"wp:attachment":[{"href":"https:\/\/www.weinmarkt-poysdorf.at\/cs\/wp-json\/wp\/v2\/media?parent=11737"}],"curies":[{"name":"wp","href":"https:\/\/api.w.org\/{rel}","templated":true}]}}