{"id":11369,"date":"2017-02-08T10:49:12","date_gmt":"2017-02-08T09:49:12","guid":{"rendered":"http:\/\/weinmarkt-poysdorf.at.cloud3-vm432.de-nserver.de\/?page_id=11369"},"modified":"2017-03-09T09:44:35","modified_gmt":"2017-03-09T08:44:35","slug":"winzer-a-h","status":"publish","type":"page","link":"https:\/\/www.weinmarkt-poysdorf.at\/cs\/winzer-a-h\/","title":{"rendered":"Winzer A &#8211; H"},"content":{"rendered":"<p class=\"qtranxs-available-languages-message qtranxs-available-languages-message-cs\">Je n\u00e1m l\u00edto, tato polo\u017eka je pouze <a href=\"https:\/\/www.weinmarkt-poysdorf.at\/de\/wp-json\/wp\/v2\/pages\/11369\" class=\"qtranxs-available-language-link qtranxs-available-language-link-de\" title=\"Deutsch\">Deutsch<\/a> k dispozici.<\/p><div class=\"wpb-content-wrapper\"><p>[vc_row css=&#8220;.vc_custom_1485433309212{margin-bottom: 40px !important;}&#8220;][vc_column][vc_column_text css=&#8220;.vc_custom_1486627227067{margin-bottom: 20px !important;}&#8220;]<\/p>\n<h3>\u00dcbersicht der Winzer im Weinmarkt Poysdorf<\/h3>\n<p>[\/vc_column_text]<div class=\"preloader\"><\/div><div class=\"sc-clients sc-clients-type-carousel-grid \" data-autoscroll=\"0\"><div class=\"sc-clients-slide\"><div class=\"sc-clients-slide-inner clearfix\">\n<div id=\"post-11349\" class=\"sc-client-item post-11349 scalia_client type-scalia_client status-publish has-post-thumbnail hentry\" style=\"width: 25%;\" > <a href=\"\/winzer-a-h\/amon\/\" target=\"_self\" class=\"grayscale grayscale-hover rounded-corners\"> <img loading=\"lazy\" decoding=\"async\" width=\"250\" height=\"250\" src=\"https:\/\/www.weinmarkt-poysdorf.at\/wp-content\/uploads\/2026\/01\/2-scalia-person.png\" class=\"img-responsive wp-post-image\" alt=\"2\" \/>\t<\/a>\n<\/div>\n<div id=\"post-11351\" class=\"sc-client-item post-11351 scalia_client type-scalia_client status-publish has-post-thumbnail hentry\" style=\"width: 25%;\" > <a href=\"\/winzer-a-h\/detz\/\" target=\"_self\" class=\"grayscale grayscale-hover rounded-corners\"> <img loading=\"lazy\" decoding=\"async\" width=\"200\" height=\"200\" src=\"https:\/\/www.weinmarkt-poysdorf.at\/wp-content\/uploads\/2017\/02\/logo_winzer_detz-scalia-person.png\" class=\"img-responsive wp-post-image\" alt=\"logo_winzer_detz\" \/>\t<\/a>\n<\/div>\n<div id=\"post-11361\" class=\"sc-client-item post-11361 scalia_client type-scalia_client status-publish has-post-thumbnail hentry\" style=\"width: 25%;\" > <a href=\"\/winzer-a-h\/ebinger\/\" target=\"_self\" class=\"grayscale grayscale-hover rounded-corners\"> <img loading=\"lazy\" decoding=\"async\" width=\"200\" height=\"200\" src=\"https:\/\/www.weinmarkt-poysdorf.at\/wp-content\/uploads\/2017\/02\/logo_winzer_ebinger-scalia-person.png\" class=\"img-responsive wp-post-image\" alt=\"logo_winzer_ebinger\" \/>\t<\/a>\n<\/div>\n<div id=\"post-11362\" class=\"sc-client-item post-11362 scalia_client type-scalia_client status-publish has-post-thumbnail hentry\" style=\"width: 25%;\" > <a href=\"\/winzer-a-h\/ebner-ebenauer\/\" target=\"_self\" class=\"grayscale grayscale-hover rounded-corners\"> <img loading=\"lazy\" decoding=\"async\" width=\"200\" height=\"200\" src=\"https:\/\/www.weinmarkt-poysdorf.at\/wp-content\/uploads\/2017\/02\/logo_winzer_ebner-ebenauer-scalia-person.png\" class=\"img-responsive wp-post-image\" alt=\"logo_winzer_ebner-ebenauer\" \/>\t<\/a>\n<\/div>\n<div id=\"post-11363\" class=\"sc-client-item post-11363 scalia_client type-scalia_client status-publish has-post-thumbnail hentry\" style=\"width: 25%;\" > <a href=\"\/winzer-a-h\/gmeinboeck\/\" target=\"_self\" class=\"grayscale grayscale-hover rounded-corners\"> <img loading=\"lazy\" decoding=\"async\" width=\"200\" height=\"200\" src=\"https:\/\/www.weinmarkt-poysdorf.at\/wp-content\/uploads\/2017\/02\/logo_winzer_gmeinboeck-scalia-person.png\" class=\"img-responsive wp-post-image\" alt=\"logo_winzer_gmeinboeck\" \/>\t<\/a>\n<\/div>\n<div id=\"post-11364\" class=\"sc-client-item post-11364 scalia_client type-scalia_client status-publish has-post-thumbnail hentry\" style=\"width: 25%;\" > <a href=\"\/winzer-a-h\/haimer\/\" target=\"_self\" class=\"grayscale grayscale-hover rounded-corners\"> <img loading=\"lazy\" decoding=\"async\" width=\"200\" height=\"200\" src=\"https:\/\/www.weinmarkt-poysdorf.at\/wp-content\/uploads\/2017\/02\/logo_winzer_haimer-scalia-person.png\" class=\"img-responsive wp-post-image\" alt=\"logo_winzer_haimer\" \/>\t<\/a>\n<\/div>\n<div id=\"post-11365\" class=\"sc-client-item post-11365 scalia_client type-scalia_client status-publish has-post-thumbnail hentry\" style=\"width: 25%;\" > <a href=\"\/winzer-a-h\/hauser\/\" target=\"_self\" class=\"grayscale grayscale-hover rounded-corners\"> <img loading=\"lazy\" decoding=\"async\" width=\"200\" height=\"200\" src=\"https:\/\/www.weinmarkt-poysdorf.at\/wp-content\/uploads\/2017\/02\/logo_winzer_hauser-scalia-person.png\" class=\"img-responsive wp-post-image\" alt=\"logo_winzer_hauser\" \/>\t<\/a>\n<\/div>\n<div id=\"post-11366\" class=\"sc-client-item post-11366 scalia_client type-scalia_client status-publish has-post-thumbnail hentry\" style=\"width: 25%;\" > <a href=\"\/winzer-a-h\/heger\/\" target=\"_self\" class=\"grayscale grayscale-hover rounded-corners\"> <img loading=\"lazy\" decoding=\"async\" width=\"200\" height=\"200\" src=\"https:\/\/www.weinmarkt-poysdorf.at\/wp-content\/uploads\/2017\/02\/logo_winzer_heger-scalia-person.png\" class=\"img-responsive wp-post-image\" alt=\"logo_winzer_heger\" \/>\t<\/a>\n<\/div>\n<div id=\"post-11367\" class=\"sc-client-item post-11367 scalia_client type-scalia_client status-publish has-post-thumbnail hentry\" style=\"width: 25%;\" > <a href=\"\/winzer-a-h\/heger-heinz\/\" target=\"_self\" class=\"grayscale grayscale-hover rounded-corners\"> <img loading=\"lazy\" decoding=\"async\" width=\"200\" height=\"200\" src=\"https:\/\/www.weinmarkt-poysdorf.at\/wp-content\/uploads\/2017\/02\/logo_winzer_heger-heinz-scalia-person.png\" class=\"img-responsive wp-post-image\" alt=\"logo_winzer_heger-heinz\" \/>\t<\/a>\n<\/div>\n<div id=\"post-11368\" class=\"sc-client-item post-11368 scalia_client type-scalia_client status-publish has-post-thumbnail hentry\" style=\"width: 25%;\" > <a href=\"\/winzer-a-h\/hirtl\/\" target=\"_self\" class=\"grayscale grayscale-hover rounded-corners\"> <img loading=\"lazy\" decoding=\"async\" width=\"200\" height=\"200\" src=\"https:\/\/www.weinmarkt-poysdorf.at\/wp-content\/uploads\/2017\/02\/logo_winzer_hirtl-scalia-person.png\" class=\"img-responsive wp-post-image\" alt=\"logo_winzer_hirtl\" \/>\t<\/a>\n<\/div>\n<div id=\"post-12145\" class=\"sc-client-item post-12145 scalia_client type-scalia_client status-publish has-post-thumbnail hentry\" style=\"width: 25%;\" > <a href=\"\/winzer-a-h\/hugl-wimmer\/\" target=\"_self\" class=\"grayscale grayscale-hover rounded-corners\"> <img loading=\"lazy\" decoding=\"async\" width=\"200\" height=\"200\" src=\"https:\/\/www.weinmarkt-poysdorf.at\/wp-content\/uploads\/2017\/02\/logo_winzer_hugl-wimmer-scalia-person.png\" class=\"img-responsive wp-post-image\" alt=\"logo_winzer_hugl-wimmer\" \/>\t<\/a>\n<\/div><\/div><\/div><\/div>[\/vc_column][\/vc_row]<\/p>\n<\/div>","protected":false},"excerpt":{"rendered":"<p>Je n\u00e1m l\u00edto, tato polo\u017eka je pouze Deutsch k dispozici.[vc_row css=&#8220;.vc_custom_1485433309212{margin-bottom: 40px !important;}&#8220;][vc_column][vc_column_text css=&#8220;.vc_custom_1486627227067{margin-bottom: 20px !important;}&#8220;] \u00dcbersicht der Winzer im&#8230;<\/p>\n","protected":false},"author":2,"featured_media":0,"parent":0,"menu_order":0,"comment_status":"closed","ping_status":"closed","template":"","meta":{"footnotes":""},"class_list":["post-11369","page","type-page","status-publish","hentry"],"yoast_head":"<!-- This site is optimized with the Yoast SEO plugin v26.4 - https:\/\/yoast.com\/wordpress\/plugins\/seo\/ -->\n<title>Winzer A - H - Weinmarkt Poysdorf<\/title>\n<meta name=\"robots\" content=\"index, follow, max-snippet:-1, max-image-preview:large, max-video-preview:-1\" \/>\n<link rel=\"canonical\" href=\"https:\/\/www.weinmarkt-poysdorf.at\/cs\/winzer-a-h\/\" \/>\n<meta property=\"og:locale\" content=\"cs_CZ\" \/>\n<meta property=\"og:type\" content=\"article\" \/>\n<meta property=\"og:title\" content=\"Winzer A - H - Weinmarkt Poysdorf\" \/>\n<meta property=\"og:description\" content=\"Je n\u00e1m l\u00edto, tato polo\u017eka je pouze Deutsch k dispozici.[vc_row css=&#8220;.vc_custom_1485433309212{margin-bottom: 40px !important;}&#8220;][vc_column][vc_column_text css=&#8220;.vc_custom_1486627227067{margin-bottom: 20px !important;}&#8220;] \u00dcbersicht der Winzer im...\" \/>\n<meta property=\"og:url\" content=\"https:\/\/www.weinmarkt-poysdorf.at\/cs\/winzer-a-h\/\" \/>\n<meta property=\"og:site_name\" content=\"Weinmarkt Poysdorf\" \/>\n<meta property=\"article:modified_time\" content=\"2017-03-09T08:44:35+00:00\" \/>\n<meta name=\"twitter:card\" content=\"summary_large_image\" \/>\n<script type=\"application\/ld+json\" class=\"yoast-schema-graph\">{\"@context\":\"https:\/\/schema.org\",\"@graph\":[{\"@type\":\"WebPage\",\"@id\":\"https:\/\/www.weinmarkt-poysdorf.at\/cs\/winzer-a-h\/\",\"url\":\"https:\/\/www.weinmarkt-poysdorf.at\/cs\/winzer-a-h\/\",\"name\":\"Winzer A - H - Weinmarkt Poysdorf\",\"isPartOf\":{\"@id\":\"https:\/\/www.weinmarkt-poysdorf.at\/cs\/#website\"},\"datePublished\":\"2017-02-08T09:49:12+00:00\",\"dateModified\":\"2017-03-09T08:44:35+00:00\",\"breadcrumb\":{\"@id\":\"https:\/\/www.weinmarkt-poysdorf.at\/cs\/winzer-a-h\/#breadcrumb\"},\"inLanguage\":\"cs\",\"potentialAction\":[{\"@type\":\"ReadAction\",\"target\":[[\"https:\/\/www.weinmarkt-poysdorf.at\/cs\/winzer-a-h\/\"]]}]},{\"@type\":\"BreadcrumbList\",\"@id\":\"https:\/\/www.weinmarkt-poysdorf.at\/cs\/winzer-a-h\/#breadcrumb\",\"itemListElement\":[{\"@type\":\"ListItem\",\"position\":1,\"name\":\"Startseite\",\"item\":\"https:\/\/www.weinmarkt-poysdorf.at\/cs\/\"},{\"@type\":\"ListItem\",\"position\":2,\"name\":\"Winzer A &#8211; H\"}]},{\"@type\":\"WebSite\",\"@id\":\"https:\/\/www.weinmarkt-poysdorf.at\/cs\/#website\",\"url\":\"https:\/\/www.weinmarkt-poysdorf.at\/cs\/\",\"name\":\"Weinmarkt Poysdorf\",\"description\":\"Weine von 30 Winzern im Weinviertel\",\"potentialAction\":[{\"@type\":\"SearchAction\",\"target\":{\"@type\":\"EntryPoint\",\"urlTemplate\":\"https:\/\/www.weinmarkt-poysdorf.at\/cs\/?s={search_term_string}\"},\"query-input\":{\"@type\":\"PropertyValueSpecification\",\"valueRequired\":true,\"valueName\":\"search_term_string\"}}],\"inLanguage\":\"cs\"}]}<\/script>\n<!-- \/ Yoast SEO plugin. -->","yoast_head_json":{"title":"Winzer A - H - Weinmarkt Poysdorf","robots":{"index":"index","follow":"follow","max-snippet":"max-snippet:-1","max-image-preview":"max-image-preview:large","max-video-preview":"max-video-preview:-1"},"canonical":"https:\/\/www.weinmarkt-poysdorf.at\/cs\/winzer-a-h\/","og_locale":"cs_CZ","og_type":"article","og_title":"Winzer A - H - Weinmarkt Poysdorf","og_description":"Je n\u00e1m l\u00edto, tato polo\u017eka je pouze Deutsch k dispozici.[vc_row css=&#8220;.vc_custom_1485433309212{margin-bottom: 40px !important;}&#8220;][vc_column][vc_column_text css=&#8220;.vc_custom_1486627227067{margin-bottom: 20px !important;}&#8220;] \u00dcbersicht der Winzer im...","og_url":"https:\/\/www.weinmarkt-poysdorf.at\/cs\/winzer-a-h\/","og_site_name":"Weinmarkt Poysdorf","article_modified_time":"2017-03-09T08:44:35+00:00","twitter_card":"summary_large_image","schema":{"@context":"https:\/\/schema.org","@graph":[{"@type":"WebPage","@id":"https:\/\/www.weinmarkt-poysdorf.at\/cs\/winzer-a-h\/","url":"https:\/\/www.weinmarkt-poysdorf.at\/cs\/winzer-a-h\/","name":"Winzer A - H - Weinmarkt Poysdorf","isPartOf":{"@id":"https:\/\/www.weinmarkt-poysdorf.at\/cs\/#website"},"datePublished":"2017-02-08T09:49:12+00:00","dateModified":"2017-03-09T08:44:35+00:00","breadcrumb":{"@id":"https:\/\/www.weinmarkt-poysdorf.at\/cs\/winzer-a-h\/#breadcrumb"},"inLanguage":"cs","potentialAction":[{"@type":"ReadAction","target":[["https:\/\/www.weinmarkt-poysdorf.at\/cs\/winzer-a-h\/"]]}]},{"@type":"BreadcrumbList","@id":"https:\/\/www.weinmarkt-poysdorf.at\/cs\/winzer-a-h\/#breadcrumb","itemListElement":[{"@type":"ListItem","position":1,"name":"Startseite","item":"https:\/\/www.weinmarkt-poysdorf.at\/cs\/"},{"@type":"ListItem","position":2,"name":"Winzer A &#8211; H"}]},{"@type":"WebSite","@id":"https:\/\/www.weinmarkt-poysdorf.at\/cs\/#website","url":"https:\/\/www.weinmarkt-poysdorf.at\/cs\/","name":"Weinmarkt Poysdorf","description":"Weine von 30 Winzern im Weinviertel","potentialAction":[{"@type":"SearchAction","target":{"@type":"EntryPoint","urlTemplate":"https:\/\/www.weinmarkt-poysdorf.at\/cs\/?s={search_term_string}"},"query-input":{"@type":"PropertyValueSpecification","valueRequired":true,"valueName":"search_term_string"}}],"inLanguage":"cs"}]}},"_links":{"self":[{"href":"https:\/\/www.weinmarkt-poysdorf.at\/cs\/wp-json\/wp\/v2\/pages\/11369","targetHints":{"allow":["GET"]}}],"collection":[{"href":"https:\/\/www.weinmarkt-poysdorf.at\/cs\/wp-json\/wp\/v2\/pages"}],"about":[{"href":"https:\/\/www.weinmarkt-poysdorf.at\/cs\/wp-json\/wp\/v2\/types\/page"}],"author":[{"embeddable":true,"href":"https:\/\/www.weinmarkt-poysdorf.at\/cs\/wp-json\/wp\/v2\/users\/2"}],"replies":[{"embeddable":true,"href":"https:\/\/www.weinmarkt-poysdorf.at\/cs\/wp-json\/wp\/v2\/comments?post=11369"}],"version-history":[{"count":7,"href":"https:\/\/www.weinmarkt-poysdorf.at\/cs\/wp-json\/wp\/v2\/pages\/11369\/revisions"}],"predecessor-version":[{"id":11466,"href":"https:\/\/www.weinmarkt-poysdorf.at\/cs\/wp-json\/wp\/v2\/pages\/11369\/revisions\/11466"}],"wp:attachment":[{"href":"https:\/\/www.weinmarkt-poysdorf.at\/cs\/wp-json\/wp\/v2\/media?parent=11369"}],"curies":[{"name":"wp","href":"https:\/\/api.w.org\/{rel}","templated":true}]}}