{"id":11345,"date":"2017-02-08T10:12:59","date_gmt":"2017-02-08T09:12:59","guid":{"rendered":"http:\/\/weinmarkt-poysdorf.at.cloud3-vm432.de-nserver.de\/?page_id=11345"},"modified":"2026-01-04T13:31:08","modified_gmt":"2026-01-04T12:31:08","slug":"amon","status":"publish","type":"page","link":"https:\/\/www.weinmarkt-poysdorf.at\/cs\/winzer-a-h\/amon\/","title":{"rendered":"Amon"},"content":{"rendered":"<div class=\"wpb-content-wrapper\"><p>[vc_row css=&#8220;.vc_custom_1485433309212{margin-bottom: 40px !important;}&#8220;][vc_column][vc_column_text css=&#8220;.vc_custom_1767451190648{margin-bottom: 20px !important;}&#8220;]<\/p>\n<h2>Weingut Amon<\/h2>\n<p>[\/vc_column_text][vc_tta_tabs style=&#8220;scalia-style-1&#8243; active_section=&#8220;1&#8243; no_fill_content_area=&#8220;true&#8220;][vc_tta_section title=&#8220;Popis&#8220; tab_id=&#8220;beschreibung&#8220;][vc_row_inner][vc_column_inner width=&#8220;1\/2&#8243;][vc_single_image image=&#8220;15140&#8243; img_size=&#8220;full&#8220; style=&#8220;vc_box_rounded&#8220; css=&#8220;&#8220;]<a class=\"sc-button \"  href=\"https:\/\/shop.weinmarkt-poysdorf.at\/weingut-marke\/amon\" target=\"_blank\" style=\"\">Na\u0161e v\u00edna<\/a>[vc_single_image image=&#8220;15142&#8243; img_size=&#8220;full&#8220; css=&#8220;.vc_custom_1767451125660{margin-bottom: 0px !important;}&#8220;][\/vc_column_inner][vc_column_inner width=&#8220;1\/2&#8243;][vc_column_text css=&#8220;.vc_custom_1495103357865{margin-bottom: 0px !important;}&#8220;]<strong>P\u011bstov\u00e1n\u00ed v\u00edna v harmonii s p\u0159\u00edrodou<\/strong><\/p>\n<p>Rodinn\u00e9 vina\u0159stv\u00ed se nach\u00e1z\u00ed v severov\u00fdchodn\u00ed \u010d\u00e1sti Doln\u00edho Rakouska, v bl\u00edzkosti hranic s \u010ceskou republikou a Slovenskem.<\/p>\n<p>Na\u0161e vinice rostou v okruhu do 15 kilometr\u016f kolem vina\u0159stv\u00ed \u2013 na jedine\u010dn\u00e9m \u00fazem\u00ed, kter\u00e9 je d\u00edky vlivu v\u00edce klimatick\u00fdch z\u00f3n ide\u00e1ln\u00edm m\u00edstem pro p\u011bstov\u00e1n\u00ed vinn\u00e9 r\u00e9vy a ovocn\u00fdch strom\u016f.<\/p>\n<p>Jeliko\u017e se ji\u017e del\u0161\u00ed dobu zab\u00fdv\u00e1me vztahem mezi p\u0159\u00edrodou, \u017eivotn\u00edm prost\u0159ed\u00edm a \u0161etrn\u00fdm hospoda\u0159en\u00edm, rozhodli jsme se v roce 2006 p\u0159ej\u00edt na ekologick\u00e9 zem\u011bd\u011blstv\u00ed a uzav\u0159eli jsme smlouvu s p\u0159\u00edslu\u0161nou kontroln\u00ed organizac\u00ed SGS, AT-BIO-902.<\/p>\n<p><strong>Pomoc\u00ed na\u0161eho ekologick\u00e9ho obhospoda\u0159ov\u00e1n\u00ed sice sv\u011bt nezachr\u00e1n\u00edme, ale alespo\u0148 p\u0159isp\u011bjeme k tomu, aby byl o n\u011bco lep\u0161\u00ed.<\/strong>[\/vc_column_text][\/vc_column_inner][\/vc_row_inner][\/vc_tta_section][vc_tta_section title=&#8220;Kontakt&#8220; tab_id=&#8220;kontakt&#8220;][vc_row_inner][vc_column_inner width=&#8220;1\/2&#8243;][vc_gmaps link=&#8220;#E-8_JTNDaWZyYW1lJTIwc3JjJTNEJTIyaHR0cHMlM0ElMkYlMkZ3d3cuZ29vZ2xlLmNvbSUyRm1hcHMlMkZlbWJlZCUzRnBiJTNEJTIxMW0xOCUyMTFtMTIlMjExbTMlMjExZDI2MzUuMDUwNjMzMzA4NTMyNyUyMTJkMTYuNTg3NzA2NTE2MTYxMTczJTIxM2Q0OC42NjYyNzQzNzkyNjkxOCUyMTJtMyUyMTFmMCUyMTJmMCUyMTNmMCUyMTNtMiUyMTFpMTAyNCUyMTJpNzY4JTIxNGYxMy4xJTIxM20zJTIxMW0yJTIxMXMweDQ3NmQzMDFlNjJiNWU3MjUlMjUzQTB4M2MwMmQ4ZTMzM2NlMjRhZiUyMTJzWmVpbGUlMkI4JTI1MkMlMkIyMTcwJTI1MkMlMkIlMjVDMyUyNTk2c3RlcnJlaWNoJTIxNWUwJTIxM20yJTIxMXNkZSUyMTJzYXQlMjE0djE0ODY2NTAyMjg0MzQlMjIlMjB3aWR0aCUzRCUyMjYwMCUyMiUyMGhlaWdodCUzRCUyMjQ1MCUyMiUyMGZyYW1lYm9yZGVyJTNEJTIyMCUyMiUyMHN0eWxlJTNEJTIyYm9yZGVyJTNBMCUyMiUyMGFsbG93ZnVsbHNjcmVlbiUzRSUzQyUyRmlmcmFtZSUzRQ==&#8220; size=&#8220;&#8220;][\/vc_column_inner][vc_column_inner width=&#8220;1\/2&#8243;][vc_column_text css=&#8220;.vc_custom_1767529864502{margin-bottom: 0px !important;}&#8220;]BIO Weinbau Amon<br \/>\nZeile 8<br \/>\n2170 Kleinhadersdorf<\/p>\n<p>Mobil: <a href=\"tel:00436641858038\">+43 664 185 80 38<\/a><br \/>\nEmail: <a href=\"mailto:office@amon.bio\">office@amon.bio<\/a><br \/>\nWeb: <a href=\"https:\/\/www.amon.bio\" target=\"_blank\" rel=\"nofollow noopener noreferrer\">www.amon.bio<\/a>[\/vc_column_text][\/vc_column_inner][\/vc_row_inner][\/vc_tta_section][\/vc_tta_tabs][\/vc_column][\/vc_row]<\/p>\n<\/div>","protected":false},"excerpt":{"rendered":"<p>[vc_row css=&#8220;.vc_custom_1485433309212{margin-bottom: 40px !important;}&#8220;][vc_column][vc_column_text css=&#8220;.vc_custom_1767451190648{margin-bottom: 20px !important;}&#8220;] Weingut Amon [\/vc_column_text][vc_tta_tabs style=&#8220;scalia-style-1&#8243; active_section=&#8220;1&#8243; no_fill_content_area=&#8220;true&#8220;][vc_tta_section title=&#8220;Popis&#8220; tab_id=&#8220;beschreibung&#8220;][vc_row_inner][vc_column_inner width=&#8220;1\/2&#8243;][vc_single_image image=&#8220;15140&#8243; img_size=&#8220;full&#8220; style=&#8220;vc_box_rounded&#8220; css=&#8220;&#8220;][vc_single_image&#8230;<\/p>\n","protected":false},"author":2,"featured_media":15364,"parent":11369,"menu_order":0,"comment_status":"closed","ping_status":"closed","template":"","meta":{"footnotes":""},"class_list":["post-11345","page","type-page","status-publish","has-post-thumbnail","hentry"],"yoast_head":"<!-- This site is optimized with the Yoast SEO plugin v26.4 - https:\/\/yoast.com\/wordpress\/plugins\/seo\/ -->\n<title>Weingut Amon - Topwinzer der Region im Weinmarkt Poysdorf<\/title>\n<meta name=\"description\" content=\"Die Familie Amon aus dem Weinviertel stellte 2006 seinen Weingut auf eine vertraglich kontrollierte, biologische Bewirtschaftung um.\" \/>\n<meta name=\"robots\" content=\"index, follow, max-snippet:-1, max-image-preview:large, max-video-preview:-1\" \/>\n<link rel=\"canonical\" href=\"https:\/\/www.weinmarkt-poysdorf.at\/cs\/winzer-a-h\/amon\/\" \/>\n<meta property=\"og:locale\" content=\"cs_CZ\" \/>\n<meta property=\"og:type\" content=\"article\" \/>\n<meta property=\"og:title\" content=\"Weingut Amon - Topwinzer der Region im Weinmarkt Poysdorf\" \/>\n<meta property=\"og:description\" content=\"Die Familie Amon aus dem Weinviertel stellte 2006 seinen Weingut auf eine vertraglich kontrollierte, biologische Bewirtschaftung um.\" \/>\n<meta property=\"og:url\" content=\"https:\/\/www.weinmarkt-poysdorf.at\/cs\/winzer-a-h\/amon\/\" \/>\n<meta property=\"og:site_name\" content=\"Weinmarkt Poysdorf\" \/>\n<meta property=\"article:modified_time\" content=\"2026-01-04T12:31:08+00:00\" \/>\n<meta property=\"og:image\" content=\"https:\/\/www.weinmarkt-poysdorf.at\/wp-content\/uploads\/2026\/01\/amon-logo.png\" \/>\n\t<meta property=\"og:image:width\" content=\"250\" \/>\n\t<meta property=\"og:image:height\" content=\"250\" \/>\n\t<meta property=\"og:image:type\" content=\"image\/png\" \/>\n<meta name=\"twitter:card\" content=\"summary_large_image\" \/>\n<meta name=\"twitter:label1\" content=\"Odhadovan\u00e1 doba \u010dten\u00ed\" \/>\n\t<meta name=\"twitter:data1\" content=\"2 minuty\" \/>\n<script type=\"application\/ld+json\" class=\"yoast-schema-graph\">{\"@context\":\"https:\/\/schema.org\",\"@graph\":[{\"@type\":\"WebPage\",\"@id\":\"https:\/\/www.weinmarkt-poysdorf.at\/cs\/winzer-a-h\/amon\/\",\"url\":\"https:\/\/www.weinmarkt-poysdorf.at\/cs\/winzer-a-h\/amon\/\",\"name\":\"Weingut Amon - Topwinzer der Region im Weinmarkt Poysdorf\",\"isPartOf\":{\"@id\":\"https:\/\/www.weinmarkt-poysdorf.at\/cs\/#website\"},\"primaryImageOfPage\":{\"@id\":\"https:\/\/www.weinmarkt-poysdorf.at\/cs\/winzer-a-h\/amon\/#primaryimage\"},\"image\":{\"@id\":\"https:\/\/www.weinmarkt-poysdorf.at\/winzer-a-h\/amon\/#primaryimage\"},\"thumbnailUrl\":\"https:\/\/www.weinmarkt-poysdorf.at\/wp-content\/uploads\/2026\/01\/amon-logo.png\",\"datePublished\":\"2017-02-08T09:12:59+00:00\",\"dateModified\":\"2026-01-04T12:31:08+00:00\",\"description\":\"Die Familie Amon aus dem Weinviertel stellte 2006 seinen Weingut auf eine vertraglich kontrollierte, biologische Bewirtschaftung um.\",\"breadcrumb\":{\"@id\":\"https:\/\/www.weinmarkt-poysdorf.at\/cs\/winzer-a-h\/amon\/#breadcrumb\"},\"inLanguage\":\"cs\",\"potentialAction\":[{\"@type\":\"ReadAction\",\"target\":[[\"https:\/\/www.weinmarkt-poysdorf.at\/cs\/winzer-a-h\/amon\/\"]]}]},{\"@type\":\"ImageObject\",\"inLanguage\":\"cs\",\"@id\":\"https:\/\/www.weinmarkt-poysdorf.at\/cs\/winzer-a-h\/amon\/#primaryimage\",\"url\":\"https:\/\/www.weinmarkt-poysdorf.at\/wp-content\/uploads\/2026\/01\/amon-logo.png\",\"contentUrl\":\"https:\/\/www.weinmarkt-poysdorf.at\/wp-content\/uploads\/2026\/01\/amon-logo.png\",\"width\":250,\"height\":250},{\"@type\":\"BreadcrumbList\",\"@id\":\"https:\/\/www.weinmarkt-poysdorf.at\/cs\/winzer-a-h\/amon\/#breadcrumb\",\"itemListElement\":[{\"@type\":\"ListItem\",\"position\":1,\"name\":\"Startseite\",\"item\":\"https:\/\/www.weinmarkt-poysdorf.at\/cs\/\"},{\"@type\":\"ListItem\",\"position\":2,\"name\":\"Winzer A &#8211; H\",\"item\":\"https:\/\/www.weinmarkt-poysdorf.at\/cs\/winzer-a-h\/\"},{\"@type\":\"ListItem\",\"position\":3,\"name\":\"Amon\"}]},{\"@type\":\"WebSite\",\"@id\":\"https:\/\/www.weinmarkt-poysdorf.at\/cs\/#website\",\"url\":\"https:\/\/www.weinmarkt-poysdorf.at\/cs\/\",\"name\":\"Weinmarkt Poysdorf\",\"description\":\"Weine von 30 Winzern im Weinviertel\",\"potentialAction\":[{\"@type\":\"SearchAction\",\"target\":{\"@type\":\"EntryPoint\",\"urlTemplate\":\"https:\/\/www.weinmarkt-poysdorf.at\/cs\/?s={search_term_string}\"},\"query-input\":{\"@type\":\"PropertyValueSpecification\",\"valueRequired\":true,\"valueName\":\"search_term_string\"}}],\"inLanguage\":\"cs\"}]}<\/script>\n<!-- \/ Yoast SEO plugin. -->","yoast_head_json":{"title":"Weingut Amon - Topwinzer der Region im Weinmarkt Poysdorf","description":"Die Familie Amon aus dem Weinviertel stellte 2006 seinen Weingut auf eine vertraglich kontrollierte, biologische Bewirtschaftung um.","robots":{"index":"index","follow":"follow","max-snippet":"max-snippet:-1","max-image-preview":"max-image-preview:large","max-video-preview":"max-video-preview:-1"},"canonical":"https:\/\/www.weinmarkt-poysdorf.at\/cs\/winzer-a-h\/amon\/","og_locale":"cs_CZ","og_type":"article","og_title":"Weingut Amon - Topwinzer der Region im Weinmarkt Poysdorf","og_description":"Die Familie Amon aus dem Weinviertel stellte 2006 seinen Weingut auf eine vertraglich kontrollierte, biologische Bewirtschaftung um.","og_url":"https:\/\/www.weinmarkt-poysdorf.at\/cs\/winzer-a-h\/amon\/","og_site_name":"Weinmarkt Poysdorf","article_modified_time":"2026-01-04T12:31:08+00:00","og_image":[{"width":250,"height":250,"url":"https:\/\/www.weinmarkt-poysdorf.at\/wp-content\/uploads\/2026\/01\/amon-logo.png","type":"image\/png"}],"twitter_card":"summary_large_image","twitter_misc":{"Odhadovan\u00e1 doba \u010dten\u00ed":"2 minuty"},"schema":{"@context":"https:\/\/schema.org","@graph":[{"@type":"WebPage","@id":"https:\/\/www.weinmarkt-poysdorf.at\/cs\/winzer-a-h\/amon\/","url":"https:\/\/www.weinmarkt-poysdorf.at\/cs\/winzer-a-h\/amon\/","name":"Weingut Amon - Topwinzer der Region im Weinmarkt Poysdorf","isPartOf":{"@id":"https:\/\/www.weinmarkt-poysdorf.at\/cs\/#website"},"primaryImageOfPage":{"@id":"https:\/\/www.weinmarkt-poysdorf.at\/cs\/winzer-a-h\/amon\/#primaryimage"},"image":{"@id":"https:\/\/www.weinmarkt-poysdorf.at\/winzer-a-h\/amon\/#primaryimage"},"thumbnailUrl":"https:\/\/www.weinmarkt-poysdorf.at\/wp-content\/uploads\/2026\/01\/amon-logo.png","datePublished":"2017-02-08T09:12:59+00:00","dateModified":"2026-01-04T12:31:08+00:00","description":"Die Familie Amon aus dem Weinviertel stellte 2006 seinen Weingut auf eine vertraglich kontrollierte, biologische Bewirtschaftung um.","breadcrumb":{"@id":"https:\/\/www.weinmarkt-poysdorf.at\/cs\/winzer-a-h\/amon\/#breadcrumb"},"inLanguage":"cs","potentialAction":[{"@type":"ReadAction","target":[["https:\/\/www.weinmarkt-poysdorf.at\/cs\/winzer-a-h\/amon\/"]]}]},{"@type":"ImageObject","inLanguage":"cs","@id":"https:\/\/www.weinmarkt-poysdorf.at\/cs\/winzer-a-h\/amon\/#primaryimage","url":"https:\/\/www.weinmarkt-poysdorf.at\/wp-content\/uploads\/2026\/01\/amon-logo.png","contentUrl":"https:\/\/www.weinmarkt-poysdorf.at\/wp-content\/uploads\/2026\/01\/amon-logo.png","width":250,"height":250},{"@type":"BreadcrumbList","@id":"https:\/\/www.weinmarkt-poysdorf.at\/cs\/winzer-a-h\/amon\/#breadcrumb","itemListElement":[{"@type":"ListItem","position":1,"name":"Startseite","item":"https:\/\/www.weinmarkt-poysdorf.at\/cs\/"},{"@type":"ListItem","position":2,"name":"Winzer A &#8211; H","item":"https:\/\/www.weinmarkt-poysdorf.at\/cs\/winzer-a-h\/"},{"@type":"ListItem","position":3,"name":"Amon"}]},{"@type":"WebSite","@id":"https:\/\/www.weinmarkt-poysdorf.at\/cs\/#website","url":"https:\/\/www.weinmarkt-poysdorf.at\/cs\/","name":"Weinmarkt Poysdorf","description":"Weine von 30 Winzern im Weinviertel","potentialAction":[{"@type":"SearchAction","target":{"@type":"EntryPoint","urlTemplate":"https:\/\/www.weinmarkt-poysdorf.at\/cs\/?s={search_term_string}"},"query-input":{"@type":"PropertyValueSpecification","valueRequired":true,"valueName":"search_term_string"}}],"inLanguage":"cs"}]}},"_links":{"self":[{"href":"https:\/\/www.weinmarkt-poysdorf.at\/cs\/wp-json\/wp\/v2\/pages\/11345","targetHints":{"allow":["GET"]}}],"collection":[{"href":"https:\/\/www.weinmarkt-poysdorf.at\/cs\/wp-json\/wp\/v2\/pages"}],"about":[{"href":"https:\/\/www.weinmarkt-poysdorf.at\/cs\/wp-json\/wp\/v2\/types\/page"}],"author":[{"embeddable":true,"href":"https:\/\/www.weinmarkt-poysdorf.at\/cs\/wp-json\/wp\/v2\/users\/2"}],"replies":[{"embeddable":true,"href":"https:\/\/www.weinmarkt-poysdorf.at\/cs\/wp-json\/wp\/v2\/comments?post=11345"}],"version-history":[{"count":70,"href":"https:\/\/www.weinmarkt-poysdorf.at\/cs\/wp-json\/wp\/v2\/pages\/11345\/revisions"}],"predecessor-version":[{"id":15369,"href":"https:\/\/www.weinmarkt-poysdorf.at\/cs\/wp-json\/wp\/v2\/pages\/11345\/revisions\/15369"}],"up":[{"embeddable":true,"href":"https:\/\/www.weinmarkt-poysdorf.at\/cs\/wp-json\/wp\/v2\/pages\/11369"}],"wp:featuredmedia":[{"embeddable":true,"href":"https:\/\/www.weinmarkt-poysdorf.at\/cs\/wp-json\/wp\/v2\/media\/15364"}],"wp:attachment":[{"href":"https:\/\/www.weinmarkt-poysdorf.at\/cs\/wp-json\/wp\/v2\/media?parent=11345"}],"curies":[{"name":"wp","href":"https:\/\/api.w.org\/{rel}","templated":true}]}}